{"id":18968,"date":"2021-02-16T16:44:56","date_gmt":"2021-02-16T16:44:56","guid":{"rendered":"https:\/\/genevainstruments.com\/informativa-sulla-privacy\/"},"modified":"2025-12-02T16:35:42","modified_gmt":"2025-12-02T16:35:42","slug":"informativa-sulla-privacy","status":"publish","type":"page","link":"https:\/\/genevainstruments.com\/it\/informativa-sulla-privacy\/","title":{"rendered":"Informativa sulla privacy"},"content":{"rendered":"<div class=\"gb-container gb-container-3a14c50b alignfull\">\n<div class=\"gb-container gb-container-edda4908\">\n\n<h2 class=\"gb-headline gb-headline-ed203461 gb-headline-text\">Informativa sulla privacy del sito web e dell&#8217;azienda<\/h2>\n\n\n\n<p class=\"gb-headline gb-headline-66f80ce9 gb-headline-text\">Questa \u00e8 l&#8217;informativa sulla privacy di Geneva Instruments.<\/p>\n\n\n\n<p class=\"gb-headline gb-headline-bf623d36 gb-headline-text\">In questo documento, \u201cnoi\u201d, Geneva Instruments (che comprende Geneva Brasswind Ltd e Geneva Instruments Ltd).<\/p>\n\n\n\n<p class=\"gb-headline gb-headline-341aa9aa gb-headline-text\">La nostra sede legale \u00e8 presso Biz Hub Tees Valley, Belasis Hall Business Centre, Coxwold Way, TS23 4EA.<\/p>\n\n\n\n<h3 class=\"gb-headline gb-headline-b89c877c gb-headline-text\">Introduzione<\/h3>\n\n\n\n<p>Questa informativa ha lo scopo di informarti sulla nostra politica relativa a tutte le informazioni che registriamo su di te. Stabilisce le condizioni in cui possiamo trattare qualsiasi informazione che raccogliamo da te o che tu ci fornisci. Copre le informazioni che potrebbero identificarti (\u201cinformazioni personali\u201d) e le informazioni su di te nel caso in cui tu acquisti strumenti o accessori da noi.  <\/p>\n\n\n\n<p>Ci dispiace che, se ci sono uno o pi\u00f9 punti qui sotto con cui non sei d&#8217;accordo, ti invitiamo a contattare Geneva Instruments tramite la pagina dei contatti del sito web.<\/p>\n\n\n\n<p>Prendiamo sul serio la protezione della tua privacy e riservatezza. Comprendiamo che tutti i visitatori del nostro sito web hanno il diritto di sapere che i loro dati personali non saranno utilizzati per scopi diversi dalla consegna degli strumenti e non saranno condivisi con terzi. <\/p>\n\n\n\n<p>Ci impegniamo a preservare la riservatezza di tutte le informazioni che fornisci a The Geneva Group.<\/p>\n\n\n\n<p>La nostra politica \u00e8 conforme alla legge del Regno Unito di conseguenza attuata.<\/p>\n\n\n\n<p>La legge ci impone di informarti sui tuoi diritti e sui nostri obblighi nei tuoi confronti in merito al trattamento e al controllo dei tuoi dati personali. Lo facciamo ora, chiedendoti di leggere le informazioni fornite all&#8217;indirizzo <a href=\"https:\/\/www.knowyourprivacyrights.org\/\" rel=\"noopener\">www.knowyourprivacyrights.org<\/a> <\/p>\n\n\n\n<p>Salvo quanto indicato di seguito, non condividiamo, vendiamo o divulghiamo a terzi.<\/p>\n\n\n\n<p>Le basi su cui trattiamo le informazioni su di te<\/p>\n\n\n\n<p>La legge ci impone di stabilire in base a quale delle sei basi definite trattiamo le diverse categorie delle tue informazioni personali, per Geneva Instruments.<\/p>\n\n\n\n<p>Se una base su cui trattiamo le tue informazioni personali non \u00e8 pi\u00f9 rilevante.<\/p>\n\n\n\n<p>Se la base cambia, allora, se richiesto dalla legge, ti informeremo del cambiamento e di qualsiasi nuova base.<\/p>\n\n\n\n<p>Informazioni che trattiamo perch\u00e9 abbiamo un obbligo contrattuale con te<\/p>\n\n\n\n<p>Quando acquisti un prodotto o un servizio da noi, o altrimenti accetti i nostri termini e condizioni per Geneva Group.<\/p>\n\n\n\n<p>Per adempiere ai nostri obblighi ai sensi di tale contratto, dobbiamo trattare le informazioni che ci fornisci.<\/p>\n\n\n\n<p>Potremmo utilizzarle per:<\/p>\n\n\n\n<ol class=\"wp-block-list\">\n<li>verificare la tua identit\u00e0 per motivi di sicurezza<\/li>\n\n\n\n<li>venderti prodotti<\/li>\n\n\n\n<li>fornirti i nostri servizi<\/li>\n\n\n\n<li>fornirti suggerimenti e consigli su prodotti e servizi.<\/li>\n<\/ol>\n\n\n\n<p>Trattiamo queste informazioni sulla base del fatto che esiste un contratto tra noi, o che tu hai richiesto merce o informazioni.<\/p>\n\n\n\n<p>Inoltre, possiamo aggregare queste informazioni in modo generale e utilizzarle per fornire informazioni di classe, ad esempio per monitorare le nostre prestazioni rispetto al servizio che forniamo.<\/p>\n\n\n\n<p>Continueremo a trattare queste informazioni fino a quando il contratto tra noi non termina o viene risolto.<\/p>\n\n\n\n<h3 class=\"gb-headline gb-headline-a3427af8 gb-headline-text\">Informazioni che trattiamo con il tuo consenso<\/h3>\n\n\n\n<p>Attraverso determinate azioni quando altrimenti non esiste una relazione contrattuale tra noi, come quando navighi sul nostro sito web o ci chiedi di fornirti maggiori informazioni sulla nostra attivit\u00e0, compresi strumenti, assistenza per strumenti e accessori.<\/p>\n\n\n\n<p>Ove possibile, miriamo a ottenere il tuo consenso esplicito per trattare queste informazioni.<\/p>\n\n\n\n<p>A volte potresti dare il tuo consenso implicitamente, ad esempio quando ci invii un messaggio via e-mail attraverso il sito web.<\/p>\n\n\n\n<p>Salvo dove tu abbia acconsentito al nostro utilizzo delle tue informazioni per uno scopo specifico, non utilizziamo le tue informazioni in alcun modo che ti identifichi personalmente. Possiamo aggregarle in modo generale per continuare a fornirti il miglior servizio possibile. <\/p>\n\n\n\n<p>Continuiamo a trattare le tue informazioni su questa base fino a quando non revochi il tuo consenso, oppure possono essere utilizzate per farti conoscere offerte speciali o sconti o nuovi prodotti.<\/p>\n\n\n\n<p>Puoi revocare il tuo consenso in qualsiasi momento inviandoci un&#8217;istruzione all&#8217;indirizzo <a href=\"https:\/\/genevainstruments.com\/it\/\">GenevaInstruments.com<\/a>.<\/p>\n\n\n\n<h3 class=\"gb-headline gb-headline-7ba1939a gb-headline-text\">Informazioni che trattiamo per scopi di interessi legittimi<\/h3>\n\n\n\n<p>Possiamo trattare le informazioni sulla base del fatto che esiste un interesse legittimo, sia per i prodotti che per le informazioni.<\/p>\n\n\n\n<p>Laddove trattiamo le tue informazioni su questa base, lo facciamo nel tuo interesse per informarti di eventi o nuovi prodotti:<\/p>\n\n\n\n<p>Ad esempio, possiamo trattare i tuoi dati per informarti di un laboratorio di ottoni nella tua zona, per la tenuta dei registri per la corretta e necessaria amministrazione di strumenti e accessori, rispondendo a comunicazioni non richieste da te che riceviamo in relazione a prodotti o merce, proteggendo e facendo valere i diritti legali di qualsiasi parte.<\/p>\n\n\n\n<p>assicurarsi contro o ottenere una consulenza professionale necessaria per aiutare o assistere nella tua richiesta<\/p>\n\n\n\n<p>proteggere i tuoi interessi laddove riteniamo di avere l&#8217;obbligo di farlo<\/p>\n\n\n\n<h3 class=\"gb-headline gb-headline-b8c1c4b9 gb-headline-text\">Informazioni che trattiamo perch\u00e9 abbiamo un obbligo legale<\/h3>\n\n\n\n<p>Siamo soggetti alla legge come tutti gli altri. A volte, dobbiamo trattare il tuo indirizzo o le informazioni e-mail. <\/p>\n\n\n\n<p>Ad esempio, potremmo essere tenuti a fornire informazioni alle autorit\u00e0 legali se lo richiedono o se hanno un interesse per un individuo. Ci\u00f2 pu\u00f2 includere le tue informazioni personali. <\/p>\n\n\n\n<h3 class=\"gb-headline gb-headline-2932f599 gb-headline-text\">Usi specifici delle informazioni che ci fornisci<\/h3>\n\n\n\n<p>Informazioni fornite con l&#8217;intesa che saranno condivise con terzi.<\/p>\n\n\n\n<p>Il nostro sito web non ti consente di pubblicare informazioni.<\/p>\n\n\n\n<p>Reclami relativi ai contenuti del nostro sito web.<\/p>\n\n\n\n<p>Il nostro sito web \u00e8 un mezzo di pubblicazione, ma i contenuti non sono pubblicabili da terzi.<\/p>\n\n\n\n<p>Se ti lamenti di qualsiasi contenuto trovato su <a href=\"https:\/\/genevainstruments.com\/it\/\">GenevaInstruments.com<\/a>, indagheremo e, se riteniamo che sia giustificato, rimuoveremo tale contenuto.<\/p>\n\n\n\n<p>La libert\u00e0 di parola \u00e8 un diritto fondamentale, quindi dobbiamo considerare ogni richiesta come meglio crediamo.<\/p>\n\n\n\n<p>Se riteniamo che il tuo reclamo sia giustificabile, verranno prese misure per rimuovere il contenuto.<\/p>\n\n\n\n<p>Informazioni relative al tuo metodo di pagamento<\/p>\n\n\n\n<p>Le informazioni di pagamento non vengono mai memorizzate da noi, al momento del pagamento di uno strumento sceglierai la tua opzione di pagamento.<\/p>\n\n\n\n<h3 class=\"gb-headline gb-headline-dc70bf8e gb-headline-text\">Invio di un messaggio<\/h3>\n\n\n\n<p>Quando ci contatti, sia per telefono che tramite il nostro sito web, registriamo la tua richiesta e non conserviamo dati personali da tali richieste.<\/p>\n\n\n\n<h3 class=\"gb-headline gb-headline-e533b1a2 gb-headline-text\">Reclami<\/h3>\n\n\n\n<p>Quando riceviamo un reclamo via e-mail o telefono, utilizziamo tali informazioni per risolvere il tuo reclamo.<\/p>\n\n\n\n<p>Se il tuo reclamo ci richiede ragionevolmente di contattare un&#8217;altra persona, potremmo decidere di fornire informazioni a tale altra persona.<\/p>\n\n\n\n<p>Potremmo anche compilare statistiche che mostrano le informazioni ottenute da questo reclamo.<\/p>\n\n\n\n<p>Uso delle informazioni che raccogliamo attraverso sistemi automatizzati quando visiti il nostro sito web<\/p>\n\n\n\n<h3 class=\"gb-headline gb-headline-5da56707 gb-headline-text\">Cookie<\/h3>\n\n\n\n<p>I cookie sono piccoli file di testo che vengono inseriti nel disco rigido del tuo computer dal tuo browser web quando visiti qualsiasi sito web.<\/p>\n\n\n\n<p>Utilizziamo i cookie nei seguenti modi:<\/p>\n\n\n\n<ol class=\"wp-block-list\">\n<li>per tracciare come utilizzi il nostro sito web<\/li>\n\n\n\n<li>per registrare se visiti regolarmente il nostro sito web<\/li>\n\n\n\n<li>per mantenerti connesso al nostro sito<\/li>\n<\/ol>\n\n\n\n<h3 class=\"gb-headline gb-headline-f2fdafcf gb-headline-text\">Divulgazione e condivisione delle tue informazioni<\/h3>\n\n\n\n<p>Informazioni che otteniamo da terzi<\/p>\n\n\n\n<p>Nessuna di queste informazioni \u00e8 personalmente identificabile per te.<\/p>\n\n\n\n<p>I dati possono essere trattati al di fuori dell&#8217;Unione Europea.<\/p>\n\n\n\n<p>I nostri siti web sono ospitati nel Regno Unito.<\/p>\n\n\n\n<p>Accesso alle tue informazioni.<\/p>\n\n\n\n<p>Puoi cancellare le informazioni in nostro possesso in qualsiasi momento contattandoci.<\/p>\n\n\n\n<h3 class=\"gb-headline gb-headline-d8bf2857 gb-headline-text\">Altre questioni<\/h3>\n\n\n\n<p>Come puoi presentare un reclamo<\/p>\n\n\n\n<p>Contatta <a href=\"https:\/\/genevainstruments.com\/it\/\">GenevaInstruments.com<\/a> e clicca sulla scheda contattaci.<\/p>\n\n\n\n<p>Se sei in qualche modo insoddisfatto di come trattiamo le tue informazioni personali, hai il diritto di presentare un reclamo al Commissario per le informazioni.<\/p>\n\n<\/div>\n<\/div>","protected":false},"excerpt":{"rendered":"<p>Informativa sulla privacy del sito web e dell&#8217;azienda Questa \u00e8 l&#8217;informativa sulla privacy di Geneva Instruments. In questo documento, \u201cnoi\u201d, Geneva Instruments (che comprende Geneva Brasswind Ltd e Geneva Instruments Ltd). La nostra sede legale \u00e8 presso Biz Hub Tees Valley, Belasis Hall Business Centre, Coxwold Way, TS23 4EA. Introduzione Questa informativa ha lo scopo &#8230; <a title=\"Informativa sulla privacy\" class=\"read-more\" href=\"https:\/\/genevainstruments.com\/it\/informativa-sulla-privacy\/\" aria-label=\"Per saperne di pi\u00f9 su Informativa sulla privacy\">Leggi tutto<\/a><\/p>\n","protected":false},"author":1,"featured_media":0,"parent":0,"menu_order":20,"comment_status":"closed","ping_status":"closed","template":"","meta":{"_acf_changed":false,"footnotes":""},"class_list":["post-18968","page","type-page","status-publish"],"acf":[],"_links":{"self":[{"href":"https:\/\/genevainstruments.com\/it\/wp-json\/wp\/v2\/pages\/18968","targetHints":{"allow":["GET"]}}],"collection":[{"href":"https:\/\/genevainstruments.com\/it\/wp-json\/wp\/v2\/pages"}],"about":[{"href":"https:\/\/genevainstruments.com\/it\/wp-json\/wp\/v2\/types\/page"}],"author":[{"embeddable":true,"href":"https:\/\/genevainstruments.com\/it\/wp-json\/wp\/v2\/users\/1"}],"replies":[{"embeddable":true,"href":"https:\/\/genevainstruments.com\/it\/wp-json\/wp\/v2\/comments?post=18968"}],"version-history":[{"count":1,"href":"https:\/\/genevainstruments.com\/it\/wp-json\/wp\/v2\/pages\/18968\/revisions"}],"predecessor-version":[{"id":18969,"href":"https:\/\/genevainstruments.com\/it\/wp-json\/wp\/v2\/pages\/18968\/revisions\/18969"}],"wp:attachment":[{"href":"https:\/\/genevainstruments.com\/it\/wp-json\/wp\/v2\/media?parent=18968"}],"curies":[{"name":"wp","href":"https:\/\/api.w.org\/{rel}","templated":true}]}}