{"id":19024,"date":"2021-01-15T11:41:21","date_gmt":"2021-01-15T11:41:21","guid":{"rendered":"https:\/\/genevainstruments.com\/termini-e-condizioni\/"},"modified":"2025-12-02T16:37:59","modified_gmt":"2025-12-02T16:37:59","slug":"termini-e-condizioni","status":"publish","type":"page","link":"https:\/\/genevainstruments.com\/it\/termini-e-condizioni\/","title":{"rendered":"Termini e Condizioni"},"content":{"rendered":"<div class=\"gb-container gb-container-3a14c50b alignfull\">\n<div class=\"gb-container gb-container-edda4908\">\n\n<p class=\"gb-headline gb-headline-2dc42e1d gb-headline-text\">Geneva Brasswind Ltd,<br>Geneva House,<br>Belasis Business Hub,<br>Coxwold Way,<br>Billingham<br>TS23 4EA<br>Regno Unito<br>Tel.: +44 01642 714464<\/p>\n\n\n\n<p class=\"gb-headline gb-headline-16a2f222 gb-headline-text\">Societ\u00e0 per azioni<br>Numero di iscrizione al Registro delle Imprese: 09961254<\/p>\n\n\n\n<p class=\"gb-headline gb-headline-8149964d gb-headline-text\">L&#8217;accesso al Sito web, nonch\u00e9 l&#8217;utilizzo dei suoi contenuti, \u00e8 soggetto alle seguenti condizioni. Le presenti condizioni d&#8217;uso possono essere modificate in qualsiasi momento. Tali modifiche si considerano accettate dagli utenti di Internet non appena vengono pubblicate online.  <\/p>\n\n\n\n<ol class=\"wp-block-list\">\n<li>PROPRIET\u00c0 INTELLETTUALE<\/li>\n\n\n\n<li>RESPONSABILIT\u00c0<\/li>\n\n\n\n<li>FUNZIONAMENTO TECNICO DEL SITO WEB<\/li>\n\n\n\n<li>FORO COMPETENTE<\/li>\n\n\n\n<li>PUOI CONTATTARCI AL SEGUENTE INDIRIZZO<\/li>\n\n\n\n<li>PROGETTAZIONE E PRODUZIONE DEL SITO WEB<\/li>\n<\/ol>\n\n\n\n<ol class=\"wp-block-list\">\n<li>PROPRIET\u00c0 INTELLETTUALE<br\/>Tutti gli elementi contenuti nel Sito web (software, testi, immagini animate o statiche, suoni, know-how e, pi\u00f9 in generale, qualsiasi tipo di dato) sono protetti dal Codice della Propriet\u00e0 Intellettuale (francese). Qualsiasi rappresentazione e\/o riproduzione totale o parziale del Sito web con qualsiasi procedura, senza l&#8217;espressa autorizzazione di Geneva Brasswind, \u00e8 proibita e costituirebbe una violazione illecita ai sensi della Legge di Inghilterra e Galles. Marchi e loghi che appaiono sul Sito web sono di propriet\u00e0 di Geneva Brasswind. Qualsiasi uso o riproduzione totale o parziale di questi marchi e\/o loghi \u00e8 proibita senza la previa ed espressa autorizzazione di Geneva Brasswind.   <br\/><\/li>\n\n\n\n<li>CONTENUTO DEL SITO WEB \u2013 RESPONSABILIT\u00c0<br\/>Le informazioni presenti sul Sito web sono fornite a solo scopo informativo. Geneva Brasswind si impegna a mantenere il Sito web aggiornato, ma non pu\u00f2 garantire che le informazioni pubblicate sul Sito web siano corrette, complete e aggiornate, n\u00e9 pu\u00f2 garantire che tali informazioni siano adatte all&#8217;uso desiderato dall&#8217;utente. Di conseguenza, l&#8217;utente riconosce di essere l&#8217;unico responsabile dell&#8217;utilizzo di queste informazioni.<br\/>L&#8217;utente dovr\u00e0 rispettare le disposizioni della Legge (inglese) sulla Protezione dei Dati, la cui violazione comporta sanzioni penali.<br\/>In particolare, per quanto riguarda i dati personali a cui ha accesso, deve astenersi da qualsiasi forma di raccolta, uso improprio e, in generale, da qualsiasi azione che possa violare la privacy delle persone o comprometterne la reputazione.  <br\/><\/li>\n\n\n\n<li>FUNZIONAMENTO TECNICO DEL SITO WEB<br\/>Il sito \u00e8 solitamente accessibile 24 ore al giorno, 7 giorni su 7. In caso di forza maggiore, problemi ai sistemi informatici, problemi strutturali delle reti di telecomunicazione, difficolt\u00e0 tecniche o per motivi di manutenzione \u2013 questo elenco non \u00e8 esaustivo \u2013 l&#8217;accesso a tutto o parte del Sito web pu\u00f2 essere sospeso o rimosso con la semplice decisione di Geneva Brasswind. Per motivi di manutenzione e\/o per qualsiasi altra decisione presa da Geneva Brasswind, l&#8217;accesso al Sito web pu\u00f2 essere interrotto. Il Sito web pu\u00f2 essere modificato e sviluppato senza alcun preavviso. In ogni caso, Geneva Brasswind non sar\u00e0 in alcun modo ritenuta responsabile per danni diretti, indiretti o speciali, derivanti dall&#8217;uso del Sito web o di altri siti ad essi correlati e, in particolare, per qualsiasi perdita finanziaria o commerciale, o perdita di programmi o dati dal sistema informativo dell&#8217;utente.    <br\/><\/li>\n\n\n\n<li>FORO COMPETENTE<br\/>Il contenuto del Sito web \u00e8 regolato dalla legge inglese. Ci\u00f2 si applica sia alle norme sostanziali che procedurali, e il suo contenuto sar\u00e0 giudicato esclusivamente dalle competenti giurisdizioni inglesi. Le norme sul conflitto di leggi sono escluse a favore dell&#8217;applicazione completa e incondizionata della legge inglese.  <br\/><\/li>\n\n\n\n<li>PUOI CONTATTARCI AL SEGUENTE INDIRIZZO<br\/>Per qualsiasi domanda o reclamo, contattaci al seguente indirizzo:<br\/>Geneva Brasswind Ltd,<br\/>Geneva House,<br\/>Belasis Business Hub,<br\/>Coxwold Way,<br\/>Billingham<br\/>TS23 4EA<br\/>Regno Unito<br\/>Tel.: +44 01642 714464<br\/>Per una copia dei termini e delle condizioni di vendita e garanzia, invia un&#8217;e-mail a <a href=\"mailto:info@genevainstruments.com\">info@genevainstruments.com<\/a>.<br\/><\/li>\n\n\n\n<li>WEB DESIGN<br\/>Questo sito \u00e8 stato progettato e sviluppato da VIA Creative \u2013 www.viacreatve.co.uk<br\/>CREDITI FOTO &amp; VIDEO<br\/>Come richiesto, saranno inseriti con tali foto e video.<\/li>\n<\/ol>\n\n<\/div>\n<\/div>","protected":false},"excerpt":{"rendered":"<p>Geneva Brasswind Ltd,Geneva House,Belasis Business Hub,Coxwold Way,BillinghamTS23 4EARegno UnitoTel.: +44 01642 714464 Societ\u00e0 per azioniNumero di iscrizione al Registro delle Imprese: 09961254 L&#8217;accesso al Sito web, nonch\u00e9 l&#8217;utilizzo dei suoi contenuti, \u00e8 soggetto alle seguenti condizioni. Le presenti condizioni d&#8217;uso possono essere modificate in qualsiasi momento. Tali modifiche si considerano accettate dagli utenti di Internet &#8230; <a title=\"Termini e Condizioni\" class=\"read-more\" href=\"https:\/\/genevainstruments.com\/it\/termini-e-condizioni\/\" aria-label=\"Per saperne di pi\u00f9 su Termini e Condizioni\">Leggi tutto<\/a><\/p>\n","protected":false},"author":1,"featured_media":0,"parent":0,"menu_order":20,"comment_status":"closed","ping_status":"closed","template":"","meta":{"_acf_changed":false,"footnotes":""},"class_list":["post-19024","page","type-page","status-publish"],"acf":[],"_links":{"self":[{"href":"https:\/\/genevainstruments.com\/it\/wp-json\/wp\/v2\/pages\/19024","targetHints":{"allow":["GET"]}}],"collection":[{"href":"https:\/\/genevainstruments.com\/it\/wp-json\/wp\/v2\/pages"}],"about":[{"href":"https:\/\/genevainstruments.com\/it\/wp-json\/wp\/v2\/types\/page"}],"author":[{"embeddable":true,"href":"https:\/\/genevainstruments.com\/it\/wp-json\/wp\/v2\/users\/1"}],"replies":[{"embeddable":true,"href":"https:\/\/genevainstruments.com\/it\/wp-json\/wp\/v2\/comments?post=19024"}],"version-history":[{"count":1,"href":"https:\/\/genevainstruments.com\/it\/wp-json\/wp\/v2\/pages\/19024\/revisions"}],"predecessor-version":[{"id":19025,"href":"https:\/\/genevainstruments.com\/it\/wp-json\/wp\/v2\/pages\/19024\/revisions\/19025"}],"wp:attachment":[{"href":"https:\/\/genevainstruments.com\/it\/wp-json\/wp\/v2\/media?parent=19024"}],"curies":[{"name":"wp","href":"https:\/\/api.w.org\/{rel}","templated":true}]}}