{"id":10907,"date":"2024-11-05T07:34:45","date_gmt":"2024-11-05T07:34:45","guid":{"rendered":"https:\/\/geneva.viacreative.co\/product\/cornetta-in-sib-geneva-cardinal\/"},"modified":"2026-01-16T08:38:46","modified_gmt":"2026-01-16T08:38:46","slug":"cornetta-in-sib-geneva-cardinal","status":"publish","type":"product","link":"https:\/\/genevainstruments.com\/it\/prodotto\/cornetta-in-sib-geneva-cardinal\/","title":{"rendered":"Cornetta in Sib &#8211; Geneva Cardinal"},"content":{"rendered":"<h1 data-start=\"336\" data-end=\"394\">Cornetta in Sib Geneva Cardinal<\/h1>\n<h2 data-start=\"336\" data-end=\"394\">Una cornetta di livello mondiale progettata per il musicista serio<\/h2>\n<p data-start=\"396\" data-end=\"677\">La <strong data-start=\"400\" data-end=\"429\">Cornetta in Sib Geneva Cardinal<\/strong> \u00e8 il risultato di un quarto di secolo di ricerca e sviluppo continui. Costruita per i musicisti che richiedono un suono superiore, un&#8217;intonazione impeccabile e una lavorazione impeccabile, questa cornetta premium rappresenta l&#8217;apice delle ultime innovazioni degli strumenti in ottone di Geneva, puro lusso. <\/p>\n<hr data-start=\"679\" data-end=\"682\">\n<p data-start=\"684\" data-end=\"700\"><strong>Caratteristiche principali<\/strong><\/p>\n<ul data-start=\"702\" data-end=\"1349\">\n<li data-start=\"702\" data-end=\"815\">\n<p data-start=\"704\" data-end=\"815\"><strong data-start=\"704\" data-end=\"732\">Canneggio Venturi Unico<\/strong><br data-start=\"732\" data-end=\"735\">Migliora la proiezione del suono e assicura un&#8217;esperienza di suono fluida e senza sforzo.<\/p>\n<\/li>\n<li data-start=\"817\" data-end=\"910\">\n<p data-start=\"819\" data-end=\"910\"><strong data-start=\"819\" data-end=\"841\">Campana Martellata a Mano<\/strong><br data-start=\"841\" data-end=\"844\">Realizzata con precisione artigianale per produrre un tono ricco e risonante.<\/p>\n<\/li>\n<\/ul>\n<ul>\n<li><strong data-start=\"819\" data-end=\"841\">Incisione a Mano<\/strong><br data-start=\"841\" data-end=\"844\">Realizzata con precisione artigianale e incisioni decorative.<\/li>\n<\/ul>\n<ul data-start=\"702\" data-end=\"1349\">\n<li data-start=\"912\" data-end=\"989\">\n<p data-start=\"914\" data-end=\"989\"><strong data-start=\"914\" data-end=\"937\">Miscela di Metalli Su Misura<\/strong><br data-start=\"937\" data-end=\"940\">Progettata per durabilit\u00e0 e complessit\u00e0 tonale.<\/p>\n<\/li>\n<li data-start=\"991\" data-end=\"1087\">\n<p data-start=\"993\" data-end=\"1087\"><strong data-start=\"993\" data-end=\"1013\">Design Ergonomico<\/strong><br data-start=\"1013\" data-end=\"1016\">Comodo da impugnare e facile da controllare durante le esibizioni prolungate.<\/p>\n<\/li>\n<li data-start=\"1089\" data-end=\"1215\">\n<p data-start=\"1091\" data-end=\"1215\"><strong data-start=\"1091\" data-end=\"1112\">Nuovo Design delle Chiavi<\/strong><br data-start=\"1112\" data-end=\"1115\">Sviluppato in collaborazione con Richard Marshall per una migliore risposta e sensazione.<\/p>\n<\/li>\n<li data-start=\"1217\" data-end=\"1349\">\n<p data-start=\"1219\" data-end=\"1349\"><strong data-start=\"1219\" data-end=\"1252\">Placcatura in Nichel Nero Migliorata<\/strong><br data-start=\"1252\" data-end=\"1255\">Una nuova finitura elegante resa possibile dal nostro investimento in tecnologia di produzione di nuova generazione.<\/p>\n<\/li>\n<\/ul>\n<hr data-start=\"1351\" data-end=\"1354\">\n<p data-start=\"1356\" data-end=\"1394\"><strong>Perch\u00e9 scegliere la Cardinal?<\/strong><\/p>\n<p data-start=\"1396\" data-end=\"1703\">Che tu sia un solista, un membro di un ensemble o un direttore di banda, la <strong data-start=\"1459\" data-end=\"1481\">Cornetta in Sib Cardinal<\/strong> offre la qualit\u00e0 e le prestazioni richieste dai professionisti di tutto il mondo. Utilizzato dai principali musicisti nel Regno Unito, in Europa, negli Stati Uniti, in Giappone e in Australia, questo strumento stabilisce un nuovo standard nel design artigianale degli ottoni. <\/p>\n<hr data-start=\"1705\" data-end=\"1708\">\n<p data-start=\"1710\" data-end=\"1726\"><strong>Test su strada &#8211; <a href=\"https:\/\/genevainstruments.com\/it\/prova-prima-di-acquistare\/\">prova prima di acquistare<\/a><\/strong><\/p>\n<p data-start=\"1728\" data-end=\"2030\">Se sei alla ricerca di un nuovo strumento e non hai testato la <strong data-start=\"1736\" data-end=\"1758\">Cornetta in Sib Cardinal<\/strong> e desideri provarla, compila il modulo di prova prima dell&#8217;acquisto, ci sono opzioni indipendentemente dal paese in cui risiedi.<\/p>\n<hr data-start=\"2303\" data-end=\"2306\">\n<p data-start=\"153\" data-end=\"194\"><strong>Ordina oggi stesso la tua cornetta in sib Cardinal<\/strong><\/p>\n<p data-start=\"196\" data-end=\"354\">Pronto a migliorare la tua performance? La <strong data-start=\"235\" data-end=\"257\">Cornetta in Sib Cardinal<\/strong> offre una precisione musicale, una potenza e una maestria senza pari, apprezzate dai migliori musicisti di tutto il mondo. <\/p>\n<p data-start=\"356\" data-end=\"594\">Puoi <strong data-start=\"364\" data-end=\"404\">acquistare direttamente tramite questo negozio online<\/strong> oppure, se preferisci un approccio pi\u00f9 personale o hai bisogno di aiuto per scegliere il modello giusto, semplicemente <strong data-start=\"494\" data-end=\"573\">inviaci un&#8217;e-mail a <a class=\"decorated-link cursor-pointer\" rel=\"noopener\" data-start=\"508\" data-end=\"571\">info@genevainstruments.com<\/a><\/strong> per effettuare il tuo ordine.<\/p>\n<p data-start=\"596\" data-end=\"702\">Qualunque sia il modo in cui scegli, il nostro team \u00e8 qui per aiutarti a trovare la Cardinal perfetta per il tuo percorso musicale.<\/p>\n<hr data-start=\"2032\" data-end=\"2035\">\n<p data-start=\"2037\" data-end=\"2057\"><strong>Cosa dicono gli artisti<\/strong><\/p>\n<blockquote data-start=\"2059\" data-end=\"2301\">\n<p data-start=\"2061\" data-end=\"2301\"><em data-start=\"2061\" data-end=\"2235\">\u201cPi\u00f9 suono la cornetta Geneva Cardinal, pi\u00f9 sono impressionato dalla facilit\u00e0 dei registri superiori e dall&#8217;ottima intonazione su tutta l&#8217;estensione dello strumento.\u201d<\/em><br data-start=\"2235\" data-end=\"2238\">\u2014 <strong data-start=\"2242\" data-end=\"2262\">Vincent Bearpark<\/strong>, Cornetta Principale, Valaisia Brass Band<\/p>\n<\/blockquote>\n<p data-start=\"2349\" data-end=\"2499\">\n","protected":false},"excerpt":{"rendered":"<p>Ascolta le persone che suonano le cornette Geneva Cardinal.<\/p>\n","protected":false},"featured_media":10908,"comment_status":"closed","ping_status":"closed","template":"","meta":{"_acf_changed":false},"product_brand":[192],"product_cat":[403],"product_tag":[405,408,406,407],"class_list":{"0":"post-10907","1":"product","2":"type-product","3":"status-publish","4":"has-post-thumbnail","6":"product_brand-geneva-instruments","7":"product_cat-strumenti-geneva-cardinal","8":"product_tag-cornetta-in-sib","9":"product_tag-cornetta-in-sib-heritage-professionale","10":"product_tag-flicorno-in-sib","11":"product_tag-tromba-in-sib-signature","12":"product_shipping_class-piccolo","13":"pa_range-strumenti-geneva-cardinal","14":"sales-flash-overlay","15":"woocommerce-text-align-left","16":"woocommerce-image-align-center","17":"do-quantity-buttons","18":"wc-has-gallery","20":"first","21":"instock","22":"taxable","23":"shipping-taxable","24":"purchasable","25":"product-type-variable"},"acf":[],"_links":{"self":[{"href":"https:\/\/genevainstruments.com\/it\/wp-json\/wp\/v2\/product\/10907","targetHints":{"allow":["GET"]}}],"collection":[{"href":"https:\/\/genevainstruments.com\/it\/wp-json\/wp\/v2\/product"}],"about":[{"href":"https:\/\/genevainstruments.com\/it\/wp-json\/wp\/v2\/types\/product"}],"replies":[{"embeddable":true,"href":"https:\/\/genevainstruments.com\/it\/wp-json\/wp\/v2\/comments?post=10907"}],"wp:featuredmedia":[{"embeddable":true,"href":"https:\/\/genevainstruments.com\/it\/wp-json\/wp\/v2\/media\/10908"}],"wp:attachment":[{"href":"https:\/\/genevainstruments.com\/it\/wp-json\/wp\/v2\/media?parent=10907"}],"wp:term":[{"taxonomy":"product_brand","embeddable":true,"href":"https:\/\/genevainstruments.com\/it\/wp-json\/wp\/v2\/product_brand?post=10907"},{"taxonomy":"product_cat","embeddable":true,"href":"https:\/\/genevainstruments.com\/it\/wp-json\/wp\/v2\/product_cat?post=10907"},{"taxonomy":"product_tag","embeddable":true,"href":"https:\/\/genevainstruments.com\/it\/wp-json\/wp\/v2\/product_tag?post=10907"}],"curies":[{"name":"wp","href":"https:\/\/api.w.org\/{rel}","templated":true}]}}