{"id":12145,"date":"2024-09-09T14:36:45","date_gmt":"2024-09-09T13:36:45","guid":{"rendered":"https:\/\/geneva.viacreative.co\/product\/cornetta-in-sib-geneva-heritage-philip-mccann\/"},"modified":"2026-01-16T08:38:55","modified_gmt":"2026-01-16T08:38:55","slug":"cornetta-in-sib-geneva-heritage-philip-mccann","status":"publish","type":"product","link":"https:\/\/genevainstruments.com\/it\/prodotto\/cornetta-in-sib-geneva-heritage-philip-mccann\/","title":{"rendered":"Cornetta in Sib &#8211; Geneva Heritage (Philip McCann)"},"content":{"rendered":"<h3 data-start=\"278\" data-end=\"309\"><strong data-start=\"282\" data-end=\"307\">Gamma Geneva Heritage<\/strong><\/h3>\n<p data-start=\"310\" data-end=\"361\"><strong data-start=\"310\" data-end=\"361\">Realizzato per la tradizione. Progettato per l&#8217;eccellenza. <\/strong><\/p>\n<p data-start=\"363\" data-end=\"639\">La gamma <em data-start=\"367\" data-end=\"384\">Geneva Heritage<\/em> rappresenta l&#8217;apice del suono puro ed espressivo. Sviluppata specificamente per il mercato tradizionale delle bande di ottoni in Gran Bretagna, questa eccezionale serie ha richiesto oltre 16 anni di lavoro, spingendo i confini dell&#8217;artigianato degli strumenti in ottone.<\/p>\n<p data-start=\"641\" data-end=\"968\">Ogni strumento della gamma Heritage integra innovazioni di design uniche, inclusa una canna d&#8217;imboccatura accuratamente progettata con una conicit\u00e0 graduale dal venturi alla valvola. Ci\u00f2 si traduce in una sensazione pi\u00f9 controllata e una resistenza leggermente maggiore rispetto alla gamma <em data-start=\"895\" data-end=\"912\">Geneva Cardinal<\/em> \u2014 ideale per i musicisti che cercano precisione e risposta. <\/p>\n<p data-start=\"970\" data-end=\"1278\">Costruita in ottone giallo di alta qualit\u00e0, la gamma Heritage offre le prestazioni e l&#8217;integrit\u00e0 tonale di uno strumento premium a un prezzo accessibile \u2014 senza compromessi nel suono o nell&#8217;intonazione. Per molti musicisti, questo si traduce in un controllo e una coerenza migliori su tutti i registri e le dinamiche. <\/p>\n<p data-start=\"1280\" data-end=\"1475\">Ora riconosciuta come una delle scelte principali nel mondo delle brass band, la gamma <em data-start=\"1358\" data-end=\"1368\">Heritage<\/em> \u00e8 preferita da rinomati solisti internazionali e da alcuni degli ensemble pi\u00f9 prestigiosi a livello mondiale.<\/p>\n<hr data-start=\"1477\" data-end=\"1480\">\n<h3 data-start=\"1482\" data-end=\"1532\"><strong data-start=\"1486\" data-end=\"1530\">Presentiamo la cornetta Philip McCann &#8211; Geneva Heritage <\/strong><\/h3>\n<p data-start=\"1533\" data-end=\"1582\"><strong data-start=\"1533\" data-end=\"1582\">Una collaborazione d&#8217;autore con Phillip McCann<\/strong><\/p>\n<blockquote data-start=\"1584\" data-end=\"1796\">\n<p data-start=\"1586\" data-end=\"1796\"><em data-start=\"1586\" data-end=\"1771\">\u201cAbbiamo tutti una voce unica. Questa cornetta Cardinal Heritage \u00e8 un&#8217;estensione di TE e ti permette di trovare la \u2018tua voce musicale\u2019\u2026 il risultato della mia collaborazione con Geneva Instruments.\u201d<\/em><br data-start=\"1771\" data-end=\"1774\">\u2014 <strong data-start=\"1778\" data-end=\"1796\">Phillip McCann<\/strong><\/p>\n<\/blockquote>\n<p data-start=\"1798\" data-end=\"1998\">Siamo onorati di presentare la <em data-start=\"1829\" data-end=\"1855\">Cornetta Cardinal Heritage<\/em>, un modello d&#8217;autore sviluppato in collaborazione con il leggendario <strong data-start=\"1921\" data-end=\"1939\">Phillip McCann<\/strong> \u2014 una delle figure pi\u00f9 rispettate nel mondo delle brass band.<\/p>\n<p data-start=\"2000\" data-end=\"2354\">Nato a Bo\u2019ness, in Scozia, la carriera di Phillip \u00e8 iniziata con la Kinneil Colliery Band ed \u00e8 fiorita attraverso ruoli di leadership, inclusi cinque anni come leader della National Youth Brass Band of Great Britain. Come Cornetta Principale della <strong data-start=\"2246\" data-end=\"2265\">Black Dyke Band<\/strong> di fama mondiale durante la sua epoca d&#8217;oro, Phillip ha contribuito a plasmare un suono iconico che \u00e8 ancora oggi venerato. <\/p>\n<p data-start=\"2356\" data-end=\"2624\">La sua acclamata serie di CD <em data-start=\"2370\" data-end=\"2379\">Chandos<\/em>, <em data-start=\"2391\" data-end=\"2428\">The World\u2019s Most Beautiful Melodies<\/em>, \u00e8 celebrata per il suo tono sublime e la sua musicalit\u00e0, regolarmente presente su <strong data-start=\"2503\" data-end=\"2516\">BBC Radio<\/strong> e <strong data-start=\"2521\" data-end=\"2535\">Classic FM<\/strong>. La sua passione per le performance espressive ora rivive in questo strumento in edizione speciale.<\/p>\n<p data-start=\"2626\" data-end=\"2854\">Realizzata per emulare il tradizionale suono caldo delle brass band con un&#8217;intonazione eccezionale e una risposta libera in tutti i registri, la <em data-start=\"2763\" data-end=\"2789\">Cornetta Cardinal Heritage<\/em> offre ai musicisti la libert\u00e0 di esprimere la loro vera voce musicale.<\/p>\n<h3 data-start=\"1385\" data-end=\"1416\"><strong data-start=\"1389\" data-end=\"1416\">Ordinazione &amp; disponibilit\u00e0<\/strong><\/h3>\n<p data-start=\"1418\" data-end=\"1667\">Se lo strumento scelto \u00e8 in arretrato, puoi comunque completare l&#8217;acquisto online con un tempo di consegna stimato di circa 4 settimane.<br data-start=\"1559\" data-end=\"1562\">In alternativa, assicurati un posto nel nostro programma di produzione con un deposito del 30% contattandoci direttamente:<\/p>\n<p data-start=\"1669\" data-end=\"1731\">\ud83d\udce7 <strong data-start=\"1672\" data-end=\"1702\"><a class=\"decorated-link cursor-pointer\" rel=\"noopener\" data-start=\"1674\" data-end=\"1700\">info@genevainstruments.com<\/a><\/strong><br data-start=\"1702\" data-end=\"1705\">\ud83d\udcde <strong data-start=\"1708\" data-end=\"1731\">+44 (0) 1642 714464<\/strong><\/p>\n","protected":false},"excerpt":{"rendered":"<p>Cornetta in Sib &#8211; Geneva Heritage &#8211; Professionale. Guarda il video di questo strumento. <\/p>\n","protected":false},"featured_media":12147,"comment_status":"closed","ping_status":"closed","template":"","meta":{"_acf_changed":false},"product_brand":[192],"product_cat":[595,403],"product_tag":[408],"class_list":{"0":"post-12145","1":"product","2":"type-product","3":"status-publish","4":"has-post-thumbnail","6":"product_brand-geneva-instruments","7":"product_cat-modelli-per-artisti-geneva-cardinal","8":"product_cat-strumenti-geneva-cardinal","9":"product_tag-cornetta-in-sib-heritage-professionale","10":"product_shipping_class-piccolo","11":"pa_range-strumenti-geneva-heritage","12":"sales-flash-overlay","13":"woocommerce-text-align-left","14":"woocommerce-image-align-center","15":"do-quantity-buttons","16":"wc-has-gallery","18":"first","19":"instock","20":"taxable","21":"shipping-taxable","22":"purchasable","23":"product-type-variable"},"acf":[],"_links":{"self":[{"href":"https:\/\/genevainstruments.com\/it\/wp-json\/wp\/v2\/product\/12145","targetHints":{"allow":["GET"]}}],"collection":[{"href":"https:\/\/genevainstruments.com\/it\/wp-json\/wp\/v2\/product"}],"about":[{"href":"https:\/\/genevainstruments.com\/it\/wp-json\/wp\/v2\/types\/product"}],"replies":[{"embeddable":true,"href":"https:\/\/genevainstruments.com\/it\/wp-json\/wp\/v2\/comments?post=12145"}],"wp:featuredmedia":[{"embeddable":true,"href":"https:\/\/genevainstruments.com\/it\/wp-json\/wp\/v2\/media\/12147"}],"wp:attachment":[{"href":"https:\/\/genevainstruments.com\/it\/wp-json\/wp\/v2\/media?parent=12145"}],"wp:term":[{"taxonomy":"product_brand","embeddable":true,"href":"https:\/\/genevainstruments.com\/it\/wp-json\/wp\/v2\/product_brand?post=12145"},{"taxonomy":"product_cat","embeddable":true,"href":"https:\/\/genevainstruments.com\/it\/wp-json\/wp\/v2\/product_cat?post=12145"},{"taxonomy":"product_tag","embeddable":true,"href":"https:\/\/genevainstruments.com\/it\/wp-json\/wp\/v2\/product_tag?post=12145"}],"curies":[{"name":"wp","href":"https:\/\/api.w.org\/{rel}","templated":true}]}}