{"id":12203,"date":"2024-09-09T14:36:33","date_gmt":"2024-09-09T13:36:33","guid":{"rendered":"https:\/\/geneva.viacreative.co\/product\/eufonio-in-sib-geneva-heritage\/"},"modified":"2025-12-21T08:26:00","modified_gmt":"2025-12-21T08:26:00","slug":"eufonio-in-sib-geneva-heritage","status":"publish","type":"product","link":"https:\/\/genevainstruments.com\/it\/prodotto\/eufonio-in-sib-geneva-heritage\/","title":{"rendered":"Eufonio in Sib &#8211; Geneva Heritage"},"content":{"rendered":"<h3 data-start=\"181\" data-end=\"212\"><strong data-start=\"185\" data-end=\"210\">Geneva Heritage<\/strong><\/h3>\n<p data-start=\"213\" data-end=\"264\"><strong data-start=\"213\" data-end=\"264\">Realizzato per la tradizione. Progettato per l&#8217;eccellenza. <\/strong><\/p>\n<p data-start=\"266\" data-end=\"542\">L&#8217;<em data-start=\"270\" data-end=\"287\">eufonio in Sib Geneva Heritage<\/em> rappresenta l&#8217;apice di un suono puro ed espressivo. Sviluppata specificamente per il mercato tradizionale delle brass band in Gran Bretagna, questa eccezionale serie \u00e8 stata sviluppata in oltre 20 anni, spingendo i confini dell&#8217;artigianato degli strumenti in ottone.<\/p>\n<p data-start=\"544\" data-end=\"871\">Ogni strumento della gamma Heritage incorpora innovazioni di design uniche, inclusa una canna d&#8217;imboccatura accuratamente progettata con una conicit\u00e0 graduale dal venturi alla valvola. Ci\u00f2 si traduce in una sensazione pi\u00f9 controllata e una resistenza leggermente maggiore rispetto alla gamma Cardinal, ideale per i musicisti che cercano precisione e risposta. <\/p>\n<p data-start=\"873\" data-end=\"1181\">Costruita in ottone giallo di alta qualit\u00e0, la gamma Heritage offre le prestazioni e l&#8217;integrit\u00e0 tonale di uno strumento premium a un prezzo accessibile \u2014 senza compromessi nel suono o nell&#8217;intonazione. Per molti musicisti, questo si traduce in un controllo e una coerenza migliori su tutti i registri e le dinamiche. <\/p>\n<p data-start=\"1183\" data-end=\"1378\">Ora riconosciuta come una delle scelte principali nel mondo delle brass band, la gamma <em data-start=\"1261\" data-end=\"1271\">Heritage<\/em> \u00e8 preferita da rinomati solisti internazionali e da alcuni degli ensemble pi\u00f9 prestigiosi a livello mondiale.<\/p>\n<hr data-start=\"1380\" data-end=\"1383\">\n<h3 data-start=\"1385\" data-end=\"1416\"><strong data-start=\"1389\" data-end=\"1416\">Ordinazione &amp; disponibilit\u00e0<\/strong><\/h3>\n<p data-start=\"1418\" data-end=\"1667\">Se lo strumento scelto non \u00e8 immediatamente disponibile, puoi comunque completare l&#8217;acquisto online con un tempo di consegna stimato di circa 4 settimane.<\/p>\n<p data-start=\"1418\" data-end=\"1667\">In alternativa, assicurati il tuo posto nel nostro programma di produzione con un acconto del 30% contattandoci direttamente:<\/p>\n<p data-start=\"1669\" data-end=\"1731\">\ud83d\udce7 <strong data-start=\"1672\" data-end=\"1702\"><a class=\"decorated-link cursor-pointer\" rel=\"noopener\" data-start=\"1674\" data-end=\"1700\">info@genevainstruments.com<\/a><\/strong><br data-start=\"1702\" data-end=\"1705\">\ud83d\udcde <strong data-start=\"1708\" data-end=\"1731\">+44 (0) 1642 714464<\/strong><\/p>\n","protected":false},"excerpt":{"rendered":"<p>Geneva Heritage Realizzato per la tradizione. Progettato per l&#8217;eccellenza. L&#8217;eufonio in Sib Geneva Heritage rappresenta l&#8217;apice di un suono puro ed espressivo. Sviluppata specificamente per il mercato tradizionale delle brass band in Gran Bretagna, questa eccezionale serie \u00e8 stata sviluppata in oltre 20 anni, spingendo i confini dell&#8217;artigianato degli strumenti in ottone. Ogni strumento della &#8230; <a title=\"Eufonio in Sib &#8211; Geneva Heritage\" class=\"read-more\" href=\"https:\/\/genevainstruments.com\/it\/prodotto\/eufonio-in-sib-geneva-heritage\/\" aria-label=\"Per saperne di pi\u00f9 su Eufonio in Sib &#8211; Geneva Heritage\">Leggi tutto<\/a><\/p>\n","protected":false},"featured_media":12204,"comment_status":"closed","ping_status":"closed","template":"","meta":{"_acf_changed":false},"product_brand":[192],"product_cat":[708],"product_tag":[709],"class_list":{"0":"post-12203","1":"product","2":"type-product","3":"status-publish","4":"has-post-thumbnail","6":"product_brand-geneva-instruments","7":"product_cat-geneva-heritage","8":"product_tag-eufonio-in-sib-symphony","9":"product_shipping_class-grande","10":"pa_range-strumenti-geneva-heritage","11":"sales-flash-overlay","12":"woocommerce-text-align-left","13":"woocommerce-image-align-center","14":"do-quantity-buttons","15":"wc-has-gallery","17":"first","18":"instock","19":"taxable","20":"shipping-taxable","21":"purchasable","22":"product-type-variable"},"acf":[],"_links":{"self":[{"href":"https:\/\/genevainstruments.com\/it\/wp-json\/wp\/v2\/product\/12203","targetHints":{"allow":["GET"]}}],"collection":[{"href":"https:\/\/genevainstruments.com\/it\/wp-json\/wp\/v2\/product"}],"about":[{"href":"https:\/\/genevainstruments.com\/it\/wp-json\/wp\/v2\/types\/product"}],"replies":[{"embeddable":true,"href":"https:\/\/genevainstruments.com\/it\/wp-json\/wp\/v2\/comments?post=12203"}],"wp:featuredmedia":[{"embeddable":true,"href":"https:\/\/genevainstruments.com\/it\/wp-json\/wp\/v2\/media\/12204"}],"wp:attachment":[{"href":"https:\/\/genevainstruments.com\/it\/wp-json\/wp\/v2\/media?parent=12203"}],"wp:term":[{"taxonomy":"product_brand","embeddable":true,"href":"https:\/\/genevainstruments.com\/it\/wp-json\/wp\/v2\/product_brand?post=12203"},{"taxonomy":"product_cat","embeddable":true,"href":"https:\/\/genevainstruments.com\/it\/wp-json\/wp\/v2\/product_cat?post=12203"},{"taxonomy":"product_tag","embeddable":true,"href":"https:\/\/genevainstruments.com\/it\/wp-json\/wp\/v2\/product_tag?post=12203"}],"curies":[{"name":"wp","href":"https:\/\/api.w.org\/{rel}","templated":true}]}}