{"id":10598,"date":"2021-01-13T16:26:10","date_gmt":"2021-01-13T16:26:10","guid":{"rendered":"https:\/\/geneva.viacreative.co\/hjem\/"},"modified":"2025-12-16T10:06:04","modified_gmt":"2025-12-16T10:06:04","slug":"hjem","status":"publish","type":"page","link":"https:\/\/genevainstruments.com\/no\/","title":{"rendered":"Hjem"},"content":{"rendered":"<div class=\"gb-container gb-container-281ff18e page-title-container\">\n<div class=\"gb-container gb-container-bc761fd8\">\n\n<h1 class=\"gb-headline gb-headline-17e39d6c gb-headline-text\">Velkommen til Geneva musikkinstrumenter<\/h1>\n\n<\/div>\n\n<div class=\"gb-container gb-container-cd5c64ce\">\n\n<h2 class=\"gb-headline gb-headline-a4e36df4 gb-headline-text\">Sesongens spesialtilbud <\/h2>\n\n\n\n<a class=\"gb-button gb-button-214ee6ed gb-button-text button-red-outline-white-text\" href=\"https:\/\/genevainstruments.com\/shop\/\">Handle n\u00e5<\/a>\n\n<\/div>\n\n<div class=\"gb-container gb-container-150551db\">\n\n<h2 class=\"gb-headline gb-headline-8accc988 gb-headline-text\">Vinn et kardinalkvartett til messingkorpset ditt<\/h2>\n\n\n\n<a class=\"gb-button gb-button-00c14136 gb-button-text button-red-outline-white-text\" href=\"https:\/\/genevainstruments.com\/quartet-of-cardinals\/\" target=\"_blank\" rel=\"noopener noreferrer\">Stengt n\u00e5<\/a>\n\n<\/div>\n\n<div class=\"gb-container gb-container-1d08b1d3\">\n\n<a class=\"gb-button gb-button-8caab664 smooth-scroll via-scroll\" href=\"#instruments\"><span class=\"gb-icon\"><svg xmlns:xlink=\"http:\/\/www.w3.org\/1999\/xlink\" xmlns=\"http:\/\/www.w3.org\/2000\/svg\" version=\"1.1\" viewbox=\"0 0 16 16\" height=\"48px\" width=\"48px\">\n  <rect fill=\"none\" id=\"icon-bound\" height=\"16\" width=\"16\"><\/rect>\n  <polygon points=\"8,13 0,5 16,5\"><\/polygon>\n<\/svg><\/span><\/a>\n\n<\/div>\n<\/div><div class=\"gb-container gb-container-d9e7af4f alignfull\" id=\"instruments\">\n<div class=\"gb-container gb-container-75db3cbe\">\n\n<h4 class=\"gb-headline gb-headline-692b1c7e gb-headline-text explore\">h\u00e5ndlagde Geneva musikkinstrumenter<\/h4>\n\n<\/div>\n\n<div class=\"gb-container gb-container-519e74c9\">\n\n<h2 class=\"gb-headline gb-headline-b607d745 gb-headline-text\">Designet og utviklet for \u00e5 hjelpe deg \u00e5 n\u00e5 ditt fulle potensial<\/h2>\n\n\n\n<a class=\"gb-button gb-button-c3f4e306 gb-button-text button-red-outline\" href=\"https:\/\/genevainstruments.com\/shop\/\">Se hele utvalget v\u00e5rt<\/a>\n\n<\/div>\n\n<div class=\"gb-container gb-container-4201ee7a\">\n\n<a class=\"gb-button gb-button-4790774c gb-button-text button-red-outline\" href=\"https:\/\/genevainstruments.com\/shop\/\">Se hele utvalget v\u00e5rt<\/a>\n\n<\/div>\n<\/div><div class=\"gb-container gb-container-c0e33931 alignfull\">\n<div class=\"gb-grid-wrapper gb-grid-wrapper-2c26f673\">\n<div class=\"gb-grid-column gb-grid-column-0b1db123\"><div class=\"gb-container gb-container-0b1db123\">\n\n<p class=\"gb-headline gb-headline-b1d5ad26 gb-headline-text\">Om oss<\/p>\n\n\n\n<h2 class=\"gb-headline gb-headline-42079df7 gb-headline-text\">I forkant<\/h2>\n\n\n\n<p class=\"gb-headline gb-headline-67c228be gb-headline-text\">Siden etableringen i 2000 har Geneva Instruments v\u00e6rt stolte av \u00e5 v\u00e6re i forkant av britisk design og teknologi innen produksjon av musikkinstrumenter. V\u00e5re nyeste Geneva-modeller videref\u00f8rer en ekte arv fra 1842.<\/p>\n\n\n\n<p class=\"gb-headline gb-headline-7867fe07 gb-headline-text\">Et utvalg instrumenter designet med alle musikere i tankene.<\/p>\n\n\n\n<a class=\"gb-button gb-button-3d97f9bc gb-button-text button-red-outline-white-text\" href=\"https:\/\/genevainstruments.com\/no\/det-baerekraftige-valget\/\">Les mer<\/a>\n\n<\/div><\/div>\n\n<div class=\"gb-grid-column gb-grid-column-10701f71\"><div class=\"gb-container gb-container-10701f71\"><\/div><\/div>\n<\/div>\n<\/div><div class=\"gb-container gb-container-97814c92 alignfull\">\n<div class=\"gb-container gb-container-a4911f27\">\n\n<h2 class=\"gb-headline gb-headline-1655ddc4 gb-headline-text\">Musikkens kraft til \u00e5 forandre liv<br><a href=\"https:\/\/genevainstruments.com\/npme\/\"><\/a><\/h2>\n\n<\/div>\n<\/div>","protected":false},"excerpt":{"rendered":"<p>Velkommen til Geneva musikkinstrumenter Sesongens spesialtilbud Vinn et kardinalkvartett til messingkorpset ditt h\u00e5ndlagde Geneva musikkinstrumenter Designet og utviklet for \u00e5 hjelpe deg \u00e5 n\u00e5 ditt fulle potensial Musikkens kraft til \u00e5 forandre liv<\/p>\n","protected":false},"author":1,"featured_media":10601,"parent":0,"menu_order":0,"comment_status":"closed","ping_status":"closed","template":"","meta":{"_acf_changed":false,"footnotes":""},"class_list":["post-10598","page","type-page","status-publish","has-post-thumbnail"],"acf":[],"_links":{"self":[{"href":"https:\/\/genevainstruments.com\/no\/wp-json\/wp\/v2\/pages\/10598","targetHints":{"allow":["GET"]}}],"collection":[{"href":"https:\/\/genevainstruments.com\/no\/wp-json\/wp\/v2\/pages"}],"about":[{"href":"https:\/\/genevainstruments.com\/no\/wp-json\/wp\/v2\/types\/page"}],"author":[{"embeddable":true,"href":"https:\/\/genevainstruments.com\/no\/wp-json\/wp\/v2\/users\/1"}],"replies":[{"embeddable":true,"href":"https:\/\/genevainstruments.com\/no\/wp-json\/wp\/v2\/comments?post=10598"}],"version-history":[{"count":10,"href":"https:\/\/genevainstruments.com\/no\/wp-json\/wp\/v2\/pages\/10598\/revisions"}],"predecessor-version":[{"id":19334,"href":"https:\/\/genevainstruments.com\/no\/wp-json\/wp\/v2\/pages\/10598\/revisions\/19334"}],"wp:featuredmedia":[{"embeddable":true,"href":"https:\/\/genevainstruments.com\/no\/wp-json\/wp\/v2\/media\/10601"}],"wp:attachment":[{"href":"https:\/\/genevainstruments.com\/no\/wp-json\/wp\/v2\/media?parent=10598"}],"curies":[{"name":"wp","href":"https:\/\/api.w.org\/{rel}","templated":true}]}}