{"id":10736,"date":"2024-07-01T14:17:55","date_gmt":"2024-07-01T13:17:55","guid":{"rendered":"https:\/\/geneva.viacreative.co\/geneva-instrumenter-i-konsert\/"},"modified":"2025-11-19T11:01:37","modified_gmt":"2025-11-19T11:01:37","slug":"geneva-instrumenter-i-konsert","status":"publish","type":"page","link":"https:\/\/genevainstruments.com\/no\/geneva-instrumenter-i-konsert\/","title":{"rendered":"Geneva-instrumenter i konsert"},"content":{"rendered":"<div class=\"gb-container gb-container-8dfae3e5 alignfull\">\n<div class=\"gb-container gb-container-dcbdf667\">\n\n<h2 class=\"gb-headline gb-headline-755ad35e gb-headline-text\">Noen ganger handler det ikke bare om \u00e5 se den vakre estetikken til instrumentene v\u00e5re, det er ogs\u00e5 viktig \u00e5 h\u00f8re dem i aksjon. <\/h2>\n\n\n\n<p class=\"gb-headline gb-headline-7a246c07 gb-headline-text\">Vi vil oppdatere videoene p\u00e5 denne siden fra tid til annen for din forn\u00f8yelse.<\/p>\n\n\n<div class=\"gb-grid-wrapper gb-grid-wrapper-d9db3976\">\n<div class=\"gb-grid-column gb-grid-column-83c6f50c\"><div class=\"gb-container gb-container-83c6f50c\">\n\n<figure class=\"wp-block-embed is-type-video is-provider-youtube wp-block-embed-youtube wp-embed-aspect-4-3 wp-has-aspect-ratio\"><div class=\"wp-block-embed__wrapper\">\n<iframe loading=\"lazy\" title=\"Glenn Van Looy - Virtuoso Euphonium\" width=\"1200\" height=\"900\" src=\"https:\/\/www.youtube.com\/embed\/Jftjp9bbVpY?feature=oembed\" frameborder=\"0\" allow=\"accelerometer; autoplay; clipboard-write; encrypted-media; gyroscope; picture-in-picture; web-share\" referrerpolicy=\"strict-origin-when-cross-origin\" allowfullscreen><\/iframe>\n<\/div><figcaption class=\"wp-element-caption\">Glenn Van Looy \u2013 Virtuosen p\u00e5 sitt beste.<\/figcaption><\/figure>\n\n<\/div><\/div>\n\n<div class=\"gb-grid-column gb-grid-column-98356b9d\"><div class=\"gb-container gb-container-98356b9d\">\n\n<figure class=\"wp-block-embed is-type-video is-provider-youtube wp-block-embed-youtube wp-embed-aspect-16-9 wp-has-aspect-ratio\"><div class=\"wp-block-embed__wrapper\">\n<iframe loading=\"lazy\" title=\"Siobhan Bates - 1st Movement of the Trumpet Concerto in Eb J Neruda - Geneva Cardinal Tenor Horn\" width=\"1200\" height=\"675\" src=\"https:\/\/www.youtube.com\/embed\/Z4D3qV5ZpuA?feature=oembed\" frameborder=\"0\" allow=\"accelerometer; autoplay; clipboard-write; encrypted-media; gyroscope; picture-in-picture; web-share\" referrerpolicy=\"strict-origin-when-cross-origin\" allowfullscreen><\/iframe>\n<\/div><figcaption class=\"wp-element-caption\">Siobhan Bates 2020 &#8211; 1. sats av Trompet-konserten i Eb av J Neruda &#8211; Geneva Cardinal tenorhorn.<\/figcaption><\/figure>\n\n<\/div><\/div>\n\n<div class=\"gb-grid-column gb-grid-column-cad51e4c\"><div class=\"gb-container gb-container-cad51e4c\">\n\n<figure class=\"wp-block-embed is-type-video is-provider-youtube wp-block-embed-youtube wp-embed-aspect-16-9 wp-has-aspect-ratio\"><div class=\"wp-block-embed__wrapper\">\n<iframe loading=\"lazy\" title=\"Oresetes Machado\" width=\"1200\" height=\"675\" src=\"https:\/\/www.youtube.com\/embed\/BjcaXlqECzE?feature=oembed\" frameborder=\"0\" allow=\"accelerometer; autoplay; clipboard-write; encrypted-media; gyroscope; picture-in-picture; web-share\" referrerpolicy=\"strict-origin-when-cross-origin\" allowfullscreen><\/iframe>\n<\/div><figcaption class=\"wp-element-caption\">Orestes Machado &#8211; Vi lager trompeter ogs\u00e5 &#8211; og dette er noe trompetspill av v\u00e5r amerikanske artist.<\/figcaption><\/figure>\n\n<\/div><\/div>\n\n<div class=\"gb-grid-column gb-grid-column-348cf3e5\"><div class=\"gb-container gb-container-348cf3e5\">\n\n<figure class=\"wp-block-embed is-type-video is-provider-youtube wp-block-embed-youtube wp-embed-aspect-9-16 wp-has-aspect-ratio\"><div class=\"wp-block-embed__wrapper\">\n<iframe loading=\"lazy\" title=\"Jazz on Euphonium Really! #Euphonium #jazzmusic  #brass\" width=\"563\" height=\"1000\" src=\"https:\/\/www.youtube.com\/embed\/JlA9RIJVIe8?feature=oembed\" frameborder=\"0\" allow=\"accelerometer; autoplay; clipboard-write; encrypted-media; gyroscope; picture-in-picture; web-share\" referrerpolicy=\"strict-origin-when-cross-origin\" allowfullscreen><\/iframe>\n<\/div><figcaption class=\"wp-element-caption\">Daniel &#8211; En Geneva-ambassad\u00f8r med en lys fremtid som spiller jazz p\u00e5 euphonium!<\/figcaption><\/figure>\n\n<\/div><\/div>\n\n<div class=\"gb-grid-column gb-grid-column-b7c9bd3a\"><div class=\"gb-container gb-container-b7c9bd3a\">\n\n<figure class=\"wp-block-embed is-type-video is-provider-youtube wp-block-embed-youtube wp-embed-aspect-16-9 wp-has-aspect-ratio\"><div class=\"wp-block-embed__wrapper\">\n<iframe loading=\"lazy\" title=\"Richard Marshall - Demonstrates - Geneva Cardinal Cornet\" width=\"1200\" height=\"675\" src=\"https:\/\/www.youtube.com\/embed\/ycS_P01S2-Q?feature=oembed\" frameborder=\"0\" allow=\"accelerometer; autoplay; clipboard-write; encrypted-media; gyroscope; picture-in-picture; web-share\" referrerpolicy=\"strict-origin-when-cross-origin\" allowfullscreen><\/iframe>\n<\/div><figcaption class=\"wp-element-caption\">Black Dyke Band &#8211; Kornett-solo &laquo;Melody of the Heart&raquo; av Richard Marshall. Terry Camsey Frelsesarmeen. <\/figcaption><\/figure>\n\n<\/div><\/div>\n\n<div class=\"gb-grid-column gb-grid-column-e9eddc85\"><div class=\"gb-container gb-container-e9eddc85\">\n\n<figure class=\"wp-block-embed is-type-video is-provider-youtube wp-block-embed-youtube wp-embed-aspect-16-9 wp-has-aspect-ratio\"><div class=\"wp-block-embed__wrapper\">\n<iframe loading=\"lazy\" title=\"Jamie Smith performs \u2018The Comfort Knitters\u2019 by Nadje Noordhuis\" width=\"1200\" height=\"675\" src=\"https:\/\/www.youtube.com\/embed\/cbLre4nYcGk?feature=oembed\" frameborder=\"0\" allow=\"accelerometer; autoplay; clipboard-write; encrypted-media; gyroscope; picture-in-picture; web-share\" referrerpolicy=\"strict-origin-when-cross-origin\" allowfullscreen><\/iframe>\n<\/div><figcaption class=\"wp-element-caption\">Grimethorpes ledende kornettist Jamie Smith fremf\u00f8rer &#8216;The Comfort Knitters&#8217; av Nadje Noordhuis.<\/figcaption><\/figure>\n\n<\/div><\/div>\n<\/div>\n<\/div>\n<\/div>","protected":false},"excerpt":{"rendered":"<p>Noen ganger handler det ikke bare om \u00e5 se den vakre estetikken til instrumentene v\u00e5re, det er ogs\u00e5 viktig \u00e5 h\u00f8re dem i aksjon. Vi vil oppdatere videoene p\u00e5 denne siden fra tid til annen for din forn\u00f8yelse.<\/p>\n","protected":false},"author":1,"featured_media":0,"parent":0,"menu_order":3,"comment_status":"closed","ping_status":"closed","template":"","meta":{"_acf_changed":false,"footnotes":""},"class_list":["post-10736","page","type-page","status-publish"],"acf":[],"_links":{"self":[{"href":"https:\/\/genevainstruments.com\/no\/wp-json\/wp\/v2\/pages\/10736","targetHints":{"allow":["GET"]}}],"collection":[{"href":"https:\/\/genevainstruments.com\/no\/wp-json\/wp\/v2\/pages"}],"about":[{"href":"https:\/\/genevainstruments.com\/no\/wp-json\/wp\/v2\/types\/page"}],"author":[{"embeddable":true,"href":"https:\/\/genevainstruments.com\/no\/wp-json\/wp\/v2\/users\/1"}],"replies":[{"embeddable":true,"href":"https:\/\/genevainstruments.com\/no\/wp-json\/wp\/v2\/comments?post=10736"}],"version-history":[{"count":1,"href":"https:\/\/genevainstruments.com\/no\/wp-json\/wp\/v2\/pages\/10736\/revisions"}],"predecessor-version":[{"id":10737,"href":"https:\/\/genevainstruments.com\/no\/wp-json\/wp\/v2\/pages\/10736\/revisions\/10737"}],"wp:attachment":[{"href":"https:\/\/genevainstruments.com\/no\/wp-json\/wp\/v2\/media?parent=10736"}],"curies":[{"name":"wp","href":"https:\/\/api.w.org\/{rel}","templated":true}]}}