{"id":12604,"date":"2025-05-09T08:37:15","date_gmt":"2025-05-09T07:37:15","guid":{"rendered":"https:\/\/geneva.viacreative.co\/vinn-en-kvartett-av-cardinal-instrumenter\/"},"modified":"2025-12-29T17:31:05","modified_gmt":"2025-12-29T17:31:05","slug":"vinn-en-kvartett-av-cardinal-instrumenter","status":"publish","type":"page","link":"https:\/\/genevainstruments.com\/no\/vinn-en-kvartett-av-cardinal-instrumenter\/","title":{"rendered":"Quartet of Cardinals-konkurransen \u2013 Oppdatering"},"content":{"rendered":"<div class=\"gb-container gb-container-281ff18e alignfull\">\n<div class=\"gb-container gb-container-c48a3e65\">\n\n<h3 class=\"gb-headline gb-headline-6af4d3d1 gb-headline-text\">Quartet of Cardinals-konkurransen er n\u00e5 offisielt avsluttet.<\/h3>\n\n\n\n<p class=\"gb-headline gb-headline-c3449f9f gb-headline-text\">Feirer et kvart \u00e5rhundre (2000-2025) med #ProgressInPlay<\/p>\n\n<\/div>\n\n<div class=\"gb-container gb-container-1d08b1d3\">\n\n<a class=\"gb-button gb-button-8caab664 smooth-scroll via-scroll\" href=\"#win\"><span class=\"gb-icon\"><svg xmlns:xlink=\"http:\/\/www.w3.org\/1999\/xlink\" xmlns=\"http:\/\/www.w3.org\/2000\/svg\" version=\"1.1\" viewbox=\"0 0 16 16\" height=\"48px\" width=\"48px\">\n  <rect fill=\"none\" id=\"icon-bound\" height=\"16\" width=\"16\"><\/rect>\n  <polygon points=\"8,13 0,5 16,5\"><\/polygon>\n<\/svg><\/span><\/a>\n\n<\/div>\n<\/div><div class=\"gb-container gb-container-8dfae3e5 alignfull\" id=\"win\">\n<div class=\"gb-container gb-container-dcbdf667\">\n\n<h2 class=\"gb-headline gb-headline-755ad35e gb-headline-text\">Konkurranser som gj\u00f8r det mulig for musikere \u00e5 n\u00e5 sitt sanne potensial<\/h2>\n\n\n\n<p class=\"gb-headline gb-headline-83910334 gb-headline-text\">Vi er glade for \u00e5 kunne bekrefte at Quartet of Cardinals-konkurransen i 2025 fikk en enorm respons, med bidrag fra messingmusikere fra alle verdenshj\u00f8rner, som hver meldte p\u00e5 sitt brassband til denne unike og prestisjetunge prisen.<br><\/p>\n\n\n\n<p>Trekningen fant sted 29. desember. Det vinnende bandet er kontaktet direkte og invitert til \u00e5 akseptere prisen underlagt konkurransens vilk\u00e5r og betingelser. Ved aksept vil en representant for det vinnende bandet bli invitert til \u00e5 delta p\u00e5 European Brass Band Championships (EBBC) i Linz, hvor Quartet of Cardinals vil bli presentert p\u00e5 Geneva Instruments sin stand. Dersom deltakelse p\u00e5 EBBC ikke er mulig, vil alternative arrangementer for presentasjonen bli gjort.   <\/p>\n\n\n\n<p><br\/>Hvis det valgte bandet velger \u00e5 ikke akseptere prisen under de foreskrevne konkurransevilk\u00e5rene nedenfor, vil premien bli trukket p\u00e5 nytt fra det opprinnelige utvalget av kvalifiserte deltakere. Vi vil gjerne rette en stor takk til alle band og musikere som deltok i konkurransen og bidro til \u00e5 gj\u00f8re den til en slik suksess. <\/p>\n\n\n\n<p>Denne konkurransen er gjennomf\u00f8rt som en premiekonkurranse og drives i samsvar med lovene i England og Wales, inkludert de relevante bestemmelsene i Gambling Act 2005.<\/p>\n\n\n\n<h2 class=\"gb-headline gb-headline-cf781719 gb-headline-text\">F\u00f8lg med her, for <a href=\"https:\/\/genevainstruments.com\/no\/geneva-musikk-stiftelse\/\" data-type=\"page\" data-id=\"10038\">Quartet of Cardinals<\/a> 2026 kommer tilbake og lanseres 25. april 2026 @ EBBC<\/h2>\n\n\n\n<p>Vi ser fremover og er glade for \u00e5 kunngj\u00f8re at Quartet of Cardinals-konkurransen i 2026 vil komme tilbake med et spennende nytt format. I tillegg til det vanlige p\u00e5meldingsskjemaet, vil band bli invitert til \u00e5 sende inn en kort video som en del av p\u00e5meldingen \u2013 mer informasjon kommer etter hvert. <\/p>\n\n<\/div>\n<\/div><div class=\"gb-container gb-container-8d9923a0 alignfull\"><\/div><div class=\"gb-container gb-container-0ba3f97d alignfull\" id=\"enter\"><\/div><div class=\"gb-container gb-container-4f567e77 alignfull\">\n<div class=\"gb-container gb-container-3d4b7b3d\">\n\n<h2 class=\"gb-headline gb-headline-8c6ded3b gb-headline-text\">Quartet of Cardinals 2025 Konkurransevilk\u00e5r og -betingelser<\/h2>\n\n\n\n<ol class=\"wp-block-list\">\n<li>Konkurransen er \u00e5pen for alle tradisjonelle brassband i verden, dvs. de messingensemblene som bruker en kombinasjon av kornett, flygelhorn, tenorhorn, baryton, euphonium og tuba<\/li>\n\n\n\n<li>For \u00e5 bli med i trekningen m\u00e5 personen som melder p\u00e5 brassbandet sitt for \u00e5 \u2018Vinne en kvartett av Cardinal-instrumenter\u2019:\n<ul class=\"wp-block-list\">\n<li>V\u00e6re et spillende medlem av brassbandet<\/li>\n\n\n\n<li>Fylle ut hele p\u00e5meldingsskjemaet og svare riktig p\u00e5 sp\u00f8rsm\u00e5let<\/li>\n\n\n\n<li>Oppgi sine kontaktdetaljer og brassbandets kontaktdetaljer<\/li>\n<\/ul>\n<\/li>\n\n\n\n<li>Maksimalt 25 p\u00e5meldinger per brassband<\/li>\n\n\n\n<li>Konkurransen vil v\u00e6re \u00e5pen fra 9. mai 2025 \u2013 15. desember 2025<\/li>\n\n\n\n<li>Trekningen vil v\u00e6re 20. desember 2025<\/li>\n\n\n\n<li>Det vinnende brassbandet vil motta:\n<ul class=\"wp-block-list\">\n<li>1 x Cardinal Bb-kornett<\/li>\n\n\n\n<li>1 x Cardinal Bb-flygelhorn<\/li>\n\n\n\n<li>1 x Cardinal Ess-tenorhorn<\/li>\n\n\n\n<li>1 x Cardinal Bb-euphonium<\/li>\n<\/ul>\n<\/li>\n\n\n\n<li>Det vinnende bandet samtykker i \u00e5 v\u00e6re bundet:\n<ul class=\"wp-block-list\">\n<li>Til \u00e5 spille og vedlikeholde kvartetten av Cardinal-instrumenter i sine brassband-opptredener i minimum 2 \u00e5r fra mottak<\/li>\n\n\n\n<li>Til \u00e5 tillate og hjelpe Geneva Instruments med \u00e5 promotere sin brassband-aktivitet gjennom felles pressemeldinger i de 2 \u00e5rene fra mottak<\/li>\n\n\n\n<li>Hvis bandet ikke er i stand til \u00e5 oppfylle avtalen i noen del f\u00f8r eller etter mottak, vil instrumentene bli returnert til Geneva Instruments, og en ny trekning vil tildele dem til et annet brassband som deltok i den opprinnelige konkurransen<\/li>\n\n\n\n<li>Ved fullf\u00f8ring av de 2 \u00e5rene vil instrumentene bli den ubundne eiendommen til det holdende brassbandet.<\/li>\n<\/ul>\n<\/li>\n<\/ol>\n\n<\/div>\n<\/div>","protected":false},"excerpt":{"rendered":"<p>Quartet of Cardinals-konkurransen er n\u00e5 offisielt avsluttet. Feirer et kvart \u00e5rhundre (2000-2025) med #ProgressInPlay Konkurranser som gj\u00f8r det mulig for musikere \u00e5 n\u00e5 sitt sanne potensial Vi er glade for \u00e5 kunne bekrefte at Quartet of Cardinals-konkurransen i 2025 fikk en enorm respons, med bidrag fra messingmusikere fra alle verdenshj\u00f8rner, som hver meldte p\u00e5 sitt &#8230; <a title=\"Quartet of Cardinals-konkurransen \u2013 Oppdatering\" class=\"read-more\" href=\"https:\/\/genevainstruments.com\/no\/vinn-en-kvartett-av-cardinal-instrumenter\/\" aria-label=\"Read more about Quartet of Cardinals-konkurransen \u2013 Oppdatering\">Les mer<\/a><\/p>\n","protected":false},"author":1,"featured_media":12605,"parent":0,"menu_order":0,"comment_status":"closed","ping_status":"closed","template":"","meta":{"_acf_changed":false,"footnotes":""},"class_list":["post-12604","page","type-page","status-publish","has-post-thumbnail"],"acf":[],"_links":{"self":[{"href":"https:\/\/genevainstruments.com\/no\/wp-json\/wp\/v2\/pages\/12604","targetHints":{"allow":["GET"]}}],"collection":[{"href":"https:\/\/genevainstruments.com\/no\/wp-json\/wp\/v2\/pages"}],"about":[{"href":"https:\/\/genevainstruments.com\/no\/wp-json\/wp\/v2\/types\/page"}],"author":[{"embeddable":true,"href":"https:\/\/genevainstruments.com\/no\/wp-json\/wp\/v2\/users\/1"}],"replies":[{"embeddable":true,"href":"https:\/\/genevainstruments.com\/no\/wp-json\/wp\/v2\/comments?post=12604"}],"version-history":[{"count":8,"href":"https:\/\/genevainstruments.com\/no\/wp-json\/wp\/v2\/pages\/12604\/revisions"}],"predecessor-version":[{"id":19411,"href":"https:\/\/genevainstruments.com\/no\/wp-json\/wp\/v2\/pages\/12604\/revisions\/19411"}],"wp:featuredmedia":[{"embeddable":true,"href":"https:\/\/genevainstruments.com\/no\/wp-json\/wp\/v2\/media\/12605"}],"wp:attachment":[{"href":"https:\/\/genevainstruments.com\/no\/wp-json\/wp\/v2\/media?parent=12604"}],"curies":[{"name":"wp","href":"https:\/\/api.w.org\/{rel}","templated":true}]}}