{"id":18956,"date":"2025-12-02T12:33:26","date_gmt":"2025-12-02T12:33:26","guid":{"rendered":"https:\/\/genevainstruments.com\/betalingsplan-vilkar-og-betingelser\/"},"modified":"2025-12-02T16:30:50","modified_gmt":"2025-12-02T16:30:50","slug":"betalingsplan-vilkar-og-betingelser","status":"publish","type":"page","link":"https:\/\/genevainstruments.com\/no\/betalingsplan-vilkar-og-betingelser\/","title":{"rendered":"Betalingsplan \u2013 vilk\u00e5r og betingelser"},"content":{"rendered":"<div class=\"gb-container gb-container-3a14c50b alignfull\">\n<div class=\"gb-container gb-container-edda4908\">\n\n<h2 class=\"gb-headline gb-headline-e96a6bdd gb-headline-text\">Geneva Brasswind Limited<\/h2>\n\n\n\n<h3 class=\"gb-headline gb-headline-1bd4009d gb-headline-text\">Betalingsplan \u2013 vilk\u00e5r og betingelser + refusjonspolicy<\/h3>\n\n\n\n<p class=\"gb-headline gb-headline-a04c6298 gb-headline-text\">Disse vilk\u00e5rene og betingelsene utgj\u00f8r en juridisk bindende avtale mellom deg (kunden) og Geneva Brasswind Limited (\u00abvi\u00bb, \u00aboss\u00bb, \u00abv\u00e5r\u00bb), som regulerer kj\u00f8p av Geneva Instruments-produkter, inkludert betalingsplaner, oppfyllelse, frakt, eierskap og refusjoner.<\/p>\n\n\n\n<h3 class=\"gb-headline gb-headline-226ef339 gb-headline-text\">1. Definisjoner<\/h3>\n\n\n\n<ul class=\"wp-block-list\">\n<li>\u00abInstrument\u00bb: Ethvert messinginstrument eller tilbeh\u00f8r produsert eller levert av Geneva Brasswind Limited.<\/li>\n\n\n\n<li>\u00abBetalingsplan\u00bb: En avdragsbasert betalingsordning avtalt mellom kunden og Geneva Brasswind Limited.<\/li>\n\n\n\n<li>\u00abDepositum\u00bb: En ikke-refunderbar innledende betaling som kreves for \u00e5 reservere et instrument.<\/li>\n\n\n\n<li>\u00abEksepsjonelle omstendigheter\u00bb: Situasjoner utenfor kundens rimelige kontroll som kan rettferdiggj\u00f8re avvik fra standard refusjonspolicy.<\/li>\n\n\n\n<li>\u00abSpesialbestillinger\u00bb: Instrumenter bygget spesifikt etter kundens \u00f8nskede spesifikasjoner.<\/li>\n<\/ul>\n\n\n\n<h3 class=\"gb-headline gb-headline-b6944c66 gb-headline-text\">2. Bestilling og kontraktsinng\u00e5else<\/h3>\n\n\n\n<p class=\"gb-headline gb-headline-d34de576 gb-headline-text\">Ved \u00e5 legge inn en bestilling p\u00e5 nettstedet v\u00e5rt, bekrefter du:<\/p>\n\n\n\n<ul class=\"wp-block-list\">\n<li>Du er minst 18 \u00e5r gammel eller har juridisk rett til \u00e5 inng\u00e5 kontrakt.<\/li>\n\n\n\n<li>Du godtar disse vilk\u00e5rene og betingelsene.<\/li>\n\n\n\n<li>Du inng\u00e5r en kontrakt med Geneva Brasswind Limited.<br\/>En kontrakt er inng\u00e5tt n\u00e5r vi sender en e-post med ordrebekreftelse.<\/li>\n<\/ul>\n\n\n\n<h3 class=\"gb-headline gb-headline-771fedb9 gb-headline-text\">3. Betalingsplaner<\/h3>\n\n\n\n<p class=\"gb-headline gb-headline-549aa366 gb-headline-text\">Vi tilbyr flere betalingsplaner for \u00e5 tillate kunder \u00e5 fullf\u00f8re betalingen i avdrag.<\/p>\n\n\n\n<h4 class=\"gb-headline gb-headline-7ed39cad gb-headline-text\">3.1 Depositumskrav<\/h4>\n\n\n\n<p class=\"gb-headline gb-headline-f8fe80eb gb-headline-text\">Et ikke-refunderbart depositum kreves for \u00e5 reservere ethvert instrument. Dette depositumet: <\/p>\n\n\n\n<ul class=\"wp-block-list\">\n<li>Sikrer din tildeling i v\u00e5r produksjons- eller tildelingsk\u00f8.<\/li>\n\n\n\n<li>Kan ikke overf\u00f8res og refunderes under noen omstendigheter.<\/li>\n<\/ul>\n\n\n\n<h4 class=\"gb-headline gb-headline-9acc4270 gb-headline-text\">3.2 Avdragsbetalinger<\/h4>\n\n\n\n<ul class=\"wp-block-list\">\n<li>Kunder vil motta m\u00e5nedlige betalingslenker via e-post.<\/li>\n\n\n\n<li>Avdragsbel\u00f8p og varighet varierer basert p\u00e5 planen som er valgt ved utsjekking.<\/li>\n\n\n\n<li>Kunder kan betale gjenv\u00e6rende saldo i sin helhet n\u00e5r som helst uten straff.<\/li>\n\n\n\n<li>Spesialbestillinger kan ikke forlenges utover den opprinnelige avtalte betalingsplanen.<\/li>\n<\/ul>\n\n\n\n<h3 class=\"gb-headline gb-headline-9889858e gb-headline-text\">4. Refusjonspolicy<\/h3>\n\n\n\n<p class=\"gb-headline gb-headline-1ec230cf gb-headline-text\">V\u00e5r refusjonspolicy er utformet for \u00e5 gi klarhet samtidig som den anerkjenner ekte vanskeligheter.<\/p>\n\n\n\n<h4 class=\"gb-headline gb-headline-3b5bd44e gb-headline-text\">4.1 Ikke-refunderbare betalinger<\/h4>\n\n\n\n<p class=\"gb-headline gb-headline-e2fc61c0 gb-headline-text\">F\u00f8lgende betalinger er strengt ikke-refunderbare:<\/p>\n\n\n\n<ul class=\"wp-block-list\">\n<li>Depositumet.<\/li>\n\n\n\n<li>Den f\u00f8rste m\u00e5nedlige avdraget.<br\/><\/li>\n<\/ul>\n\n\n\n<h4 class=\"gb-headline gb-headline-b79f7aae gb-headline-text\">4.2 Refusjoner under eksepsjonelle omstendigheter<\/h4>\n\n\n\n<p class=\"gb-headline gb-headline-8a646f2f gb-headline-text\">Refusjoner p\u00e5 p\u00e5f\u00f8lgende avdrag kan innvilges <strong>kun under eksepsjonelle omstendigheter<\/strong>, vurdert fra sak til sak.<\/p>\n\n\n\n<p class=\"gb-headline gb-headline-acd969c8 gb-headline-text\">Eksempler inkluderer:<\/p>\n\n\n\n<ul class=\"wp-block-list\">\n<li>Alvorlige medisinske n\u00f8dsituasjoner.<\/li>\n\n\n\n<li>Store uventede \u00f8konomiske vanskeligheter.<\/li>\n\n\n\n<li>Betydelige personlige livshendelser som p\u00e5virker din evne til \u00e5 fortsette betalinger.<\/li>\n<\/ul>\n\n\n\n<h5 class=\"gb-headline gb-headline-4d943c6f gb-headline-text\">St\u00f8ttedokumentasjon<\/h5>\n\n\n\n<p class=\"gb-headline gb-headline-c6d520bd gb-headline-text\">Geneva Brasswind Limited kan be om rimelig dokumentasjon f\u00f8r de vurderer en refusjonsforesp\u00f8rsel.<\/p>\n\n\n\n<h5 class=\"gb-headline gb-headline-37198c8c gb-headline-text\">Behandling<\/h5>\n\n\n\n<p class=\"gb-headline gb-headline-44ca25d8 gb-headline-text\">Godkjente refusjoner utstedes innen 7\u201310 virkedager.<\/p>\n\n\n\n<h4 class=\"gb-headline gb-headline-90729213 gb-headline-text\">4.3 Endringer i betalingsplan<\/h4>\n\n\n\n<p class=\"gb-headline gb-headline-631a81e5 gb-headline-text\">Kunder (unntatt spesialbestillinger) kan be om:<\/p>\n\n\n\n<ul class=\"wp-block-list\">\n<li>En forlengelse av eksisterende betalingsplan.<\/li>\n\n\n\n<li>Mindre justeringer av betalingsforfallsdatoer.<\/li>\n<\/ul>\n\n\n\n<p class=\"gb-headline gb-headline-37994895 gb-headline-text\">Foresp\u00f8rsler m\u00e5 sendes skriftlig til <a href=\"mailto:info@genevainstruments.com\">info@genevainstruments.com<\/a> etter at depositumet og f\u00f8rste avdrag er betalt.<\/p>\n\n\n\n<h3 class=\"gb-headline gb-headline-d2f10806 gb-headline-text\">5. Oppfyllelse og frakt<\/h3>\n\n\n\n<ul class=\"wp-block-list\">\n<li>Instrumenter klargj\u00f8res, kvalitetskontrolleres og sendes f\u00f8rst etter at full betaling er mottatt.<\/li>\n\n\n\n<li>Produksjonstiden vil v\u00e6re i tr\u00e5d med din betalingsplan.<\/li>\n\n\n\n<li>Fraktkostnader, importavgifter og skatter (der det er aktuelt) er kundens ansvar med mindre annet er oppgitt.<\/li>\n<\/ul>\n\n\n\n<h3 class=\"gb-headline gb-headline-8e8f5383 gb-headline-text\">6. Eierskap og risiko<\/h3>\n\n\n\n<ul class=\"wp-block-list\">\n<li>Eierskapet overf\u00f8res til kunden <strong>f\u00f8rst ved full betaling<\/strong>.<\/li>\n\n\n\n<li>Frem til full betaling er instrumentet juridisk sett Geneva Brasswind Limiteds eiendom.<\/li>\n\n\n\n<li>Risikoen for varene overf\u00f8res til kunden ved forsendelse.<\/li>\n<\/ul>\n\n\n\n<h3 class=\"gb-headline gb-headline-e41e1290 gb-headline-text\">7. Kundens ansvar<\/h3>\n\n\n\n<p class=\"gb-headline gb-headline-fb382651 gb-headline-text\">Kunden samtykker til \u00e5:<\/p>\n\n\n\n<ul class=\"wp-block-list\">\n<li>Oppgi n\u00f8yaktig kontakt- og leveringsinformasjon.<\/li>\n\n\n\n<li>Opprettholde gyldig betalingsinformasjon gjennom hele betalingsplanen.<\/li>\n\n\n\n<li>Varsle Geneva Brasswind Limited umiddelbart om eventuelle problemer som p\u00e5virker betalingen.<\/li>\n<\/ul>\n\n\n\n<h3 class=\"gb-headline gb-headline-32a69c9d gb-headline-text\">8. Policy for uavhengig tvistel\u00f8sning<\/h3>\n\n\n\n<p class=\"gb-headline gb-headline-46c2a8d2 gb-headline-text\">Vi tar sikte p\u00e5 \u00e5 l\u00f8se alle problemer i minnelighet.<\/p>\n\n\n\n<h4 class=\"gb-headline gb-headline-54862e8d gb-headline-text\">8.1 Intern l\u00f8sning<\/h4>\n\n\n\n<p class=\"gb-headline gb-headline-dedad102 gb-headline-text\">Kunder b\u00f8r f\u00f8rst sende inn tvister skriftlig til: <a href=\"mailto:info@genevainstruments.com\">info@genevainstruments.com<\/a><\/p>\n\n\n\n<p class=\"gb-headline gb-headline-e761417d gb-headline-text\">Vi vil:<\/p>\n\n\n\n<ul class=\"wp-block-list\">\n<li>Bekrefte mottak innen 5 virkedager.<\/li>\n\n\n\n<li>Sikte p\u00e5 \u00e5 foresl\u00e5 en l\u00f8sning innen 14 virkedager.<\/li>\n<\/ul>\n\n\n\n<h4 class=\"gb-headline gb-headline-f88752e7 gb-headline-text\">8.2 Uavhengig gjennomgang<\/h4>\n\n\n\n<p class=\"gb-headline gb-headline-a2ab7151 gb-headline-text\">Hvis intern l\u00f8sning ikke lykkes, kan begge parter be om en n\u00f8ytral tredjeparts mekler.<\/p>\n\n\n\n<ul class=\"wp-block-list\">\n<li>Meklingsgebyrer vil bli delt likt med mindre annet kreves av loven.<\/li>\n\n\n\n<li>Mekling er ikke-bindende.<\/li>\n<\/ul>\n\n\n\n<p class=\"gb-headline gb-headline-ef261651 gb-headline-text\">Kunder beholder alle rettigheter til \u00e5 forf\u00f8lge rettslige skritt etter mekling.<\/p>\n\n\n\n<h3 class=\"gb-headline gb-headline-fad70c9e gb-headline-text\">9. Force Majeure<\/h3>\n\n\n\n<p class=\"gb-headline gb-headline-2ffffb93 gb-headline-text\">Geneva Brasswind Limited er ikke ansvarlig for forsinkelser eller manglende evne til \u00e5 oppfylle forpliktelser for\u00e5rsaket av hendelser utenfor rimelig kontroll, inkludert, men ikke begrenset til:<\/p>\n\n\n\n<ul class=\"wp-block-list\">\n<li>Naturkatastrofer<\/li>\n\n\n\n<li>Forstyrrelser i forsyningskjeden<\/li>\n\n\n\n<li>Sykdom eller skade<\/li>\n\n\n\n<li>Streiker eller transportforsinkelser<\/li>\n\n\n\n<li>Regjeringshandlinger eller n\u00f8dsituasjoner<\/li>\n<\/ul>\n\n\n\n<h3 class=\"gb-headline gb-headline-27e28b6f gb-headline-text\">10. Ansvarsbegrensning<\/h3>\n\n\n\n<p class=\"gb-headline gb-headline-96ad9d4f gb-headline-text\">I den grad det er tillatt ved lov:<\/p>\n\n\n\n<ul class=\"wp-block-list\">\n<li>Geneva Brasswind Limiteds ansvar skal ikke overstige den betalte kj\u00f8pesummen.<\/li>\n\n\n\n<li>Vi er ikke ansvarlige for indirekte tap eller f\u00f8lgeskader, inkludert tap av inntekt eller prestasjonsmuligheter.<\/li>\n<\/ul>\n\n\n\n<h3 class=\"gb-headline gb-headline-9bde9bd3 gb-headline-text\">11. Gjeldende lov<\/h3>\n\n\n\n<p class=\"gb-headline gb-headline-5bca1be7 gb-headline-text\">Disse vilk\u00e5rene og betingelsene er underlagt lovene i Storbritannia.<\/p>\n\n\n\n<p class=\"gb-headline gb-headline-30bc8084 gb-headline-text\">Eventuelle tvister skal v\u00e6re underlagt den eksklusive jurisdiksjonen til britiske domstoler, etter valgfri mekling.<\/p>\n\n\n\n<h3 class=\"gb-headline gb-headline-936a7e54 gb-headline-text\">12. Aksept av avtalen<\/h3>\n\n\n\n<p class=\"gb-headline gb-headline-5a781287 gb-headline-text\">Ved \u00e5 legge inn en bestilling og\/eller velge en betalingsplan, bekrefter kunden aksept av disse vilk\u00e5rene og betingelsene, og danner en bindende avtale med Geneva Brasswind Limited.<\/p>\n\n<\/div>\n<\/div>","protected":false},"excerpt":{"rendered":"<p>Geneva Brasswind Limited Betalingsplan \u2013 vilk\u00e5r og betingelser + refusjonspolicy Disse vilk\u00e5rene og betingelsene utgj\u00f8r en juridisk bindende avtale mellom deg (kunden) og Geneva Brasswind Limited (\u00abvi\u00bb, \u00aboss\u00bb, \u00abv\u00e5r\u00bb), som regulerer kj\u00f8p av Geneva Instruments-produkter, inkludert betalingsplaner, oppfyllelse, frakt, eierskap og refusjoner. 1. Definisjoner 2. Bestilling og kontraktsinng\u00e5else Ved \u00e5 legge inn en bestilling p\u00e5 &#8230; <a title=\"Betalingsplan \u2013 vilk\u00e5r og betingelser\" class=\"read-more\" href=\"https:\/\/genevainstruments.com\/no\/betalingsplan-vilkar-og-betingelser\/\" aria-label=\"Read more about Betalingsplan \u2013 vilk\u00e5r og betingelser\">Les mer<\/a><\/p>\n","protected":false},"author":1,"featured_media":0,"parent":0,"menu_order":21,"comment_status":"closed","ping_status":"closed","template":"","meta":{"_acf_changed":false,"footnotes":""},"class_list":["post-18956","page","type-page","status-publish"],"acf":[],"_links":{"self":[{"href":"https:\/\/genevainstruments.com\/no\/wp-json\/wp\/v2\/pages\/18956","targetHints":{"allow":["GET"]}}],"collection":[{"href":"https:\/\/genevainstruments.com\/no\/wp-json\/wp\/v2\/pages"}],"about":[{"href":"https:\/\/genevainstruments.com\/no\/wp-json\/wp\/v2\/types\/page"}],"author":[{"embeddable":true,"href":"https:\/\/genevainstruments.com\/no\/wp-json\/wp\/v2\/users\/1"}],"replies":[{"embeddable":true,"href":"https:\/\/genevainstruments.com\/no\/wp-json\/wp\/v2\/comments?post=18956"}],"version-history":[{"count":1,"href":"https:\/\/genevainstruments.com\/no\/wp-json\/wp\/v2\/pages\/18956\/revisions"}],"predecessor-version":[{"id":18957,"href":"https:\/\/genevainstruments.com\/no\/wp-json\/wp\/v2\/pages\/18956\/revisions\/18957"}],"wp:attachment":[{"href":"https:\/\/genevainstruments.com\/no\/wp-json\/wp\/v2\/media?parent=18956"}],"curies":[{"name":"wp","href":"https:\/\/api.w.org\/{rel}","templated":true}]}}