{"id":19013,"date":"2021-02-16T16:44:56","date_gmt":"2021-02-16T16:44:56","guid":{"rendered":"https:\/\/genevainstruments.com\/personvernpolicy\/"},"modified":"2025-12-02T16:37:23","modified_gmt":"2025-12-02T16:37:23","slug":"personvernpolicy","status":"publish","type":"page","link":"https:\/\/genevainstruments.com\/no\/personvernpolicy\/","title":{"rendered":"Personvernpolicy"},"content":{"rendered":"<div class=\"gb-container gb-container-3a14c50b alignfull\">\n<div class=\"gb-container gb-container-edda4908\">\n\n<h2 class=\"gb-headline gb-headline-ed203461 gb-headline-text\">Personvernerkl\u00e6ring for nettsted og selskap<\/h2>\n\n\n\n<p class=\"gb-headline gb-headline-66f80ce9 gb-headline-text\">Dette er personvernerkl\u00e6ringen til Geneva Instruments.<\/p>\n\n\n\n<p class=\"gb-headline gb-headline-bf623d36 gb-headline-text\">I dette dokumentet refererer &laquo;vi&raquo; til Geneva Instruments (som inkluderer Geneva Brasswind Ltd og Geneva Instruments Ltd).<\/p>\n\n\n\n<p class=\"gb-headline gb-headline-341aa9aa gb-headline-text\">V\u00e5rt registrerte kontor er p\u00e5 Biz Hub Tees Valley, Belasis Hall Business Centre, Coxwold Way, TS23 4EA.<\/p>\n\n\n\n<h3 class=\"gb-headline gb-headline-b89c877c gb-headline-text\">Innledning<\/h3>\n\n\n\n<p>Dette er en erkl\u00e6ring for \u00e5 informere deg om v\u00e5r policy ang\u00e5ende all informasjon vi registrerer om deg. Den beskriver vilk\u00e5rene vi kan behandle informasjon vi samler inn fra deg, eller som du gir til oss. Den dekker informasjon som kan identifisere deg (&laquo;personlig informasjon&raquo;) og informasjon om deg dersom du kj\u00f8per instrumenter eller tilbeh\u00f8r fra oss.  <\/p>\n\n\n\n<p>Vi beklager at hvis det er ett eller flere punkter nedenfor som du ikke er forn\u00f8yd med, kan du kontakte Geneva Instruments via kontakt oss-siden p\u00e5 nettstedet.<\/p>\n\n\n\n<p>Vi tar beskyttelsen av ditt personvern og konfidensialitet p\u00e5 alvor. Vi forst\u00e5r at alle bes\u00f8kende p\u00e5 v\u00e5rt nettsted har rett til \u00e5 vite at deres personlige data ikke vil bli brukt til andre form\u00e5l enn \u00e5 levere instrumenter og ikke vil bli delt med tredjeparter. <\/p>\n\n\n\n<p>Vi forplikter oss til \u00e5 bevare konfidensialiteten til all informasjon du gir til The Geneva Group.<\/p>\n\n\n\n<p>V\u00e5r policy er i samsvar med britisk lov som er implementert tilsvarende.<\/p>\n\n\n\n<p>Loven krever at vi forteller deg om dine rettigheter og v\u00e5re forpliktelser overfor deg n\u00e5r det gjelder behandling og kontroll av dine personlige data. Vi gj\u00f8r dette n\u00e5 ved \u00e5 be deg lese informasjonen som er gitt p\u00e5 <a href=\"https:\/\/www.knowyourprivacyrights.org\/\" rel=\"noopener\">www.knowyourprivacyrights.org<\/a> <\/p>\n\n\n\n<p>Bortsett fra det som er beskrevet nedenfor, deler, selger eller avsl\u00f8rer vi ikke til tredjeparter.<\/p>\n\n\n\n<p>Grunnlaget vi behandler informasjon om deg p\u00e5<\/p>\n\n\n\n<p>Loven krever at vi bestemmer under hvilket av seks definerte grunnlag vi behandler ulike kategorier av din personlige informasjon for Geneva Instruments.<\/p>\n\n\n\n<p>Hvis et grunnlag vi behandler din personlige informasjon p\u00e5 ikke lenger er relevant.<\/p>\n\n\n\n<p>Hvis grunnlaget endres, skal vi, hvis loven krever det, varsle deg om endringen og om ethvert nytt grunnlag.<\/p>\n\n\n\n<p>Informasjon vi behandler fordi vi har en kontraktsmessig forpliktelse med deg<\/p>\n\n\n\n<p>N\u00e5r du kj\u00f8per et produkt eller en tjeneste fra oss, eller p\u00e5 annen m\u00e5te godtar v\u00e5re vilk\u00e5r og betingelser for Geneva Group.<\/p>\n\n\n\n<p>For \u00e5 oppfylle v\u00e5re forpliktelser under den kontrakten m\u00e5 vi behandle informasjonen du gir oss.<\/p>\n\n\n\n<p>Vi kan bruke den for \u00e5:<\/p>\n\n\n\n<ol class=\"wp-block-list\">\n<li>verifisere din identitet av sikkerhetshensyn<\/li>\n\n\n\n<li>selge produkter til deg<\/li>\n\n\n\n<li>gi deg v\u00e5re tjenester<\/li>\n\n\n\n<li>gi deg forslag og r\u00e5d om produkter og tjenester.<\/li>\n<\/ol>\n\n\n\n<p>Vi behandler denne informasjonen p\u00e5 grunnlag av at det er en kontrakt mellom oss, eller at du har bedt om varer eller informasjon.<\/p>\n\n\n\n<p>I tillegg kan vi samle denne informasjonen p\u00e5 en generell m\u00e5te og bruke den til \u00e5 gi klasseinformasjon, for eksempel for \u00e5 overv\u00e5ke v\u00e5r ytelse med hensyn til tjenesten vi leverer.<\/p>\n\n\n\n<p>Vi vil fortsette \u00e5 behandle denne informasjonen til kontrakten mellom oss avsluttes eller sies opp.<\/p>\n\n\n\n<h3 class=\"gb-headline gb-headline-a3427af8 gb-headline-text\">Informasjon vi behandler med ditt samtykke<\/h3>\n\n\n\n<p>Gjennom visse handlinger n\u00e5r det ellers ikke er noe kontraktsforhold mellom oss, som n\u00e5r du surfer p\u00e5 v\u00e5rt nettsted eller ber oss gi deg mer informasjon om v\u00e5r virksomhet, inkludert instrumenter, instrumentservice og tilbeh\u00f8r.<\/p>\n\n\n\n<p>Hvor det er mulig, sikter vi mot \u00e5 f\u00e5 ditt eksplisitte samtykke til \u00e5 behandle denne informasjonen.<\/p>\n\n\n\n<p>Noen ganger kan du gi ditt samtykke implisitt, som n\u00e5r du sender oss en melding via e-post gjennom nettstedet.<\/p>\n\n\n\n<p>Bortsett fra der du har samtykket til v\u00e5r bruk av din informasjon for et spesifikt form\u00e5l, bruker vi ikke din informasjon p\u00e5 noen m\u00e5te som ville identifisere deg personlig. Vi kan samle den p\u00e5 en generell m\u00e5te for \u00e5 fortsette \u00e5 gi deg best mulig service. <\/p>\n\n\n\n<p>Vi fortsetter \u00e5 behandle din informasjon p\u00e5 dette grunnlaget til du trekker tilbake ditt samtykke, eller den kan brukes til \u00e5 gj\u00f8re deg oppmerksom p\u00e5 spesialtilbud eller rabatter eller nye produkter.<\/p>\n\n\n\n<p>Du kan trekke tilbake ditt samtykke n\u00e5r som helst ved \u00e5 instruere oss p\u00e5 <a href=\"https:\/\/genevainstruments.com\/no\/\">GenevaInstruments.com<\/a>.<\/p>\n\n\n\n<h3 class=\"gb-headline gb-headline-7ba1939a gb-headline-text\">Informasjon vi behandler for form\u00e5l med berettigede interesser<\/h3>\n\n\n\n<p>Vi kan behandle informasjon p\u00e5 grunnlag av at det er en berettiget interesse, enten til produkter eller informasjon.<\/p>\n\n\n\n<p>Der vi behandler din informasjon p\u00e5 dette grunnlaget, gj\u00f8r vi det i din interesse for \u00e5 informere deg om arrangementer eller nye produkter:<\/p>\n\n\n\n<p>For eksempel kan vi behandle dine data for \u00e5 informere deg om et messingverksted i ditt omr\u00e5de, journalf\u00f8ring for riktig og n\u00f8dvendig administrasjon av instrumenter og tilbeh\u00f8r, svare p\u00e5 uoppfordret kommunikasjon fra deg som vi mottar ang\u00e5ende produkter eller varer, beskytte og hevde juridiske rettigheter til enhver part.<\/p>\n\n\n\n<p>forsikre mot eller innhente profesjonell r\u00e5dgivning som kreves for \u00e5 hjelpe eller bist\u00e5 i din henvendelse<\/p>\n\n\n\n<p>beskytte dine interesser der vi mener vi har en forpliktelse til \u00e5 gj\u00f8re det<\/p>\n\n\n\n<h3 class=\"gb-headline gb-headline-b8c1c4b9 gb-headline-text\">Informasjon vi behandler fordi vi har en juridisk forpliktelse<\/h3>\n\n\n\n<p>Vi er underlagt loven som alle andre. Noen ganger m\u00e5 vi behandle din adresse eller e-postinformasjon. <\/p>\n\n\n\n<p>For eksempel kan vi bli p\u00e5lagt \u00e5 gi informasjon til juridiske myndigheter hvis de ber om det eller hvis de har en interesse i en person. Dette kan inkludere din personlige informasjon. <\/p>\n\n\n\n<h3 class=\"gb-headline gb-headline-2932f599 gb-headline-text\">Spesifikk bruk av informasjon du gir til oss<\/h3>\n\n\n\n<p>Informasjon gitt med forst\u00e5else av at den vil bli delt med en tredjepart.<\/p>\n\n\n\n<p>V\u00e5rt nettsted tillater deg ikke \u00e5 legge ut informasjon.<\/p>\n\n\n\n<p>Klager ang\u00e5ende innhold p\u00e5 v\u00e5rt nettsted.<\/p>\n\n\n\n<p>V\u00e5rt nettsted er et publiseringsmedium, men innhold kan ikke publiseres av tredjeparter.<\/p>\n\n\n\n<p>Hvis du klager p\u00e5 innhold funnet p\u00e5 <a href=\"https:\/\/genevainstruments.com\/no\/\">GenevaInstruments.com<\/a>, vil vi unders\u00f8ke og hvis vi f\u00f8ler det er berettiget, vil vi fjerne slikt innhold.<\/p>\n\n\n\n<p>Ytringsfrihet er en grunnleggende rettighet, s\u00e5 vi m\u00e5 vurdere hver foresp\u00f8rsel som vi ser passende.<\/p>\n\n\n\n<p>Hvis vi mener din klage er berettiget, vil tiltak bli tatt for \u00e5 fjerne innhold.<\/p>\n\n\n\n<p>Informasjon relatert til din betalingsmetode<\/p>\n\n\n\n<p>Betalingsinformasjon lagres aldri av oss, p\u00e5 betalingstidspunktet for et instrument vil du velge ditt betalingsalternativ.<\/p>\n\n\n\n<h3 class=\"gb-headline gb-headline-dc70bf8e gb-headline-text\">Sende en melding<\/h3>\n\n\n\n<p>N\u00e5r du kontakter oss, enten via telefon eller gjennom v\u00e5rt nettsted, registrerer vi din foresp\u00f8rsel og beholder ikke personlige data fra slike foresp\u00f8rsler.<\/p>\n\n\n\n<h3 class=\"gb-headline gb-headline-e533b1a2 gb-headline-text\">Klage<\/h3>\n\n\n\n<p>N\u00e5r vi mottar en klage via e-post eller telefon, bruker vi den informasjonen til \u00e5 l\u00f8se din klage.<\/p>\n\n\n\n<p>Hvis din klage rimeligvis krever at vi kontakter en annen person, kan vi bestemme oss for \u00e5 gi informasjon til den andre personen.<\/p>\n\n\n\n<p>Vi kan ogs\u00e5 sammenstille statistikk som viser informasjon innhentet fra denne klagen.<\/p>\n\n\n\n<p>Bruk av informasjon vi samler inn gjennom automatiserte systemer n\u00e5r du bes\u00f8ker v\u00e5rt nettsted<\/p>\n\n\n\n<h3 class=\"gb-headline gb-headline-5da56707 gb-headline-text\">Informasjonskapsler<\/h3>\n\n\n\n<p>Informasjonskapsler er sm\u00e5 tekstfiler som plasseres p\u00e5 datamaskinens harddisk av nettleseren din n\u00e5r du bes\u00f8ker et nettsted.<\/p>\n\n\n\n<p>Vi bruker informasjonskapsler p\u00e5 f\u00f8lgende m\u00e5ter:<\/p>\n\n\n\n<ol class=\"wp-block-list\">\n<li>for \u00e5 spore hvordan du bruker v\u00e5rt nettsted<\/li>\n\n\n\n<li>for \u00e5 registrere om du regelmessig bes\u00f8ker v\u00e5rt nettsted<\/li>\n\n\n\n<li>for \u00e5 holde deg innlogget p\u00e5 v\u00e5rt nettsted<\/li>\n<\/ol>\n\n\n\n<h3 class=\"gb-headline gb-headline-f2fdafcf gb-headline-text\">Utlevering og deling av din informasjon<\/h3>\n\n\n\n<p>Informasjon vi innhenter fra tredjeparter<\/p>\n\n\n\n<p>Ingen slik informasjon er personlig identifiserbar for deg.<\/p>\n\n\n\n<p>Data kan behandles utenfor Den europeiske union.<\/p>\n\n\n\n<p>V\u00e5re nettsteder er hostet i Storbritannia.<\/p>\n\n\n\n<p>Tilgang til din egen informasjon.<\/p>\n\n\n\n<p>Du kan slette informasjonen vi har om deg n\u00e5r som helst ved \u00e5 kontakte oss.<\/p>\n\n\n\n<h3 class=\"gb-headline gb-headline-d8bf2857 gb-headline-text\">Andre forhold<\/h3>\n\n\n\n<p>Hvordan du kan klage<\/p>\n\n\n\n<p>Kontakt <a href=\"https:\/\/genevainstruments.com\/no\/\">GenevaInstruments.com<\/a> og klikk p\u00e5 kontakt oss-fanen.<\/p>\n\n\n\n<p>Hvis du p\u00e5 noen m\u00e5te er misforn\u00f8yd med hvordan vi behandler din personlige informasjon, har du rett til \u00e5 sende inn en klage til Datatilsynet.<\/p>\n\n<\/div>\n<\/div>","protected":false},"excerpt":{"rendered":"<p>Personvernerkl\u00e6ring for nettsted og selskap Dette er personvernerkl\u00e6ringen til Geneva Instruments. I dette dokumentet refererer &laquo;vi&raquo; til Geneva Instruments (som inkluderer Geneva Brasswind Ltd og Geneva Instruments Ltd). V\u00e5rt registrerte kontor er p\u00e5 Biz Hub Tees Valley, Belasis Hall Business Centre, Coxwold Way, TS23 4EA. Innledning Dette er en erkl\u00e6ring for \u00e5 informere deg om &#8230; <a title=\"Personvernpolicy\" class=\"read-more\" href=\"https:\/\/genevainstruments.com\/no\/personvernpolicy\/\" aria-label=\"Read more about Personvernpolicy\">Les mer<\/a><\/p>\n","protected":false},"author":1,"featured_media":0,"parent":0,"menu_order":20,"comment_status":"closed","ping_status":"closed","template":"","meta":{"_acf_changed":false,"footnotes":""},"class_list":["post-19013","page","type-page","status-publish"],"acf":[],"_links":{"self":[{"href":"https:\/\/genevainstruments.com\/no\/wp-json\/wp\/v2\/pages\/19013","targetHints":{"allow":["GET"]}}],"collection":[{"href":"https:\/\/genevainstruments.com\/no\/wp-json\/wp\/v2\/pages"}],"about":[{"href":"https:\/\/genevainstruments.com\/no\/wp-json\/wp\/v2\/types\/page"}],"author":[{"embeddable":true,"href":"https:\/\/genevainstruments.com\/no\/wp-json\/wp\/v2\/users\/1"}],"replies":[{"embeddable":true,"href":"https:\/\/genevainstruments.com\/no\/wp-json\/wp\/v2\/comments?post=19013"}],"version-history":[{"count":1,"href":"https:\/\/genevainstruments.com\/no\/wp-json\/wp\/v2\/pages\/19013\/revisions"}],"predecessor-version":[{"id":19014,"href":"https:\/\/genevainstruments.com\/no\/wp-json\/wp\/v2\/pages\/19013\/revisions\/19014"}],"wp:attachment":[{"href":"https:\/\/genevainstruments.com\/no\/wp-json\/wp\/v2\/media?parent=19013"}],"curies":[{"name":"wp","href":"https:\/\/api.w.org\/{rel}","templated":true}]}}