{"id":19016,"date":"2021-01-15T11:41:21","date_gmt":"2021-01-15T11:41:21","guid":{"rendered":"https:\/\/genevainstruments.com\/vilkar-og-betingelser\/"},"modified":"2025-12-02T16:37:41","modified_gmt":"2025-12-02T16:37:41","slug":"vilkar-og-betingelser","status":"publish","type":"page","link":"https:\/\/genevainstruments.com\/no\/vilkar-og-betingelser\/","title":{"rendered":"Vilk\u00e5r og betingelser"},"content":{"rendered":"<div class=\"gb-container gb-container-3a14c50b alignfull\">\n<div class=\"gb-container gb-container-edda4908\">\n\n<p class=\"gb-headline gb-headline-2dc42e1d gb-headline-text\">Geneva Brasswind Ltd,<br>Geneva House,<br>Belasis Business Hub,<br>Coxwold Way,<br>Billingham<br>TS23 4EA<br>Storbritannia<br>Tlf.: +44 01642 714464<\/p>\n\n\n\n<p class=\"gb-headline gb-headline-16a2f222 gb-headline-text\">Aksjeselskap<br>Foretaksregister nr. 09961254<\/p>\n\n\n\n<p class=\"gb-headline gb-headline-8149964d gb-headline-text\">Tilgang til nettstedet, samt bruk av dets innhold, er underlagt f\u00f8lgende betingelser. Disse bruksvilk\u00e5rene kan endres n\u00e5r som helst. Disse endringene skal anses som akseptert av internettbrukere s\u00e5 snart de er lagt ut p\u00e5 nettet.  <\/p>\n\n\n\n<ol class=\"wp-block-list\">\n<li>\u00c5NDSVERK<\/li>\n\n\n\n<li>ANSVAR<\/li>\n\n\n\n<li>TEKNISK FUNKSJON AV NETTSTEDET<\/li>\n\n\n\n<li>JURISDIKSJONSAVTALE<\/li>\n\n\n\n<li>DU KAN KONTAKTE OSS P\u00c5 F\u00d8LGENDE ADRESSE<\/li>\n\n\n\n<li>NETTSTEDS DESIGN OG PRODUKSJON<\/li>\n<\/ol>\n\n\n\n<ol class=\"wp-block-list\">\n<li>\u00c5NDSVERK<br\/>Alle elementene p\u00e5 nettstedet (programvare, tekst, animerte eller statiske bilder, lyder, know-how og mer generelt alle typer data) er beskyttet av den (franske) loven om \u00e5ndsverk. Enhver total eller delvis representasjon og\/eller reproduksjon av nettstedet ved en prosedyre av noe slag, uten uttrykkelig tillatelse fra Geneva Brasswind, er forbudt og vil utgj\u00f8re et ulovlig brudd i henhold til loven i England og Wales. Varemerker og logoer som vises p\u00e5 nettstedet tilh\u00f8rer Geneva Brasswind. Enhver total eller delvis bruk eller reproduksjon av disse varemerkene og\/eller logoene er forbudt uten forutg\u00e5ende og uttrykkelig tillatelse fra Geneva Brasswind.   <br\/><\/li>\n\n\n\n<li>NETTSTEDETS INNHOLD \u2013 ANSVAR<br\/>Informasjonen p\u00e5 nettstedet er kun ment for informasjonsform\u00e5l. Geneva Brasswind bestreber seg p\u00e5 \u00e5 holde nettstedet oppdatert, men kan ikke garantere at informasjonen som publiseres p\u00e5 nettstedet er korrekt, fullstendig og oppdatert, og kan heller ikke garantere at nevnte informasjon er egnet for brukerens \u00f8nskede bruk. F\u00f8lgelig erkjenner brukeren at de alene er ansvarlige for bruken av denne informasjonen.<br\/>Brukeren skal overholde bestemmelsene i den (engelske) loven om databeskyttelse, hvis brudd medf\u00f8rer strafferettslige sanksjoner.<br\/>Spesielt med hensyn til personopplysninger de har tilgang til, m\u00e5 de avst\u00e5 fra enhver form for innsamling, misbruk og, generelt, enhver handling som sannsynligvis vil krenke folks privatliv eller sette deres omd\u00f8mme i fare.  <br\/><\/li>\n\n\n\n<li>TEKNISK FUNKSJON AV NETTSTEDET<br\/>Nettstedet er vanligvis tilgjengelig 24 timer i d\u00f8gnet, 7 dager i uken. I tilfeller av force majeure, problemer med informasjonssystemer, strukturelle problemer med telekommunikasjonsnettverk, tekniske vanskeligheter eller vedlikeholdsgrunner \u2013 denne listen er ikke utt\u00f8mmende \u2013 kan tilgang til hele eller deler av nettstedet suspenderes eller fjernes etter enkel beslutning fra Geneva Brasswind. Av vedlikeholdsgrunner og\/eller for enhver annen beslutning tatt av Geneva Brasswind, kan tilgangen til nettstedet bli avbrutt. Nettstedet kan endres og utvikles uten varsel av noe slag. I alle tilfeller skal Geneva Brasswind p\u00e5 ingen m\u00e5te holdes ansvarlig for direkte, indirekte eller spesielle skader som f\u00f8lge av bruk av nettstedet eller andre nettsteder relatert til dem, og spesielt for ethvert \u00f8konomisk eller kommersielt tap, eller tap av programmer eller data fra brukerens informasjonssystem.    <br\/><\/li>\n\n\n\n<li>JURISDIKSJONSAVTALE<br\/>Innholdet p\u00e5 nettstedet er underlagt engelsk lov. Dette gjelder b\u00e5de materielle og prosessuelle regler, og innholdet skal kun bed\u00f8mmes av de kompetente engelske jurisdiksjonene. Lovkonfliktregler er ekskludert til fordel for fullstendig og uforbeholden anvendelse av engelsk lov.  <br\/><\/li>\n\n\n\n<li>DU KAN KONTAKTE OSS P\u00c5 F\u00d8LGENDE ADRESSE<br\/>Hvis du har sp\u00f8rsm\u00e5l eller klager, kan du kontakte oss p\u00e5 f\u00f8lgende adresse:<br\/>Geneva Brasswind Ltd,<br\/>Geneva House,<br\/>Belasis Business Hub,<br\/>Coxwold Way,<br\/>Billingham<br\/>TS23 4EA<br\/>Storbritannia<br\/>Tlf.: +44 01642 714464<br\/>For en kopi av salgs- og garantivilk\u00e5rene, vennligst send en e-post til <a href=\"mailto:info@genevainstruments.com\">info@genevainstruments.com<\/a>.<br\/><\/li>\n\n\n\n<li>NETTDESIGN<br\/>Dette nettstedet er designet og utviklet av VIA Creative \u2013 www.viacreatve.co.uk<br\/>FOTO- OG VIDEOKREDITTER<br\/>Som n\u00f8dvendig vil bli plassert med slike bilder og videoer.<\/li>\n<\/ol>\n\n<\/div>\n<\/div>","protected":false},"excerpt":{"rendered":"<p>Geneva Brasswind Ltd,Geneva House,Belasis Business Hub,Coxwold Way,BillinghamTS23 4EAStorbritanniaTlf.: +44 01642 714464 AksjeselskapForetaksregister nr. 09961254 Tilgang til nettstedet, samt bruk av dets innhold, er underlagt f\u00f8lgende betingelser. Disse bruksvilk\u00e5rene kan endres n\u00e5r som helst. Disse endringene skal anses som akseptert av internettbrukere s\u00e5 snart de er lagt ut p\u00e5 nettet.<\/p>\n","protected":false},"author":1,"featured_media":0,"parent":0,"menu_order":20,"comment_status":"closed","ping_status":"closed","template":"","meta":{"_acf_changed":false,"footnotes":""},"class_list":["post-19016","page","type-page","status-publish"],"acf":[],"_links":{"self":[{"href":"https:\/\/genevainstruments.com\/no\/wp-json\/wp\/v2\/pages\/19016","targetHints":{"allow":["GET"]}}],"collection":[{"href":"https:\/\/genevainstruments.com\/no\/wp-json\/wp\/v2\/pages"}],"about":[{"href":"https:\/\/genevainstruments.com\/no\/wp-json\/wp\/v2\/types\/page"}],"author":[{"embeddable":true,"href":"https:\/\/genevainstruments.com\/no\/wp-json\/wp\/v2\/users\/1"}],"replies":[{"embeddable":true,"href":"https:\/\/genevainstruments.com\/no\/wp-json\/wp\/v2\/comments?post=19016"}],"version-history":[{"count":1,"href":"https:\/\/genevainstruments.com\/no\/wp-json\/wp\/v2\/pages\/19016\/revisions"}],"predecessor-version":[{"id":19017,"href":"https:\/\/genevainstruments.com\/no\/wp-json\/wp\/v2\/pages\/19016\/revisions\/19017"}],"wp:attachment":[{"href":"https:\/\/genevainstruments.com\/no\/wp-json\/wp\/v2\/media?parent=19016"}],"curies":[{"name":"wp","href":"https:\/\/api.w.org\/{rel}","templated":true}]}}