{"id":19076,"date":"2024-08-09T12:08:15","date_gmt":"2024-08-09T11:08:15","guid":{"rendered":"https:\/\/genevainstruments.com\/nettstedskart\/"},"modified":"2025-12-02T16:40:11","modified_gmt":"2025-12-02T16:40:11","slug":"nettstedskart","status":"publish","type":"page","link":"https:\/\/genevainstruments.com\/no\/nettstedskart\/","title":{"rendered":"Nettstedskart"},"content":{"rendered":"<div class=\"gb-container gb-container-a26cf13b alignfull\">\n<div class=\"gb-container gb-container-2a1e3da6\">\n\n<h2 class=\"gb-headline gb-headline-236aee2a gb-headline-text\">Geneva Instruments<\/h2>\n\n\n\n<p class=\"gb-headline gb-headline-d9da69ff gb-headline-text\">Finn Geneva musikkinstrumenter, produktkategorier, Geneva Artists, Geneva Foundation, videoer og mer p\u00e5 Geneva Instruments nettsted.<br>Finn ogs\u00e5 instrumenter tilgjengelig gjennom National Plan for Music Education som en godkjent instrumentleverand\u00f8r til britisk utdanning.<\/p>\n\n\n<div class=\"gb-grid-wrapper gb-grid-wrapper-551c7637\">\n<div class=\"gb-grid-column gb-grid-column-ff131c44\"><div class=\"gb-container gb-container-ff131c44\">\n<div id=\"wp-realtime-sitemap-pages\"><h3>Pages<\/h3><ul><li class=\"page_item page-item-10598\"><a href=\"https:\/\/genevainstruments.com\/no\/\">Hjem<\/a><\/li>\n<li class=\"page_item page-item-12604\"><a href=\"https:\/\/genevainstruments.com\/no\/vinn-en-kvartett-av-cardinal-instrumenter\/\">Quartet of Cardinals-konkurransen \u2013 Oppdatering<\/a><\/li>\n<li class=\"page_item page-item-10632\"><a href=\"https:\/\/genevainstruments.com\/no\/det-baerekraftige-valget\/\">Det b\u00e6rekraftige valget<\/a><\/li>\n<li class=\"page_item page-item-10660\"><a href=\"https:\/\/genevainstruments.com\/no\/geneva-artister\/\">Geneva-artister<\/a><\/li>\n<li class=\"page_item page-item-10709\"><a href=\"https:\/\/genevainstruments.com\/no\/geneva-musikk-stiftelse\/\">Geneva musikk-stiftelse<\/a><\/li>\n<li class=\"page_item page-item-10736\"><a href=\"https:\/\/genevainstruments.com\/no\/geneva-instrumenter-i-konsert\/\">Geneva-instrumenter i konsert<\/a><\/li>\n<li class=\"page_item page-item-10753\"><a href=\"https:\/\/genevainstruments.com\/no\/prov-for-du-kjoper\/\">Pr\u00f8v f\u00f8r du kj\u00f8per<\/a><\/li>\n<li class=\"page_item page-item-10427\"><a href=\"https:\/\/genevainstruments.com\/no\/butikk\/\">Butikk<\/a><\/li>\n<li class=\"page_item page-item-10783\"><a href=\"https:\/\/genevainstruments.com\/no\/reparasjon-og-garanti\/\">Reservedeler, service og reparasjoner<\/a><\/li>\n<li class=\"page_item page-item-19059\"><a href=\"https:\/\/genevainstruments.com\/no\/kontakt-oss\/\">Kontakt oss<\/a><\/li>\n<li class=\"page_item page-item-10430\"><a href=\"https:\/\/genevainstruments.com\/no\/handlekurv\/\">Handlekurv<\/a><\/li>\n<li class=\"page_item page-item-10431\"><a href=\"https:\/\/genevainstruments.com\/no\/kasse\/\">Kasse<\/a><\/li>\n<li class=\"page_item page-item-10432\"><a href=\"https:\/\/genevainstruments.com\/no\/min-konto\/\">Min konto<\/a><\/li>\n<li class=\"page_item page-item-19016\"><a href=\"https:\/\/genevainstruments.com\/no\/vilkar-og-betingelser\/\">Vilk\u00e5r og betingelser<\/a><\/li>\n<li class=\"page_item page-item-19038\"><a href=\"https:\/\/genevainstruments.com\/no\/returpolicy\/\">Returpolicy<\/a><\/li>\n<li class=\"page_item page-item-19013\"><a href=\"https:\/\/genevainstruments.com\/no\/personvernpolicy\/\">Personvernpolicy<\/a><\/li>\n<li class=\"page_item page-item-18956\"><a href=\"https:\/\/genevainstruments.com\/no\/betalingsplan-vilkar-og-betingelser\/\">Betalingsplan \u2013 vilk\u00e5r og betingelser<\/a><\/li>\n<li class=\"page_item page-item-19076\"><a href=\"https:\/\/genevainstruments.com\/no\/nettstedskart\/\">Nettstedskart<\/a><\/li>\n<\/ul><\/div><div id=\"wp-realtime-sitemap-geneva-artist\"><h3>Geneva Artists<\/h3><ul><li><a href=\"https:\/\/genevainstruments.com\/no\/geneva-artist\/gavin-saynor\/\" title=\"Permalink to Gavin Saynor\" rel=\"bookmark\">Gavin Saynor<\/a><\/li><li><a href=\"https:\/\/genevainstruments.com\/no\/geneva-artist\/glenn-van-looy\/\" title=\"Permalink to Glenn Van Looy Euphonium\" rel=\"bookmark\">Glenn Van Looy Euphonium<\/a><\/li><li><a href=\"https:\/\/genevainstruments.com\/no\/geneva-artist\/ho-wang-lam\/\" title=\"Permalink to Ho Wang Lam\" rel=\"bookmark\">Ho Wang Lam<\/a><\/li><li><a href=\"https:\/\/genevainstruments.com\/no\/geneva-artist\/jamie-smith\/\" title=\"Permalink to Jamie Smith\" rel=\"bookmark\">Jamie Smith<\/a><\/li><li><a href=\"https:\/\/genevainstruments.com\/no\/geneva-artist\/john-storey\/\" title=\"Permalink to John Storey\" rel=\"bookmark\">John Storey<\/a><\/li><li><a href=\"https:\/\/genevainstruments.com\/no\/geneva-artist\/oesteres-machando-trumpet\/\" title=\"Permalink to Oesteres Machando\" rel=\"bookmark\">Oesteres Machando<\/a><\/li><li><a href=\"https:\/\/genevainstruments.com\/no\/geneva-artist\/stephanie-binns\/\" title=\"Permalink to Stephanie Binns\" rel=\"bookmark\">Stephanie Binns<\/a><\/li><\/ul><\/div><div id=\"wp-realtime-sitemap-product\"><h3>Produkter<\/h3><ul><li><a href=\"https:\/\/genevainstruments.com\/no\/produkt\/bb-barytonhorn-geneva-cardinal\/\" title=\"Permalink to Bb barytonhorn \u2013 Geneva Cardinal\" rel=\"bookmark\">Bb barytonhorn \u2013 Geneva Cardinal<\/a><\/li><li><a href=\"https:\/\/genevainstruments.com\/no\/produkt\/bb-flygelhorn-geneva-cardinal\/\" title=\"Permalink to Bb flygelhorn &#8211; Geneva Cardinal\" rel=\"bookmark\">Bb flygelhorn &#8211; Geneva Cardinal<\/a><\/li><li><a href=\"https:\/\/genevainstruments.com\/no\/produkt\/bb-kornett-geneva-cardinal\/\" title=\"Permalink to Bb kornett &#8211; Geneva Cardinal\" rel=\"bookmark\">Bb kornett &#8211; Geneva Cardinal<\/a><\/li><li><a href=\"https:\/\/genevainstruments.com\/no\/produkt\/bb-eufonium-geneva-cardinal\/\" title=\"Permalink to Bb-eufonium &#8211; Geneva Cardinal\" rel=\"bookmark\">Bb-eufonium &#8211; Geneva Cardinal<\/a><\/li><li><a href=\"https:\/\/genevainstruments.com\/no\/produkt\/bb-eufonium-geneva-cardinal-gvl\/\" title=\"Permalink to Bb-eufonium &#8211; Geneva Cardinal GVL\" rel=\"bookmark\">Bb-eufonium &#8211; Geneva Cardinal GVL<\/a><\/li><li><a href=\"https:\/\/genevainstruments.com\/no\/produkt\/bb-eufonium-geneva-heritage\/\" title=\"Permalink to Bb-eufonium &#8211; Geneva Heritage\" rel=\"bookmark\">Bb-eufonium &#8211; Geneva Heritage<\/a><\/li><li><a href=\"https:\/\/genevainstruments.com\/no\/produkt\/bb-kornett-geneva-heritage-philip-mccann\/\" title=\"Permalink to Bb-kornett &#8211; Geneva heritage (Philip McCann)\" rel=\"bookmark\">Bb-kornett &#8211; Geneva heritage (Philip McCann)<\/a><\/li><li><a href=\"https:\/\/genevainstruments.com\/no\/produkt\/bb-trompet-geneva-cardinal\/\" title=\"Permalink to Bb-trompet &#8211; Geneva cardinal\" rel=\"bookmark\">Bb-trompet &#8211; Geneva cardinal<\/a><\/li><li><a href=\"https:\/\/genevainstruments.com\/no\/produkt\/bb-a-pikkolotrompet-geneva-cardinal\/\" title=\"Permalink to Bb\/a pikkolotrompet &#8211; Geneva Cardinal\" rel=\"bookmark\">Bb\/a pikkolotrompet &#8211; Geneva Cardinal<\/a><\/li><li><a href=\"https:\/\/genevainstruments.com\/no\/produkt\/c-trompet-geneva-cardinal\/\" title=\"Permalink to C-trompet \u2013 Geneva Cardinal\" rel=\"bookmark\">C-trompet \u2013 Geneva Cardinal<\/a><\/li><li><a href=\"https:\/\/genevainstruments.com\/no\/produkt\/eb-soprankornett-geneva-cardinal-2025-modell\/\" title=\"Permalink to Eb soprankornett \u2013 Geneva Cardinal \u2013 (2025-modell)\" rel=\"bookmark\">Eb soprankornett \u2013 Geneva Cardinal \u2013 (2025-modell)<\/a><\/li><li><a href=\"https:\/\/genevainstruments.com\/no\/produkt\/eb-tenorhorn-geneva-cardinal\/\" title=\"Permalink to Eb tenorhorn &#8211; Geneva Cardinal\" rel=\"bookmark\">Eb tenorhorn &#8211; Geneva Cardinal<\/a><\/li><li><a href=\"https:\/\/genevainstruments.com\/no\/produkt\/eeb-tuba-geneva-cardinal-jc\/\" title=\"Permalink to EEb Tuba &#8211; Geneva Cardinal JC\" rel=\"bookmark\">EEb Tuba &#8211; Geneva Cardinal JC<\/a><\/li><li><a href=\"https:\/\/genevainstruments.com\/no\/produkt\/eeb-tuba-geneva-cardinal\/\" title=\"Permalink to EEb-tuba &#8211; Geneva Cardinal\" rel=\"bookmark\">EEb-tuba &#8211; Geneva Cardinal<\/a><\/li><li><a href=\"https:\/\/genevainstruments.com\/no\/produkt\/eeb-tuba-geneva-heritage\/\" title=\"Permalink to EEb-tuba &#8211; Geneva Heritage\" rel=\"bookmark\">EEb-tuba &#8211; Geneva Heritage<\/a><\/li><li><a href=\"https:\/\/genevainstruments.com\/no\/produkt\/sopransaksofon-lineage-pro\/\" title=\"Permalink to Sopransaksofon &#8211; Lineage Pro\" rel=\"bookmark\">Sopransaksofon &#8211; Lineage Pro<\/a><\/li><li><a href=\"https:\/\/genevainstruments.com\/no\/produkt\/tenorsaksofon-lineage-pro\/\" title=\"Permalink to Tenorsaksofon &#8211; Lineage Pro\" rel=\"bookmark\">Tenorsaksofon &#8211; Lineage Pro<\/a><\/li><li><a href=\"https:\/\/genevainstruments.com\/no\/produkt\/widow-maker-barytonsaksofon-lineage-pro\/\" title=\"Permalink to Widow Maker barytonsaksofon &#8211; lineage pro\" rel=\"bookmark\">Widow Maker barytonsaksofon &#8211; lineage pro<\/a><\/li><\/ul><\/div>\n\n<\/div><\/div>\n\n<div class=\"gb-grid-column gb-grid-column-2aa0d1bf\"><div class=\"gb-container gb-container-2aa0d1bf\">\n<div id=\"wp-realtime-sitemap-geneva-artist\"><h3>Geneva Artists<\/h3><ul><li><a href=\"https:\/\/genevainstruments.com\/no\/geneva-artist\/gavin-saynor\/\" title=\"Permalink to Gavin Saynor\" rel=\"bookmark\">Gavin Saynor<\/a><\/li><li><a href=\"https:\/\/genevainstruments.com\/no\/geneva-artist\/glenn-van-looy\/\" title=\"Permalink to Glenn Van Looy Euphonium\" rel=\"bookmark\">Glenn Van Looy Euphonium<\/a><\/li><li><a href=\"https:\/\/genevainstruments.com\/no\/geneva-artist\/ho-wang-lam\/\" title=\"Permalink to Ho Wang Lam\" rel=\"bookmark\">Ho Wang Lam<\/a><\/li><li><a href=\"https:\/\/genevainstruments.com\/no\/geneva-artist\/jamie-smith\/\" title=\"Permalink to Jamie Smith\" rel=\"bookmark\">Jamie Smith<\/a><\/li><li><a href=\"https:\/\/genevainstruments.com\/no\/geneva-artist\/john-storey\/\" title=\"Permalink to John Storey\" rel=\"bookmark\">John Storey<\/a><\/li><li><a href=\"https:\/\/genevainstruments.com\/no\/geneva-artist\/oesteres-machando-trumpet\/\" title=\"Permalink to Oesteres Machando\" rel=\"bookmark\">Oesteres Machando<\/a><\/li><li><a href=\"https:\/\/genevainstruments.com\/no\/geneva-artist\/stephanie-binns\/\" title=\"Permalink to Stephanie Binns\" rel=\"bookmark\">Stephanie Binns<\/a><\/li><\/ul><\/div><div id=\"wp-realtime-sitemap-product\"><h3>Produkter<\/h3><ul><li><a href=\"https:\/\/genevainstruments.com\/no\/produkt\/bb-barytonhorn-geneva-cardinal\/\" title=\"Permalink to Bb barytonhorn \u2013 Geneva Cardinal\" rel=\"bookmark\">Bb barytonhorn \u2013 Geneva Cardinal<\/a><\/li><li><a href=\"https:\/\/genevainstruments.com\/no\/produkt\/bb-flygelhorn-geneva-cardinal\/\" title=\"Permalink to Bb flygelhorn &#8211; Geneva Cardinal\" rel=\"bookmark\">Bb flygelhorn &#8211; Geneva Cardinal<\/a><\/li><li><a href=\"https:\/\/genevainstruments.com\/no\/produkt\/bb-kornett-geneva-cardinal\/\" title=\"Permalink to Bb kornett &#8211; Geneva Cardinal\" rel=\"bookmark\">Bb kornett &#8211; Geneva Cardinal<\/a><\/li><li><a href=\"https:\/\/genevainstruments.com\/no\/produkt\/bb-eufonium-geneva-cardinal\/\" title=\"Permalink to Bb-eufonium &#8211; Geneva Cardinal\" rel=\"bookmark\">Bb-eufonium &#8211; Geneva Cardinal<\/a><\/li><li><a href=\"https:\/\/genevainstruments.com\/no\/produkt\/bb-eufonium-geneva-cardinal-gvl\/\" title=\"Permalink to Bb-eufonium &#8211; Geneva Cardinal GVL\" rel=\"bookmark\">Bb-eufonium &#8211; Geneva Cardinal GVL<\/a><\/li><li><a href=\"https:\/\/genevainstruments.com\/no\/produkt\/bb-eufonium-geneva-heritage\/\" title=\"Permalink to Bb-eufonium &#8211; Geneva Heritage\" rel=\"bookmark\">Bb-eufonium &#8211; Geneva Heritage<\/a><\/li><li><a href=\"https:\/\/genevainstruments.com\/no\/produkt\/bb-kornett-geneva-heritage-philip-mccann\/\" title=\"Permalink to Bb-kornett &#8211; Geneva heritage (Philip McCann)\" rel=\"bookmark\">Bb-kornett &#8211; Geneva heritage (Philip McCann)<\/a><\/li><li><a href=\"https:\/\/genevainstruments.com\/no\/produkt\/bb-trompet-geneva-cardinal\/\" title=\"Permalink to Bb-trompet &#8211; Geneva cardinal\" rel=\"bookmark\">Bb-trompet &#8211; Geneva cardinal<\/a><\/li><li><a href=\"https:\/\/genevainstruments.com\/no\/produkt\/bb-a-pikkolotrompet-geneva-cardinal\/\" title=\"Permalink to Bb\/a pikkolotrompet &#8211; Geneva Cardinal\" rel=\"bookmark\">Bb\/a pikkolotrompet &#8211; Geneva Cardinal<\/a><\/li><li><a href=\"https:\/\/genevainstruments.com\/no\/produkt\/c-trompet-geneva-cardinal\/\" title=\"Permalink to C-trompet \u2013 Geneva Cardinal\" rel=\"bookmark\">C-trompet \u2013 Geneva Cardinal<\/a><\/li><li><a href=\"https:\/\/genevainstruments.com\/no\/produkt\/eb-soprankornett-geneva-cardinal-2025-modell\/\" title=\"Permalink to Eb soprankornett \u2013 Geneva Cardinal \u2013 (2025-modell)\" rel=\"bookmark\">Eb soprankornett \u2013 Geneva Cardinal \u2013 (2025-modell)<\/a><\/li><li><a href=\"https:\/\/genevainstruments.com\/no\/produkt\/eb-tenorhorn-geneva-cardinal\/\" title=\"Permalink to Eb tenorhorn &#8211; Geneva Cardinal\" rel=\"bookmark\">Eb tenorhorn &#8211; Geneva Cardinal<\/a><\/li><li><a href=\"https:\/\/genevainstruments.com\/no\/produkt\/eeb-tuba-geneva-cardinal-jc\/\" title=\"Permalink to EEb Tuba &#8211; Geneva Cardinal JC\" rel=\"bookmark\">EEb Tuba &#8211; Geneva Cardinal JC<\/a><\/li><li><a href=\"https:\/\/genevainstruments.com\/no\/produkt\/eeb-tuba-geneva-cardinal\/\" title=\"Permalink to EEb-tuba &#8211; Geneva Cardinal\" rel=\"bookmark\">EEb-tuba &#8211; Geneva Cardinal<\/a><\/li><li><a href=\"https:\/\/genevainstruments.com\/no\/produkt\/eeb-tuba-geneva-heritage\/\" title=\"Permalink to EEb-tuba &#8211; Geneva Heritage\" rel=\"bookmark\">EEb-tuba &#8211; Geneva Heritage<\/a><\/li><li><a href=\"https:\/\/genevainstruments.com\/no\/produkt\/sopransaksofon-lineage-pro\/\" title=\"Permalink to Sopransaksofon &#8211; Lineage Pro\" rel=\"bookmark\">Sopransaksofon &#8211; Lineage Pro<\/a><\/li><li><a href=\"https:\/\/genevainstruments.com\/no\/produkt\/tenorsaksofon-lineage-pro\/\" title=\"Permalink to Tenorsaksofon &#8211; Lineage Pro\" rel=\"bookmark\">Tenorsaksofon &#8211; Lineage Pro<\/a><\/li><li><a href=\"https:\/\/genevainstruments.com\/no\/produkt\/widow-maker-barytonsaksofon-lineage-pro\/\" title=\"Permalink to Widow Maker barytonsaksofon &#8211; lineage pro\" rel=\"bookmark\">Widow Maker barytonsaksofon &#8211; lineage pro<\/a><\/li><\/ul><\/div>\n\n<\/div><\/div>\n\n<div class=\"gb-grid-column gb-grid-column-5eac4a4a\"><div class=\"gb-container gb-container-5eac4a4a\">\n\n<h3 class=\"gb-headline gb-headline-636af1d9 gb-headline-text\">Produktkategorier<\/h3>\n\n\n<div data-block-name=\"woocommerce\/product-categories\" class=\"wp-block-woocommerce-product-categories wc-block-product-categories is-list \" style=\"\"><ul class=\"wc-block-product-categories-list wc-block-product-categories-list--depth-0\">\t\t\t\t<li class=\"wc-block-product-categories-list-item\">\t\t\t\t\t<a style=\"\" href=\"https:\/\/genevainstruments.com\/no\/product-category\/geneva-cardinal-artistmodeller\/\"><span class=\"wc-block-product-categories-list-item__name\">Geneva Cardinal artistmodeller<\/span><\/a><span class=\"wc-block-product-categories-list-item-count\"><span aria-hidden=\"true\">3<\/span><span class=\"screen-reader-text\">3 produkter<\/span><\/span>\t\t\t\t<\/li>\t\t\t\t\t\t\t<li class=\"wc-block-product-categories-list-item\">\t\t\t\t\t<a style=\"\" href=\"https:\/\/genevainstruments.com\/no\/product-category\/geneva-cardinal-instrumenter\/\"><span class=\"wc-block-product-categories-list-item__name\">Geneva Cardinal instrumenter<\/span><\/a><span class=\"wc-block-product-categories-list-item-count\"><span aria-hidden=\"true\">13<\/span><span class=\"screen-reader-text\">13 produkter<\/span><\/span>\t\t\t\t<\/li>\t\t\t\t\t\t\t<li class=\"wc-block-product-categories-list-item\">\t\t\t\t\t<a style=\"\" href=\"https:\/\/genevainstruments.com\/no\/product-category\/geneva-heritage\/\"><span class=\"wc-block-product-categories-list-item__name\">Geneva Heritage<\/span><\/a><span class=\"wc-block-product-categories-list-item-count\"><span aria-hidden=\"true\">2<\/span><span class=\"screen-reader-text\">2 produkter<\/span><\/span>\t\t\t\t<\/li>\t\t\t\t\t\t\t<li class=\"wc-block-product-categories-list-item\">\t\t\t\t\t<a style=\"\" href=\"https:\/\/genevainstruments.com\/no\/product-category\/geneva-lineage\/\"><span class=\"wc-block-product-categories-list-item__name\">Geneva lineage<\/span><\/a><span class=\"wc-block-product-categories-list-item-count\"><span aria-hidden=\"true\">3<\/span><span class=\"screen-reader-text\">3 produkter<\/span><\/span>\t\t\t\t<\/li>\t\t\t<\/ul><\/div>\n\n<div><h3>Range<\/h3><ul class=\"product-attributes-list\"><li><a href=\"https:\/\/genevainstruments.com\/da\/range\/geneva-cardinal-instrumenter\/\">Geneva Cardinal instrumenter<\/a><\/li> <li><a href=\"https:\/\/genevainstruments.com\/da\/range\/geneva-heritage-instrumenter\/\">Geneva heritage instrumenter<\/a><\/li> <li><a href=\"https:\/\/genevainstruments.com\/no\/range\/lineage-pro-saksofonserie\/\">Lineage pro saksofonserie<\/a><\/ul><\/div><\/div>\n\n<\/div><\/div>\n<\/div>\n<\/div>\n<\/div>","protected":false},"excerpt":{"rendered":"<p>Geneva Instruments Finn Geneva musikkinstrumenter, produktkategorier, Geneva Artists, Geneva Foundation, videoer og mer p\u00e5 Geneva Instruments nettsted.Finn ogs\u00e5 instrumenter tilgjengelig gjennom National Plan for Music Education som en godkjent instrumentleverand\u00f8r til britisk utdanning.<\/p>\n","protected":false},"author":1,"featured_media":10633,"parent":0,"menu_order":100,"comment_status":"closed","ping_status":"closed","template":"","meta":{"_acf_changed":false,"footnotes":""},"class_list":["post-19076","page","type-page","status-publish","has-post-thumbnail","hentry","sales-flash-overlay","woocommerce-text-align-left","woocommerce-image-align-center","do-quantity-buttons"],"acf":[],"_links":{"self":[{"href":"https:\/\/genevainstruments.com\/no\/wp-json\/wp\/v2\/pages\/19076","targetHints":{"allow":["GET"]}}],"collection":[{"href":"https:\/\/genevainstruments.com\/no\/wp-json\/wp\/v2\/pages"}],"about":[{"href":"https:\/\/genevainstruments.com\/no\/wp-json\/wp\/v2\/types\/page"}],"author":[{"embeddable":true,"href":"https:\/\/genevainstruments.com\/no\/wp-json\/wp\/v2\/users\/1"}],"replies":[{"embeddable":true,"href":"https:\/\/genevainstruments.com\/no\/wp-json\/wp\/v2\/comments?post=19076"}],"version-history":[{"count":1,"href":"https:\/\/genevainstruments.com\/no\/wp-json\/wp\/v2\/pages\/19076\/revisions"}],"predecessor-version":[{"id":19079,"href":"https:\/\/genevainstruments.com\/no\/wp-json\/wp\/v2\/pages\/19076\/revisions\/19079"}],"wp:featuredmedia":[{"embeddable":true,"href":"https:\/\/genevainstruments.com\/no\/wp-json\/wp\/v2\/media\/10633"}],"wp:attachment":[{"href":"https:\/\/genevainstruments.com\/no\/wp-json\/wp\/v2\/media?parent=19076"}],"curies":[{"name":"wp","href":"https:\/\/api.w.org\/{rel}","templated":true}]}}