{"id":11585,"date":"2024-11-10T10:27:01","date_gmt":"2024-11-10T10:27:01","guid":{"rendered":"https:\/\/geneva.viacreative.co\/product\/bb-a-pikkolotrompet-geneva-cardinal\/"},"modified":"2026-01-16T08:38:51","modified_gmt":"2026-01-16T08:38:51","slug":"bb-a-pikkolotrompet-geneva-cardinal","status":"publish","type":"product","link":"https:\/\/genevainstruments.com\/no\/produkt\/bb-a-pikkolotrompet-geneva-cardinal\/","title":{"rendered":"Bb\/a pikkolotrompet &#8211; Geneva Cardinal"},"content":{"rendered":"<h1 data-start=\"336\" data-end=\"394\">Geneva Cardinal Bb\/a pikkolotrompet<\/h1>\n<h2 data-start=\"336\" data-end=\"394\">En pikkolotrompet i verdensklasse designet for den seri\u00f8se musikeren<\/h2>\n<p data-start=\"396\" data-end=\"677\"><strong data-start=\"400\" data-end=\"429\">Geneva Cardinal Pikkolotrompet<\/strong> er resultatet av et kvart \u00e5rhundre med kontinuerlig forskning og utvikling. Bygget for musikere som krever overlegen tone, up\u00e5klagelig intonasjon og feilfritt h\u00e5ndverk, representerer denne f\u00f8rsteklasses kornetten toppen av Genevas messinginstrumenters nyeste innovasjoner &#8211; ren luksus <\/p>\n<hr data-start=\"679\" data-end=\"682\">\n<p data-start=\"684\" data-end=\"700\"><strong>Viktige funksjoner<\/strong><\/p>\n<ul data-start=\"702\" data-end=\"1349\">\n<li data-start=\"702\" data-end=\"815\">\n<p data-start=\"704\" data-end=\"815\"><strong data-start=\"704\" data-end=\"732\">Unik Venturi-hovedr\u00f8r<\/strong><br data-start=\"732\" data-end=\"735\">Forbedrer lydprojeksjon og sikrer en jevn, uanstrengt spilleopplevelse.<\/p>\n<\/li>\n<li data-start=\"817\" data-end=\"910\">\n<p data-start=\"819\" data-end=\"910\"><strong data-start=\"819\" data-end=\"841\">H\u00e5ndhamret klokke<\/strong><br data-start=\"841\" data-end=\"844\">Laget med h\u00e5ndverkspresisjon for \u00e5 produsere en rik, resonant tone.<\/p>\n<\/li>\n<\/ul>\n<ul>\n<li><strong data-start=\"819\" data-end=\"841\">H\u00e5ndgravert<\/strong><br data-start=\"841\" data-end=\"844\">Laget med h\u00e5ndverkspresisjon med dekorativ gravering.<\/li>\n<\/ul>\n<ul data-start=\"702\" data-end=\"1349\">\n<li data-start=\"912\" data-end=\"989\">\n<p data-start=\"914\" data-end=\"989\"><strong data-start=\"914\" data-end=\"937\">Skreddersydd metallblanding<\/strong><br data-start=\"937\" data-end=\"940\">Utviklet for holdbarhet og tonal kompleksitet.<\/p>\n<\/li>\n<li data-start=\"991\" data-end=\"1087\">\n<p data-start=\"993\" data-end=\"1087\"><strong data-start=\"993\" data-end=\"1013\">Ergonomisk design<\/strong><br data-start=\"1013\" data-end=\"1016\">Komfortabel \u00e5 holde og lett \u00e5 kontrollere under lange forestillinger.<\/p>\n<\/li>\n<li data-start=\"1217\" data-end=\"1349\">\n<p data-start=\"1219\" data-end=\"1349\"><strong data-start=\"1219\" data-end=\"1252\">Forbedret svart nikkelbelagt finish<\/strong><br data-start=\"1252\" data-end=\"1255\">En elegant ny finish muliggjort av v\u00e5r investering i neste generasjons produksjonsteknologi.<\/p>\n<\/li>\n<\/ul>\n<hr data-start=\"1351\" data-end=\"1354\">\n<p data-start=\"1356\" data-end=\"1394\"><strong>Hvorfor velge Cardinal?<\/strong><\/p>\n<p data-start=\"1396\" data-end=\"1703\">Enten du er solist, ensemblespiller eller bandleder, leverer <strong data-start=\"1459\" data-end=\"1481\">Cardinal Bb\/A Pikkolotrompet<\/strong> kvaliteten og ytelsen som kreves av profesjonelle over hele verden. Brukt av ledende musikere i Storbritannia, Europa, USA, Japan og Australia, setter dette instrumentet en ny standard innen h\u00e5ndlaget messingdesign. <\/p>\n<hr data-start=\"1705\" data-end=\"1708\">\n<p data-start=\"1710\" data-end=\"1726\"><strong>Veitesting &#8211; <a href=\"https:\/\/genevainstruments.com\/no\/prov-for-du-kjoper\/\">pr\u00f8v f\u00f8r du kj\u00f8per<\/a><\/strong><\/p>\n<p data-start=\"1728\" data-end=\"2030\">Hvis du er p\u00e5 utkikk etter et nytt instrument og ikke har testet <strong data-start=\"1736\" data-end=\"1758\">Cardinal Bb\/A Pikkolotrompet<\/strong> og \u00f8nsker \u00e5 pr\u00f8ve den, vennligst fyll ut skjemaet for \u00e5 pr\u00f8ve f\u00f8r du kj\u00f8per. Det finnes alternativer uansett hvilket land du bor i.<\/p>\n<hr data-start=\"2303\" data-end=\"2306\">\n<p data-start=\"153\" data-end=\"194\"><strong>Bestill din cardinal i dag<\/strong><\/p>\n<p data-start=\"196\" data-end=\"354\">Klar til \u00e5 heve ditt spill? <strong data-start=\"235\" data-end=\"257\">Cardinal Bb\/A Pikkolotrompet<\/strong> leverer uovertruffen musikalsk presisjon, kraft og h\u00e5ndverk som er betrodd av toppspillere verden over. <\/p>\n<p data-start=\"356\" data-end=\"594\">Du kan <strong data-start=\"364\" data-end=\"404\">kj\u00f8pe direkte gjennom denne nettbutikken<\/strong>, eller hvis du foretrekker en mer personlig tiln\u00e6rming eller trenger hjelp til \u00e5 velge riktig modell, kan du enkelt <strong data-start=\"494\" data-end=\"573\">sende oss en e-post p\u00e5 <a class=\"decorated-link cursor-pointer\" rel=\"noopener\" data-start=\"508\" data-end=\"571\">info@genevainstruments.com<\/a><\/strong> for \u00e5 legge inn bestillingen din.<\/p>\n<p data-start=\"596\" data-end=\"702\">Uansett hvilken m\u00e5te du velger, er teamet v\u00e5rt her for \u00e5 hjelpe deg med \u00e5 finne den perfekte Cardinal for din musikalske reise.<\/p>\n<hr data-start=\"2032\" data-end=\"2035\">\n<p>&nbsp;<\/p>\n<p>&nbsp;<\/p>\n","protected":false},"excerpt":{"rendered":"<p>BbA Pikkolotrompet &#8211; Cardinal &#8211; Profesjonell. Se videoen av dette instrumentet&#8230; <\/p>\n","protected":false},"featured_media":11586,"comment_status":"closed","ping_status":"closed","template":"","meta":{"_acf_changed":false},"product_brand":[192],"product_cat":[389],"product_tag":[],"class_list":{"0":"post-11585","1":"product","2":"type-product","3":"status-publish","4":"has-post-thumbnail","6":"product_brand-geneva-instruments","7":"product_cat-geneva-cardinal-instrumenter","8":"product_shipping_class-liten","9":"pa_range-geneva-cardinal-instrumenter","10":"sales-flash-overlay","11":"woocommerce-text-align-left","12":"woocommerce-image-align-center","13":"do-quantity-buttons","15":"first","16":"instock","17":"taxable","18":"shipping-taxable","19":"purchasable","20":"product-type-variable"},"acf":[],"_links":{"self":[{"href":"https:\/\/genevainstruments.com\/no\/wp-json\/wp\/v2\/product\/11585","targetHints":{"allow":["GET"]}}],"collection":[{"href":"https:\/\/genevainstruments.com\/no\/wp-json\/wp\/v2\/product"}],"about":[{"href":"https:\/\/genevainstruments.com\/no\/wp-json\/wp\/v2\/types\/product"}],"replies":[{"embeddable":true,"href":"https:\/\/genevainstruments.com\/no\/wp-json\/wp\/v2\/comments?post=11585"}],"wp:featuredmedia":[{"embeddable":true,"href":"https:\/\/genevainstruments.com\/no\/wp-json\/wp\/v2\/media\/11586"}],"wp:attachment":[{"href":"https:\/\/genevainstruments.com\/no\/wp-json\/wp\/v2\/media?parent=11585"}],"wp:term":[{"taxonomy":"product_brand","embeddable":true,"href":"https:\/\/genevainstruments.com\/no\/wp-json\/wp\/v2\/product_brand?post=11585"},{"taxonomy":"product_cat","embeddable":true,"href":"https:\/\/genevainstruments.com\/no\/wp-json\/wp\/v2\/product_cat?post=11585"},{"taxonomy":"product_tag","embeddable":true,"href":"https:\/\/genevainstruments.com\/no\/wp-json\/wp\/v2\/product_tag?post=11585"}],"curies":[{"name":"wp","href":"https:\/\/api.w.org\/{rel}","templated":true}]}}