{"id":11627,"date":"2024-09-09T14:36:21","date_gmt":"2024-09-09T13:36:21","guid":{"rendered":"https:\/\/geneva.viacreative.co\/product\/eb-soprankornett-geneva-cardinal-2025-modell\/"},"modified":"2026-01-16T08:38:52","modified_gmt":"2026-01-16T08:38:52","slug":"eb-soprankornett-geneva-cardinal-2025-modell","status":"publish","type":"product","link":"https:\/\/genevainstruments.com\/no\/produkt\/eb-soprankornett-geneva-cardinal-2025-modell\/","title":{"rendered":"Eb soprankornett \u2013 Geneva Cardinal \u2013 (2025-modell)"},"content":{"rendered":"<h1 data-start=\"336\" data-end=\"394\">Geneva Cardinal Eb soprankornett<\/h1>\n<h2 data-start=\"336\" data-end=\"394\">En soprankornett i verdensklasse, designet for den seri\u00f8se musikeren<\/h2>\n<p data-start=\"396\" data-end=\"677\">Den <strong data-start=\"400\" data-end=\"429\">Geneva Cardinal Eb soprankornett<\/strong> er resultatet av et kvart \u00e5rhundre med kontinuerlig forskning og utvikling. Bygget for musikere som krever overlegen tone, up\u00e5klagelig intonasjon og feilfritt h\u00e5ndverk, representerer denne f\u00f8rsteklasses kornetten toppen av Genevas messinginstrumenter, med de nyeste innovasjonene og ren luksus. <\/p>\n<hr data-start=\"679\" data-end=\"682\">\n<p data-start=\"684\" data-end=\"700\"><strong>Viktige funksjoner<\/strong><\/p>\n<ul data-start=\"702\" data-end=\"1349\">\n<li data-start=\"702\" data-end=\"815\">\n<p data-start=\"704\" data-end=\"815\"><strong data-start=\"704\" data-end=\"732\">Unik Venturi-munnstykker\u00f8r (2025)<\/strong><br data-start=\"732\" data-end=\"735\">Forbedrer lydprojeksjon og sikrer en jevn, uanstrengt spilleopplevelse.<\/p>\n<\/li>\n<li data-start=\"817\" data-end=\"910\">\n<p data-start=\"819\" data-end=\"910\"><strong data-start=\"819\" data-end=\"841\">H\u00e5ndhamret klokke<\/strong><br data-start=\"841\" data-end=\"844\">Laget med h\u00e5ndverkspresisjon for \u00e5 produsere en rik, resonant tone.<\/p>\n<\/li>\n<\/ul>\n<ul>\n<li><strong data-start=\"819\" data-end=\"841\">H\u00e5ndgravert<\/strong><br data-start=\"841\" data-end=\"844\">Laget med h\u00e5ndverkspresisjon med dekorativ gravering.<\/li>\n<\/ul>\n<ul data-start=\"702\" data-end=\"1349\">\n<li data-start=\"912\" data-end=\"989\">\n<p data-start=\"914\" data-end=\"989\"><strong data-start=\"914\" data-end=\"937\">Skreddersydd metallblanding<\/strong><br data-start=\"937\" data-end=\"940\">Utviklet for holdbarhet og tonal kompleksitet.<\/p>\n<\/li>\n<li data-start=\"991\" data-end=\"1087\">\n<p data-start=\"993\" data-end=\"1087\"><strong data-start=\"993\" data-end=\"1013\">Ergonomisk design<\/strong><br data-start=\"1013\" data-end=\"1016\">Komfortabel \u00e5 holde og lett \u00e5 kontrollere under lange forestillinger.<\/p>\n<\/li>\n<li data-start=\"1089\" data-end=\"1215\">\n<p data-start=\"1091\" data-end=\"1215\"><strong data-start=\"1091\" data-end=\"1112\">Ny padledesign<\/strong><br data-start=\"1112\" data-end=\"1115\">Utviklet i samarbeid med Richard Marshall for forbedret respons og f\u00f8lelse.<\/p>\n<\/li>\n<li data-start=\"1217\" data-end=\"1349\">\n<p data-start=\"1219\" data-end=\"1349\"><strong data-start=\"1219\" data-end=\"1252\">Forbedret svart nikkelplating<\/strong><br data-start=\"1252\" data-end=\"1255\">En elegant ny finish gjort mulig av v\u00e5r investering i neste generasjons produksjonsteknologi.<\/p>\n<\/li>\n<\/ul>\n<hr data-start=\"1351\" data-end=\"1354\">\n<p data-start=\"1356\" data-end=\"1394\"><strong>Hvorfor velge Cardinal?<\/strong><\/p>\n<p data-start=\"1396\" data-end=\"1703\">Enten du er solist, ensemblemusiker eller bandleder, leverer <strong data-start=\"1459\" data-end=\"1481\">Cardinal Eb kornett<\/strong> kvaliteten og ytelsen som kreves av profesjonelle over hele verden. Brukt av ledende musikere i Storbritannia, Europa, USA, Japan og Australia, setter dette instrumentet en ny standard innen h\u00e5ndlaget messingdesign. <\/p>\n<hr data-start=\"1705\" data-end=\"1708\">\n<p data-start=\"1710\" data-end=\"1726\"><strong>Veitesting &#8211; <a href=\"https:\/\/genevainstruments.com\/no\/prov-for-du-kjoper\/\">pr\u00f8v f\u00f8r du kj\u00f8per<\/a><\/strong><\/p>\n<p data-start=\"1728\" data-end=\"2030\">Hvis du er p\u00e5 utkikk etter et nytt instrument og ikke har testet <strong data-start=\"1736\" data-end=\"1758\">Cardinal Eb kornett<\/strong> og \u00f8nsker \u00e5 pr\u00f8ve det, vennligst fyll ut skjemaet for &#8216;pr\u00f8v f\u00f8r du kj\u00f8per&#8217;. Det finnes alternativer uansett hvilket land du bor i.<\/p>\n<hr data-start=\"2303\" data-end=\"2306\">\n<p data-start=\"153\" data-end=\"194\"><strong>Bestill din cardinal i dag<\/strong><\/p>\n<p data-start=\"196\" data-end=\"354\">Klar for \u00e5 l\u00f8fte spillet ditt? <strong data-start=\"235\" data-end=\"257\">Cardinal Eb kornett<\/strong> leverer uovertruffen musikalsk presisjon, kraft og h\u00e5ndverk som er betrodd av toppspillere over hele verden. <\/p>\n<p data-start=\"356\" data-end=\"594\">Du kan <strong data-start=\"364\" data-end=\"404\">kj\u00f8pe direkte gjennom denne nettbutikken<\/strong>, eller hvis du foretrekker en mer personlig tiln\u00e6rming eller trenger hjelp til \u00e5 velge riktig modell, kan du enkelt <strong data-start=\"494\" data-end=\"573\">sende oss en e-post p\u00e5 <a class=\"decorated-link cursor-pointer\" rel=\"noopener\" data-start=\"508\" data-end=\"571\">info@genevainstruments.com<\/a><\/strong> for \u00e5 legge inn bestillingen din.<\/p>\n<p data-start=\"596\" data-end=\"702\">Uansett hvilken m\u00e5te du velger, er teamet v\u00e5rt her for \u00e5 hjelpe deg med \u00e5 finne den perfekte Cardinal for din musikalske reise.<\/p>\n<hr data-start=\"2032\" data-end=\"2035\">\n<p data-start=\"2037\" data-end=\"2057\"><strong>Hva artistene sier<\/strong><\/p>\n<blockquote data-start=\"2059\" data-end=\"2301\">\n<p data-start=\"2061\" data-end=\"2301\"><em data-start=\"2061\" data-end=\"2235\">&laquo;Jeg er imponert over hvor lett de \u00f8vre registrene er og hvor mye bedre intonasjonen er gjennom hele instrumentets register etter endringene i ledningsr\u00f8ret i 2025.&raquo;<\/em><br data-start=\"2235\" data-end=\"2238\">\u2014 Angelo<strong data-start=\"2242\" data-end=\"2262\"> Bearpark<\/strong>, Virtuos musiker og professor<\/p>\n<\/blockquote>\n","protected":false},"excerpt":{"rendered":"<p>Geneva Eb soprankornett \u2013 Geneva Cardinal \u2013 profesjonell<\/p>\n","protected":false},"featured_media":19438,"comment_status":"closed","ping_status":"closed","template":"","meta":{"_acf_changed":false},"product_brand":[192],"product_cat":[389],"product_tag":[391,606],"class_list":{"0":"post-11627","1":"product","2":"type-product","3":"status-publish","4":"has-post-thumbnail","6":"product_brand-geneva-instruments","7":"product_cat-geneva-cardinal-instrumenter","8":"product_tag-bb-kornett","9":"product_tag-eb-soprankornett","10":"product_shipping_class-liten","11":"pa_range-geneva-cardinal-instrumenter","12":"sales-flash-overlay","13":"woocommerce-text-align-left","14":"woocommerce-image-align-center","15":"do-quantity-buttons","17":"first","18":"instock","19":"taxable","20":"shipping-taxable","21":"purchasable","22":"product-type-variable"},"acf":[],"_links":{"self":[{"href":"https:\/\/genevainstruments.com\/no\/wp-json\/wp\/v2\/product\/11627","targetHints":{"allow":["GET"]}}],"collection":[{"href":"https:\/\/genevainstruments.com\/no\/wp-json\/wp\/v2\/product"}],"about":[{"href":"https:\/\/genevainstruments.com\/no\/wp-json\/wp\/v2\/types\/product"}],"replies":[{"embeddable":true,"href":"https:\/\/genevainstruments.com\/no\/wp-json\/wp\/v2\/comments?post=11627"}],"wp:featuredmedia":[{"embeddable":true,"href":"https:\/\/genevainstruments.com\/no\/wp-json\/wp\/v2\/media\/19438"}],"wp:attachment":[{"href":"https:\/\/genevainstruments.com\/no\/wp-json\/wp\/v2\/media?parent=11627"}],"wp:term":[{"taxonomy":"product_brand","embeddable":true,"href":"https:\/\/genevainstruments.com\/no\/wp-json\/wp\/v2\/product_brand?post=11627"},{"taxonomy":"product_cat","embeddable":true,"href":"https:\/\/genevainstruments.com\/no\/wp-json\/wp\/v2\/product_cat?post=11627"},{"taxonomy":"product_tag","embeddable":true,"href":"https:\/\/genevainstruments.com\/no\/wp-json\/wp\/v2\/product_tag?post=11627"}],"curies":[{"name":"wp","href":"https:\/\/api.w.org\/{rel}","templated":true}]}}