{"id":12118,"date":"2024-09-09T14:36:45","date_gmt":"2024-09-09T13:36:45","guid":{"rendered":"https:\/\/geneva.viacreative.co\/product\/bb-kornett-geneva-heritage-philip-mccann\/"},"modified":"2026-01-16T08:38:55","modified_gmt":"2026-01-16T08:38:55","slug":"bb-kornett-geneva-heritage-philip-mccann","status":"publish","type":"product","link":"https:\/\/genevainstruments.com\/no\/produkt\/bb-kornett-geneva-heritage-philip-mccann\/","title":{"rendered":"Bb-kornett &#8211; Geneva heritage (Philip McCann)"},"content":{"rendered":"<h3 data-start=\"278\" data-end=\"309\"><strong data-start=\"282\" data-end=\"307\">Geneva heritage-serien<\/strong><\/h3>\n<p data-start=\"310\" data-end=\"361\"><strong data-start=\"310\" data-end=\"361\">Laget for tradisjon. Designet for fortreffelighet. <\/strong><\/p>\n<p data-start=\"363\" data-end=\"639\"><em data-start=\"367\" data-end=\"384\">Geneva Heritage<\/em>-serien representerer toppen av ren, uttrykksfull lyd. Utviklet spesielt for det tradisjonelle brassbandmarkedet i Storbritannia, har denne eksepsjonelle serien v\u00e6rt over 16 \u00e5r i utvikling\u2014og presset grensene for messinginstrumentenes h\u00e5ndverk.<\/p>\n<p data-start=\"641\" data-end=\"968\">Hvert instrument i Heritage-serien inneholder unike designinnovasjoner, inkludert et n\u00f8ye konstruert ledningsr\u00f8r med gradvis avsmaling fra venturi til ventil. Dette resulterer i en mer kontrollert f\u00f8lelse og litt \u00f8kt motstand sammenlignet med <em data-start=\"895\" data-end=\"912\">Geneva Cardinal<\/em>-serien\u2014ideelt for spillere som s\u00f8ker presisjon og respons. <\/p>\n<p data-start=\"970\" data-end=\"1278\">Konstruert av h\u00f8ykvalitets gul messing, tilbyr Heritage-serien ytelsen og den tonale integriteten til et premium instrument til en tilgjengelig pris\u2014uten kompromiss p\u00e5 lyd eller intonasjon. For mange spillere betyr dette forbedret kontroll og konsistens p\u00e5 tvers av alle registre og dynamikk. <\/p>\n<p data-start=\"1280\" data-end=\"1475\">N\u00e5 anerkjent som et av de ledende valgene i brassband-verdenen, er <em data-start=\"1358\" data-end=\"1368\">Heritage<\/em>-serien foretrukket av anerkjente internasjonale solister og noen av de mest prestisjetunge ensemblene verden over.<\/p>\n<hr data-start=\"1477\" data-end=\"1480\">\n<h3 data-start=\"1482\" data-end=\"1532\"><strong data-start=\"1486\" data-end=\"1530\">Vi presenterer Philip McCann &#8211; Geneva heritage kornett <\/strong><\/h3>\n<p data-start=\"1533\" data-end=\"1582\"><strong data-start=\"1533\" data-end=\"1582\">Et signatursamarbeid med Phillip McCann<\/strong><\/p>\n<blockquote data-start=\"1584\" data-end=\"1796\">\n<p data-start=\"1586\" data-end=\"1796\"><em data-start=\"1586\" data-end=\"1771\">&laquo;Vi har alle en unik stemme. Denne Cardinal Heritage-kornetten er en forlengelse av DEG og lar deg finne &#8216;din musikalske stemme&#8217;&#8230; resultatet av mitt samarbeid med Geneva Instruments.&raquo;<\/em><br data-start=\"1771\" data-end=\"1774\">\u2014 <strong data-start=\"1778\" data-end=\"1796\">Phillip McCann<\/strong><\/p>\n<\/blockquote>\n<p data-start=\"1798\" data-end=\"1998\">Vi er be\u00e6ret over \u00e5 presentere <em data-start=\"1829\" data-end=\"1855\">Cardinal Heritage Kornett<\/em>, en signaturmodell utviklet i samarbeid med den legendariske <strong data-start=\"1921\" data-end=\"1939\">Phillip McCann<\/strong>\u2014en av de mest respekterte skikkelsene i brassband-verdenen.<\/p>\n<p data-start=\"2000\" data-end=\"2354\">F\u00f8dt i Bo&#8217;ness, Skottland, begynte Phillips karriere med Kinneil Colliery Band og blomstret gjennom lederroller, inkludert fem \u00e5r som leder av National Youth Brass Band of Great Britain. Som hovedkornett i det verdensber\u00f8mte <strong data-start=\"2246\" data-end=\"2265\">Black Dyke Band<\/strong> under dets gullalder, hjalp Phillip med \u00e5 forme en ikonisk lyd som fortsatt \u00e6res i dag. <\/p>\n<p data-start=\"2356\" data-end=\"2624\">Hans anerkjente <em data-start=\"2370\" data-end=\"2379\">Chandos<\/em> CD-serie, <em data-start=\"2391\" data-end=\"2428\">The World&#8217;s Most Beautiful Melodies<\/em>, er hyllet for sin sublime tone og musikalitet, og spilles regelmessig p\u00e5 <strong data-start=\"2503\" data-end=\"2516\">BBC Radio<\/strong> og <strong data-start=\"2521\" data-end=\"2535\">Classic FM<\/strong>. Hans lidenskap for uttrykksfull fremf\u00f8ring lever n\u00e5 videre i dette spesielle instrumentet.<\/p>\n<p data-start=\"2626\" data-end=\"2854\">Laget for \u00e5 etterligne den tradisjonelle varme brassband-lyden med eksepsjonell intonasjon og fri bl\u00e5sende respons p\u00e5 tvers av alle registre, gir <em data-start=\"2763\" data-end=\"2789\">Cardinal Heritage Kornett<\/em> musikere friheten til \u00e5 uttrykke sin sanne musikalske stemme.<\/p>\n<h3 data-start=\"1385\" data-end=\"1416\"><strong data-start=\"1389\" data-end=\"1416\">Bestilling og tilgjengelighet<\/strong><\/h3>\n<p data-start=\"1418\" data-end=\"1667\">Hvis ditt valgte instrument er i restordre, kan du fortsatt fullf\u00f8re kj\u00f8pet ditt p\u00e5 nett med en estimert leveringstid p\u00e5 omtrent 4 uker.<br data-start=\"1559\" data-end=\"1562\">Alternativt kan du sikre din plass i v\u00e5r produksjonsplan med et 30% depositum ved \u00e5 kontakte oss direkte:<\/p>\n<p data-start=\"1669\" data-end=\"1731\">\ud83d\udce7 <strong data-start=\"1672\" data-end=\"1702\"><a class=\"decorated-link cursor-pointer\" rel=\"noopener\" data-start=\"1674\" data-end=\"1700\">info@genevainstruments.com<\/a><\/strong><br data-start=\"1702\" data-end=\"1705\">\ud83d\udcde <strong data-start=\"1708\" data-end=\"1731\">+44 (0) 1642 714464<\/strong><\/p>\n","protected":false},"excerpt":{"rendered":"<p>Bb-Kornett &#8211; Geneva Heritage &#8211; Profesjonell. Se videoen av dette instrumentet. <\/p>\n","protected":false},"featured_media":12120,"comment_status":"closed","ping_status":"closed","template":"","meta":{"_acf_changed":false},"product_brand":[192],"product_cat":[550,389],"product_tag":[394],"class_list":{"0":"post-12118","1":"product","2":"type-product","3":"status-publish","4":"has-post-thumbnail","6":"product_brand-geneva-instruments","7":"product_cat-geneva-cardinal-artistmodeller","8":"product_cat-geneva-cardinal-instrumenter","9":"product_tag-heritage-bb-kornett-profesjonell","10":"product_shipping_class-liten","11":"pa_range-geneva-heritage-instrumenter","12":"sales-flash-overlay","13":"woocommerce-text-align-left","14":"woocommerce-image-align-center","15":"do-quantity-buttons","16":"wc-has-gallery","18":"first","19":"instock","20":"taxable","21":"shipping-taxable","22":"purchasable","23":"product-type-variable"},"acf":[],"_links":{"self":[{"href":"https:\/\/genevainstruments.com\/no\/wp-json\/wp\/v2\/product\/12118","targetHints":{"allow":["GET"]}}],"collection":[{"href":"https:\/\/genevainstruments.com\/no\/wp-json\/wp\/v2\/product"}],"about":[{"href":"https:\/\/genevainstruments.com\/no\/wp-json\/wp\/v2\/types\/product"}],"replies":[{"embeddable":true,"href":"https:\/\/genevainstruments.com\/no\/wp-json\/wp\/v2\/comments?post=12118"}],"wp:featuredmedia":[{"embeddable":true,"href":"https:\/\/genevainstruments.com\/no\/wp-json\/wp\/v2\/media\/12120"}],"wp:attachment":[{"href":"https:\/\/genevainstruments.com\/no\/wp-json\/wp\/v2\/media?parent=12118"}],"wp:term":[{"taxonomy":"product_brand","embeddable":true,"href":"https:\/\/genevainstruments.com\/no\/wp-json\/wp\/v2\/product_brand?post=12118"},{"taxonomy":"product_cat","embeddable":true,"href":"https:\/\/genevainstruments.com\/no\/wp-json\/wp\/v2\/product_cat?post=12118"},{"taxonomy":"product_tag","embeddable":true,"href":"https:\/\/genevainstruments.com\/no\/wp-json\/wp\/v2\/product_tag?post=12118"}],"curies":[{"name":"wp","href":"https:\/\/api.w.org\/{rel}","templated":true}]}}