{"id":12211,"date":"2024-09-09T14:36:33","date_gmt":"2024-09-09T13:36:33","guid":{"rendered":"https:\/\/geneva.viacreative.co\/product\/bb-eufonium-geneva-heritage\/"},"modified":"2025-12-21T08:26:00","modified_gmt":"2025-12-21T08:26:00","slug":"bb-eufonium-geneva-heritage","status":"publish","type":"product","link":"https:\/\/genevainstruments.com\/no\/produkt\/bb-eufonium-geneva-heritage\/","title":{"rendered":"Bb-eufonium &#8211; Geneva Heritage"},"content":{"rendered":"<h3 data-start=\"181\" data-end=\"212\"><strong data-start=\"185\" data-end=\"210\">Geneva Heritage<\/strong><\/h3>\n<p data-start=\"213\" data-end=\"264\"><strong data-start=\"213\" data-end=\"264\">Laget for tradisjon. Designet for fortreffelighet. <\/strong><\/p>\n<p data-start=\"266\" data-end=\"542\"><em data-start=\"270\" data-end=\"287\">Geneva Heritage<\/em> Bb Euphonium representerer toppen av ren, uttrykksfull lyd. Denne eksepsjonelle serien er utviklet spesielt for det tradisjonelle messingbandmarkedet i Storbritannia, og har v\u00e6rt over 20 \u00e5r under utvikling \u2013 og flytter grensene for h\u00e5ndverk av messinginstrumenter.<\/p>\n<p data-start=\"544\" data-end=\"871\">Hvert instrument i Heritage-serien har unike designinnovasjoner, inkludert et n\u00f8ye konstruert hovedr\u00f8r med gradvis innsnevring fra venturi til ventil. Dette gir en mer kontrollert f\u00f8lelse og litt \u00f8kt motstand sammenlignet med Cardinal-serien\u2014ideelt for musikere som s\u00f8ker presisjon og respons. <\/p>\n<p data-start=\"873\" data-end=\"1181\">Konstruert av h\u00f8ykvalitets gul messing, tilbyr Heritage-serien ytelsen og den tonale integriteten til et premium instrument til en tilgjengelig pris\u2014uten kompromiss p\u00e5 lyd eller intonasjon. For mange spillere betyr dette forbedret kontroll og konsistens p\u00e5 tvers av alle registre og dynamikk. <\/p>\n<p data-start=\"1183\" data-end=\"1378\">N\u00e5 anerkjent som et av de ledende valgene i brassband-verdenen, er <em data-start=\"1261\" data-end=\"1271\">Heritage<\/em>-serien foretrukket av anerkjente internasjonale solister og noen av de mest prestisjetunge ensemblene verden over.<\/p>\n<hr data-start=\"1380\" data-end=\"1383\">\n<h3 data-start=\"1385\" data-end=\"1416\"><strong data-start=\"1389\" data-end=\"1416\">Bestilling og tilgjengelighet<\/strong><\/h3>\n<p data-start=\"1418\" data-end=\"1667\">Hvis ditt valgte instrument er i restordre, kan du fortsatt fullf\u00f8re kj\u00f8pet ditt p\u00e5 nett med en estimert leveringstid p\u00e5 cirka 4 uker.<\/p>\n<p data-start=\"1418\" data-end=\"1667\">Alternativt kan du sikre din plass i v\u00e5r produksjonsplan med 30% forskuddsbetaling ved \u00e5 kontakte oss direkte:<\/p>\n<p data-start=\"1669\" data-end=\"1731\">\ud83d\udce7 <strong data-start=\"1672\" data-end=\"1702\"><a class=\"decorated-link cursor-pointer\" rel=\"noopener\" data-start=\"1674\" data-end=\"1700\">info@genevainstruments.com<\/a><\/strong><br data-start=\"1702\" data-end=\"1705\">\ud83d\udcde <strong data-start=\"1708\" data-end=\"1731\">+44 (0) 1642 714464<\/strong><\/p>\n","protected":false},"excerpt":{"rendered":"<p>Geneva Heritage Laget for tradisjon. Designet for fortreffelighet. Geneva Heritage Bb Euphonium representerer toppen av ren, uttrykksfull lyd. Denne eksepsjonelle serien er utviklet spesielt for det tradisjonelle messingbandmarkedet i Storbritannia, og har v\u00e6rt over 20 \u00e5r under utvikling \u2013 og flytter grensene for h\u00e5ndverk av messinginstrumenter. Hvert instrument i Heritage-serien har unike designinnovasjoner, inkludert et &#8230; <a title=\"Bb-eufonium &#8211; Geneva Heritage\" class=\"read-more\" href=\"https:\/\/genevainstruments.com\/no\/produkt\/bb-eufonium-geneva-heritage\/\" aria-label=\"Read more about Bb-eufonium &#8211; Geneva Heritage\">Les mer<\/a><\/p>\n","protected":false},"featured_media":12218,"comment_status":"closed","ping_status":"closed","template":"","meta":{"_acf_changed":false},"product_brand":[192],"product_cat":[711],"product_tag":[712],"class_list":{"0":"post-12211","1":"product","2":"type-product","3":"status-publish","4":"has-post-thumbnail","6":"product_brand-geneva-instruments","7":"product_cat-geneva-heritage","8":"product_tag-bb-eufonium-symphony","9":"product_shipping_class-stor","10":"pa_range-geneva-heritage-instrumenter","11":"sales-flash-overlay","12":"woocommerce-text-align-left","13":"woocommerce-image-align-center","14":"do-quantity-buttons","15":"wc-has-gallery","17":"first","18":"instock","19":"taxable","20":"shipping-taxable","21":"purchasable","22":"product-type-variable"},"acf":[],"_links":{"self":[{"href":"https:\/\/genevainstruments.com\/no\/wp-json\/wp\/v2\/product\/12211","targetHints":{"allow":["GET"]}}],"collection":[{"href":"https:\/\/genevainstruments.com\/no\/wp-json\/wp\/v2\/product"}],"about":[{"href":"https:\/\/genevainstruments.com\/no\/wp-json\/wp\/v2\/types\/product"}],"replies":[{"embeddable":true,"href":"https:\/\/genevainstruments.com\/no\/wp-json\/wp\/v2\/comments?post=12211"}],"wp:featuredmedia":[{"embeddable":true,"href":"https:\/\/genevainstruments.com\/no\/wp-json\/wp\/v2\/media\/12218"}],"wp:attachment":[{"href":"https:\/\/genevainstruments.com\/no\/wp-json\/wp\/v2\/media?parent=12211"}],"wp:term":[{"taxonomy":"product_brand","embeddable":true,"href":"https:\/\/genevainstruments.com\/no\/wp-json\/wp\/v2\/product_brand?post=12211"},{"taxonomy":"product_cat","embeddable":true,"href":"https:\/\/genevainstruments.com\/no\/wp-json\/wp\/v2\/product_cat?post=12211"},{"taxonomy":"product_tag","embeddable":true,"href":"https:\/\/genevainstruments.com\/no\/wp-json\/wp\/v2\/product_tag?post=12211"}],"curies":[{"name":"wp","href":"https:\/\/api.w.org\/{rel}","templated":true}]}}