{"id":12453,"date":"2024-09-09T14:36:56","date_gmt":"2024-09-09T13:36:56","guid":{"rendered":"https:\/\/geneva.viacreative.co\/product\/widow-maker-barytonsaksofon-lineage-pro\/"},"modified":"2025-12-21T08:26:03","modified_gmt":"2025-12-21T08:26:03","slug":"widow-maker-barytonsaksofon-lineage-pro","status":"publish","type":"product","link":"https:\/\/genevainstruments.com\/no\/produkt\/widow-maker-barytonsaksofon-lineage-pro\/","title":{"rendered":"Widow Maker barytonsaksofon &#8211; lineage pro"},"content":{"rendered":"<h2 data-start=\"410\" data-end=\"465\">Geneva lineage profesjonell barytonsaksofon<\/h2>\n<p data-start=\"467\" data-end=\"790\">Opplev den kraftfulle stemmen til <strong data-start=\"504\" data-end=\"538\">Geneva Lineage Barytonsaksofon<\/strong> \u2013 et n\u00f8ye designet instrument laget for kravene til live-opptreden og studioeksellens. Foretrukket av toppmusikere, legemliggj\u00f8r denne tenorsaksofonen over <strong data-start=\"730\" data-end=\"789\">70 \u00e5r med designinnovasjon og ytelsesekspertise<\/strong>. <\/p>\n<hr data-start=\"792\" data-end=\"795\">\n<h3 data-start=\"797\" data-end=\"834\"><strong data-start=\"804\" data-end=\"833\">Hovedfunksjoner og h\u00f8ydepunkter<\/strong>:<\/h3>\n<ul>\n<li data-start=\"965\" data-end=\"1149\">\n<p data-start=\"967\" data-end=\"1149\"><strong data-start=\"969\" data-end=\"993\">Arven av fremragenhet<\/strong>: Utviklet av Genevas elitedesignteam, som kombinerer ti\u00e5r med <strong data-start=\"1057\" data-end=\"1085\">instrumenth\u00e5ndverk<\/strong>, <strong data-start=\"1087\" data-end=\"1111\">teknisk innovasjon<\/strong> og <strong data-start=\"1117\" data-end=\"1148\">liveopptreden-erfaring<\/strong>.<\/p>\n<\/li>\n<li data-start=\"1150\" data-end=\"1320\">\n<p data-start=\"1152\" data-end=\"1320\"><strong data-start=\"1154\" data-end=\"1189\">Overlegen europeisk h\u00e5ndverk<\/strong>: Produsert i <strong data-start=\"1211\" data-end=\"1229\">Tsjekkia<\/strong> under Genevas strenge standarder \u2013 en blanding av tradisjonelle teknikker og moderne presisjon.<\/p>\n<\/li>\n<li data-start=\"1321\" data-end=\"1481\">\n<p data-start=\"1323\" data-end=\"1481\"><strong data-start=\"1325\" data-end=\"1352\">Ledende design i bransjen<\/strong>: Del av <strong data-start=\"1366\" data-end=\"1387\">Lineage Pro-serien<\/strong>, som setter standarden for tonekvalitet, respons og holdbarhet i profesjonelle saksofoner.<\/p>\n<\/li>\n<li data-start=\"1482\" data-end=\"1639\">\n<p data-start=\"1484\" data-end=\"1639\"><strong data-start=\"1486\" data-end=\"1517\">Bygget for seri\u00f8se musikere<\/strong>: Ideell for turnerende artister, studiomusikere og viderekomne elever som sikter mot neste trinn i sin musikalske reise.<\/p>\n<\/li>\n<\/ul>\n<hr data-start=\"1641\" data-end=\"1644\">\n<h3 data-start=\"1646\" data-end=\"1686\"><strong data-start=\"1653\" data-end=\"1685\">Inkludert med saksofonen din<\/strong>:<\/h3>\n<ul data-start=\"1688\" data-end=\"1882\">\n<li data-start=\"1688\" data-end=\"1771\">\n<p data-start=\"1690\" data-end=\"1771\"><strong data-start=\"1693\" data-end=\"1711\">Nytt instrument<\/strong>: Leveres med et premium <strong data-start=\"1734\" data-end=\"1747\">hardcase<\/strong> for maksimal beskyttelse.<\/p>\n<\/li>\n<li data-start=\"1772\" data-end=\"1882\">\n<p data-start=\"1774\" data-end=\"1882\"><strong data-start=\"1777\" data-end=\"1795\">Ex-Demo modeller<\/strong>: Leveres med et slitesterkt <strong data-start=\"1821\" data-end=\"1834\">softcase<\/strong> \u2013 perfekt for lettere reising og \u00f8ving.<\/p>\n<\/li>\n<\/ul>\n<hr data-start=\"1884\" data-end=\"1887\">\n<h3 data-start=\"1889\" data-end=\"1917\"><strong data-start=\"1896\" data-end=\"1916\">Produktoversikt<\/strong>:<\/h3>\n<p data-start=\"1919\" data-end=\"2238\">Som et kreativt produkt fra internasjonalt anerkjente <strong data-start=\"1974\" data-end=\"1993\">Geneva Instruments<\/strong>, representerer <strong data-start=\"1999\" data-end=\"2013\">OW Lineage<\/strong>-serien toppen av saksofondesign. Disse instrumentene gjenspeiler Genevas filosofi: kombinasjonen av <strong data-start=\"2122\" data-end=\"2149\">banebrytende teknologi<\/strong> med <strong data-start=\"2155\" data-end=\"2184\">tradisjonelt h\u00e5ndverk<\/strong> for \u00e5 skape verkt\u00f8y for uttrykk, ikke bare fremf\u00f8ring. <\/p>\n<p data-start=\"2240\" data-end=\"2397\">Enten du er p\u00e5 scenen, i studio eller utforsker grensene for din lyd, leverer Geneva Lineage Tenorsaksofon med kraft, presisjon og sjel.<\/p>\n<hr data-start=\"2399\" data-end=\"2402\">\n<h3 data-start=\"2404\" data-end=\"2465\"><strong data-start=\"2411\" data-end=\"2465\">Bestill n\u00e5 \u2013 bygget for scenen, designet for livet<\/strong><\/h3>\n<p data-start=\"2467\" data-end=\"2637\">Utforsk lyden som omdefinerer moderne saksofonspilling. Velg din modell, velg ditt etui, og tre inn i en ny klasse av tenorsaksofon-eksellense <\/p>\n","protected":false},"excerpt":{"rendered":"<p>Geneva instruments &#8211; widow Maker barytonsaksofon &#8211; lineage pro<\/p>\n","protected":false},"featured_media":12455,"comment_status":"closed","ping_status":"closed","template":"","meta":{"_acf_changed":false},"product_brand":[192],"product_cat":[788],"product_tag":[809],"class_list":{"0":"post-12453","1":"product","2":"type-product","3":"status-publish","4":"has-post-thumbnail","6":"product_brand-geneva-instruments","7":"product_cat-geneva-lineage","8":"product_tag-lineage-barytonsaksofon","9":"product_shipping_class-ekstra-stor","10":"pa_range-lineage-pro-saksofonserie","11":"sales-flash-overlay","12":"woocommerce-text-align-left","13":"woocommerce-image-align-center","14":"do-quantity-buttons","16":"first","17":"instock","18":"sale","19":"taxable","20":"shipping-taxable","21":"purchasable","22":"product-type-variable"},"acf":[],"_links":{"self":[{"href":"https:\/\/genevainstruments.com\/no\/wp-json\/wp\/v2\/product\/12453","targetHints":{"allow":["GET"]}}],"collection":[{"href":"https:\/\/genevainstruments.com\/no\/wp-json\/wp\/v2\/product"}],"about":[{"href":"https:\/\/genevainstruments.com\/no\/wp-json\/wp\/v2\/types\/product"}],"replies":[{"embeddable":true,"href":"https:\/\/genevainstruments.com\/no\/wp-json\/wp\/v2\/comments?post=12453"}],"wp:featuredmedia":[{"embeddable":true,"href":"https:\/\/genevainstruments.com\/no\/wp-json\/wp\/v2\/media\/12455"}],"wp:attachment":[{"href":"https:\/\/genevainstruments.com\/no\/wp-json\/wp\/v2\/media?parent=12453"}],"wp:term":[{"taxonomy":"product_brand","embeddable":true,"href":"https:\/\/genevainstruments.com\/no\/wp-json\/wp\/v2\/product_brand?post=12453"},{"taxonomy":"product_cat","embeddable":true,"href":"https:\/\/genevainstruments.com\/no\/wp-json\/wp\/v2\/product_cat?post=12453"},{"taxonomy":"product_tag","embeddable":true,"href":"https:\/\/genevainstruments.com\/no\/wp-json\/wp\/v2\/product_tag?post=12453"}],"curies":[{"name":"wp","href":"https:\/\/api.w.org\/{rel}","templated":true}]}}