{"id":12568,"date":"2024-09-09T14:36:56","date_gmt":"2024-09-09T13:36:56","guid":{"rendered":"https:\/\/geneva.viacreative.co\/product\/sopransaksofon-lineage-pro\/"},"modified":"2025-12-21T08:26:05","modified_gmt":"2025-12-21T08:26:05","slug":"sopransaksofon-lineage-pro","status":"publish","type":"product","link":"https:\/\/genevainstruments.com\/no\/produkt\/sopransaksofon-lineage-pro\/","title":{"rendered":"Sopransaksofon &#8211; Lineage Pro"},"content":{"rendered":"<p>Denne sopransaksofonen var en av 2024-tilleggene til Genevas trebl\u00e5serrekke som har utviklet seg fra v\u00e5re Lineage Professional-modeller, og vi tar n\u00e5 imot bestillinger for &#8216;pr\u00f8v f\u00f8r du kj\u00f8per&#8217; og ordrer for lanseringen h\u00f8sten 2024.<\/p>\n<p>Konseptet springer ut fra et \u00f8nske om \u00e5 tilby trebl\u00e5seinstrumenter til den progressive musikeren som gir et kostnadseffektivt instrument med lang levetid som yter uten kompromisser med designprinsippene som har v\u00e6rt s\u00e5 vellykkede i v\u00e5r Lineage-serie av instrumenter.<\/p>\n<p>M\u00e5ten vi har oppn\u00e5dd denne nye serien p\u00e5, var \u00e5 inkorporere kunnskapen og designferdighetene til Geneva, samtidig som vi fortsetter \u00e5 sette bransjens m\u00e5lestokk for liveopptreden med en filosofi basert p\u00e5 et partnerskap mellom banebrytende teknologi og tradisjonelt h\u00e5ndverk.<\/p>\n<p>Resultatet har produsert en uovertruffen kvalitet p\u00e5 Bb sopransaksofon i en klasse som tilbyr en l\u00f8sning for avanserte trebl\u00e5sere p\u00e5 deres progressive reise mot profesjonelt musikerskap.<\/p>\n<p>Men igjen anbefaler vi at enhver spiller som s\u00f8ker et avansert trebl\u00e5seinstrument pr\u00f8ver denne Lineage JTP f\u00f8r de tar sitt valg, for n\u00e5r den f\u00f8rst er spilt, glemmes den aldri, spesielt n\u00e5r den sammenlignes med tilsvarende modeller fra de masseproduserte globale merkene.<\/p>\n<p>Nytt instrument leveres med hardcase. Ex-demoer kommer med myk veske <\/p>\n","protected":false},"excerpt":{"rendered":"<p>Geneva-instrumenter &#8211; Bb sopransaksofon &#8211; Lineage JTP &#8211; avansert<\/p>\n<p>&nbsp;<\/p>\n","protected":false},"featured_media":12574,"comment_status":"closed","ping_status":"closed","template":"","meta":{"_acf_changed":false},"product_brand":[192],"product_cat":[788],"product_tag":[831],"class_list":{"0":"post-12568","1":"product","2":"type-product","3":"status-publish","4":"has-post-thumbnail","6":"product_brand-geneva-instruments","7":"product_cat-geneva-lineage","8":"product_tag-sopransaksofon","9":"product_shipping_class-liten","10":"pa_range-lineage-pro-saksofonserie","11":"sales-flash-overlay","12":"woocommerce-text-align-left","13":"woocommerce-image-align-center","14":"do-quantity-buttons","16":"first","17":"instock","18":"taxable","19":"shipping-taxable","20":"purchasable","21":"product-type-variable"},"acf":[],"_links":{"self":[{"href":"https:\/\/genevainstruments.com\/no\/wp-json\/wp\/v2\/product\/12568","targetHints":{"allow":["GET"]}}],"collection":[{"href":"https:\/\/genevainstruments.com\/no\/wp-json\/wp\/v2\/product"}],"about":[{"href":"https:\/\/genevainstruments.com\/no\/wp-json\/wp\/v2\/types\/product"}],"replies":[{"embeddable":true,"href":"https:\/\/genevainstruments.com\/no\/wp-json\/wp\/v2\/comments?post=12568"}],"wp:featuredmedia":[{"embeddable":true,"href":"https:\/\/genevainstruments.com\/no\/wp-json\/wp\/v2\/media\/12574"}],"wp:attachment":[{"href":"https:\/\/genevainstruments.com\/no\/wp-json\/wp\/v2\/media?parent=12568"}],"wp:term":[{"taxonomy":"product_brand","embeddable":true,"href":"https:\/\/genevainstruments.com\/no\/wp-json\/wp\/v2\/product_brand?post=12568"},{"taxonomy":"product_cat","embeddable":true,"href":"https:\/\/genevainstruments.com\/no\/wp-json\/wp\/v2\/product_cat?post=12568"},{"taxonomy":"product_tag","embeddable":true,"href":"https:\/\/genevainstruments.com\/no\/wp-json\/wp\/v2\/product_tag?post=12568"}],"curies":[{"name":"wp","href":"https:\/\/api.w.org\/{rel}","templated":true}]}}