{"id":10436,"date":"2021-01-15T10:35:43","date_gmt":"2021-01-15T10:35:43","guid":{"rendered":"https:\/\/geneva.viacreative.co\/carrinho\/"},"modified":"2025-11-19T08:58:22","modified_gmt":"2025-11-19T08:58:22","slug":"carrinho","status":"publish","type":"page","link":"https:\/\/genevainstruments.com\/pt-pt\/carrinho\/","title":{"rendered":"Carrinho"},"content":{"rendered":"\n<div data-block-name=\"woocommerce\/cart\" class=\"wp-block-woocommerce-cart alignwide is-loading\">\n<div data-block-name=\"woocommerce\/filled-cart-block\" class=\"wp-block-woocommerce-filled-cart-block\">\n<div data-block-name=\"woocommerce\/cart-items-block\" class=\"wp-block-woocommerce-cart-items-block\">\n<div data-block-name=\"woocommerce\/cart-line-items-block\" class=\"wp-block-woocommerce-cart-line-items-block\"><\/div>\n\n\n<\/div>\n\n\n\n\n<div data-block-name=\"woocommerce\/cart-totals-block\" class=\"wp-block-woocommerce-cart-totals-block\">\n<div data-block-name=\"woocommerce\/cart-order-summary-block\" class=\"wp-block-woocommerce-cart-order-summary-block\">\n<div data-block-name=\"woocommerce\/cart-order-summary-heading-block\" class=\"wp-block-woocommerce-cart-order-summary-heading-block\"><\/div><div data-block-name=\"woocommerce\/cart-order-summary-coupon-form-block\" class=\"wp-block-woocommerce-cart-order-summary-coupon-form-block\"><\/div><div data-block-name=\"woocommerce\/cart-order-summary-totals-block\" class=\"wp-block-woocommerce-cart-order-summary-totals-block\">\n<div data-block-name=\"woocommerce\/cart-order-summary-subtotal-block\" class=\"wp-block-woocommerce-cart-order-summary-subtotal-block\"><\/div>\n<div data-block-name=\"woocommerce\/cart-order-summary-discount-block\" class=\"wp-block-woocommerce-cart-order-summary-discount-block\"><\/div>\n<div data-block-name=\"woocommerce\/cart-order-summary-fee-block\" class=\"wp-block-woocommerce-cart-order-summary-fee-block\"><\/div>\n<div data-block-name=\"woocommerce\/cart-order-summary-shipping-block\" class=\"wp-block-woocommerce-cart-order-summary-shipping-block\"><\/div>\n<div data-block-name=\"woocommerce\/cart-order-summary-taxes-block\" class=\"wp-block-woocommerce-cart-order-summary-taxes-block\"><\/div><\/div>\n<\/div>\n\n\n\n<div data-block-name=\"woocommerce\/cart-express-payment-block\" class=\"wp-block-woocommerce-cart-express-payment-block\"><\/div>\n\n\n\n<div data-block-name=\"woocommerce\/proceed-to-checkout-block\" class=\"wp-block-woocommerce-proceed-to-checkout-block\"><\/div>\n\n\n\n<div data-block-name=\"woocommerce\/cart-accepted-payment-methods-block\" class=\"wp-block-woocommerce-cart-accepted-payment-methods-block\"><\/div>\n<\/div>\n<\/div>\n\n\n\n<div data-block-name=\"woocommerce\/empty-cart-block\" class=\"wp-block-woocommerce-empty-cart-block\">\n<h2 class=\"wp-block-heading has-text-align-center with-empty-cart-icon wc-block-cart__empty-cart__title\">O seu carrinho est\u00e1 vazio!<\/h2>\n\n\n\n<hr class=\"wp-block-separator has-alpha-channel-opacity is-style-dots\"\/>\n\n\n\n<h2 class=\"wp-block-heading has-text-align-center\">Novo na loja<\/h2>\n\n\n<div data-block-name=\"woocommerce\/product-new\" data-columns=\"4\" data-rows=\"1\" class=\"wc-block-grid wp-block-product-new wp-block-woocommerce-product-new wc-block-product-new has-4-columns\"><ul class=\"wc-block-grid__products\"><li class=\"wc-block-grid__product\">\n\t\t\t\t<a href=\"https:\/\/genevainstruments.com\/pt-pt\/produto\/trompete-piccolo-bb-a-geneva-cardinal\/\" class=\"wc-block-grid__product-link\">\n\t\t\t\t\t\n\t\t\t\t\t<div class=\"wc-block-grid__product-image\"><img loading=\"lazy\" decoding=\"async\" width=\"600\" height=\"800\" src=\"https:\/\/genevainstruments.com\/wp-content\/uploads\/2024\/09\/geneva_laq-symphony-piccolo-trumpet-bba-600x800.jpg\" class=\"attachment-woocommerce_thumbnail size-woocommerce_thumbnail\" alt=\"Trompete piccolo\" srcset=\"https:\/\/genevainstruments.com\/wp-content\/uploads\/2024\/09\/geneva_laq-symphony-piccolo-trumpet-bba-600x800.jpg 600w, https:\/\/genevainstruments.com\/wp-content\/uploads\/2024\/09\/geneva_laq-symphony-piccolo-trumpet-bba-450x600.jpg 450w, https:\/\/genevainstruments.com\/wp-content\/uploads\/2024\/09\/geneva_laq-symphony-piccolo-trumpet-bba-300x400.jpg 300w, https:\/\/genevainstruments.com\/wp-content\/uploads\/2024\/09\/geneva_laq-symphony-piccolo-trumpet-bba-210x280.jpg 210w, https:\/\/genevainstruments.com\/wp-content\/uploads\/2024\/09\/geneva_laq-symphony-piccolo-trumpet-bba.jpg 645w\" sizes=\"auto, (max-width: 600px) 100vw, 600px\" \/><\/div>\n\t\t\t\t\t<div class=\"wc-block-grid__product-title\">Trompete piccolo Bb\/a &#8211; Geneva Cardinal<\/div>\n\t\t\t\t<\/a>\n\t\t\t\t<div class=\"wc-block-grid__product-price price\"><span class=\"woocommerce-Price-amount amount\"><bdi><span class=\"woocommerce-Price-currencySymbol\">&pound;<\/span>2,875.42<\/bdi><\/span> <small class=\"woocommerce-price-suffix\">Ex VAT &amp; Shipping (Enter Billing Address in Checkout for No Obligation Quote)<\/small><\/div>\n\t\t\t\t\n\t\t\t\t<div class=\"wp-block-button wc-block-grid__product-add-to-cart\"><a href=\"https:\/\/genevainstruments.com\/pt-pt\/produto\/trompete-piccolo-bb-a-geneva-cardinal\/\" aria-label=\"Seleccione as op\u00e7\u00f5es para &ldquo;Trompete piccolo Bb\/a - Geneva Cardinal&rdquo;\" data-quantity=\"1\" data-product_id=\"11502\" data-product_sku=\"\" data-price=\"2875.42\" rel=\"nofollow\" class=\"wp-block-button__link  add_to_cart_button\">Selecionar op\u00e7\u00f5es<\/a><\/div>\n\t\t\t<\/li><li class=\"wc-block-grid__product\">\n\t\t\t\t<a href=\"https:\/\/genevainstruments.com\/pt-pt\/produto\/trompete-em-do-geneva-cardinal\/\" class=\"wc-block-grid__product-link\">\n\t\t\t\t\t\n\t\t\t\t\t<div class=\"wc-block-grid__product-image\"><img loading=\"lazy\" decoding=\"async\" width=\"600\" height=\"800\" src=\"https:\/\/genevainstruments.com\/wp-content\/uploads\/2024\/10\/geneva_laq-symphony-trumpet-c-600x800.jpg\" class=\"attachment-woocommerce_thumbnail size-woocommerce_thumbnail\" alt=\"Trompete em D\u00f3 Geneva\" srcset=\"https:\/\/genevainstruments.com\/wp-content\/uploads\/2024\/10\/geneva_laq-symphony-trumpet-c-600x800.jpg 600w, https:\/\/genevainstruments.com\/wp-content\/uploads\/2024\/10\/geneva_laq-symphony-trumpet-c-450x600.jpg 450w, https:\/\/genevainstruments.com\/wp-content\/uploads\/2024\/10\/geneva_laq-symphony-trumpet-c-300x400.jpg 300w, https:\/\/genevainstruments.com\/wp-content\/uploads\/2024\/10\/geneva_laq-symphony-trumpet-c-210x280.jpg 210w, https:\/\/genevainstruments.com\/wp-content\/uploads\/2024\/10\/geneva_laq-symphony-trumpet-c.jpg 750w\" sizes=\"auto, (max-width: 600px) 100vw, 600px\" \/><\/div>\n\t\t\t\t\t<div class=\"wc-block-grid__product-title\">Trompete em D\u00f3 &#8211; Geneva Cardinal<\/div>\n\t\t\t\t<\/a>\n\t\t\t\t<div class=\"wc-block-grid__product-price price\"><span class=\"woocommerce-Price-amount amount\"><bdi><span class=\"woocommerce-Price-currencySymbol\">&pound;<\/span>2,791.67<\/bdi><\/span> <small class=\"woocommerce-price-suffix\">Ex VAT &amp; Shipping (Enter Billing Address in Checkout for No Obligation Quote)<\/small><\/div>\n\t\t\t\t\n\t\t\t\t<div class=\"wp-block-button wc-block-grid__product-add-to-cart\"><a href=\"https:\/\/genevainstruments.com\/pt-pt\/produto\/trompete-em-do-geneva-cardinal\/\" aria-label=\"Seleccione as op\u00e7\u00f5es para &ldquo;Trompete em D\u00f3 - Geneva Cardinal&rdquo;\" data-quantity=\"1\" data-product_id=\"11837\" data-product_sku=\"\" data-price=\"2791.67\" rel=\"nofollow\" class=\"wp-block-button__link  add_to_cart_button\">Selecionar op\u00e7\u00f5es<\/a><\/div>\n\t\t\t<\/li><li class=\"wc-block-grid__product\">\n\t\t\t\t<a href=\"https:\/\/genevainstruments.com\/pt-pt\/produto\/cornet-bb-geneva-cardinal\/\" class=\"wc-block-grid__product-link\">\n\t\t\t\t\t\n\t\t\t\t\t<div class=\"wc-block-grid__product-image\"><img loading=\"lazy\" decoding=\"async\" width=\"600\" height=\"800\" src=\"https:\/\/genevainstruments.com\/wp-content\/uploads\/2024\/10\/geneva_cardinal_cornet_lacquer_1789-600x800.jpg\" class=\"attachment-woocommerce_thumbnail size-woocommerce_thumbnail\" alt=\"Cornet Bb cardinal\" srcset=\"https:\/\/genevainstruments.com\/wp-content\/uploads\/2024\/10\/geneva_cardinal_cornet_lacquer_1789-600x800.jpg 600w, https:\/\/genevainstruments.com\/wp-content\/uploads\/2024\/10\/geneva_cardinal_cornet_lacquer_1789-450x600.jpg 450w, https:\/\/genevainstruments.com\/wp-content\/uploads\/2024\/10\/geneva_cardinal_cornet_lacquer_1789-900x1200.jpg 900w, https:\/\/genevainstruments.com\/wp-content\/uploads\/2024\/10\/geneva_cardinal_cornet_lacquer_1789-300x400.jpg 300w, https:\/\/genevainstruments.com\/wp-content\/uploads\/2024\/10\/geneva_cardinal_cornet_lacquer_1789-768x1024.jpg 768w, https:\/\/genevainstruments.com\/wp-content\/uploads\/2024\/10\/geneva_cardinal_cornet_lacquer_1789-1152x1536.jpg 1152w, https:\/\/genevainstruments.com\/wp-content\/uploads\/2024\/10\/geneva_cardinal_cornet_lacquer_1789-1536x2048.jpg 1536w, https:\/\/genevainstruments.com\/wp-content\/uploads\/2024\/10\/geneva_cardinal_cornet_lacquer_1789-1000x1333.jpg 1000w, https:\/\/genevainstruments.com\/wp-content\/uploads\/2024\/10\/geneva_cardinal_cornet_lacquer_1789-210x280.jpg 210w, https:\/\/genevainstruments.com\/wp-content\/uploads\/2024\/10\/geneva_cardinal_cornet_lacquer_1789.jpg 1800w\" sizes=\"auto, (max-width: 600px) 100vw, 600px\" \/><\/div>\n\t\t\t\t\t<div class=\"wc-block-grid__product-title\">Cornet Bb &#8211; Geneva cardinal<\/div>\n\t\t\t\t<\/a>\n\t\t\t\t<div class=\"wc-block-grid__product-price price\"><span class=\"woocommerce-Price-amount amount\" aria-hidden=\"true\"><bdi><span class=\"woocommerce-Price-currencySymbol\">&pound;<\/span>3,079.17<\/bdi><\/span> <span aria-hidden=\"true\">&ndash;<\/span> <span class=\"woocommerce-Price-amount amount\" aria-hidden=\"true\"><bdi><span class=\"woocommerce-Price-currencySymbol\">&pound;<\/span>3,411.67<\/bdi><\/span><span class=\"screen-reader-text\">Price range: &pound;3,079.17 through &pound;3,411.67<\/span> <small class=\"woocommerce-price-suffix\">Ex VAT &amp; Shipping (Enter Billing Address in Checkout for No Obligation Quote)<\/small><\/div>\n\t\t\t\t\n\t\t\t\t<div class=\"wp-block-button wc-block-grid__product-add-to-cart\"><a href=\"https:\/\/genevainstruments.com\/pt-pt\/produto\/cornet-bb-geneva-cardinal\/\" aria-label=\"Seleccione as op\u00e7\u00f5es para &ldquo;Cornet Bb - Geneva cardinal&rdquo;\" data-quantity=\"1\" data-product_id=\"10893\" data-product_sku=\"G4\/BCNT\/CA-1\" data-price=\"3079.17\" rel=\"nofollow\" class=\"wp-block-button__link  add_to_cart_button\">Selecionar op\u00e7\u00f5es<\/a><\/div>\n\t\t\t<\/li><li class=\"wc-block-grid__product\">\n\t\t\t\t<a href=\"https:\/\/genevainstruments.com\/pt-pt\/produto\/tuba-eeb-geneva-cardinal-jc\/\" class=\"wc-block-grid__product-link\">\n\t\t\t\t\t\n\t\t\t\t\t<div class=\"wc-block-grid__product-image\"><img loading=\"lazy\" decoding=\"async\" width=\"600\" height=\"800\" src=\"https:\/\/genevainstruments.com\/wp-content\/uploads\/2024\/09\/geneva_cardinal-eeb_tuba-600x800.png\" class=\"attachment-woocommerce_thumbnail size-woocommerce_thumbnail\" alt=\"Tuba EEb Geneva cardinal\" srcset=\"https:\/\/genevainstruments.com\/wp-content\/uploads\/2024\/09\/geneva_cardinal-eeb_tuba-600x800.png 600w, https:\/\/genevainstruments.com\/wp-content\/uploads\/2024\/09\/geneva_cardinal-eeb_tuba-450x600.png 450w, https:\/\/genevainstruments.com\/wp-content\/uploads\/2024\/09\/geneva_cardinal-eeb_tuba-300x400.png 300w, https:\/\/genevainstruments.com\/wp-content\/uploads\/2024\/09\/geneva_cardinal-eeb_tuba-210x280.png 210w, https:\/\/genevainstruments.com\/wp-content\/uploads\/2024\/09\/geneva_cardinal-eeb_tuba.png 750w\" sizes=\"auto, (max-width: 600px) 100vw, 600px\" \/><\/div>\n\t\t\t\t\t<div class=\"wc-block-grid__product-title\">Tuba EEb &#8211; Geneva cardinal JC<\/div>\n\t\t\t\t<\/a>\n\t\t\t\t<div class=\"wc-block-grid__product-price price\"><span class=\"woocommerce-Price-amount amount\"><bdi><span class=\"woocommerce-Price-currencySymbol\">&pound;<\/span>10,416.67<\/bdi><\/span> <small class=\"woocommerce-price-suffix\">Ex VAT &amp; Shipping (Enter Billing Address in Checkout for No Obligation Quote)<\/small><\/div>\n\t\t\t\t\n\t\t\t\t<div class=\"wp-block-button wc-block-grid__product-add-to-cart\"><a href=\"https:\/\/genevainstruments.com\/pt-pt\/produto\/tuba-eeb-geneva-cardinal-jc\/\" aria-label=\"Seleccione as op\u00e7\u00f5es para &ldquo;Tuba EEb - Geneva cardinal JC&rdquo;\" data-quantity=\"1\" data-product_id=\"11934\" data-product_sku=\"\" data-price=\"10416.67\" rel=\"nofollow\" class=\"wp-block-button__link  add_to_cart_button\">Selecionar op\u00e7\u00f5es<\/a><\/div>\n\t\t\t<\/li><\/ul><\/div><\/div>\n<\/div>\n","protected":false},"excerpt":{"rendered":"","protected":false},"author":1,"featured_media":0,"parent":0,"menu_order":15,"comment_status":"closed","ping_status":"closed","template":"","meta":{"_acf_changed":false,"footnotes":""},"class_list":["post-10436","page","type-page","status-publish"],"acf":[],"_links":{"self":[{"href":"https:\/\/genevainstruments.com\/pt-pt\/wp-json\/wp\/v2\/pages\/10436","targetHints":{"allow":["GET"]}}],"collection":[{"href":"https:\/\/genevainstruments.com\/pt-pt\/wp-json\/wp\/v2\/pages"}],"about":[{"href":"https:\/\/genevainstruments.com\/pt-pt\/wp-json\/wp\/v2\/types\/page"}],"author":[{"embeddable":true,"href":"https:\/\/genevainstruments.com\/pt-pt\/wp-json\/wp\/v2\/users\/1"}],"replies":[{"embeddable":true,"href":"https:\/\/genevainstruments.com\/pt-pt\/wp-json\/wp\/v2\/comments?post=10436"}],"version-history":[{"count":0,"href":"https:\/\/genevainstruments.com\/pt-pt\/wp-json\/wp\/v2\/pages\/10436\/revisions"}],"wp:attachment":[{"href":"https:\/\/genevainstruments.com\/pt-pt\/wp-json\/wp\/v2\/media?parent=10436"}],"curies":[{"name":"wp","href":"https:\/\/api.w.org\/{rel}","templated":true}]}}