{"id":12599,"date":"2025-05-09T08:37:15","date_gmt":"2025-05-09T07:37:15","guid":{"rendered":"https:\/\/geneva.viacreative.co\/ganhe-um-quarteto-de-cardinals\/"},"modified":"2025-12-29T17:31:09","modified_gmt":"2025-12-29T17:31:09","slug":"ganhe-um-quarteto-de-cardinals","status":"publish","type":"page","link":"https:\/\/genevainstruments.com\/pt-pt\/ganhe-um-quarteto-de-cardinals\/","title":{"rendered":"Quarteto de Cardeais Concurso \u2013 Atualiza\u00e7\u00e3o"},"content":{"rendered":"<div class=\"gb-container gb-container-281ff18e alignfull\">\n<div class=\"gb-container gb-container-c48a3e65\">\n\n<h3 class=\"gb-headline gb-headline-6af4d3d1 gb-headline-text\">O Concurso Quarteto de Cardeais est\u00e1 agora oficialmente encerrado.<\/h3>\n\n\n\n<p class=\"gb-headline gb-headline-c3449f9f gb-headline-text\">A celebrar um Quarto de S\u00e9culo (2000-2025) de #ProgressoEmJogo<\/p>\n\n<\/div>\n\n<div class=\"gb-container gb-container-1d08b1d3\">\n\n<a class=\"gb-button gb-button-8caab664 smooth-scroll via-scroll\" href=\"#win\"><span class=\"gb-icon\"><svg xmlns:xlink=\"http:\/\/www.w3.org\/1999\/xlink\" xmlns=\"http:\/\/www.w3.org\/2000\/svg\" version=\"1.1\" viewbox=\"0 0 16 16\" height=\"48px\" width=\"48px\">\n  <rect fill=\"none\" id=\"icon-bound\" height=\"16\" width=\"16\"><\/rect>\n  <polygon points=\"8,13 0,5 16,5\"><\/polygon>\n<\/svg><\/span><\/a>\n\n<\/div>\n<\/div><div class=\"gb-container gb-container-8dfae3e5 alignfull\" id=\"win\">\n<div class=\"gb-container gb-container-dcbdf667\">\n\n<h2 class=\"gb-headline gb-headline-755ad35e gb-headline-text\">Concursos que permitem aos m\u00fasicos atingir o seu verdadeiro potencial<\/h2>\n\n\n\n<p class=\"gb-headline gb-headline-83910334 gb-headline-text\">Temos o prazer de confirmar que o concurso Quarteto de Cardeais de 2025 atraiu uma enorme resposta, com inscri\u00e7\u00f5es recebidas de m\u00fasicos de metais de todos os cantos do mundo, cada um inscrevendo a sua banda de metais para este pr\u00e9mio \u00fanico e prestigiado.<br><\/p>\n\n\n\n<p>O sorteio realizou-se a 29 de dezembro. A banda vencedora foi contactada diretamente e convidada a aceitar o pr\u00e9mio, sujeito aos termos e condi\u00e7\u00f5es do concurso. Ap\u00f3s a aceita\u00e7\u00e3o, um representante da banda vencedora ser\u00e1 convidado a comparecer no European Brass Band Championships (EBBC) em Linz, onde o Quarteto de Cardeais ser\u00e1 apresentado no stand da Geneva Instruments. Caso a compar\u00eancia no EBBC n\u00e3o seja poss\u00edvel, ser\u00e3o feitos preparativos alternativos para a apresenta\u00e7\u00e3o.   <\/p>\n\n\n\n<p><br\/>Se a banda selecionada optar por n\u00e3o aceitar o pr\u00e9mio nas condi\u00e7\u00f5es de concurso prescritas abaixo, o pr\u00e9mio ser\u00e1 novamente sorteado do conjunto original de participantes eleg\u00edveis. Gostar\u00edamos de expressar os nossos sinceros agradecimentos a todas as bandas e m\u00fasicos que participaram no concurso e ajudaram a torn\u00e1-lo um sucesso. <\/p>\n\n\n\n<p>Este concurso foi realizado como um Concurso de Pr\u00e9mios e executado de acordo com as leis de Inglaterra e do Pa\u00eds de Gales, incluindo as disposi\u00e7\u00f5es relevantes da Lei do Jogo de 2005.<\/p>\n\n\n\n<h2 class=\"gb-headline gb-headline-cf781719 gb-headline-text\">Fique atento, pois o <a href=\"https:\/\/genevainstruments.com\/pt-pt\/fundacao-musical-geneva\/\" data-type=\"page\" data-id=\"10038\">Quarteto de Cardeais<\/a> 2026 regressar\u00e1 e ser\u00e1 lan\u00e7ado a 25 de abril de 2026 no EBBC<\/h2>\n\n\n\n<p>Olhando para o futuro, temos o prazer de anunciar que, em 2026, o Concurso Quarteto de Cardeais regressar\u00e1 com um novo formato emocionante. Para al\u00e9m do formul\u00e1rio de inscri\u00e7\u00e3o normal, as bandas ser\u00e3o convidadas a apresentar um pequeno v\u00eddeo como parte da sua inscri\u00e7\u00e3o \u2014 mais detalhes a seguir oportunamente. <\/p>\n\n<\/div>\n<\/div><div class=\"gb-container gb-container-8d9923a0 alignfull\"><\/div><div class=\"gb-container gb-container-0ba3f97d alignfull\" id=\"enter\"><\/div><div class=\"gb-container gb-container-4f567e77 alignfull\">\n<div class=\"gb-container gb-container-3d4b7b3d\">\n\n<h2 class=\"gb-headline gb-headline-8c6ded3b gb-headline-text\">Quarteto de Cardeais 2025 Termos e Condi\u00e7\u00f5es do Concurso<\/h2>\n\n\n\n<ol class=\"wp-block-list\">\n<li>O concurso est\u00e1 aberto a qualquer Banda de Metais tradicional no mundo, ou seja, aqueles conjuntos de metais que utilizam uma combina\u00e7\u00e3o de Cornetim, Fliscorne, Trompa Tenor, Bar\u00edtono, Euf\u00f3nio e Tuba<\/li>\n\n\n\n<li>Para participar no sorteio, a pessoa que inscrever a sua Banda de Metais para &#8216;Ganhar Um Quarteto de Instrumentos Cardinal&#8217; deve:\n<ul class=\"wp-block-list\">\n<li>Ser um membro ativo da Banda de Metais<\/li>\n\n\n\n<li>Preencher todo o formul\u00e1rio de inscri\u00e7\u00e3o e responder corretamente \u00e0 pergunta<\/li>\n\n\n\n<li>Introduzir os seus dados de contacto e os da sua Banda de Metais<\/li>\n<\/ul>\n<\/li>\n\n\n\n<li>25 inscri\u00e7\u00f5es no m\u00e1ximo por Banda de Metais<\/li>\n\n\n\n<li>O concurso estar\u00e1 aberto de 9 de maio de 2025 a 15 de dezembro de 2025<\/li>\n\n\n\n<li>O sorteio ser\u00e1 a 20 de dezembro de 2025<\/li>\n\n\n\n<li>A Banda de Metais vencedora receber\u00e1:\n<ul class=\"wp-block-list\">\n<li>1 x Cornetim em Si bemol Cardinal<\/li>\n\n\n\n<li>1 x Fliscorne em Si bemol Cardinal<\/li>\n\n\n\n<li>1 x Trompa Tenor em Mi bemol Cardinal<\/li>\n\n\n\n<li>1 x Euf\u00f3nio em Si bemol Cardinal<\/li>\n<\/ul>\n<\/li>\n\n\n\n<li>A Banda vencedora concorda em comprometer-se:\n<ul class=\"wp-block-list\">\n<li>A tocar e manter o Quarteto de Instrumentos Cardinal nas suas atua\u00e7\u00f5es da Banda de Metais durante um m\u00ednimo de 2 anos ap\u00f3s a rece\u00e7\u00e3o<\/li>\n\n\n\n<li>A permitir e ajudar a Geneva Instruments a promover a atividade da sua Banda de Metais atrav\u00e9s de comunicados de imprensa conjuntos nos 2 anos ap\u00f3s a rece\u00e7\u00e3o<\/li>\n\n\n\n<li>Se a Banda n\u00e3o puder cumprir o acordo em qualquer parte antes ou ap\u00f3s a rece\u00e7\u00e3o, ent\u00e3o os instrumentos ser\u00e3o devolvidos \u00e0 Geneva Instruments e um novo sorteio ir\u00e1 atribu\u00ed-los a outra Banda de Metais que tenha participado no concurso original<\/li>\n\n\n\n<li>Ap\u00f3s a conclus\u00e3o dos 2 anos, os instrumentos tornar-se-\u00e3o propriedade sem restri\u00e7\u00f5es da Banda de Metais detentora.<\/li>\n<\/ul>\n<\/li>\n<\/ol>\n\n<\/div>\n<\/div>","protected":false},"excerpt":{"rendered":"<p>O Concurso Quarteto de Cardeais est\u00e1 agora oficialmente encerrado. A celebrar um Quarto de S\u00e9culo (2000-2025) de #ProgressoEmJogo Concursos que permitem aos m\u00fasicos atingir o seu verdadeiro potencial Temos o prazer de confirmar que o concurso Quarteto de Cardeais de 2025 atraiu uma enorme resposta, com inscri\u00e7\u00f5es recebidas de m\u00fasicos de metais de todos os &#8230; <a title=\"Quarteto de Cardeais Concurso \u2013 Atualiza\u00e7\u00e3o\" class=\"read-more\" href=\"https:\/\/genevainstruments.com\/pt-pt\/ganhe-um-quarteto-de-cardinals\/\" aria-label=\"Leia mais sobre Quarteto de Cardeais Concurso \u2013 Atualiza\u00e7\u00e3o\">Ler mais<\/a><\/p>\n","protected":false},"author":1,"featured_media":12601,"parent":0,"menu_order":0,"comment_status":"closed","ping_status":"closed","template":"","meta":{"_acf_changed":false,"footnotes":""},"class_list":["post-12599","page","type-page","status-publish","has-post-thumbnail"],"acf":[],"_links":{"self":[{"href":"https:\/\/genevainstruments.com\/pt-pt\/wp-json\/wp\/v2\/pages\/12599","targetHints":{"allow":["GET"]}}],"collection":[{"href":"https:\/\/genevainstruments.com\/pt-pt\/wp-json\/wp\/v2\/pages"}],"about":[{"href":"https:\/\/genevainstruments.com\/pt-pt\/wp-json\/wp\/v2\/types\/page"}],"author":[{"embeddable":true,"href":"https:\/\/genevainstruments.com\/pt-pt\/wp-json\/wp\/v2\/users\/1"}],"replies":[{"embeddable":true,"href":"https:\/\/genevainstruments.com\/pt-pt\/wp-json\/wp\/v2\/comments?post=12599"}],"version-history":[{"count":6,"href":"https:\/\/genevainstruments.com\/pt-pt\/wp-json\/wp\/v2\/pages\/12599\/revisions"}],"predecessor-version":[{"id":19413,"href":"https:\/\/genevainstruments.com\/pt-pt\/wp-json\/wp\/v2\/pages\/12599\/revisions\/19413"}],"wp:featuredmedia":[{"embeddable":true,"href":"https:\/\/genevainstruments.com\/pt-pt\/wp-json\/wp\/v2\/media\/12601"}],"wp:attachment":[{"href":"https:\/\/genevainstruments.com\/pt-pt\/wp-json\/wp\/v2\/media?parent=12599"}],"curies":[{"name":"wp","href":"https:\/\/api.w.org\/{rel}","templated":true}]}}