{"id":18989,"date":"2021-02-16T16:44:56","date_gmt":"2021-02-16T16:44:56","guid":{"rendered":"https:\/\/genevainstruments.com\/politica-de-privacidade\/"},"modified":"2025-12-02T16:36:32","modified_gmt":"2025-12-02T16:36:32","slug":"politica-de-privacidade","status":"publish","type":"page","link":"https:\/\/genevainstruments.com\/pt-pt\/politica-de-privacidade\/","title":{"rendered":"Pol\u00edtica de Privacidade"},"content":{"rendered":"<div class=\"gb-container gb-container-3a14c50b alignfull\">\n<div class=\"gb-container gb-container-edda4908\">\n\n<h2 class=\"gb-headline gb-headline-ed203461 gb-headline-text\">Aviso de Privacidade do Website e da Empresa<\/h2>\n\n\n\n<p class=\"gb-headline gb-headline-66f80ce9 gb-headline-text\">Este \u00e9 o aviso de privacidade da Geneva Instruments.<\/p>\n\n\n\n<p class=\"gb-headline gb-headline-bf623d36 gb-headline-text\">Neste documento, &#8220;n\u00f3s&#8221; refere-se \u00e0 Geneva Instruments (incorporando a Geneva Brasswind Ltd e a Geneva Instruments Ltd).<\/p>\n\n\n\n<p class=\"gb-headline gb-headline-341aa9aa gb-headline-text\">O nosso escrit\u00f3rio registado situa-se em Biz Hub Tees Valley, Belasis Hall Business Centre, Coxwold Way, TS23 4EA.<\/p>\n\n\n\n<h3 class=\"gb-headline gb-headline-b89c877c gb-headline-text\">Introdu\u00e7\u00e3o<\/h3>\n\n\n\n<p>Este \u00e9 um aviso para o informar sobre a nossa pol\u00edtica relativa a todas as informa\u00e7\u00f5es que registamos sobre si. Estabelece as condi\u00e7\u00f5es sob as quais podemos processar quaisquer informa\u00e7\u00f5es que recolhemos de si, ou que nos fornece. Abrange informa\u00e7\u00f5es que o possam identificar (&#8220;informa\u00e7\u00f5es pessoais&#8221;) e informa\u00e7\u00f5es sobre si caso adquira instrumentos ou acess\u00f3rios da nossa empresa.  <\/p>\n\n\n\n<p>Lamentamos se houver um ou mais pontos abaixo com os quais n\u00e3o esteja satisfeito. Nesse caso, entre em contacto com a Geneva Instruments atrav\u00e9s da p\u00e1gina de contacto do website.<\/p>\n\n\n\n<p>Levamos a s\u00e9rio a prote\u00e7\u00e3o da sua privacidade e confidencialidade. Compreendemos que todos os visitantes do nosso website t\u00eam o direito de saber que os seus dados pessoais n\u00e3o ser\u00e3o utilizados para outros fins que n\u00e3o sejam a entrega de Instrumentos e n\u00e3o ser\u00e3o partilhados com terceiros. <\/p>\n\n\n\n<p>Comprometemo-nos a preservar a confidencialidade de todas as informa\u00e7\u00f5es que fornecer ao Grupo Geneva.<\/p>\n\n\n\n<p>A nossa pol\u00edtica est\u00e1 em conformidade com a legisla\u00e7\u00e3o do Reino Unido implementada em conformidade.<\/p>\n\n\n\n<p>A lei exige que o informemos sobre os seus direitos e as nossas obriga\u00e7\u00f5es para consigo no que diz respeito ao processamento e controlo dos seus dados pessoais. Fazemo-lo agora, solicitando que leia as informa\u00e7\u00f5es fornecidas em <a href=\"https:\/\/www.knowyourprivacyrights.org\/\" rel=\"noopener\">www.knowyourprivacyrights.org<\/a> <\/p>\n\n\n\n<p>Exceto conforme indicado abaixo, n\u00e3o partilhamos, vendemos ou divulgamos a terceiros.<\/p>\n\n\n\n<p>As bases sobre as quais processamos informa\u00e7\u00f5es sobre si<\/p>\n\n\n\n<p>A lei exige-nos que determinemos sob quais das seis bases definidas processamos diferentes categorias das suas informa\u00e7\u00f5es pessoais, para a Geneva Instruments.<\/p>\n\n\n\n<p>Se uma base sobre a qual processamos as suas informa\u00e7\u00f5es pessoais j\u00e1 n\u00e3o for relevante.<\/p>\n\n\n\n<p>Se a base mudar, ent\u00e3o, se exigido por lei, iremos notific\u00e1-lo da mudan\u00e7a e de qualquer nova base.<\/p>\n\n\n\n<p>Informa\u00e7\u00f5es que processamos porque temos uma obriga\u00e7\u00e3o contratual consigo<\/p>\n\n\n\n<p>Quando compra um produto ou servi\u00e7o nosso, ou concorda de outra forma com os nossos termos e condi\u00e7\u00f5es para o Grupo Geneva.<\/p>\n\n\n\n<p>Para cumprir as nossas obriga\u00e7\u00f5es ao abrigo desse contrato, devemos processar as informa\u00e7\u00f5es que nos fornece.<\/p>\n\n\n\n<p>Podemos utiliz\u00e1-las para:<\/p>\n\n\n\n<ol class=\"wp-block-list\">\n<li>verificar a sua identidade por motivos de seguran\u00e7a<\/li>\n\n\n\n<li>vender-lhe produtos<\/li>\n\n\n\n<li>fornecer-lhe os nossos servi\u00e7os<\/li>\n\n\n\n<li>fornecer-lhe sugest\u00f5es e conselhos sobre produtos e servi\u00e7os.<\/li>\n<\/ol>\n\n\n\n<p>Processamos estas informa\u00e7\u00f5es com base na exist\u00eancia de um contrato entre n\u00f3s, ou no facto de ter solicitado mercadorias ou informa\u00e7\u00f5es.<\/p>\n\n\n\n<p>Al\u00e9m disso, podemos agregar estas informa\u00e7\u00f5es de forma geral e utiliz\u00e1-las para fornecer informa\u00e7\u00f5es de classe, por exemplo, para monitorizar o nosso desempenho em rela\u00e7\u00e3o ao servi\u00e7o que prestamos.<\/p>\n\n\n\n<p>Continuaremos a processar estas informa\u00e7\u00f5es at\u00e9 que o contrato entre n\u00f3s termine ou seja rescindido.<\/p>\n\n\n\n<h3 class=\"gb-headline gb-headline-a3427af8 gb-headline-text\">Informa\u00e7\u00f5es que processamos com o seu consentimento<\/h3>\n\n\n\n<p>Atrav\u00e9s de determinadas a\u00e7\u00f5es, quando n\u00e3o existe uma rela\u00e7\u00e3o contratual entre n\u00f3s, como quando navega no nosso website ou nos pede mais informa\u00e7\u00f5es sobre o nosso neg\u00f3cio, incluindo instrumentos, manuten\u00e7\u00e3o de instrumentos e acess\u00f3rios.<\/p>\n\n\n\n<p>Sempre que poss\u00edvel, procuramos obter o seu consentimento expl\u00edcito para processar estas informa\u00e7\u00f5es.<\/p>\n\n\n\n<p>Por vezes, poder\u00e1 dar o seu consentimento implicitamente, como quando nos envia uma mensagem por e-mail atrav\u00e9s do website.<\/p>\n\n\n\n<p>Exceto nos casos em que tenha consentido a utiliza\u00e7\u00e3o das suas informa\u00e7\u00f5es para um fim espec\u00edfico, n\u00e3o utilizamos as suas informa\u00e7\u00f5es de forma a identific\u00e1-lo pessoalmente. Podemos agreg\u00e1-las de forma geral para continuar a fornecer-lhe o melhor servi\u00e7o poss\u00edvel. <\/p>\n\n\n\n<p>Continuamos a processar as suas informa\u00e7\u00f5es nesta base at\u00e9 que retire o seu consentimento, ou possam ser utilizadas para o informar sobre ofertas especiais, descontos ou novos produtos.<\/p>\n\n\n\n<p>Pode retirar o seu consentimento a qualquer momento, instruindo-nos em <a href=\"https:\/\/genevainstruments.com\/pt-pt\/\">GenevaInstruments.com<\/a>.<\/p>\n\n\n\n<h3 class=\"gb-headline gb-headline-7ba1939a gb-headline-text\">Informa\u00e7\u00f5es que processamos para fins de interesses leg\u00edtimos<\/h3>\n\n\n\n<p>Podemos processar informa\u00e7\u00f5es com base num interesse leg\u00edtimo, seja para produtos ou informa\u00e7\u00f5es.<\/p>\n\n\n\n<p>Quando processamos as suas informa\u00e7\u00f5es nesta base, fazemo-lo no seu interesse para o informar sobre eventos ou novos produtos:<\/p>\n\n\n\n<p>Por exemplo, podemos processar os seus dados para o informar sobre um workshop de instrumentos de sopro na sua \u00e1rea, manter registos para a administra\u00e7\u00e3o adequada e necess\u00e1ria de instrumentos e acess\u00f3rios, responder a comunica\u00e7\u00f5es n\u00e3o solicitadas que recebemos de si relacionadas com produtos ou mercadorias, proteger e afirmar os direitos legais de qualquer parte.<\/p>\n\n\n\n<p>fazer seguros ou obter aconselhamento profissional necess\u00e1rio para ajudar ou assistir no seu inqu\u00e9rito<\/p>\n\n\n\n<p>proteger os seus interesses quando acreditamos ter a obriga\u00e7\u00e3o de o fazer<\/p>\n\n\n\n<h3 class=\"gb-headline gb-headline-b8c1c4b9 gb-headline-text\">Informa\u00e7\u00f5es que processamos porque temos uma obriga\u00e7\u00e3o legal<\/h3>\n\n\n\n<p>Estamos sujeitos \u00e0 lei como todos os outros. Por vezes, podemos ter de processar o seu endere\u00e7o ou informa\u00e7\u00f5es de e-mail. <\/p>\n\n\n\n<p>Por exemplo, podemos ser obrigados a fornecer informa\u00e7\u00f5es \u00e0s autoridades legais se estas o solicitarem ou se tiverem interesse num indiv\u00edduo. Isto pode incluir as suas informa\u00e7\u00f5es pessoais. <\/p>\n\n\n\n<h3 class=\"gb-headline gb-headline-2932f599 gb-headline-text\">Utiliza\u00e7\u00f5es espec\u00edficas das informa\u00e7\u00f5es que nos fornece<\/h3>\n\n\n\n<p>Informa\u00e7\u00f5es fornecidas no entendimento de que ser\u00e3o partilhadas com terceiros.<\/p>\n\n\n\n<p>O nosso website n\u00e3o permite que publique informa\u00e7\u00f5es.<\/p>\n\n\n\n<p>Reclama\u00e7\u00f5es relativas ao conte\u00fado do nosso website.<\/p>\n\n\n\n<p>O nosso website \u00e9 um meio de publica\u00e7\u00e3o, mas o conte\u00fado n\u00e3o pode ser publicado por terceiros.<\/p>\n\n\n\n<p>Se reclamar sobre qualquer conte\u00fado encontrado em <a href=\"https:\/\/genevainstruments.com\/pt-pt\/\">GenevaInstruments.com<\/a>, ent\u00e3o investigaremos e, se acharmos que \u00e9 justificado, removeremos esse conte\u00fado.<\/p>\n\n\n\n<p>A liberdade de express\u00e3o \u00e9 um direito fundamental, por isso temos de considerar cada pedido conforme o entendemos.<\/p>\n\n\n\n<p>Se acharmos que a sua reclama\u00e7\u00e3o \u00e9 justific\u00e1vel, ser\u00e3o tomadas medidas para remover o conte\u00fado.<\/p>\n\n\n\n<p>Informa\u00e7\u00f5es relativas ao seu m\u00e9todo de pagamento<\/p>\n\n\n\n<p>As informa\u00e7\u00f5es de pagamento nunca s\u00e3o armazenadas por n\u00f3s; no momento do pagamento de um instrumento, escolher\u00e1 a sua op\u00e7\u00e3o de pagamento.<\/p>\n\n\n\n<h3 class=\"gb-headline gb-headline-dc70bf8e gb-headline-text\">Envio de uma mensagem<\/h3>\n\n\n\n<p>Quando nos contacta, seja por telefone ou atrav\u00e9s do nosso website, registamos o seu pedido e n\u00e3o guardamos dados pessoais desses pedidos.<\/p>\n\n\n\n<h3 class=\"gb-headline gb-headline-e533b1a2 gb-headline-text\">Reclama\u00e7\u00f5es<\/h3>\n\n\n\n<p>Quando recebemos uma reclama\u00e7\u00e3o por e-mail ou telefone, utilizamos essas informa\u00e7\u00f5es para resolver a sua reclama\u00e7\u00e3o.<\/p>\n\n\n\n<p>Se a sua reclama\u00e7\u00e3o exigir razoavelmente que contactemos outra pessoa, podemos decidir fornecer informa\u00e7\u00f5es a essa outra pessoa.<\/p>\n\n\n\n<p>Tamb\u00e9m podemos compilar estat\u00edsticas mostrando informa\u00e7\u00f5es obtidas a partir desta reclama\u00e7\u00e3o.<\/p>\n\n\n\n<p>Utiliza\u00e7\u00e3o de informa\u00e7\u00f5es que recolhemos atrav\u00e9s de sistemas automatizados quando visita o nosso website<\/p>\n\n\n\n<h3 class=\"gb-headline gb-headline-5da56707 gb-headline-text\">Cookies<\/h3>\n\n\n\n<p>Os cookies s\u00e3o pequenos ficheiros de texto que s\u00e3o colocados no disco r\u00edgido do seu computador pelo seu navegador web quando visita qualquer website.<\/p>\n\n\n\n<p>Utilizamos cookies das seguintes formas:<\/p>\n\n\n\n<ol class=\"wp-block-list\">\n<li>para acompanhar como utiliza o nosso website<\/li>\n\n\n\n<li>para registar se visita regularmente o nosso website<\/li>\n\n\n\n<li>para mant\u00ea-lo conectado no nosso site<\/li>\n<\/ol>\n\n\n\n<h3 class=\"gb-headline gb-headline-f2fdafcf gb-headline-text\">Divulga\u00e7\u00e3o e partilha das suas informa\u00e7\u00f5es<\/h3>\n\n\n\n<p>Informa\u00e7\u00f5es que obtemos de terceiros<\/p>\n\n\n\n<p>Nenhuma dessas informa\u00e7\u00f5es \u00e9 pessoalmente identific\u00e1vel para si.<\/p>\n\n\n\n<p>Os dados podem ser processados fora da Uni\u00e3o Europeia.<\/p>\n\n\n\n<p>Os nossos websites est\u00e3o alojados no Reino Unido.<\/p>\n\n\n\n<p>Acesso \u00e0s suas pr\u00f3prias informa\u00e7\u00f5es.<\/p>\n\n\n\n<p>Pode eliminar as informa\u00e7\u00f5es detidas por n\u00f3s a qualquer momento, contactando-nos.<\/p>\n\n\n\n<h3 class=\"gb-headline gb-headline-d8bf2857 gb-headline-text\">Outras quest\u00f5es<\/h3>\n\n\n\n<p>Como pode reclamar<\/p>\n\n\n\n<p>Contacte <a href=\"https:\/\/genevainstruments.com\/pt-pt\/\">GenevaInstruments.com<\/a> e clique no separador de contacto.<\/p>\n\n\n\n<p>Se estiver de alguma forma insatisfeito com a forma como processamos as suas informa\u00e7\u00f5es pessoais, tem o direito de apresentar uma reclama\u00e7\u00e3o ao Comiss\u00e1rio de Informa\u00e7\u00e3o.<\/p>\n\n<\/div>\n<\/div>","protected":false},"excerpt":{"rendered":"<p>Aviso de Privacidade do Website e da Empresa Este \u00e9 o aviso de privacidade da Geneva Instruments. Neste documento, &#8220;n\u00f3s&#8221; refere-se \u00e0 Geneva Instruments (incorporando a Geneva Brasswind Ltd e a Geneva Instruments Ltd). O nosso escrit\u00f3rio registado situa-se em Biz Hub Tees Valley, Belasis Hall Business Centre, Coxwold Way, TS23 4EA. Introdu\u00e7\u00e3o Este \u00e9 &#8230; <a title=\"Pol\u00edtica de Privacidade\" class=\"read-more\" href=\"https:\/\/genevainstruments.com\/pt-pt\/politica-de-privacidade\/\" aria-label=\"Leia mais sobre Pol\u00edtica de Privacidade\">Ler mais<\/a><\/p>\n","protected":false},"author":1,"featured_media":0,"parent":0,"menu_order":20,"comment_status":"closed","ping_status":"closed","template":"","meta":{"_acf_changed":false,"footnotes":""},"class_list":["post-18989","page","type-page","status-publish"],"acf":[],"_links":{"self":[{"href":"https:\/\/genevainstruments.com\/pt-pt\/wp-json\/wp\/v2\/pages\/18989","targetHints":{"allow":["GET"]}}],"collection":[{"href":"https:\/\/genevainstruments.com\/pt-pt\/wp-json\/wp\/v2\/pages"}],"about":[{"href":"https:\/\/genevainstruments.com\/pt-pt\/wp-json\/wp\/v2\/types\/page"}],"author":[{"embeddable":true,"href":"https:\/\/genevainstruments.com\/pt-pt\/wp-json\/wp\/v2\/users\/1"}],"replies":[{"embeddable":true,"href":"https:\/\/genevainstruments.com\/pt-pt\/wp-json\/wp\/v2\/comments?post=18989"}],"version-history":[{"count":1,"href":"https:\/\/genevainstruments.com\/pt-pt\/wp-json\/wp\/v2\/pages\/18989\/revisions"}],"predecessor-version":[{"id":18990,"href":"https:\/\/genevainstruments.com\/pt-pt\/wp-json\/wp\/v2\/pages\/18989\/revisions\/18990"}],"wp:attachment":[{"href":"https:\/\/genevainstruments.com\/pt-pt\/wp-json\/wp\/v2\/media?parent=18989"}],"curies":[{"name":"wp","href":"https:\/\/api.w.org\/{rel}","templated":true}]}}