{"id":19003,"date":"2021-01-15T11:41:21","date_gmt":"2021-01-15T11:41:21","guid":{"rendered":"https:\/\/genevainstruments.com\/termos-e-condicoes\/"},"modified":"2025-12-02T16:37:05","modified_gmt":"2025-12-02T16:37:05","slug":"termos-e-condicoes","status":"publish","type":"page","link":"https:\/\/genevainstruments.com\/pt-pt\/termos-e-condicoes\/","title":{"rendered":"Termos e Condi\u00e7\u00f5es"},"content":{"rendered":"<div class=\"gb-container gb-container-3a14c50b alignfull\">\n<div class=\"gb-container gb-container-edda4908\">\n\n<p class=\"gb-headline gb-headline-2dc42e1d gb-headline-text\">Geneva Brasswind Ltd,<br>Geneva House,<br>Belasis Business Hub,<br>Coxwold Way,<br>Billingham<br>TS23 4EA<br>Reino Unido<br>Tel.: +44 01642 714464<\/p>\n\n\n\n<p class=\"gb-headline gb-headline-16a2f222 gb-headline-text\">Sociedade An\u00f3nima<br>N\u00famero de Registo de Empresas: 09961254<\/p>\n\n\n\n<p class=\"gb-headline gb-headline-8149964d gb-headline-text\">O acesso ao Website, bem como a utiliza\u00e7\u00e3o do seu conte\u00fado, est\u00e3o sujeitos \u00e0s seguintes condi\u00e7\u00f5es. Estas condi\u00e7\u00f5es de utiliza\u00e7\u00e3o podem ser alteradas em qualquer momento. Estas altera\u00e7\u00f5es ser\u00e3o consideradas aceites pelos utilizadores da Internet assim que forem colocadas online.  <\/p>\n\n\n\n<ol class=\"wp-block-list\">\n<li>PROPRIEDADE INTELECTUAL<\/li>\n\n\n\n<li>RESPONSABILIDADE<\/li>\n\n\n\n<li>FUNCIONAMENTO T\u00c9CNICO DO WEBSITE<\/li>\n\n\n\n<li>ATRIBUI\u00c7\u00c3O DE JURISDI\u00c7\u00c3O<\/li>\n\n\n\n<li>PODE CONTACTAR-NOS NO SEGUINTE ENDERE\u00c7O<\/li>\n\n\n\n<li>DESIGN E PRODU\u00c7\u00c3O DO WEBSITE<\/li>\n<\/ol>\n\n\n\n<ol class=\"wp-block-list\">\n<li>PROPRIEDADE INTELECTUAL<br\/>Todos os elementos contidos no Website (software, texto, imagens animadas ou est\u00e1ticas, sons, know-how e, mais genericamente, qualquer tipo de dados) est\u00e3o protegidos pelo C\u00f3digo da Propriedade Intelectual (franc\u00eas). Qualquer representa\u00e7\u00e3o e\/ou reprodu\u00e7\u00e3o total ou parcial do Website por um procedimento de qualquer tipo, sem a autoriza\u00e7\u00e3o expressa da Geneva Brasswind, \u00e9 proibida e constituiria uma infra\u00e7\u00e3o il\u00edcita nos termos da Lei de Inglaterra e do Pa\u00eds de Gales. As marcas comerciais e os log\u00f3tipos que aparecem no Website s\u00e3o propriedade da Geneva Brasswind. Qualquer utiliza\u00e7\u00e3o ou reprodu\u00e7\u00e3o total ou parcial destas marcas comerciais e\/ou log\u00f3tipos \u00e9 proibida sem a autoriza\u00e7\u00e3o pr\u00e9via e expressa da Geneva Brasswind.   <br\/><\/li>\n\n\n\n<li>CONTE\u00daDO DO WEBSITE \u2013 RESPONSABILIDADE<br\/>As informa\u00e7\u00f5es apresentadas no Website t\u00eam apenas fins informativos. A Geneva Brasswind esfor\u00e7a-se por manter o Website atualizado, mas n\u00e3o pode garantir que as informa\u00e7\u00f5es publicadas no Website estejam corretas, completas e atualizadas, nem pode garantir que as referidas informa\u00e7\u00f5es sejam adequadas para a utiliza\u00e7\u00e3o pretendida pelo utilizador. Consequentemente, o utilizador reconhece que \u00e9 o \u00fanico respons\u00e1vel pela utiliza\u00e7\u00e3o destas informa\u00e7\u00f5es.<br\/>O utilizador deve cumprir as disposi\u00e7\u00f5es da Lei (inglesa) de Prote\u00e7\u00e3o de Dados, cuja viola\u00e7\u00e3o acarreta san\u00e7\u00f5es penais.<br\/>Em particular, no que diz respeito aos dados pessoais a que tem acesso, deve abster-se de qualquer forma de recolha, utiliza\u00e7\u00e3o indevida e, em geral, qualquer a\u00e7\u00e3o suscet\u00edvel de violar a privacidade das pessoas ou de p\u00f4r em causa a sua reputa\u00e7\u00e3o.  <br\/><\/li>\n\n\n\n<li>FUNCIONAMENTO T\u00c9CNICO DO WEBSITE<br\/>O site \u00e9 geralmente acess\u00edvel 24 horas por dia, 7 dias por semana. Em casos de for\u00e7a maior, problemas com sistemas de informa\u00e7\u00e3o, problemas estruturais com redes de telecomunica\u00e7\u00f5es, dificuldades t\u00e9cnicas ou por motivos de manuten\u00e7\u00e3o \u2013 esta lista n\u00e3o \u00e9 exaustiva \u2013 o acesso a todo ou parte do Website pode ser suspenso ou removido por simples decis\u00e3o da Geneva Brasswind. Por motivos de manuten\u00e7\u00e3o e\/ou por qualquer outra decis\u00e3o tomada pela Geneva Brasswind, o acesso ao Website pode ser interrompido. O Website pode ser modificado e desenvolvido sem aviso pr\u00e9vio de qualquer tipo. Em qualquer caso, a Geneva Brasswind n\u00e3o ser\u00e1 de forma alguma responsabilizada por danos diretos, indiretos ou especiais, resultantes da utiliza\u00e7\u00e3o do Website ou de outros sites relacionados com os mesmos e, em particular, por qualquer perda financeira ou comercial, ou perda de programas ou dados do sistema de informa\u00e7\u00e3o do utilizador.    <br\/><\/li>\n\n\n\n<li>ATRIBUI\u00c7\u00c3O DE JURISDI\u00c7\u00c3O<br\/>O conte\u00fado do Website \u00e9 regido pela lei inglesa. Isto aplica-se tanto \u00e0s regras substantivas como processuais, e o seu conte\u00fado ser\u00e1 julgado exclusivamente pelas jurisdi\u00e7\u00f5es inglesas competentes. As regras de conflito de leis s\u00e3o exclu\u00eddas em favor da aplica\u00e7\u00e3o completa e sem reservas da lei inglesa.  <br\/><\/li>\n\n\n\n<li>PODE CONTACTAR-NOS NO SEGUINTE ENDERE\u00c7O<br\/>Se tiver alguma quest\u00e3o ou reclama\u00e7\u00e3o, contacte-nos no seguinte endere\u00e7o:<br\/>Geneva Brasswind Ltd,<br\/>Geneva House,<br\/>Belasis Business Hub,<br\/>Coxwold Way,<br\/>Billingham<br\/>TS23 4EA<br\/>Reino Unido<br\/>Tel.: +44 01642 714464<br\/>Para obter uma c\u00f3pia dos termos e condi\u00e7\u00f5es de venda e garantia, envie um e-mail para <a href=\"mailto:info@genevainstruments.com\">info@genevainstruments.com<\/a>.<br\/><\/li>\n\n\n\n<li>DESIGN DO WEBSITE<br\/>Este site foi concebido e desenvolvido pela VIA Creative \u2013 www.viacreatve.co.uk<br\/>CR\u00c9DITOS DE FOTOGRAFIA E V\u00cdDEO<br\/>Conforme necess\u00e1rio, ser\u00e3o colocados com as respetivas fotografias e v\u00eddeos.<\/li>\n<\/ol>\n\n<\/div>\n<\/div>","protected":false},"excerpt":{"rendered":"<p>Geneva Brasswind Ltd,Geneva House,Belasis Business Hub,Coxwold Way,BillinghamTS23 4EAReino UnidoTel.: +44 01642 714464 Sociedade An\u00f3nimaN\u00famero de Registo de Empresas: 09961254 O acesso ao Website, bem como a utiliza\u00e7\u00e3o do seu conte\u00fado, est\u00e3o sujeitos \u00e0s seguintes condi\u00e7\u00f5es. Estas condi\u00e7\u00f5es de utiliza\u00e7\u00e3o podem ser alteradas em qualquer momento. Estas altera\u00e7\u00f5es ser\u00e3o consideradas aceites pelos utilizadores da Internet assim &#8230; <a title=\"Termos e Condi\u00e7\u00f5es\" class=\"read-more\" href=\"https:\/\/genevainstruments.com\/pt-pt\/termos-e-condicoes\/\" aria-label=\"Leia mais sobre Termos e Condi\u00e7\u00f5es\">Ler mais<\/a><\/p>\n","protected":false},"author":1,"featured_media":0,"parent":0,"menu_order":20,"comment_status":"closed","ping_status":"closed","template":"","meta":{"_acf_changed":false,"footnotes":""},"class_list":["post-19003","page","type-page","status-publish"],"acf":[],"_links":{"self":[{"href":"https:\/\/genevainstruments.com\/pt-pt\/wp-json\/wp\/v2\/pages\/19003","targetHints":{"allow":["GET"]}}],"collection":[{"href":"https:\/\/genevainstruments.com\/pt-pt\/wp-json\/wp\/v2\/pages"}],"about":[{"href":"https:\/\/genevainstruments.com\/pt-pt\/wp-json\/wp\/v2\/types\/page"}],"author":[{"embeddable":true,"href":"https:\/\/genevainstruments.com\/pt-pt\/wp-json\/wp\/v2\/users\/1"}],"replies":[{"embeddable":true,"href":"https:\/\/genevainstruments.com\/pt-pt\/wp-json\/wp\/v2\/comments?post=19003"}],"version-history":[{"count":1,"href":"https:\/\/genevainstruments.com\/pt-pt\/wp-json\/wp\/v2\/pages\/19003\/revisions"}],"predecessor-version":[{"id":19004,"href":"https:\/\/genevainstruments.com\/pt-pt\/wp-json\/wp\/v2\/pages\/19003\/revisions\/19004"}],"wp:attachment":[{"href":"https:\/\/genevainstruments.com\/pt-pt\/wp-json\/wp\/v2\/media?parent=19003"}],"curies":[{"name":"wp","href":"https:\/\/api.w.org\/{rel}","templated":true}]}}