{"id":19073,"date":"2024-08-09T12:08:15","date_gmt":"2024-08-09T11:08:15","guid":{"rendered":"https:\/\/genevainstruments.com\/mapa-do-site\/"},"modified":"2025-12-02T16:40:10","modified_gmt":"2025-12-02T16:40:10","slug":"mapa-do-site","status":"publish","type":"page","link":"https:\/\/genevainstruments.com\/pt-pt\/mapa-do-site\/","title":{"rendered":"Mapa do Site"},"content":{"rendered":"<div class=\"gb-container gb-container-a26cf13b alignfull\">\n<div class=\"gb-container gb-container-2a1e3da6\">\n\n<h2 class=\"gb-headline gb-headline-236aee2a gb-headline-text\">Geneva Instruments<\/h2>\n\n\n\n<p class=\"gb-headline gb-headline-d9da69ff gb-headline-text\">Encontre instrumentos musicais Geneva, categorias de produtos, artistas Geneva, Funda\u00e7\u00e3o Geneva, v\u00eddeos e muito mais no site da Geneva Instruments.<br>Encontre tamb\u00e9m instrumentos dispon\u00edveis atrav\u00e9s do Plano Nacional para a Educa\u00e7\u00e3o Musical como um fornecedor de instrumentos aprovado para a educa\u00e7\u00e3o no Reino Unido.<\/p>\n\n\n<div class=\"gb-grid-wrapper gb-grid-wrapper-551c7637\">\n<div class=\"gb-grid-column gb-grid-column-ff131c44\"><div class=\"gb-container gb-container-ff131c44\">\n<div id=\"wp-realtime-sitemap-pages\"><h3>Pages<\/h3><ul><li class=\"page_item page-item-10593\"><a href=\"https:\/\/genevainstruments.com\/pt-pt\/\">In\u00edcio<\/a><\/li>\n<li class=\"page_item page-item-12599\"><a href=\"https:\/\/genevainstruments.com\/pt-pt\/ganhe-um-quarteto-de-cardinals\/\">Quarteto de Cardeais Concurso \u2013 Atualiza\u00e7\u00e3o<\/a><\/li>\n<li class=\"page_item page-item-10624\"><a href=\"https:\/\/genevainstruments.com\/pt-pt\/a-escolha-sustentavel\/\">A escolha sustent\u00e1vel<\/a><\/li>\n<li class=\"page_item page-item-10655\"><a href=\"https:\/\/genevainstruments.com\/pt-pt\/artistas-geneva\/\">Artistas Geneva<\/a><\/li>\n<li class=\"page_item page-item-10701\"><a href=\"https:\/\/genevainstruments.com\/pt-pt\/fundacao-musical-geneva\/\">Funda\u00e7\u00e3o musical Geneva<\/a><\/li>\n<li class=\"page_item page-item-10734\"><a href=\"https:\/\/genevainstruments.com\/pt-pt\/geneva-instruments-em-concerto\/\">Geneva instruments em concerto<\/a><\/li>\n<li class=\"page_item page-item-10747\"><a href=\"https:\/\/genevainstruments.com\/pt-pt\/experimente-antes-de-comprar\/\">Experimente antes de Comprar<\/a><\/li>\n<li class=\"page_item page-item-10433\"><a href=\"https:\/\/genevainstruments.com\/pt-pt\/loja\/\">Compra<\/a><\/li>\n<li class=\"page_item page-item-10798\"><a href=\"https:\/\/genevainstruments.com\/pt-pt\/reparacao-e-garantia\/\">Pe\u00e7as Sobresselentes, Servi\u00e7o e Repara\u00e7\u00f5es<\/a><\/li>\n<li class=\"page_item page-item-19056\"><a href=\"https:\/\/genevainstruments.com\/pt-pt\/contacte-nos\/\">Contacte-nos<\/a><\/li>\n<li class=\"page_item page-item-10436\"><a href=\"https:\/\/genevainstruments.com\/pt-pt\/carrinho\/\">Carrinho<\/a><\/li>\n<li class=\"page_item page-item-10437\"><a href=\"https:\/\/genevainstruments.com\/pt-pt\/finalizar-compras\/\">Finalizar compras<\/a><\/li>\n<li class=\"page_item page-item-10438\"><a href=\"https:\/\/genevainstruments.com\/pt-pt\/a-minha-conta\/\">A minha conta<\/a><\/li>\n<li class=\"page_item page-item-19003\"><a href=\"https:\/\/genevainstruments.com\/pt-pt\/termos-e-condicoes\/\">Termos e Condi\u00e7\u00f5es<\/a><\/li>\n<li class=\"page_item page-item-19047\"><a href=\"https:\/\/genevainstruments.com\/pt-pt\/politica-de-devolucoes\/\">Pol\u00edtica de Devolu\u00e7\u00f5es<\/a><\/li>\n<li class=\"page_item page-item-18989\"><a href=\"https:\/\/genevainstruments.com\/pt-pt\/politica-de-privacidade\/\">Pol\u00edtica de Privacidade<\/a><\/li>\n<li class=\"page_item page-item-18946\"><a href=\"https:\/\/genevainstruments.com\/pt-pt\/termos-e-condicoes-do-plano-de-pagamento\/\">Termos e Condi\u00e7\u00f5es do Plano de Pagamento<\/a><\/li>\n<li class=\"page_item page-item-19073\"><a href=\"https:\/\/genevainstruments.com\/pt-pt\/mapa-do-site\/\">Mapa do Site<\/a><\/li>\n<\/ul><\/div><div id=\"wp-realtime-sitemap-geneva-artist\"><h3>Geneva Artists<\/h3><ul><li><a href=\"https:\/\/genevainstruments.com\/pt-pt\/geneva-artist\/gavin-saynor\/\" title=\"Permalink to Gavin Saynor\" rel=\"bookmark\">Gavin Saynor<\/a><\/li><li><a href=\"https:\/\/genevainstruments.com\/pt-pt\/geneva-artist\/glenn-van-looy\/\" title=\"Permalink to Glenn Van Looy Euphonium\" rel=\"bookmark\">Glenn Van Looy Euphonium<\/a><\/li><li><a href=\"https:\/\/genevainstruments.com\/pt-pt\/geneva-artist\/ho-wang-lam\/\" title=\"Permalink to Ho Wang Lam\" rel=\"bookmark\">Ho Wang Lam<\/a><\/li><li><a href=\"https:\/\/genevainstruments.com\/pt-pt\/geneva-artist\/jamie-smith\/\" title=\"Permalink to Jamie Smith\" rel=\"bookmark\">Jamie Smith<\/a><\/li><li><a href=\"https:\/\/genevainstruments.com\/pt-pt\/geneva-artist\/john-storey\/\" title=\"Permalink to John Storey\" rel=\"bookmark\">John Storey<\/a><\/li><li><a href=\"https:\/\/genevainstruments.com\/pt-pt\/geneva-artist\/oesteres-machando-trumpet\/\" title=\"Permalink to Oesteres Machando\" rel=\"bookmark\">Oesteres Machando<\/a><\/li><li><a href=\"https:\/\/genevainstruments.com\/pt-pt\/geneva-artist\/stephanie-binns\/\" title=\"Permalink to Stephanie Binns\" rel=\"bookmark\">Stephanie Binns<\/a><\/li><\/ul><\/div><div id=\"wp-realtime-sitemap-product\"><h3>Produtos<\/h3><ul><li><a href=\"https:\/\/genevainstruments.com\/pt-pt\/produto\/baritono-bb-geneva-cardinal\/\" title=\"Permalink to Bar\u00edtono Bb &#8211; Geneva cardinal\" rel=\"bookmark\">Bar\u00edtono Bb &#8211; Geneva cardinal<\/a><\/li><li><a href=\"https:\/\/genevainstruments.com\/pt-pt\/produto\/cornet-bb-geneva-cardinal\/\" title=\"Permalink to Cornet Bb &#8211; Geneva cardinal\" rel=\"bookmark\">Cornet Bb &#8211; Geneva cardinal<\/a><\/li><li><a href=\"https:\/\/genevainstruments.com\/pt-pt\/produto\/cornet-soprano-em-mib-geneva-cardinal-modelo-2025\/\" title=\"Permalink to Cornet soprano em Mib &#8211; Geneva cardinal &#8211; (modelo 2025)\" rel=\"bookmark\">Cornet soprano em Mib &#8211; Geneva cardinal &#8211; (modelo 2025)<\/a><\/li><li><a href=\"https:\/\/genevainstruments.com\/pt-pt\/produto\/corneta-bb-geneva-heritage-philip-mccann\/\" title=\"Permalink to Corneta Bb &#8211; Geneva Heritage (Philip McCann)\" rel=\"bookmark\">Corneta Bb &#8211; Geneva Heritage (Philip McCann)<\/a><\/li><li><a href=\"https:\/\/genevainstruments.com\/pt-pt\/produto\/eufonio-bb-geneva-cardinal\/\" title=\"Permalink to Euf\u00f3nio Bb &#8211; Geneva cardinal\" rel=\"bookmark\">Euf\u00f3nio Bb &#8211; Geneva cardinal<\/a><\/li><li><a href=\"https:\/\/genevainstruments.com\/pt-pt\/produto\/eufonio-bb-geneva-cardinal-gvl\/\" title=\"Permalink to Euf\u00f3nio Bb &#8211; Geneva cardinal GVL\" rel=\"bookmark\">Euf\u00f3nio Bb &#8211; Geneva cardinal GVL<\/a><\/li><li><a href=\"https:\/\/genevainstruments.com\/pt-pt\/produto\/eufonio-bb-geneva-heritage\/\" title=\"Permalink to Euf\u00f3nio Bb &#8211; Geneva heritage\" rel=\"bookmark\">Euf\u00f3nio Bb &#8211; Geneva heritage<\/a><\/li><li><a href=\"https:\/\/genevainstruments.com\/pt-pt\/produto\/fliscorne-em-sib-geneva-cardinal\/\" title=\"Permalink to Fliscorne em Sib \u2013 Geneva Cardinal\" rel=\"bookmark\">Fliscorne em Sib \u2013 Geneva Cardinal<\/a><\/li><li><a href=\"https:\/\/genevainstruments.com\/pt-pt\/produto\/saxofone-baritono-widow-maker-lineage-pro\/\" title=\"Permalink to Saxofone bar\u00edtono Widow Maker &#8211; lineage pro\" rel=\"bookmark\">Saxofone bar\u00edtono Widow Maker &#8211; lineage pro<\/a><\/li><li><a href=\"https:\/\/genevainstruments.com\/pt-pt\/produto\/saxofone-soprano-lineage-pro\/\" title=\"Permalink to Saxofone soprano &#8211; lineage pro\" rel=\"bookmark\">Saxofone soprano &#8211; lineage pro<\/a><\/li><li><a href=\"https:\/\/genevainstruments.com\/pt-pt\/produto\/saxofone-tenor-lineage-pro\/\" title=\"Permalink to Saxofone tenor &#8211; lineage pro\" rel=\"bookmark\">Saxofone tenor &#8211; lineage pro<\/a><\/li><li><a href=\"https:\/\/genevainstruments.com\/pt-pt\/produto\/trompa-tenor-em-mib-geneva-cardinal\/\" title=\"Permalink to Trompa tenor em Mib &#8211; Geneva Cardinal\" rel=\"bookmark\">Trompa tenor em Mib &#8211; Geneva Cardinal<\/a><\/li><li><a href=\"https:\/\/genevainstruments.com\/pt-pt\/produto\/trompete-em-do-geneva-cardinal\/\" title=\"Permalink to Trompete em D\u00f3 &#8211; Geneva Cardinal\" rel=\"bookmark\">Trompete em D\u00f3 &#8211; Geneva Cardinal<\/a><\/li><li><a href=\"https:\/\/genevainstruments.com\/pt-pt\/produto\/trompete-em-si-bemol-geneva-cardinal\/\" title=\"Permalink to Trompete em Si bemol &#8211; Geneva Cardinal\" rel=\"bookmark\">Trompete em Si bemol &#8211; Geneva Cardinal<\/a><\/li><li><a href=\"https:\/\/genevainstruments.com\/pt-pt\/produto\/trompete-piccolo-bb-a-geneva-cardinal\/\" title=\"Permalink to Trompete piccolo Bb\/a &#8211; Geneva Cardinal\" rel=\"bookmark\">Trompete piccolo Bb\/a &#8211; Geneva Cardinal<\/a><\/li><li><a href=\"https:\/\/genevainstruments.com\/pt-pt\/produto\/tuba-eeb-geneva-cardinal-jc\/\" title=\"Permalink to Tuba EEb &#8211; Geneva cardinal JC\" rel=\"bookmark\">Tuba EEb &#8211; Geneva cardinal JC<\/a><\/li><li><a href=\"https:\/\/genevainstruments.com\/pt-pt\/produto\/tuba-em-mib-geneva-heritage\/\" title=\"Permalink to Tuba em MIb &#8211; Geneva Heritage\" rel=\"bookmark\">Tuba em MIb &#8211; Geneva Heritage<\/a><\/li><li><a href=\"https:\/\/genevainstruments.com\/pt-pt\/produto\/tuba-mib-geneva-cardinal\/\" title=\"Permalink to Tuba Mib \u2013 Geneva Cardinal\" rel=\"bookmark\">Tuba Mib \u2013 Geneva Cardinal<\/a><\/li><\/ul><\/div>\n\n<\/div><\/div>\n\n<div class=\"gb-grid-column gb-grid-column-2aa0d1bf\"><div class=\"gb-container gb-container-2aa0d1bf\">\n<div id=\"wp-realtime-sitemap-geneva-artist\"><h3>Geneva Artists<\/h3><ul><li><a href=\"https:\/\/genevainstruments.com\/pt-pt\/geneva-artist\/gavin-saynor\/\" title=\"Permalink to Gavin Saynor\" rel=\"bookmark\">Gavin Saynor<\/a><\/li><li><a href=\"https:\/\/genevainstruments.com\/pt-pt\/geneva-artist\/glenn-van-looy\/\" title=\"Permalink to Glenn Van Looy Euphonium\" rel=\"bookmark\">Glenn Van Looy Euphonium<\/a><\/li><li><a href=\"https:\/\/genevainstruments.com\/pt-pt\/geneva-artist\/ho-wang-lam\/\" title=\"Permalink to Ho Wang Lam\" rel=\"bookmark\">Ho Wang Lam<\/a><\/li><li><a href=\"https:\/\/genevainstruments.com\/pt-pt\/geneva-artist\/jamie-smith\/\" title=\"Permalink to Jamie Smith\" rel=\"bookmark\">Jamie Smith<\/a><\/li><li><a href=\"https:\/\/genevainstruments.com\/pt-pt\/geneva-artist\/john-storey\/\" title=\"Permalink to John Storey\" rel=\"bookmark\">John Storey<\/a><\/li><li><a href=\"https:\/\/genevainstruments.com\/pt-pt\/geneva-artist\/oesteres-machando-trumpet\/\" title=\"Permalink to Oesteres Machando\" rel=\"bookmark\">Oesteres Machando<\/a><\/li><li><a href=\"https:\/\/genevainstruments.com\/pt-pt\/geneva-artist\/stephanie-binns\/\" title=\"Permalink to Stephanie Binns\" rel=\"bookmark\">Stephanie Binns<\/a><\/li><\/ul><\/div><div id=\"wp-realtime-sitemap-product\"><h3>Produtos<\/h3><ul><li><a href=\"https:\/\/genevainstruments.com\/pt-pt\/produto\/baritono-bb-geneva-cardinal\/\" title=\"Permalink to Bar\u00edtono Bb &#8211; Geneva cardinal\" rel=\"bookmark\">Bar\u00edtono Bb &#8211; Geneva cardinal<\/a><\/li><li><a href=\"https:\/\/genevainstruments.com\/pt-pt\/produto\/cornet-bb-geneva-cardinal\/\" title=\"Permalink to Cornet Bb &#8211; Geneva cardinal\" rel=\"bookmark\">Cornet Bb &#8211; Geneva cardinal<\/a><\/li><li><a href=\"https:\/\/genevainstruments.com\/pt-pt\/produto\/cornet-soprano-em-mib-geneva-cardinal-modelo-2025\/\" title=\"Permalink to Cornet soprano em Mib &#8211; Geneva cardinal &#8211; (modelo 2025)\" rel=\"bookmark\">Cornet soprano em Mib &#8211; Geneva cardinal &#8211; (modelo 2025)<\/a><\/li><li><a href=\"https:\/\/genevainstruments.com\/pt-pt\/produto\/corneta-bb-geneva-heritage-philip-mccann\/\" title=\"Permalink to Corneta Bb &#8211; Geneva Heritage (Philip McCann)\" rel=\"bookmark\">Corneta Bb &#8211; Geneva Heritage (Philip McCann)<\/a><\/li><li><a href=\"https:\/\/genevainstruments.com\/pt-pt\/produto\/eufonio-bb-geneva-cardinal\/\" title=\"Permalink to Euf\u00f3nio Bb &#8211; Geneva cardinal\" rel=\"bookmark\">Euf\u00f3nio Bb &#8211; Geneva cardinal<\/a><\/li><li><a href=\"https:\/\/genevainstruments.com\/pt-pt\/produto\/eufonio-bb-geneva-cardinal-gvl\/\" title=\"Permalink to Euf\u00f3nio Bb &#8211; Geneva cardinal GVL\" rel=\"bookmark\">Euf\u00f3nio Bb &#8211; Geneva cardinal GVL<\/a><\/li><li><a href=\"https:\/\/genevainstruments.com\/pt-pt\/produto\/eufonio-bb-geneva-heritage\/\" title=\"Permalink to Euf\u00f3nio Bb &#8211; Geneva heritage\" rel=\"bookmark\">Euf\u00f3nio Bb &#8211; Geneva heritage<\/a><\/li><li><a href=\"https:\/\/genevainstruments.com\/pt-pt\/produto\/fliscorne-em-sib-geneva-cardinal\/\" title=\"Permalink to Fliscorne em Sib \u2013 Geneva Cardinal\" rel=\"bookmark\">Fliscorne em Sib \u2013 Geneva Cardinal<\/a><\/li><li><a href=\"https:\/\/genevainstruments.com\/pt-pt\/produto\/saxofone-baritono-widow-maker-lineage-pro\/\" title=\"Permalink to Saxofone bar\u00edtono Widow Maker &#8211; lineage pro\" rel=\"bookmark\">Saxofone bar\u00edtono Widow Maker &#8211; lineage pro<\/a><\/li><li><a href=\"https:\/\/genevainstruments.com\/pt-pt\/produto\/saxofone-soprano-lineage-pro\/\" title=\"Permalink to Saxofone soprano &#8211; lineage pro\" rel=\"bookmark\">Saxofone soprano &#8211; lineage pro<\/a><\/li><li><a href=\"https:\/\/genevainstruments.com\/pt-pt\/produto\/saxofone-tenor-lineage-pro\/\" title=\"Permalink to Saxofone tenor &#8211; lineage pro\" rel=\"bookmark\">Saxofone tenor &#8211; lineage pro<\/a><\/li><li><a href=\"https:\/\/genevainstruments.com\/pt-pt\/produto\/trompa-tenor-em-mib-geneva-cardinal\/\" title=\"Permalink to Trompa tenor em Mib &#8211; Geneva Cardinal\" rel=\"bookmark\">Trompa tenor em Mib &#8211; Geneva Cardinal<\/a><\/li><li><a href=\"https:\/\/genevainstruments.com\/pt-pt\/produto\/trompete-em-do-geneva-cardinal\/\" title=\"Permalink to Trompete em D\u00f3 &#8211; Geneva Cardinal\" rel=\"bookmark\">Trompete em D\u00f3 &#8211; Geneva Cardinal<\/a><\/li><li><a href=\"https:\/\/genevainstruments.com\/pt-pt\/produto\/trompete-em-si-bemol-geneva-cardinal\/\" title=\"Permalink to Trompete em Si bemol &#8211; Geneva Cardinal\" rel=\"bookmark\">Trompete em Si bemol &#8211; Geneva Cardinal<\/a><\/li><li><a href=\"https:\/\/genevainstruments.com\/pt-pt\/produto\/trompete-piccolo-bb-a-geneva-cardinal\/\" title=\"Permalink to Trompete piccolo Bb\/a &#8211; Geneva Cardinal\" rel=\"bookmark\">Trompete piccolo Bb\/a &#8211; Geneva Cardinal<\/a><\/li><li><a href=\"https:\/\/genevainstruments.com\/pt-pt\/produto\/tuba-eeb-geneva-cardinal-jc\/\" title=\"Permalink to Tuba EEb &#8211; Geneva cardinal JC\" rel=\"bookmark\">Tuba EEb &#8211; Geneva cardinal JC<\/a><\/li><li><a href=\"https:\/\/genevainstruments.com\/pt-pt\/produto\/tuba-em-mib-geneva-heritage\/\" title=\"Permalink to Tuba em MIb &#8211; Geneva Heritage\" rel=\"bookmark\">Tuba em MIb &#8211; Geneva Heritage<\/a><\/li><li><a href=\"https:\/\/genevainstruments.com\/pt-pt\/produto\/tuba-mib-geneva-cardinal\/\" title=\"Permalink to Tuba Mib \u2013 Geneva Cardinal\" rel=\"bookmark\">Tuba Mib \u2013 Geneva Cardinal<\/a><\/li><\/ul><\/div>\n\n<\/div><\/div>\n\n<div class=\"gb-grid-column gb-grid-column-5eac4a4a\"><div class=\"gb-container gb-container-5eac4a4a\">\n\n<h3 class=\"gb-headline gb-headline-636af1d9 gb-headline-text\">Categorias de Produtos<\/h3>\n\n\n<div data-block-name=\"woocommerce\/product-categories\" class=\"wp-block-woocommerce-product-categories wc-block-product-categories is-list \" style=\"\"><ul class=\"wc-block-product-categories-list wc-block-product-categories-list--depth-0\">\t\t\t\t<li class=\"wc-block-product-categories-list-item\">\t\t\t\t\t<a style=\"\" href=\"https:\/\/genevainstruments.com\/pt-pt\/product-category\/geneva-heritage\/\"><span class=\"wc-block-product-categories-list-item__name\">Geneva heritage<\/span><\/a><span class=\"wc-block-product-categories-list-item-count\"><span aria-hidden=\"true\">2<\/span><span class=\"screen-reader-text\">2 produtos<\/span><\/span>\t\t\t\t<\/li>\t\t\t\t\t\t\t<li class=\"wc-block-product-categories-list-item\">\t\t\t\t\t<a style=\"\" href=\"https:\/\/genevainstruments.com\/pt-pt\/product-category\/geneva-lineage\/\"><span class=\"wc-block-product-categories-list-item__name\">Geneva lineage<\/span><\/a><span class=\"wc-block-product-categories-list-item-count\"><span aria-hidden=\"true\">3<\/span><span class=\"screen-reader-text\">3 produtos<\/span><\/span>\t\t\t\t<\/li>\t\t\t\t\t\t\t<li class=\"wc-block-product-categories-list-item\">\t\t\t\t\t<a style=\"\" href=\"https:\/\/genevainstruments.com\/pt-pt\/product-category\/instrumentos-geneva-cardinal\/\"><span class=\"wc-block-product-categories-list-item__name\">Instrumentos Geneva cardinal<\/span><\/a><span class=\"wc-block-product-categories-list-item-count\"><span aria-hidden=\"true\">13<\/span><span class=\"screen-reader-text\">13 produtos<\/span><\/span>\t\t\t\t<\/li>\t\t\t\t\t\t\t<li class=\"wc-block-product-categories-list-item\">\t\t\t\t\t<a style=\"\" href=\"https:\/\/genevainstruments.com\/pt-pt\/product-category\/modelos-de-artista-geneva-cardinal\/\"><span class=\"wc-block-product-categories-list-item__name\">Modelos de artista Geneva cardinal<\/span><\/a><span class=\"wc-block-product-categories-list-item-count\"><span aria-hidden=\"true\">3<\/span><span class=\"screen-reader-text\">3 produtos<\/span><\/span>\t\t\t\t<\/li>\t\t\t<\/ul><\/div>\n\n<div><h3>Range<\/h3><ul class=\"product-attributes-list\"><li><a href=\"https:\/\/genevainstruments.com\/es\/range\/gama-de-saxofones-lineage-pro\/\">Gama de saxofones Lineage pro<\/a><\/li> <li><a href=\"https:\/\/genevainstruments.com\/es\/range\/instrumentos-geneva-cardinal\/\">Instrumentos Geneva cardinal<\/a><\/li> <li><a href=\"https:\/\/genevainstruments.com\/pt-pt\/range\/instrumentos-geneva-heritage\/\">Instrumentos Geneva Heritage<\/a><\/ul><\/div><\/div>\n\n<\/div><\/div>\n<\/div>\n<\/div>\n<\/div>","protected":false},"excerpt":{"rendered":"<p>Geneva Instruments Encontre instrumentos musicais Geneva, categorias de produtos, artistas Geneva, Funda\u00e7\u00e3o Geneva, v\u00eddeos e muito mais no site da Geneva Instruments.Encontre tamb\u00e9m instrumentos dispon\u00edveis atrav\u00e9s do Plano Nacional para a Educa\u00e7\u00e3o Musical como um fornecedor de instrumentos aprovado para a educa\u00e7\u00e3o no Reino Unido.<\/p>\n","protected":false},"author":1,"featured_media":10625,"parent":0,"menu_order":100,"comment_status":"closed","ping_status":"closed","template":"","meta":{"_acf_changed":false,"footnotes":""},"class_list":["post-19073","page","type-page","status-publish","has-post-thumbnail","hentry","sales-flash-overlay","woocommerce-text-align-left","woocommerce-image-align-center","do-quantity-buttons","wc-has-gallery"],"acf":[],"_links":{"self":[{"href":"https:\/\/genevainstruments.com\/pt-pt\/wp-json\/wp\/v2\/pages\/19073","targetHints":{"allow":["GET"]}}],"collection":[{"href":"https:\/\/genevainstruments.com\/pt-pt\/wp-json\/wp\/v2\/pages"}],"about":[{"href":"https:\/\/genevainstruments.com\/pt-pt\/wp-json\/wp\/v2\/types\/page"}],"author":[{"embeddable":true,"href":"https:\/\/genevainstruments.com\/pt-pt\/wp-json\/wp\/v2\/users\/1"}],"replies":[{"embeddable":true,"href":"https:\/\/genevainstruments.com\/pt-pt\/wp-json\/wp\/v2\/comments?post=19073"}],"version-history":[{"count":1,"href":"https:\/\/genevainstruments.com\/pt-pt\/wp-json\/wp\/v2\/pages\/19073\/revisions"}],"predecessor-version":[{"id":19074,"href":"https:\/\/genevainstruments.com\/pt-pt\/wp-json\/wp\/v2\/pages\/19073\/revisions\/19074"}],"wp:featuredmedia":[{"embeddable":true,"href":"https:\/\/genevainstruments.com\/pt-pt\/wp-json\/wp\/v2\/media\/10625"}],"wp:attachment":[{"href":"https:\/\/genevainstruments.com\/pt-pt\/wp-json\/wp\/v2\/media?parent=19073"}],"curies":[{"name":"wp","href":"https:\/\/api.w.org\/{rel}","templated":true}]}}