{"id":11022,"date":"2024-09-09T14:36:22","date_gmt":"2024-09-09T13:36:22","guid":{"rendered":"https:\/\/geneva.viacreative.co\/product\/trompa-tenor-em-mib-geneva-cardinal\/"},"modified":"2026-01-16T08:38:47","modified_gmt":"2026-01-16T08:38:47","slug":"trompa-tenor-em-mib-geneva-cardinal","status":"publish","type":"product","link":"https:\/\/genevainstruments.com\/pt-pt\/produto\/trompa-tenor-em-mib-geneva-cardinal\/","title":{"rendered":"Trompa tenor em Mib &#8211; Geneva Cardinal"},"content":{"rendered":"<h1 data-start=\"336\" data-end=\"394\">Trompa tenor em Mib Geneva Cardinal<\/h1>\n<h2 data-start=\"336\" data-end=\"394\">Uma trompa alto em Mib de classe mundial concebida para o m\u00fasico profissional<\/h2>\n<p data-start=\"396\" data-end=\"677\">O instrumento <strong data-start=\"400\" data-end=\"429\">Trompa Tenor Geneva Cardinal<\/strong> \u00e9 o resultado de um quarto de s\u00e9culo de investiga\u00e7\u00e3o e desenvolvimento cont\u00ednuos. Constru\u00edda para m\u00fasicos que exigem uma sonoridade superior, afina\u00e7\u00e3o impec\u00e1vel e um acabamento perfeito, esta trompa premium representa o auge das mais recentes inova\u00e7\u00f5es dos instrumentos de sopro da Geneva em puro luxo <\/p>\n<hr data-start=\"679\" data-end=\"682\">\n<h4 data-start=\"684\" data-end=\"700\"><strong>Caracter\u00edsticas principais<\/strong><\/h4>\n<ul data-start=\"702\" data-end=\"1349\">\n<li data-start=\"702\" data-end=\"815\">\n<p data-start=\"704\" data-end=\"815\"><strong data-start=\"704\" data-end=\"732\">Tubo Principal Venturi \u00danico<\/strong><br data-start=\"732\" data-end=\"735\">Melhora a proje\u00e7\u00e3o do som e garante uma experi\u00eancia de execu\u00e7\u00e3o suave e sem esfor\u00e7o.<\/p>\n<\/li>\n<li data-start=\"817\" data-end=\"910\">\n<p data-start=\"819\" data-end=\"910\"><strong data-start=\"819\" data-end=\"841\">Camp\u00e2nula Martelada \u00e0 M\u00e3o<\/strong><br data-start=\"841\" data-end=\"844\">Fabricada com precis\u00e3o artesanal para produzir um tom rico e ressonante.<\/p>\n<\/li>\n<\/ul>\n<ul>\n<li><strong data-start=\"819\" data-end=\"841\">Gravado \u00e0 M\u00e3o<\/strong><br data-start=\"841\" data-end=\"844\">Criado com precis\u00e3o artesanal apresentando grava\u00e7\u00e3o decorativa do Grifo de Genebra.<\/li>\n<\/ul>\n<ul data-start=\"702\" data-end=\"1349\">\n<li data-start=\"912\" data-end=\"989\">\n<p data-start=\"914\" data-end=\"989\"><strong data-start=\"914\" data-end=\"937\">Mistura Met\u00e1lica por Medida<\/strong><br data-start=\"937\" data-end=\"940\">Concebida para durabilidade e complexidade tonal.<\/p>\n<\/li>\n<li data-start=\"991\" data-end=\"1087\">\n<p data-start=\"993\" data-end=\"1087\"><strong data-start=\"993\" data-end=\"1013\">Design Ergon\u00f3mico<\/strong><br data-start=\"1013\" data-end=\"1016\">Confort\u00e1vel de segurar e f\u00e1cil de controlar durante atua\u00e7\u00f5es prolongadas.<\/p>\n<\/li>\n<li data-start=\"1089\" data-end=\"1215\">\n<p data-start=\"1091\" data-end=\"1215\"><strong data-start=\"1091\" data-end=\"1112\">Novo Design de N\u00edvel de Afina\u00e7\u00e3o (2024)<\/strong><br data-start=\"1112\" data-end=\"1115\">Completamente redesenhada para melhor ergonomia e capacidade de resposta.<\/p>\n<\/li>\n<li data-start=\"1217\" data-end=\"1349\">\n<p data-start=\"1219\" data-end=\"1349\"><strong data-start=\"1219\" data-end=\"1252\">Revestimento Aprimorado em N\u00edquel Preto<\/strong><br data-start=\"1252\" data-end=\"1255\">Um novo acabamento elegante possibilitado pelo nosso investimento em tecnologia de produ\u00e7\u00e3o de \u00faltima gera\u00e7\u00e3o.<\/p>\n<\/li>\n<\/ul>\n<hr data-start=\"1351\" data-end=\"1354\">\n<h2 data-start=\"1356\" data-end=\"1394\">Porqu\u00ea escolher o cardinal?<\/h2>\n<p data-start=\"1396\" data-end=\"1703\">Quer seja solista, m\u00fasico de conjunto ou maestro, a <strong data-start=\"1459\" data-end=\"1481\">Trompa Cardinal<\/strong> oferece a qualidade e o desempenho exigidos por profissionais em todo o mundo. Utilizada por m\u00fasicos de renome no Reino Unido, Europa, EUA, Jap\u00e3o e Austr\u00e1lia, este instrumento estabelece um novo padr\u00e3o no design artesanal de instrumentos de sopro. <\/p>\n<hr data-start=\"1705\" data-end=\"1708\">\n<h3 data-start=\"1710\" data-end=\"1726\">Teste pr\u00e1tico &#8211; <a href=\"https:\/\/genevainstruments.com\/pt-pt\/experimente-antes-de-comprar\/\">experimente antes de comprar<\/a><\/h3>\n<p data-start=\"1728\" data-end=\"2030\">Se est\u00e1 \u00e0 procura de um novo instrumento e ainda n\u00e3o experimentou a <strong data-start=\"1736\" data-end=\"1758\">Cardinal<\/strong> e deseja experiment\u00e1-la, preencha o formul\u00e1rio de experimenta\u00e7\u00e3o antes da compra, existem op\u00e7\u00f5es independentemente do pa\u00eds onde reside. N\u00e3o se esque\u00e7a de trazer os seus bocais de trompa tenor <\/p>\n<hr data-start=\"2303\" data-end=\"2306\">\n<h3 data-start=\"153\" data-end=\"194\">Encomende a sua Cardinal hoje<\/h3>\n<p data-start=\"196\" data-end=\"354\">Pronto para elevar o seu desempenho? A <strong data-start=\"235\" data-end=\"257\">Cardinal<\/strong> oferece precis\u00e3o musical, pot\u00eancia e artesanato inigual\u00e1veis, com a confian\u00e7a dos melhores m\u00fasicos a n\u00edvel mundial. <\/p>\n<p data-start=\"356\" data-end=\"594\">Pode <strong data-start=\"364\" data-end=\"404\">comprar diretamente atrav\u00e9s desta loja online<\/strong> ou, se preferir uma abordagem mais personalizada, especialmente para quem est\u00e1 fora do Reino Unido, ou necessitar de ajuda para escolher o modelo certo, basta <strong data-start=\"494\" data-end=\"573\">enviar-nos um email para <a class=\"decorated-link cursor-pointer\" href=\"mailto:info@genevainstruments.com\" rel=\"noopener\" data-start=\"508\" data-end=\"571\">info@genevainstruments.com<\/a><\/strong> para fazer a sua encomenda.<\/p>\n<p data-start=\"596\" data-end=\"702\">Qualquer que seja a forma que escolha, a nossa equipa est\u00e1 aqui para o ajudar a encontrar o Cardinal perfeito para a sua jornada musical.<\/p>\n<hr data-start=\"2032\" data-end=\"2035\">\n<p data-start=\"2037\" data-end=\"2057\"><strong>O que dizem os artistas<\/strong><\/p>\n<p>&#8220;A Geneva Cardinal \u00e9 um instrumento magn\u00edfico, tanto esteticamente como tonalmente. As v\u00e1lvulas s\u00e3o suaves e sem esfor\u00e7o, tornando todos os aspetos do instrumento de primeira classe.&#8221;<\/p>\n<p><strong>Siobhan Bates<\/strong><br \/>\nDesigner Colaborativa<\/p>\n","protected":false},"excerpt":{"rendered":"<p>Geneva Instruments &#8211; Trompa tenor em Mib &#8211; Geneva Cardinal<\/p>\n","protected":false},"featured_media":11024,"comment_status":"closed","ping_status":"closed","template":"","meta":{"_acf_changed":false},"product_brand":[192],"product_cat":[375],"product_tag":[378,453],"class_list":{"0":"post-11022","1":"product","2":"type-product","3":"status-publish","4":"has-post-thumbnail","6":"product_brand-geneva-instruments","7":"product_cat-instrumentos-geneva-cardinal","8":"product_tag-fliscorne-bb","9":"product_tag-trompa-tenor-em-mib","10":"product_shipping_class-medio","11":"pa_range-instrumentos-geneva-cardinal","12":"sales-flash-overlay","13":"woocommerce-text-align-left","14":"woocommerce-image-align-center","15":"do-quantity-buttons","16":"wc-has-gallery","18":"first","19":"instock","20":"taxable","21":"shipping-taxable","22":"purchasable","23":"product-type-variable"},"acf":[],"_links":{"self":[{"href":"https:\/\/genevainstruments.com\/pt-pt\/wp-json\/wp\/v2\/product\/11022","targetHints":{"allow":["GET"]}}],"collection":[{"href":"https:\/\/genevainstruments.com\/pt-pt\/wp-json\/wp\/v2\/product"}],"about":[{"href":"https:\/\/genevainstruments.com\/pt-pt\/wp-json\/wp\/v2\/types\/product"}],"replies":[{"embeddable":true,"href":"https:\/\/genevainstruments.com\/pt-pt\/wp-json\/wp\/v2\/comments?post=11022"}],"wp:featuredmedia":[{"embeddable":true,"href":"https:\/\/genevainstruments.com\/pt-pt\/wp-json\/wp\/v2\/media\/11024"}],"wp:attachment":[{"href":"https:\/\/genevainstruments.com\/pt-pt\/wp-json\/wp\/v2\/media?parent=11022"}],"wp:term":[{"taxonomy":"product_brand","embeddable":true,"href":"https:\/\/genevainstruments.com\/pt-pt\/wp-json\/wp\/v2\/product_brand?post=11022"},{"taxonomy":"product_cat","embeddable":true,"href":"https:\/\/genevainstruments.com\/pt-pt\/wp-json\/wp\/v2\/product_cat?post=11022"},{"taxonomy":"product_tag","embeddable":true,"href":"https:\/\/genevainstruments.com\/pt-pt\/wp-json\/wp\/v2\/product_tag?post=11022"}],"curies":[{"name":"wp","href":"https:\/\/api.w.org\/{rel}","templated":true}]}}