{"id":11411,"date":"2024-09-09T14:36:21","date_gmt":"2024-09-09T13:36:21","guid":{"rendered":"https:\/\/geneva.viacreative.co\/product\/fliscorne-em-sib-geneva-cardinal\/"},"modified":"2026-01-16T08:38:50","modified_gmt":"2026-01-16T08:38:50","slug":"fliscorne-em-sib-geneva-cardinal","status":"publish","type":"product","link":"https:\/\/genevainstruments.com\/pt-pt\/produto\/fliscorne-em-sib-geneva-cardinal\/","title":{"rendered":"Fliscorne em Sib \u2013 Geneva Cardinal"},"content":{"rendered":"<h1 data-start=\"336\" data-end=\"394\">Fliscorne Geneva Cardinal<\/h1>\n<h2 data-start=\"336\" data-end=\"394\">Um fliscorne de classe mundial concebido para o m\u00fasico s\u00e9rio<\/h2>\n<p data-start=\"396\" data-end=\"677\">O <strong data-start=\"400\" data-end=\"429\">Fliscorne Geneva Cardinal<\/strong> \u00e9 o resultado de um quarto de s\u00e9culo de pesquisa e desenvolvimento cont\u00ednuos. Constru\u00eddo para m\u00fasicos que exigem um timbre superior, uma entoa\u00e7\u00e3o impec\u00e1vel e um fabrico irrepreens\u00edvel, este corneto de alta qualidade representa o auge das mais recentes inova\u00e7\u00f5es da Geneva em instrumentos de lat\u00e3o, puro luxo. <\/p>\n<hr data-start=\"679\" data-end=\"682\">\n<h4 data-start=\"684\" data-end=\"700\"><strong>Caracter\u00edsticas principais<\/strong><\/h4>\n<ul data-start=\"702\" data-end=\"1349\">\n<li data-start=\"702\" data-end=\"815\">\n<p data-start=\"704\" data-end=\"815\"><strong data-start=\"704\" data-end=\"732\">Tubo Principal Venturi \u00danico<\/strong><br data-start=\"732\" data-end=\"735\">Melhora a proje\u00e7\u00e3o do som e garante uma experi\u00eancia de execu\u00e7\u00e3o suave e sem esfor\u00e7o.<\/p>\n<\/li>\n<li data-start=\"817\" data-end=\"910\">\n<p data-start=\"819\" data-end=\"910\"><strong data-start=\"819\" data-end=\"841\">Camp\u00e2nula Martelada \u00e0 M\u00e3o<\/strong><br data-start=\"841\" data-end=\"844\">Fabricada com precis\u00e3o artesanal para produzir um tom rico e ressonante.<\/p>\n<\/li>\n<\/ul>\n<ul>\n<li><strong data-start=\"819\" data-end=\"841\">Gravado \u00e0 M\u00e3o<\/strong><br data-start=\"841\" data-end=\"844\">Criado com precis\u00e3o artesanal apresentando grava\u00e7\u00e3o decorativa do Grifo de Genebra.<\/li>\n<\/ul>\n<ul data-start=\"702\" data-end=\"1349\">\n<li data-start=\"912\" data-end=\"989\">\n<p data-start=\"914\" data-end=\"989\"><strong data-start=\"914\" data-end=\"937\">Mistura Met\u00e1lica por Medida<\/strong><br data-start=\"937\" data-end=\"940\">Concebida para durabilidade e complexidade tonal.<\/p>\n<\/li>\n<li data-start=\"991\" data-end=\"1087\">\n<p data-start=\"993\" data-end=\"1087\"><strong data-start=\"993\" data-end=\"1013\">Design Ergon\u00f3mico<\/strong><br data-start=\"1013\" data-end=\"1016\">Confort\u00e1vel de segurar e f\u00e1cil de controlar durante atua\u00e7\u00f5es prolongadas.<\/p>\n<\/li>\n<li data-start=\"1089\" data-end=\"1215\">\n<p data-start=\"1091\" data-end=\"1215\"><strong data-start=\"1091\" data-end=\"1112\">Design de Duplo N\u00edvel<\/strong><br data-start=\"1112\" data-end=\"1115\">Desenvolvido para melhor resposta e sensa\u00e7\u00e3o.<\/p>\n<\/li>\n<li data-start=\"1217\" data-end=\"1349\">\n<p data-start=\"1219\" data-end=\"1349\"><strong data-start=\"1219\" data-end=\"1252\">Revestimento Aprimorado em N\u00edquel Preto<\/strong><br data-start=\"1252\" data-end=\"1255\">Um novo acabamento elegante possibilitado pelo nosso investimento em tecnologia de produ\u00e7\u00e3o de \u00faltima gera\u00e7\u00e3o.<\/p>\n<\/li>\n<\/ul>\n<hr data-start=\"1351\" data-end=\"1354\">\n<h2 data-start=\"1356\" data-end=\"1394\">Por que escolher o fliscorne Cardinal?<\/h2>\n<p data-start=\"1396\" data-end=\"1703\">Quer seja um solista, um m\u00fasico de conjunto ou um l\u00edder de banda, o <strong data-start=\"1459\" data-end=\"1481\">Fliscorne Cardinal<\/strong> oferece a qualidade e o desempenho exigidos por profissionais de todo o mundo. Utilizado por m\u00fasicos de renome no Reino Unido, Europa, EUA, Jap\u00e3o e Austr\u00e1lia, este instrumento estabelece um novo padr\u00e3o no design de lat\u00e3o artesanal. <\/p>\n<hr data-start=\"1705\" data-end=\"1708\">\n<h3 data-start=\"1710\" data-end=\"1726\">Teste pr\u00e1tico &#8211; <a href=\"https:\/\/genevainstruments.com\/pt-pt\/experimente-antes-de-comprar\/\">experimente antes de comprar<\/a><\/h3>\n<p data-start=\"1728\" data-end=\"2030\">Se procura um novo instrumento e ainda n\u00e3o experimentou o <strong data-start=\"1736\" data-end=\"1758\">Fliscorne Cardinal<\/strong> e deseja experiment\u00e1-lo, preencha o formul\u00e1rio de experimenta\u00e7\u00e3o antes de comprar. Existem op\u00e7\u00f5es, independentemente do pa\u00eds onde reside.<\/p>\n<hr data-start=\"2303\" data-end=\"2306\">\n<h3 data-start=\"153\" data-end=\"194\">Encomende hoje mesmo o seu fliscorne Cardinal<\/h3>\n<p data-start=\"196\" data-end=\"354\">Pronto para elevar o seu desempenho? O <strong data-start=\"235\" data-end=\"257\">Fliscorne Cardinal<\/strong> oferece uma precis\u00e3o musical, pot\u00eancia e fabrico inigual\u00e1veis, com a confian\u00e7a dos melhores m\u00fasicos de todo o mundo. <\/p>\n<p data-start=\"356\" data-end=\"594\">Pode <strong data-start=\"364\" data-end=\"404\">comprar diretamente atrav\u00e9s desta loja online<\/strong> ou, se preferir uma abordagem mais personalizada, especialmente para quem est\u00e1 fora do Reino Unido, ou necessitar de ajuda para escolher o modelo certo, basta <strong data-start=\"494\" data-end=\"573\">enviar-nos um email para <a class=\"decorated-link cursor-pointer\" href=\"mailto:info@genevainstruments.com\" rel=\"noopener\" data-start=\"508\" data-end=\"571\">info@genevainstruments.com<\/a><\/strong> para fazer a sua encomenda.<\/p>\n<p data-start=\"596\" data-end=\"702\">Qualquer que seja a forma que escolha, a nossa equipa est\u00e1 aqui para o ajudar a encontrar o Cardinal perfeito para a sua jornada musical.<\/p>\n<hr data-start=\"2032\" data-end=\"2035\">\n<h3 data-start=\"2037\" data-end=\"2057\">O que dizem os artistas<\/h3>\n<p><em>\u201cEste \u00e9 o meu instrumento de elei\u00e7\u00e3o, n\u00e3o s\u00f3 pela sua beleza, como tamb\u00e9m pela mec\u00e2nica dos 1.\u00ba e 3.\u00ba gatilhos, que me permite lidar com os desafios naturais de afina\u00e7\u00e3o harm\u00f3nica superior para qualquer m\u00fasico de fliscorne. Mais importante ainda, \u00e9 a qualidade de som excecional e \u00fanica que me vendeu este instrumento e, por sua vez, esse som diz tudo o que sou como m\u00fasico.\u201d<\/em><\/p>\n<p style=\"text-align: left;\"><strong>Stephanie Kennedy<\/strong><br \/>\nM\u00fasico profissional,<br \/>\nArtista de performance da Geneva<\/p>\n","protected":false},"excerpt":{"rendered":"<p>Instrumentos Geneva &#8211; fliscorne em Sib &#8211; Geneva Cardinal<\/p>\n","protected":false},"featured_media":11413,"comment_status":"closed","ping_status":"closed","template":"","meta":{"_acf_changed":false},"product_brand":[192],"product_cat":[375],"product_tag":[378],"class_list":{"0":"post-11411","1":"product","2":"type-product","3":"status-publish","4":"has-post-thumbnail","6":"product_brand-geneva-instruments","7":"product_cat-instrumentos-geneva-cardinal","8":"product_tag-fliscorne-bb","9":"product_shipping_class-pequeno","10":"pa_range-instrumentos-geneva-cardinal","11":"sales-flash-overlay","12":"woocommerce-text-align-left","13":"woocommerce-image-align-center","14":"do-quantity-buttons","15":"wc-has-gallery","17":"first","18":"instock","19":"taxable","20":"shipping-taxable","21":"purchasable","22":"product-type-variable"},"acf":[],"_links":{"self":[{"href":"https:\/\/genevainstruments.com\/pt-pt\/wp-json\/wp\/v2\/product\/11411","targetHints":{"allow":["GET"]}}],"collection":[{"href":"https:\/\/genevainstruments.com\/pt-pt\/wp-json\/wp\/v2\/product"}],"about":[{"href":"https:\/\/genevainstruments.com\/pt-pt\/wp-json\/wp\/v2\/types\/product"}],"replies":[{"embeddable":true,"href":"https:\/\/genevainstruments.com\/pt-pt\/wp-json\/wp\/v2\/comments?post=11411"}],"wp:featuredmedia":[{"embeddable":true,"href":"https:\/\/genevainstruments.com\/pt-pt\/wp-json\/wp\/v2\/media\/11413"}],"wp:attachment":[{"href":"https:\/\/genevainstruments.com\/pt-pt\/wp-json\/wp\/v2\/media?parent=11411"}],"wp:term":[{"taxonomy":"product_brand","embeddable":true,"href":"https:\/\/genevainstruments.com\/pt-pt\/wp-json\/wp\/v2\/product_brand?post=11411"},{"taxonomy":"product_cat","embeddable":true,"href":"https:\/\/genevainstruments.com\/pt-pt\/wp-json\/wp\/v2\/product_cat?post=11411"},{"taxonomy":"product_tag","embeddable":true,"href":"https:\/\/genevainstruments.com\/pt-pt\/wp-json\/wp\/v2\/product_tag?post=11411"}],"curies":[{"name":"wp","href":"https:\/\/api.w.org\/{rel}","templated":true}]}}