{"id":11837,"date":"2024-11-10T10:14:30","date_gmt":"2024-11-10T10:14:30","guid":{"rendered":"https:\/\/geneva.viacreative.co\/product\/trompete-em-do-geneva-cardinal\/"},"modified":"2025-12-02T16:04:55","modified_gmt":"2025-12-02T16:04:55","slug":"trompete-em-do-geneva-cardinal","status":"publish","type":"product","link":"https:\/\/genevainstruments.com\/pt-pt\/produto\/trompete-em-do-geneva-cardinal\/","title":{"rendered":"Trompete em D\u00f3 &#8211; Geneva Cardinal"},"content":{"rendered":"<h1 data-start=\"336\" data-end=\"394\">Trompete em D\u00f3 Geneva Cardinal<\/h1>\n<h2 data-start=\"336\" data-end=\"394\">Um Trompete em D\u00f3 de Classe Mundial Concebido para o M\u00fasico S\u00e9rio<\/h2>\n<p data-start=\"396\" data-end=\"677\">O <strong data-start=\"400\" data-end=\"429\">Trompete em D\u00f3 Geneva Cardinal<\/strong> \u00e9 o resultado de um quarto de s\u00e9culo de investiga\u00e7\u00e3o e desenvolvimento cont\u00ednuos. Constru\u00eddo para m\u00fasicos que exigem um tom superior, afina\u00e7\u00e3o impec\u00e1vel e um acabamento perfeito, este cornetim premium representa o auge das mais recentes inova\u00e7\u00f5es dos instrumentos de sopro da Geneva em puro luxo <\/p>\n<hr data-start=\"679\" data-end=\"682\">\n<p data-start=\"684\" data-end=\"700\"><strong>Caracter\u00edsticas principais<\/strong><\/p>\n<ul data-start=\"702\" data-end=\"1349\">\n<li data-start=\"702\" data-end=\"815\">\n<p data-start=\"704\" data-end=\"815\"><strong data-start=\"704\" data-end=\"732\">Tubo de Entrada Venturi Exclusivo (2025)<\/strong><br data-start=\"732\" data-end=\"735\">Melhora a proje\u00e7\u00e3o do som e garante uma experi\u00eancia de execu\u00e7\u00e3o suave e sem esfor\u00e7o.<\/p>\n<\/li>\n<li data-start=\"817\" data-end=\"910\">\n<p data-start=\"819\" data-end=\"910\"><strong data-start=\"819\" data-end=\"841\">Camp\u00e2nula Martelada \u00e0 M\u00e3o<\/strong><br data-start=\"841\" data-end=\"844\">Fabricada com precis\u00e3o artesanal para produzir um tom rico e ressonante.<\/p>\n<\/li>\n<\/ul>\n<ul>\n<li><strong data-start=\"819\" data-end=\"841\">Gravado \u00e0 M\u00e3o<\/strong><br data-start=\"841\" data-end=\"844\">Fabricado com precis\u00e3o artesanal, com grava\u00e7\u00e3o decorativa.<\/li>\n<\/ul>\n<ul data-start=\"702\" data-end=\"1349\">\n<li data-start=\"912\" data-end=\"989\">\n<p data-start=\"914\" data-end=\"989\"><strong data-start=\"914\" data-end=\"937\">Mistura de Metais Personalizada<\/strong><br data-start=\"937\" data-end=\"940\">Projetada para durabilidade e complexidade tonal.<\/p>\n<\/li>\n<li data-start=\"991\" data-end=\"1087\">\n<p data-start=\"993\" data-end=\"1087\"><strong data-start=\"993\" data-end=\"1013\">Design Ergon\u00f3mico<\/strong><br data-start=\"1013\" data-end=\"1016\">Confort\u00e1vel de segurar e f\u00e1cil de controlar durante performances prolongadas.<\/p>\n<\/li>\n<li data-start=\"1089\" data-end=\"1215\">\n<p data-start=\"1091\" data-end=\"1215\"><strong data-start=\"1091\" data-end=\"1112\">Novo Design de Palheta<\/strong><br data-start=\"1112\" data-end=\"1115\">Desenvolvido em colabora\u00e7\u00e3o com Richard Marshall para melhor resposta e sensa\u00e7\u00e3o.<\/p>\n<\/li>\n<li data-start=\"1217\" data-end=\"1349\">\n<p data-start=\"1219\" data-end=\"1349\"><strong data-start=\"1219\" data-end=\"1252\">Revestimento de N\u00edquel Preto Melhorado<\/strong><br data-start=\"1252\" data-end=\"1255\">Um novo acabamento elegante, poss\u00edvel gra\u00e7as ao nosso investimento em tecnologia de produ\u00e7\u00e3o de \u00faltima gera\u00e7\u00e3o.<\/p>\n<\/li>\n<\/ul>\n<hr data-start=\"1351\" data-end=\"1354\">\n<p data-start=\"1356\" data-end=\"1394\"><strong>Por que escolher a gama Cardinal da Geneva?<\/strong><\/p>\n<p data-start=\"1396\" data-end=\"1703\">Quer seja solista, m\u00fasico de conjunto ou l\u00edder de banda, o <strong data-start=\"1459\" data-end=\"1481\">Trompete em D\u00f3 Cardinal<\/strong> oferece a qualidade e o desempenho exigidos por profissionais em todo o mundo. Utilizado por m\u00fasicos de renome no Reino Unido, Europa, EUA, Jap\u00e3o e Austr\u00e1lia, este instrumento estabelece um novo padr\u00e3o no design artesanal de instrumentos de sopro. <\/p>\n<hr data-start=\"1705\" data-end=\"1708\">\n<p data-start=\"1710\" data-end=\"1726\"><strong>Teste pr\u00e1tico &#8211; <a href=\"https:\/\/genevainstruments.com\/pt-pt\/experimente-antes-de-comprar\/\">experimente antes de comprar<\/a><\/strong><\/p>\n<p data-start=\"1728\" data-end=\"2030\">Se est\u00e1 \u00e0 procura de um novo instrumento e ainda n\u00e3o experimentou o <strong data-start=\"1736\" data-end=\"1758\">Trompete em D\u00f3 Cardinal<\/strong> e deseja experiment\u00e1-lo, por favor preencha o formul\u00e1rio de experimenta\u00e7\u00e3o antes de comprar. Existem op\u00e7\u00f5es independentemente do pa\u00eds onde reside.<\/p>\n<hr data-start=\"2303\" data-end=\"2306\">\n<p data-start=\"153\" data-end=\"194\"><strong>Encomende a sua Cardinal hoje<\/strong><\/p>\n<p data-start=\"196\" data-end=\"354\">Pronto para elevar a sua performance? O <strong data-start=\"235\" data-end=\"257\">Trompete em D\u00f3 Cardinal<\/strong> oferece uma precis\u00e3o musical, pot\u00eancia e acabamento inigual\u00e1veis, confiados pelos melhores m\u00fasicos em todo o mundo. <\/p>\n<p data-start=\"356\" data-end=\"594\">Pode <strong data-start=\"364\" data-end=\"404\">comprar diretamente atrav\u00e9s desta loja online<\/strong> ou, se preferir uma abordagem mais pessoal ou precisar de ajuda para escolher o modelo certo, simplesmente <strong data-start=\"494\" data-end=\"573\">envie-nos um e-mail para <a class=\"decorated-link cursor-pointer\" rel=\"noopener\" data-start=\"508\" data-end=\"571\">info@genevainstruments.com<\/a><\/strong> para fazer a sua encomenda.<\/p>\n<p data-start=\"596\" data-end=\"702\">Qualquer que seja a forma que escolha, a nossa equipa est\u00e1 aqui para o ajudar a encontrar o Cardinal perfeito para a sua jornada musical.<\/p>\n<hr data-start=\"2032\" data-end=\"2035\">\n<p>&nbsp;<\/p>\n","protected":false},"excerpt":{"rendered":"<p>Geneva Instruments &#8211; Trompete em D\u00f3 &#8211; Symphony. Veja o v\u00eddeo deste instrumento&#8230; <\/p>\n","protected":false},"featured_media":11838,"comment_status":"closed","ping_status":"closed","template":"","meta":{"_acf_changed":false},"product_brand":[192],"product_cat":[375],"product_tag":[649],"class_list":{"0":"post-11837","1":"product","2":"type-product","3":"status-publish","4":"has-post-thumbnail","6":"product_brand-geneva-instruments","7":"product_cat-instrumentos-geneva-cardinal","8":"product_tag-trompete-em-do-symphony","9":"product_shipping_class-pequeno","10":"pa_range-instrumentos-geneva-cardinal","11":"sales-flash-overlay","12":"woocommerce-text-align-left","13":"woocommerce-image-align-center","14":"do-quantity-buttons","16":"first","17":"instock","18":"taxable","19":"shipping-taxable","20":"purchasable","21":"product-type-variable"},"acf":[],"_links":{"self":[{"href":"https:\/\/genevainstruments.com\/pt-pt\/wp-json\/wp\/v2\/product\/11837","targetHints":{"allow":["GET"]}}],"collection":[{"href":"https:\/\/genevainstruments.com\/pt-pt\/wp-json\/wp\/v2\/product"}],"about":[{"href":"https:\/\/genevainstruments.com\/pt-pt\/wp-json\/wp\/v2\/types\/product"}],"replies":[{"embeddable":true,"href":"https:\/\/genevainstruments.com\/pt-pt\/wp-json\/wp\/v2\/comments?post=11837"}],"wp:featuredmedia":[{"embeddable":true,"href":"https:\/\/genevainstruments.com\/pt-pt\/wp-json\/wp\/v2\/media\/11838"}],"wp:attachment":[{"href":"https:\/\/genevainstruments.com\/pt-pt\/wp-json\/wp\/v2\/media?parent=11837"}],"wp:term":[{"taxonomy":"product_brand","embeddable":true,"href":"https:\/\/genevainstruments.com\/pt-pt\/wp-json\/wp\/v2\/product_brand?post=11837"},{"taxonomy":"product_cat","embeddable":true,"href":"https:\/\/genevainstruments.com\/pt-pt\/wp-json\/wp\/v2\/product_cat?post=11837"},{"taxonomy":"product_tag","embeddable":true,"href":"https:\/\/genevainstruments.com\/pt-pt\/wp-json\/wp\/v2\/product_tag?post=11837"}],"curies":[{"name":"wp","href":"https:\/\/api.w.org\/{rel}","templated":true}]}}