{"id":12064,"date":"2024-09-09T14:36:45","date_gmt":"2024-09-09T13:36:45","guid":{"rendered":"https:\/\/geneva.viacreative.co\/product\/corneta-bb-geneva-heritage-philip-mccann\/"},"modified":"2026-01-16T08:38:55","modified_gmt":"2026-01-16T08:38:55","slug":"corneta-bb-geneva-heritage-philip-mccann","status":"publish","type":"product","link":"https:\/\/genevainstruments.com\/pt-pt\/produto\/corneta-bb-geneva-heritage-philip-mccann\/","title":{"rendered":"Corneta Bb &#8211; Geneva Heritage (Philip McCann)"},"content":{"rendered":"<h3 data-start=\"278\" data-end=\"309\"><strong data-start=\"282\" data-end=\"307\">Gama Geneva Heritage<\/strong><\/h3>\n<p data-start=\"310\" data-end=\"361\"><strong data-start=\"310\" data-end=\"361\">Criado para a tradi\u00e7\u00e3o. Projetado para a excel\u00eancia. <\/strong><\/p>\n<p data-start=\"363\" data-end=\"639\">A gama <em data-start=\"367\" data-end=\"384\">Geneva Heritage<\/em> representa o auge do som puro e expressivo. Desenvolvida especificamente para o mercado tradicional de bandas de metais na Gr\u00e3-Bretanha, esta s\u00e9rie excecional levou mais de 16 anos a ser criada\u2014ultrapassando os limites da arte de fabricar instrumentos de metais.<\/p>\n<p data-start=\"641\" data-end=\"968\">Cada instrumento da gama Heritage incorpora inova\u00e7\u00f5es de design \u00fanicas, incluindo um tubo de entrada cuidadosamente projetado com um estreitamento gradual do venturi para a v\u00e1lvula. Isto resulta numa sensa\u00e7\u00e3o de controlo mais apurada e numa resist\u00eancia ligeiramente aumentada em compara\u00e7\u00e3o com a gama <em data-start=\"895\" data-end=\"912\">Geneva Cardinal<\/em>\u2014ideal para m\u00fasicos que procuram precis\u00e3o e resposta. <\/p>\n<p data-start=\"970\" data-end=\"1278\">Constru\u00edda em lat\u00e3o amarelo de alta qualidade, a gama Heritage oferece o desempenho e a integridade tonal de um instrumento premium a um pre\u00e7o acess\u00edvel\u2014sem comprometer o som ou a afina\u00e7\u00e3o. Para muitos m\u00fasicos, isto traduz-se em melhor controlo e consist\u00eancia em todos os registos e din\u00e2micas. <\/p>\n<p data-start=\"1280\" data-end=\"1475\">Agora reconhecida como uma das principais escolhas no mundo das bandas de metais, a gama <em data-start=\"1358\" data-end=\"1368\">Heritage<\/em> \u00e9 preferida por renomados solistas internacionais e alguns dos mais prestigiados conjuntos em todo o mundo.<\/p>\n<hr data-start=\"1477\" data-end=\"1480\">\n<h3 data-start=\"1482\" data-end=\"1532\"><strong data-start=\"1486\" data-end=\"1530\">Apresentamos a Corneta Geneva Heritage &#8211; Philip McCann <\/strong><\/h3>\n<p data-start=\"1533\" data-end=\"1582\"><strong data-start=\"1533\" data-end=\"1582\">Uma colabora\u00e7\u00e3o exclusiva com Phillip McCann<\/strong><\/p>\n<blockquote data-start=\"1584\" data-end=\"1796\">\n<p data-start=\"1586\" data-end=\"1796\"><em data-start=\"1586\" data-end=\"1771\">\u201cTodos temos uma voz \u00fanica. Este Cornet Cardinal Heritage \u00e9 uma extens\u00e3o de SI e permite-lhe encontrar \u2018a sua voz musical\u2019\u2026 o resultado da minha colabora\u00e7\u00e3o com a Geneva Instruments.\u201d<\/em><br data-start=\"1771\" data-end=\"1774\">\u2014 <strong data-start=\"1778\" data-end=\"1796\">Phillip McCann<\/strong><\/p>\n<\/blockquote>\n<p data-start=\"1798\" data-end=\"1998\">Temos a honra de apresentar a <em data-start=\"1829\" data-end=\"1855\">Corneta Cardinal Heritage<\/em>, um modelo exclusivo desenvolvido em colabora\u00e7\u00e3o com o lend\u00e1rio <strong data-start=\"1921\" data-end=\"1939\">Phillip McCann<\/strong>\u2014uma das figuras mais respeitadas no mundo das bandas de metais.<\/p>\n<p data-start=\"2000\" data-end=\"2354\">Nascido em Bo\u2019ness, Esc\u00f3cia, a carreira de Phillip come\u00e7ou com a Kinneil Colliery Band e floresceu atrav\u00e9s de pap\u00e9is de lideran\u00e7a, incluindo cinco anos como l\u00edder da National Youth Brass Band of Great Britain. Como Cornetista Principal da mundialmente renomada <strong data-start=\"2246\" data-end=\"2265\">Black Dyke Band<\/strong> durante a sua era dourada, Phillip ajudou a moldar um som ic\u00f3nico que ainda hoje \u00e9 reverenciado. <\/p>\n<p data-start=\"2356\" data-end=\"2624\">A sua aclamada s\u00e9rie de CDs <em data-start=\"2370\" data-end=\"2379\">Chandos<\/em>, <em data-start=\"2391\" data-end=\"2428\">As Melodias Mais Belas do Mundo<\/em>, \u00e9 celebrada pelo seu tom sublime e musicalidade, sendo regularmente apresentada na <strong data-start=\"2503\" data-end=\"2516\">BBC Radio<\/strong> e na <strong data-start=\"2521\" data-end=\"2535\">Classic FM<\/strong>. A sua paix\u00e3o pela performance expressiva vive agora neste instrumento de edi\u00e7\u00e3o especial.<\/p>\n<p data-start=\"2626\" data-end=\"2854\">Criada para emular o tradicional som quente das bandas de metais com uma afina\u00e7\u00e3o excecional e uma resposta livre em todos os registos, a <em data-start=\"2763\" data-end=\"2789\">Corneta Cardinal Heritage<\/em> d\u00e1 aos m\u00fasicos a liberdade de expressar a sua verdadeira voz musical.<\/p>\n<h3 data-start=\"1385\" data-end=\"1416\"><strong data-start=\"1389\" data-end=\"1416\">Encomendas e disponibilidade<\/strong><\/h3>\n<p data-start=\"1418\" data-end=\"1667\">Se o instrumento escolhido estiver em encomenda pendente, pode ainda assim completar a sua compra online com um tempo estimado de espera de aproximadamente 4 semanas.<br data-start=\"1559\" data-end=\"1562\">Em alternativa, garanta o seu lugar no nosso cronograma de produ\u00e7\u00e3o com um dep\u00f3sito de 30% contactando-nos diretamente:<\/p>\n<p data-start=\"1669\" data-end=\"1731\">\ud83d\udce7 <strong data-start=\"1672\" data-end=\"1702\"><a class=\"decorated-link cursor-pointer\" rel=\"noopener\" data-start=\"1674\" data-end=\"1700\">info@genevainstruments.com<\/a><\/strong><br data-start=\"1702\" data-end=\"1705\">\ud83d\udcde <strong data-start=\"1708\" data-end=\"1731\">+44 (0) 1642 714464<\/strong><\/p>\n","protected":false},"excerpt":{"rendered":"<p>Corneta Bb &#8211; Geneva Heritage &#8211; Profissional. Veja o v\u00eddeo deste instrumento. <\/p>\n","protected":false},"featured_media":12066,"comment_status":"closed","ping_status":"closed","template":"","meta":{"_acf_changed":false},"product_brand":[192],"product_cat":[375,557],"product_tag":[380],"class_list":{"0":"post-12064","1":"product","2":"type-product","3":"status-publish","4":"has-post-thumbnail","6":"product_brand-geneva-instruments","7":"product_cat-instrumentos-geneva-cardinal","8":"product_cat-modelos-de-artista-geneva-cardinal","9":"product_tag-cornet-bb-heritage-profissional","10":"product_shipping_class-pequeno","11":"pa_range-instrumentos-geneva-heritage","12":"sales-flash-overlay","13":"woocommerce-text-align-left","14":"woocommerce-image-align-center","15":"do-quantity-buttons","16":"wc-has-gallery","18":"first","19":"instock","20":"taxable","21":"shipping-taxable","22":"purchasable","23":"product-type-variable"},"acf":[],"_links":{"self":[{"href":"https:\/\/genevainstruments.com\/pt-pt\/wp-json\/wp\/v2\/product\/12064","targetHints":{"allow":["GET"]}}],"collection":[{"href":"https:\/\/genevainstruments.com\/pt-pt\/wp-json\/wp\/v2\/product"}],"about":[{"href":"https:\/\/genevainstruments.com\/pt-pt\/wp-json\/wp\/v2\/types\/product"}],"replies":[{"embeddable":true,"href":"https:\/\/genevainstruments.com\/pt-pt\/wp-json\/wp\/v2\/comments?post=12064"}],"wp:featuredmedia":[{"embeddable":true,"href":"https:\/\/genevainstruments.com\/pt-pt\/wp-json\/wp\/v2\/media\/12066"}],"wp:attachment":[{"href":"https:\/\/genevainstruments.com\/pt-pt\/wp-json\/wp\/v2\/media?parent=12064"}],"wp:term":[{"taxonomy":"product_brand","embeddable":true,"href":"https:\/\/genevainstruments.com\/pt-pt\/wp-json\/wp\/v2\/product_brand?post=12064"},{"taxonomy":"product_cat","embeddable":true,"href":"https:\/\/genevainstruments.com\/pt-pt\/wp-json\/wp\/v2\/product_cat?post=12064"},{"taxonomy":"product_tag","embeddable":true,"href":"https:\/\/genevainstruments.com\/pt-pt\/wp-json\/wp\/v2\/product_tag?post=12064"}],"curies":[{"name":"wp","href":"https:\/\/api.w.org\/{rel}","templated":true}]}}