{"id":12224,"date":"2024-09-09T14:36:43","date_gmt":"2024-09-09T13:36:43","guid":{"rendered":"https:\/\/geneva.viacreative.co\/product\/tuba-em-mib-geneva-heritage\/"},"modified":"2025-12-02T16:02:12","modified_gmt":"2025-12-02T16:02:12","slug":"tuba-em-mib-geneva-heritage","status":"publish","type":"product","link":"https:\/\/genevainstruments.com\/pt-pt\/produto\/tuba-em-mib-geneva-heritage\/","title":{"rendered":"Tuba em MIb &#8211; Geneva Heritage"},"content":{"rendered":"<h3 data-start=\"181\" data-end=\"212\"><strong data-start=\"185\" data-end=\"210\">Geneva Heritage<\/strong><\/h3>\n<p data-start=\"213\" data-end=\"264\"><strong data-start=\"213\" data-end=\"264\">Criado para a tradi\u00e7\u00e3o. Projetado para a excel\u00eancia. <\/strong><\/p>\n<p data-start=\"266\" data-end=\"542\">A Tuba em MIb <em data-start=\"270\" data-end=\"287\">Geneva Heritage<\/em> representa o auge do som puro e expressivo. Desenvolvida especificamente para o mercado tradicional de bandas de metais na Gr\u00e3-Bretanha, esta s\u00e9rie excecional tem mais de 20 anos de desenvolvimento\u2014ultrapassando os limites do artesanato de instrumentos de sopro de metal.<\/p>\n<p data-start=\"544\" data-end=\"871\">Cada instrumento da gama Heritage incorpora inova\u00e7\u00f5es \u00fanicas de design, incluindo um tudel cuidadosamente projetado com uma conicidade gradual desde o venturi at\u00e9 \u00e0 v\u00e1lvula. Isto resulta numa sensa\u00e7\u00e3o mais controlada e numa resist\u00eancia ligeiramente aumentada em compara\u00e7\u00e3o com a Gama Cardinal\u2014ideal para m\u00fasicos que procuram precis\u00e3o e resposta. <\/p>\n<p data-start=\"873\" data-end=\"1181\">Constru\u00edda em lat\u00e3o amarelo de alta qualidade, a gama Heritage oferece o desempenho e a integridade tonal de um instrumento premium a um pre\u00e7o acess\u00edvel\u2014sem comprometer o som ou a afina\u00e7\u00e3o. Para muitos m\u00fasicos, isto traduz-se em melhor controlo e consist\u00eancia em todos os registos e din\u00e2micas. <\/p>\n<p data-start=\"1183\" data-end=\"1378\">Agora reconhecida como uma das principais escolhas no mundo das bandas de metais, a gama <em data-start=\"1261\" data-end=\"1271\">Heritage<\/em> \u00e9 preferida por renomados solistas internacionais e alguns dos mais prestigiados conjuntos em todo o mundo.<\/p>\n<hr data-start=\"1380\" data-end=\"1383\">\n<h3 data-start=\"1385\" data-end=\"1416\"><strong data-start=\"1389\" data-end=\"1416\">Encomendas e disponibilidade<\/strong><\/h3>\n<p data-start=\"1418\" data-end=\"1667\">Se o instrumento escolhido estiver em pr\u00e9-encomenda, pode ainda finalizar a sua compra online com um prazo de entrega estimado de aproximadamente 4 semanas.<\/p>\n<p data-start=\"1418\" data-end=\"1667\">Em alternativa, garanta o seu lugar no nosso programa de produ\u00e7\u00e3o com um dep\u00f3sito de 30% contactando-nos diretamente:<\/p>\n<p data-start=\"1669\" data-end=\"1731\">\ud83d\udce7 <strong data-start=\"1672\" data-end=\"1702\"><a class=\"decorated-link cursor-pointer\" rel=\"noopener\" data-start=\"1674\" data-end=\"1700\">info@genevainstruments.com<\/a><\/strong><br data-start=\"1702\" data-end=\"1705\">\ud83d\udcde <strong data-start=\"1708\" data-end=\"1731\">+44 (0) 1642 714464<\/strong><\/p>\n<h4 style=\"text-align: center;\">&#8220;Estojo r\u00edgido fornecido com o instrumento.&#8221;<\/h4>\n","protected":false},"excerpt":{"rendered":"<p>Instrumentos Geneva Tuba em MIb &#8211; Geneva Heritage &#8211; profissional<\/p>\n","protected":false},"featured_media":12227,"comment_status":"closed","ping_status":"closed","template":"","meta":{"_acf_changed":false},"product_brand":[192],"product_cat":[706],"product_tag":[713],"class_list":{"0":"post-12224","1":"product","2":"type-product","3":"status-publish","4":"has-post-thumbnail","6":"product_brand-geneva-instruments","7":"product_cat-geneva-heritage","8":"product_tag-tuba-em-mib-heritage-anteriormente-symphony","9":"product_shipping_class-extra-grande","10":"pa_range-instrumentos-geneva-heritage","11":"sales-flash-overlay","12":"woocommerce-text-align-left","13":"woocommerce-image-align-center","14":"do-quantity-buttons","15":"wc-has-gallery","17":"first","18":"instock","19":"taxable","20":"shipping-taxable","21":"purchasable","22":"product-type-variable"},"acf":[],"_links":{"self":[{"href":"https:\/\/genevainstruments.com\/pt-pt\/wp-json\/wp\/v2\/product\/12224","targetHints":{"allow":["GET"]}}],"collection":[{"href":"https:\/\/genevainstruments.com\/pt-pt\/wp-json\/wp\/v2\/product"}],"about":[{"href":"https:\/\/genevainstruments.com\/pt-pt\/wp-json\/wp\/v2\/types\/product"}],"replies":[{"embeddable":true,"href":"https:\/\/genevainstruments.com\/pt-pt\/wp-json\/wp\/v2\/comments?post=12224"}],"wp:featuredmedia":[{"embeddable":true,"href":"https:\/\/genevainstruments.com\/pt-pt\/wp-json\/wp\/v2\/media\/12227"}],"wp:attachment":[{"href":"https:\/\/genevainstruments.com\/pt-pt\/wp-json\/wp\/v2\/media?parent=12224"}],"wp:term":[{"taxonomy":"product_brand","embeddable":true,"href":"https:\/\/genevainstruments.com\/pt-pt\/wp-json\/wp\/v2\/product_brand?post=12224"},{"taxonomy":"product_cat","embeddable":true,"href":"https:\/\/genevainstruments.com\/pt-pt\/wp-json\/wp\/v2\/product_cat?post=12224"},{"taxonomy":"product_tag","embeddable":true,"href":"https:\/\/genevainstruments.com\/pt-pt\/wp-json\/wp\/v2\/product_tag?post=12224"}],"curies":[{"name":"wp","href":"https:\/\/api.w.org\/{rel}","templated":true}]}}