{"id":12448,"date":"2024-09-09T14:36:56","date_gmt":"2024-09-09T13:36:56","guid":{"rendered":"https:\/\/geneva.viacreative.co\/product\/saxofone-baritono-widow-maker-lineage-pro\/"},"modified":"2025-12-21T08:26:03","modified_gmt":"2025-12-21T08:26:03","slug":"saxofone-baritono-widow-maker-lineage-pro","status":"publish","type":"product","link":"https:\/\/genevainstruments.com\/pt-pt\/produto\/saxofone-baritono-widow-maker-lineage-pro\/","title":{"rendered":"Saxofone bar\u00edtono Widow Maker &#8211; lineage pro"},"content":{"rendered":"<h2 data-start=\"410\" data-end=\"465\">Saxofone bar\u00edtono profissional Geneva lineage<\/h2>\n<p data-start=\"467\" data-end=\"790\">Experimente a voz poderosa do <strong data-start=\"504\" data-end=\"538\">Saxofone Bar\u00edtono Geneva Lineage<\/strong> \u2013 um instrumento meticulosamente concebido para as exig\u00eancias da performance ao vivo e da excel\u00eancia em est\u00fadio. Favorecido pelos melhores artistas, este saxofone tenor incorpora mais de <strong data-start=\"730\" data-end=\"789\">70 anos de inova\u00e7\u00e3o em design e experi\u00eancia de performance<\/strong>. <\/p>\n<hr data-start=\"792\" data-end=\"795\">\n<h3 data-start=\"797\" data-end=\"834\"><strong data-start=\"804\" data-end=\"833\">Caracter\u00edsticas principais e destaques<\/strong>:<\/h3>\n<ul>\n<li data-start=\"965\" data-end=\"1149\">\n<p data-start=\"967\" data-end=\"1149\"><strong data-start=\"969\" data-end=\"993\">Legado de Excel\u00eancia<\/strong>: Desenvolvido pela equipa de design de elite da Geneva, combinando d\u00e9cadas de <strong data-start=\"1057\" data-end=\"1085\">artesanato de instrumentos<\/strong>, <strong data-start=\"1087\" data-end=\"1111\">inova\u00e7\u00e3o t\u00e9cnica<\/strong> e <strong data-start=\"1117\" data-end=\"1148\">experi\u00eancia em atua\u00e7\u00f5es ao vivo<\/strong>.<\/p>\n<\/li>\n<li data-start=\"1150\" data-end=\"1320\">\n<p data-start=\"1152\" data-end=\"1320\"><strong data-start=\"1154\" data-end=\"1189\">Artesanato Europeu Superior<\/strong>: Fabricado na <strong data-start=\"1211\" data-end=\"1229\">Rep\u00fablica Checa<\/strong> sob os rigorosos padr\u00f5es da Geneva \u2013 combinando t\u00e9cnicas tradicionais com precis\u00e3o moderna.<\/p>\n<\/li>\n<li data-start=\"1321\" data-end=\"1481\">\n<p data-start=\"1323\" data-end=\"1481\"><strong data-start=\"1325\" data-end=\"1352\">Design L\u00edder da Ind\u00fastria<\/strong>: Parte da <strong data-start=\"1366\" data-end=\"1387\">s\u00e9rie Lineage Pro<\/strong>, estabelecendo o padr\u00e3o para qualidade tonal, resposta e durabilidade em saxofones profissionais.<\/p>\n<\/li>\n<li data-start=\"1482\" data-end=\"1639\">\n<p data-start=\"1484\" data-end=\"1639\"><strong data-start=\"1486\" data-end=\"1517\">Constru\u00eddo para M\u00fasicos S\u00e9rios<\/strong>: Ideal para artistas de concertos, m\u00fasicos de sess\u00e3o e aprendizes avan\u00e7ados que pretendem dar o pr\u00f3ximo passo na sua jornada musical.<\/p>\n<\/li>\n<\/ul>\n<hr data-start=\"1641\" data-end=\"1644\">\n<h3 data-start=\"1646\" data-end=\"1686\"><strong data-start=\"1653\" data-end=\"1685\">Inclu\u00eddo com o seu saxofone<\/strong>:<\/h3>\n<ul data-start=\"1688\" data-end=\"1882\">\n<li data-start=\"1688\" data-end=\"1771\">\n<p data-start=\"1690\" data-end=\"1771\"><strong data-start=\"1693\" data-end=\"1711\">Instrumento Novo<\/strong>: Vem com uma <strong data-start=\"1734\" data-end=\"1747\">mala r\u00edgida<\/strong> premium para m\u00e1xima prote\u00e7\u00e3o.<\/p>\n<\/li>\n<li data-start=\"1772\" data-end=\"1882\">\n<p data-start=\"1774\" data-end=\"1882\"><strong data-start=\"1777\" data-end=\"1795\">Modelos Ex-Demo<\/strong>: Fornecidos com uma <strong data-start=\"1821\" data-end=\"1834\">mala macia<\/strong> dur\u00e1vel \u2013 perfeita para viagens mais leves e uso em ensaios.<\/p>\n<\/li>\n<\/ul>\n<hr data-start=\"1884\" data-end=\"1887\">\n<h3 data-start=\"1889\" data-end=\"1917\"><strong data-start=\"1896\" data-end=\"1916\">Vis\u00e3o geral do produto<\/strong>:<\/h3>\n<p data-start=\"1919\" data-end=\"2238\">Como produto criativo da internacionalmente reconhecida <strong data-start=\"1974\" data-end=\"1993\">Geneva Instruments<\/strong>, a gama <strong data-start=\"1999\" data-end=\"2013\">OW Lineage<\/strong> representa o auge do design de saxofones. Estes instrumentos refletem a filosofia da Geneva: combinar <strong data-start=\"2122\" data-end=\"2149\">tecnologia de ponta<\/strong> com <strong data-start=\"2155\" data-end=\"2184\">artesanato tradicional<\/strong> para criar ferramentas de express\u00e3o, n\u00e3o apenas de performance. <\/p>\n<p data-start=\"2240\" data-end=\"2397\">Quer esteja no palco, no est\u00fadio ou a ultrapassar os limites do seu som, o Saxofone Tenor Geneva Lineage oferece pot\u00eancia, precis\u00e3o e alma.<\/p>\n<hr data-start=\"2399\" data-end=\"2402\">\n<h3 data-start=\"2404\" data-end=\"2465\"><strong data-start=\"2411\" data-end=\"2465\">Encomende agora \u2013 constru\u00eddo para o palco, concebido para a vida<\/strong><\/h3>\n<p data-start=\"2467\" data-end=\"2637\">Explore o som que est\u00e1 a redefinir a performance moderna do saxofone. Escolha o seu modelo, selecione a sua prefer\u00eancia de mala e entre numa nova classe de excel\u00eancia em saxofone tenor <\/p>\n","protected":false},"excerpt":{"rendered":"<p>Instrumentos Geneva &#8211; saxofone bar\u00edtono Widow Maker &#8211; lineage pro<\/p>\n","protected":false},"featured_media":12450,"comment_status":"closed","ping_status":"closed","template":"","meta":{"_acf_changed":false},"product_brand":[192],"product_cat":[780],"product_tag":[807],"class_list":{"0":"post-12448","1":"product","2":"type-product","3":"status-publish","4":"has-post-thumbnail","6":"product_brand-geneva-instruments","7":"product_cat-geneva-lineage","8":"product_tag-saxofone-baritono-lineage","9":"product_shipping_class-extra-grande","10":"pa_range-gama-de-saxofones-lineage-pro","11":"sales-flash-overlay","12":"woocommerce-text-align-left","13":"woocommerce-image-align-center","14":"do-quantity-buttons","16":"first","17":"instock","18":"sale","19":"taxable","20":"shipping-taxable","21":"purchasable","22":"product-type-variable"},"acf":[],"_links":{"self":[{"href":"https:\/\/genevainstruments.com\/pt-pt\/wp-json\/wp\/v2\/product\/12448","targetHints":{"allow":["GET"]}}],"collection":[{"href":"https:\/\/genevainstruments.com\/pt-pt\/wp-json\/wp\/v2\/product"}],"about":[{"href":"https:\/\/genevainstruments.com\/pt-pt\/wp-json\/wp\/v2\/types\/product"}],"replies":[{"embeddable":true,"href":"https:\/\/genevainstruments.com\/pt-pt\/wp-json\/wp\/v2\/comments?post=12448"}],"wp:featuredmedia":[{"embeddable":true,"href":"https:\/\/genevainstruments.com\/pt-pt\/wp-json\/wp\/v2\/media\/12450"}],"wp:attachment":[{"href":"https:\/\/genevainstruments.com\/pt-pt\/wp-json\/wp\/v2\/media?parent=12448"}],"wp:term":[{"taxonomy":"product_brand","embeddable":true,"href":"https:\/\/genevainstruments.com\/pt-pt\/wp-json\/wp\/v2\/product_brand?post=12448"},{"taxonomy":"product_cat","embeddable":true,"href":"https:\/\/genevainstruments.com\/pt-pt\/wp-json\/wp\/v2\/product_cat?post=12448"},{"taxonomy":"product_tag","embeddable":true,"href":"https:\/\/genevainstruments.com\/pt-pt\/wp-json\/wp\/v2\/product_tag?post=12448"}],"curies":[{"name":"wp","href":"https:\/\/api.w.org\/{rel}","templated":true}]}}