{"id":12558,"date":"2024-09-09T14:36:56","date_gmt":"2024-09-09T13:36:56","guid":{"rendered":"https:\/\/geneva.viacreative.co\/product\/saxofone-soprano-lineage-pro\/"},"modified":"2025-12-21T08:26:05","modified_gmt":"2025-12-21T08:26:05","slug":"saxofone-soprano-lineage-pro","status":"publish","type":"product","link":"https:\/\/genevainstruments.com\/pt-pt\/produto\/saxofone-soprano-lineage-pro\/","title":{"rendered":"Saxofone soprano &#8211; lineage pro"},"content":{"rendered":"<p>Este Saxofone Soprano foi uma das adi\u00e7\u00f5es de 2024 \u00e0 gama de instrumentos de sopro de madeira da Geneva, que evoluiu a partir dos nossos modelos Lineage Professional. Estamos agora a aceitar reservas para experimentar antes de comprar e encomendas para o seu lan\u00e7amento no outono de 2024.<\/p>\n<p>O seu conceito nasce do desejo de fornecer instrumentos de sopro de madeira ao m\u00fasico progressivo, oferecendo um instrumento econ\u00f3mico e duradouro que atua sem comprometer os princ\u00edpios de design t\u00e3o bem-sucedidos na nossa gama Lineage.<\/p>\n<p>A forma como alcan\u00e7\u00e1mos esta nova gama foi incorporando o conhecimento e as compet\u00eancias de design da Geneva, continuando a definir o padr\u00e3o da ind\u00fastria para performances ao vivo com uma filosofia baseada numa parceria entre tecnologia de ponta e artesanato tradicional.<\/p>\n<p>O resultado produziu uma qualidade inigual\u00e1vel de Saxofone Soprano Bb numa classe que oferece uma solu\u00e7\u00e3o para instrumentistas de sopro de madeira avan\u00e7ados na sua jornada progressiva para o profissionalismo musical.<\/p>\n<p>Mas, novamente, recomendamos que qualquer m\u00fasico que procure um instrumento de sopro de madeira avan\u00e7ado experimente este Lineage JTP antes de fazer a sua escolha, pois uma vez tocado nunca \u00e9 esquecido, especialmente quando comparado com o seu modelo compar\u00e1vel das marcas globais produzidas em massa.<\/p>\n<p>O novo instrumento \u00e9 fornecido com um estojo r\u00edgido. Ex-demo s\u00e3o com estojo macio. <\/p>\n","protected":false},"excerpt":{"rendered":"<p>Instrumentos Geneva &#8211; saxofone soprano Bb &#8211; lineage JTP &#8211; avan\u00e7ado.<\/p>\n<p>&nbsp;<\/p>\n","protected":false},"featured_media":12562,"comment_status":"closed","ping_status":"closed","template":"","meta":{"_acf_changed":false},"product_brand":[192],"product_cat":[780],"product_tag":[827],"class_list":{"0":"post-12558","1":"product","2":"type-product","3":"status-publish","4":"has-post-thumbnail","6":"product_brand-geneva-instruments","7":"product_cat-geneva-lineage","8":"product_tag-saxofone-soprano","9":"product_shipping_class-pequeno","10":"pa_range-gama-de-saxofones-lineage-pro","11":"sales-flash-overlay","12":"woocommerce-text-align-left","13":"woocommerce-image-align-center","14":"do-quantity-buttons","16":"first","17":"instock","18":"taxable","19":"shipping-taxable","20":"purchasable","21":"product-type-variable"},"acf":[],"_links":{"self":[{"href":"https:\/\/genevainstruments.com\/pt-pt\/wp-json\/wp\/v2\/product\/12558","targetHints":{"allow":["GET"]}}],"collection":[{"href":"https:\/\/genevainstruments.com\/pt-pt\/wp-json\/wp\/v2\/product"}],"about":[{"href":"https:\/\/genevainstruments.com\/pt-pt\/wp-json\/wp\/v2\/types\/product"}],"replies":[{"embeddable":true,"href":"https:\/\/genevainstruments.com\/pt-pt\/wp-json\/wp\/v2\/comments?post=12558"}],"wp:featuredmedia":[{"embeddable":true,"href":"https:\/\/genevainstruments.com\/pt-pt\/wp-json\/wp\/v2\/media\/12562"}],"wp:attachment":[{"href":"https:\/\/genevainstruments.com\/pt-pt\/wp-json\/wp\/v2\/media?parent=12558"}],"wp:term":[{"taxonomy":"product_brand","embeddable":true,"href":"https:\/\/genevainstruments.com\/pt-pt\/wp-json\/wp\/v2\/product_brand?post=12558"},{"taxonomy":"product_cat","embeddable":true,"href":"https:\/\/genevainstruments.com\/pt-pt\/wp-json\/wp\/v2\/product_cat?post=12558"},{"taxonomy":"product_tag","embeddable":true,"href":"https:\/\/genevainstruments.com\/pt-pt\/wp-json\/wp\/v2\/product_tag?post=12558"}],"curies":[{"name":"wp","href":"https:\/\/api.w.org\/{rel}","templated":true}]}}