{"id":10608,"date":"2024-08-06T14:57:18","date_gmt":"2024-08-06T13:57:18","guid":{"rendered":"https:\/\/geneva.viacreative.co\/det-hallbara-valet\/"},"modified":"2025-12-02T16:37:05","modified_gmt":"2025-12-02T16:37:05","slug":"det-hallbara-valet","status":"publish","type":"page","link":"https:\/\/genevainstruments.com\/sv\/det-hallbara-valet\/","title":{"rendered":"Det h\u00e5llbara valet"},"content":{"rendered":"<div class=\"gb-container gb-container-281ff18e alignfull\">\n<div class=\"gb-container gb-container-c640bff3\">\n\n<h2 class=\"gb-headline gb-headline-17e39d6c gb-headline-text\">Det h\u00e5llbara valet<\/h2>\n\n\n\n<h4 class=\"gb-headline gb-headline-8a23b163 gb-headline-text\">Hantverksm\u00e4ssiga tillverkare av m\u00e4ssings- och tr\u00e4bl\u00e5sinstrument som s\u00e4ljer globalt till musiker p\u00e5 alla niv\u00e5er som vill ha det finaste instrumentet m\u00f6jligt inom sin budget<\/h4>\n\n<\/div>\n\n<div class=\"gb-container gb-container-1d08b1d3\">\n\n<a class=\"gb-button gb-button-8caab664 smooth-scroll via-scroll\" href=\"#design\"><span class=\"gb-icon\"><svg xmlns:xlink=\"http:\/\/www.w3.org\/1999\/xlink\" xmlns=\"http:\/\/www.w3.org\/2000\/svg\" version=\"1.1\" viewbox=\"0 0 16 16\" height=\"48px\" width=\"48px\">\n  <rect fill=\"none\" id=\"icon-bound\" height=\"16\" width=\"16\"><\/rect>\n  <polygon points=\"8,13 0,5 16,5\"><\/polygon>\n<\/svg><\/span><\/a>\n\n<\/div>\n<\/div><div class=\"gb-container gb-container-ac39d2d6 alignfull\" id=\"design\">\n<div class=\"gb-grid-wrapper gb-grid-wrapper-bf426437\">\n<div class=\"gb-grid-column gb-grid-column-b37df49a\"><div class=\"gb-container gb-container-b37df49a\">\n\n<h2 class=\"gb-headline gb-headline-c6defa70 gb-headline-text\">Det allra senaste<\/h2>\n\n\n\n<p class=\"gb-headline gb-headline-5bc85dbb gb-headline-text\">Geneva grundades \u00e5r 2000 och har alltid legat i framkant n\u00e4r det g\u00e4ller design och teknologi f\u00f6r att skapa fantastiska musikinstrument. V\u00e5ra senaste modeller f\u00f6ljer den traditionen. <\/p>\n\n\n\n<p class=\"gb-headline gb-headline-35806561 gb-headline-text\">Vi tillverkar v\u00e5ra instrument i Europa, d\u00e4r tillverkningen av handgjorda m\u00e4ssings- och tr\u00e4bl\u00e5sinstrument har varit en del av livet och sj\u00e4len hos den lokala arbetskraften sedan 1842.<\/p>\n\n\n\n<p class=\"gb-headline gb-headline-59be7cf1 gb-headline-text\">V\u00e5ra forsknings- och utvecklingsprojekt i samarbete med b\u00e5de musiker och ingenj\u00f6rer, som <a href=\"https:\/\/www.twi-global.com\/what-we-do\" data-type=\"link\" data-id=\"https:\/\/www.twi-global.com\/what-we-do\" rel=\"noopener\">TWI-Global<\/a>, en av v\u00e4rldens fr\u00e4msta oberoende forsknings- och teknikorganisationer med expertis inom materialfogning och tekniska processer, har gjort det m\u00f6jligt f\u00f6r oss att kontinuerligt f\u00f6rb\u00e4ttra v\u00e5ra instrument utan att kompromissa med ljudet och intonationen som vi anser vara s\u00e5 viktiga f\u00f6r v\u00e5ra varum\u00e4rken.<\/p>\n\n\n\n<a class=\"gb-button gb-button-d89c776c button-arrow-down smooth-scroll via-scroll\" href=\"#potential\"><span class=\"gb-icon\"><svg xmlns:xlink=\"http:\/\/www.w3.org\/1999\/xlink\" xmlns=\"http:\/\/www.w3.org\/2000\/svg\" version=\"1.1\" viewbox=\"0 0 16 16\" height=\"48px\" width=\"48px\">\n  <rect fill=\"none\" id=\"icon-bound\" height=\"16\" width=\"16\"><\/rect>\n  <polygon points=\"8,13 0,5 16,5\"><\/polygon>\n<\/svg><\/span><\/a>\n\n<\/div><\/div>\n\n<div class=\"gb-grid-column gb-grid-column-9f7229ba\"><div class=\"gb-container gb-container-9f7229ba\"><\/div><\/div>\n\n<div class=\"gb-grid-column gb-grid-column-6b992e4b\"><div class=\"gb-container gb-container-6b992e4b\" id=\"potential\"><\/div><\/div>\n\n<div class=\"gb-grid-column gb-grid-column-ea25f211\"><div class=\"gb-container gb-container-ea25f211\">\n\n<h2 class=\"gb-headline gb-headline-63a129b2 gb-headline-text\">N\u00e5 din fulla potential<\/h2>\n\n\n\n<p class=\"gb-headline gb-headline-514103a1 gb-headline-text\">Alla instrument som Geneva tillverkar har utformats f\u00f6r att l\u00e5ta spelaren uppn\u00e5 sin fulla potential.<\/p>\n\n\n\n<p class=\"gb-headline gb-headline-384a5977 gb-headline-text\">Centralt f\u00f6r detta har varit Genevas f\u00f6rst\u00e5else f\u00f6r egenskaperna hos olika material och hur detta p\u00e5verkar b\u00e5de ljudet, st\u00e4mningen och den tekniska flexibiliteten hos hela v\u00e5rt sortiment av m\u00e4ssings- och tr\u00e4bl\u00e5sinstrument.<\/p>\n\n\n\n<p class=\"gb-headline gb-headline-fb183daf gb-headline-text\">Det grundl\u00e4ggande kravet f\u00f6r alla Geneva-instrument \u00e4r fortfarande att de ska vara l\u00e4ttspelade med exceptionell intonation och ljud<\/p>\n\n\n\n<a class=\"gb-button gb-button-bb1839e5 gb-button-text button-red-outline\" href=\"https:\/\/genevainstruments.com\/shop\/\">Handla nu<\/a>\n\n<\/div><\/div>\n<\/div>\n<\/div><div class=\"gb-container gb-container-cc936e91 alignfull\" id=\"watch\">\n<div class=\"gb-container gb-container-75db3cbe\">\n\n<p class=\"gb-headline gb-headline-692b1c7e gb-headline-text explore\">Titta och LYSSNA<\/p>\n\n<\/div>\n\n<div class=\"gb-container gb-container-76da2e16\">\n\n<h2 class=\"gb-headline gb-headline-a82eb01c gb-headline-text\">Det allra senaste inom instrumentdesign och teknologi <\/h2>\n\n\n<div class=\"gb-grid-wrapper gb-grid-wrapper-3718238d\">\n<div class=\"gb-grid-column gb-grid-column-823301fc\"><div class=\"gb-container gb-container-823301fc\">\n\n<figure class=\"wp-block-embed is-type-video is-provider-youtube wp-block-embed-youtube wp-embed-aspect-16-9 wp-has-aspect-ratio\"><div class=\"wp-block-embed__wrapper\">\n<iframe loading=\"lazy\" title=\"Richard Marshall - The Geneva Cardinal Cornet\" width=\"1200\" height=\"675\" src=\"https:\/\/www.youtube.com\/embed\/oENeHZii8D4?feature=oembed\" frameborder=\"0\" allow=\"accelerometer; autoplay; clipboard-write; encrypted-media; gyroscope; picture-in-picture; web-share\" referrerpolicy=\"strict-origin-when-cross-origin\" allowfullscreen><\/iframe>\n<\/div><figcaption class=\"wp-element-caption\">Geneva Cardinal Cornet &#8211; Talade 2021 och fortsatte sedan med att konsultera Geneva om dess omdesign 2023<\/figcaption><\/figure>\n\n<\/div><\/div>\n\n<div class=\"gb-grid-column gb-grid-column-a64de3f4\"><div class=\"gb-container gb-container-a64de3f4\">\n\n<figure class=\"wp-block-embed is-type-video is-provider-youtube wp-block-embed-youtube wp-embed-aspect-16-9 wp-has-aspect-ratio\"><div class=\"wp-block-embed__wrapper\">\n<iframe loading=\"lazy\" title=\"Geneva Instruments Factory\" width=\"1200\" height=\"675\" src=\"https:\/\/www.youtube.com\/embed\/CQ0G0lgryLI?feature=oembed\" frameborder=\"0\" allow=\"accelerometer; autoplay; clipboard-write; encrypted-media; gyroscope; picture-in-picture; web-share\" referrerpolicy=\"strict-origin-when-cross-origin\" allowfullscreen><\/iframe>\n<\/div><figcaption class=\"wp-element-caption\">Genevas instrumentfabrik<\/figcaption><\/figure>\n\n<\/div><\/div>\n<\/div>\n<\/div>\n<\/div>","protected":false},"excerpt":{"rendered":"<p>Det h\u00e5llbara valet Hantverksm\u00e4ssiga tillverkare av m\u00e4ssings- och tr\u00e4bl\u00e5sinstrument som s\u00e4ljer globalt till musiker p\u00e5 alla niv\u00e5er som vill ha det finaste instrumentet m\u00f6jligt inom sin budget Titta och LYSSNA Det allra senaste inom instrumentdesign och teknologi<\/p>\n","protected":false},"author":1,"featured_media":10614,"parent":0,"menu_order":1,"comment_status":"closed","ping_status":"closed","template":"","meta":{"_acf_changed":false,"footnotes":""},"class_list":["post-10608","page","type-page","status-publish","has-post-thumbnail"],"acf":[],"_links":{"self":[{"href":"https:\/\/genevainstruments.com\/sv\/wp-json\/wp\/v2\/pages\/10608","targetHints":{"allow":["GET"]}}],"collection":[{"href":"https:\/\/genevainstruments.com\/sv\/wp-json\/wp\/v2\/pages"}],"about":[{"href":"https:\/\/genevainstruments.com\/sv\/wp-json\/wp\/v2\/types\/page"}],"author":[{"embeddable":true,"href":"https:\/\/genevainstruments.com\/sv\/wp-json\/wp\/v2\/users\/1"}],"replies":[{"embeddable":true,"href":"https:\/\/genevainstruments.com\/sv\/wp-json\/wp\/v2\/comments?post=10608"}],"version-history":[{"count":1,"href":"https:\/\/genevainstruments.com\/sv\/wp-json\/wp\/v2\/pages\/10608\/revisions"}],"predecessor-version":[{"id":10615,"href":"https:\/\/genevainstruments.com\/sv\/wp-json\/wp\/v2\/pages\/10608\/revisions\/10615"}],"wp:featuredmedia":[{"embeddable":true,"href":"https:\/\/genevainstruments.com\/sv\/wp-json\/wp\/v2\/media\/10614"}],"wp:attachment":[{"href":"https:\/\/genevainstruments.com\/sv\/wp-json\/wp\/v2\/media?parent=10608"}],"curies":[{"name":"wp","href":"https:\/\/api.w.org\/{rel}","templated":true}]}}