{"id":10672,"date":"2023-08-09T16:31:59","date_gmt":"2023-08-09T15:31:59","guid":{"rendered":"https:\/\/geneva.viacreative.co\/geneva-artister\/"},"modified":"2025-12-10T17:35:02","modified_gmt":"2025-12-10T17:35:02","slug":"geneva-artister","status":"publish","type":"page","link":"https:\/\/genevainstruments.com\/sv\/geneva-artister\/","title":{"rendered":"Geneva-artister"},"content":{"rendered":"<div class=\"gb-container gb-container-281ff18e alignfull\">\n<div class=\"gb-container gb-container-c48a3e65\">\n\n<h1 class=\"gb-headline gb-headline-6af4d3d1 gb-headline-text\">Geneva-artister<\/h1>\n\n\n\n<h3 class=\"gb-headline gb-headline-16b04e9d gb-headline-text\">Vi \u00e4r stolta \u00f6ver att v\u00e5ra <a href=\"https:\/\/genevainstruments.com\/shop\/\" data-type=\"page\" data-id=\"581\">bl\u00e5s- och tr\u00e4bl\u00e5sinstrument<\/a> spelas av m\u00e5nga av v\u00e4rldens finaste musiker.<\/h3>\n\n\n\n<h5 class=\"gb-headline gb-headline-c3449f9f gb-headline-text\">P\u00e5 den h\u00e4r sidan presenterar vi n\u00e5gra av Geneva-artisterna f\u00f6r dig och l\u00e4gger upp information om deras framtr\u00e4danden, videor och inspelningar.<\/h5>\n\n<\/div>\n\n<div class=\"gb-container gb-container-1d08b1d3\">\n\n<a class=\"gb-button gb-button-8caab664 smooth-scroll via-scroll\" href=\"#artists\"><span class=\"gb-icon\"><svg xmlns:xlink=\"http:\/\/www.w3.org\/1999\/xlink\" xmlns=\"http:\/\/www.w3.org\/2000\/svg\" version=\"1.1\" viewbox=\"0 0 16 16\" height=\"48px\" width=\"48px\">\n  <rect fill=\"none\" id=\"icon-bound\" height=\"16\" width=\"16\"><\/rect>\n  <polygon points=\"8,13 0,5 16,5\"><\/polygon>\n<\/svg><\/span><\/a>\n\n<\/div>\n<\/div><div class=\"gb-container gb-container-a5c6bd6e page-artists alignfull\" id=\"artists\">\n<div class=\"gb-container gb-container-792bbbbd\">\n\n<div class=\"gb-grid-wrapper gb-grid-wrapper-aad2cc65 gb-query-loop-wrapper\">\n<div class=\"gb-grid-column gb-grid-column-80a033de gb-query-loop-item post-8395 geneva-artist type-geneva-artist status-publish has-post-thumbnail hentry\"><div class=\"gb-container gb-container-80a033de\">\n<figure class=\"gb-block-image gb-block-image-045f12ee\"><a href=\"https:\/\/genevainstruments.com\/sv\/geneva-artist\/oesteres-machando-trumpet\/\"><img loading=\"lazy\" decoding=\"async\" width=\"2500\" height=\"1667\" src=\"https:\/\/genevainstruments.com\/wp-content\/uploads\/2024\/10\/Geneva-Artists-\u2013-Artist-Bio.jpeg\" class=\"gb-image-045f12ee\" alt=\"Oesteres Machando Trumpet\" srcset=\"https:\/\/genevainstruments.com\/wp-content\/uploads\/2024\/10\/Geneva-Artists-\u2013-Artist-Bio.jpeg 2500w, https:\/\/genevainstruments.com\/wp-content\/uploads\/2024\/10\/Geneva-Artists-\u2013-Artist-Bio-600x400.jpeg 600w, https:\/\/genevainstruments.com\/wp-content\/uploads\/2024\/10\/Geneva-Artists-\u2013-Artist-Bio-1200x800.jpeg 1200w, https:\/\/genevainstruments.com\/wp-content\/uploads\/2024\/10\/Geneva-Artists-\u2013-Artist-Bio-768x512.jpeg 768w, https:\/\/genevainstruments.com\/wp-content\/uploads\/2024\/10\/Geneva-Artists-\u2013-Artist-Bio-1536x1024.jpeg 1536w, https:\/\/genevainstruments.com\/wp-content\/uploads\/2024\/10\/Geneva-Artists-\u2013-Artist-Bio-2048x1366.jpeg 2048w, https:\/\/genevainstruments.com\/wp-content\/uploads\/2024\/10\/Geneva-Artists-\u2013-Artist-Bio-1000x667.jpeg 1000w\" sizes=\"auto, (max-width: 2500px) 100vw, 2500px\" \/><\/a><\/figure>\n\n<div class=\"gb-container gb-container-7814c71e\">\n<h2 class=\"gb-headline gb-headline-eb857ab6 gb-headline-text\"><a href=\"https:\/\/genevainstruments.com\/sv\/geneva-artist\/oesteres-machando-trumpet\/\">Oesteres Machando<\/a><\/h2>\n\n<p class=\"gb-headline gb-headline-5d4bb00f gb-headline-text\">Watch Oesteres on Geneva\u2019s Cardinal Trumpet Handcrafted Instruments<\/p>\n\n<a class=\"gb-button gb-button-100b1e01 gb-button-text button-red-outline\" href=\"https:\/\/genevainstruments.com\/sv\/geneva-artist\/oesteres-machando-trumpet\/\">Artistbiografi<\/a>\n<\/div>\n<\/div><\/div>\n\n<div class=\"gb-grid-column gb-grid-column-80a033de gb-query-loop-item post-6723 geneva-artist type-geneva-artist status-publish has-post-thumbnail hentry\"><div class=\"gb-container gb-container-80a033de\">\n<figure class=\"gb-block-image gb-block-image-045f12ee\"><a href=\"https:\/\/genevainstruments.com\/sv\/geneva-artist\/jamie-smith\/\"><img loading=\"lazy\" decoding=\"async\" width=\"300\" height=\"208\" src=\"https:\/\/genevainstruments.com\/wp-content\/uploads\/2023\/08\/jamie-smith-cornet-e1691664231854.jpg\" class=\"gb-image-045f12ee\" alt=\"Geneva artist Jamie Smith\" \/><\/a><\/figure>\n\n<div class=\"gb-container gb-container-7814c71e\">\n<h2 class=\"gb-headline gb-headline-eb857ab6 gb-headline-text\"><a href=\"https:\/\/genevainstruments.com\/sv\/geneva-artist\/jamie-smith\/\">Jamie Smith<\/a><\/h2>\n\n<p class=\"gb-headline gb-headline-5d4bb00f gb-headline-text\">Geneva Performance &#038; Mentor Artist Jamie plays a Geneva Cardinal Cornet.<\/p>\n\n<a class=\"gb-button gb-button-100b1e01 gb-button-text button-red-outline\" href=\"https:\/\/genevainstruments.com\/sv\/geneva-artist\/jamie-smith\/\">Artistbiografi<\/a>\n<\/div>\n<\/div><\/div>\n\n<div class=\"gb-grid-column gb-grid-column-80a033de gb-query-loop-item post-6714 geneva-artist type-geneva-artist status-publish has-post-thumbnail hentry\"><div class=\"gb-container gb-container-80a033de\">\n<figure class=\"gb-block-image gb-block-image-045f12ee\"><a href=\"https:\/\/genevainstruments.com\/sv\/geneva-artist\/stephanie-binns\/\"><img loading=\"lazy\" decoding=\"async\" width=\"190\" height=\"190\" src=\"https:\/\/genevainstruments.com\/wp-content\/uploads\/2021\/07\/Binns.jpeg\" class=\"gb-image-045f12ee\" alt=\"Stephanie Binns - Geneva Instruments Artist\" \/><\/a><\/figure>\n\n<div class=\"gb-container gb-container-7814c71e\">\n<h2 class=\"gb-headline gb-headline-eb857ab6 gb-headline-text\"><a href=\"https:\/\/genevainstruments.com\/sv\/geneva-artist\/stephanie-binns\/\">Stephanie Binns<\/a><\/h2>\n\n<p class=\"gb-headline gb-headline-5d4bb00f gb-headline-text\">Steph plays a Geneva Cardinal Flugelhorn.<\/p>\n\n<a class=\"gb-button gb-button-100b1e01 gb-button-text button-red-outline\" href=\"https:\/\/genevainstruments.com\/sv\/geneva-artist\/stephanie-binns\/\">Artistbiografi<\/a>\n<\/div>\n<\/div><\/div>\n\n<div class=\"gb-grid-column gb-grid-column-80a033de gb-query-loop-item post-6705 geneva-artist type-geneva-artist status-publish has-post-thumbnail hentry\"><div class=\"gb-container gb-container-80a033de\">\n<figure class=\"gb-block-image gb-block-image-045f12ee\"><a href=\"https:\/\/genevainstruments.com\/sv\/geneva-artist\/glenn-van-looy\/\"><img loading=\"lazy\" decoding=\"async\" width=\"1512\" height=\"1512\" src=\"https:\/\/genevainstruments.com\/wp-content\/uploads\/2023\/07\/GVL1.png\" class=\"gb-image-045f12ee\" alt=\"Glenn Van Looy Geneva Instruments Artist with GVL Cardinal Euphonium\" srcset=\"https:\/\/genevainstruments.com\/wp-content\/uploads\/2023\/07\/GVL1.png 1512w, https:\/\/genevainstruments.com\/wp-content\/uploads\/2023\/07\/GVL1-600x600.png 600w, https:\/\/genevainstruments.com\/wp-content\/uploads\/2023\/07\/GVL1-1200x1200.png 1200w, https:\/\/genevainstruments.com\/wp-content\/uploads\/2023\/07\/GVL1-768x768.png 768w, https:\/\/genevainstruments.com\/wp-content\/uploads\/2023\/07\/GVL1-1000x1000.png 1000w\" sizes=\"auto, (max-width: 1512px) 100vw, 1512px\" \/><\/a><\/figure>\n\n<div class=\"gb-container gb-container-7814c71e\">\n<h2 class=\"gb-headline gb-headline-eb857ab6 gb-headline-text\"><a href=\"https:\/\/genevainstruments.com\/sv\/geneva-artist\/glenn-van-looy\/\">Glenn Van Looy Euphonium<\/a><\/h2>\n\n<p class=\"gb-headline gb-headline-5d4bb00f gb-headline-text\">Glenn plays the Cardinal \u2018GVL\u2019 named after his collaboration with Geneva in its design.<\/p>\n\n<a class=\"gb-button gb-button-100b1e01 gb-button-text button-red-outline\" href=\"https:\/\/genevainstruments.com\/sv\/geneva-artist\/glenn-van-looy\/\">Artistbiografi<\/a>\n<\/div>\n<\/div><\/div>\n\n<div class=\"gb-grid-column gb-grid-column-80a033de gb-query-loop-item post-8960 geneva-artist type-geneva-artist status-publish has-post-thumbnail hentry\"><div class=\"gb-container gb-container-80a033de\">\n<figure class=\"gb-block-image gb-block-image-045f12ee\"><a href=\"https:\/\/genevainstruments.com\/sv\/geneva-artist\/ho-wang-lam\/\"><img loading=\"lazy\" decoding=\"async\" width=\"935\" height=\"1478\" src=\"https:\/\/genevainstruments.com\/wp-content\/uploads\/2024\/10\/Horence1.png\" class=\"gb-image-045f12ee\" alt=\"Ho Wang Lam - Geneva Instruments Artist\" srcset=\"https:\/\/genevainstruments.com\/wp-content\/uploads\/2024\/10\/Horence1.png 935w, https:\/\/genevainstruments.com\/wp-content\/uploads\/2024\/10\/Horence1-380x600.png 380w, https:\/\/genevainstruments.com\/wp-content\/uploads\/2024\/10\/Horence1-759x1200.png 759w, https:\/\/genevainstruments.com\/wp-content\/uploads\/2024\/10\/Horence1-768x1214.png 768w\" sizes=\"auto, (max-width: 935px) 100vw, 935px\" \/><\/a><\/figure>\n\n<div class=\"gb-container gb-container-7814c71e\">\n<h2 class=\"gb-headline gb-headline-eb857ab6 gb-headline-text\"><a href=\"https:\/\/genevainstruments.com\/sv\/geneva-artist\/ho-wang-lam\/\">Ho Wang Lam<\/a><\/h2>\n\n<p class=\"gb-headline gb-headline-5d4bb00f gb-headline-text\">Horence\u2019s preference is the Cardinal \u2018GVL\u2019 since his days at the Royal Northern College of\u00a0Music.<\/p>\n\n<a class=\"gb-button gb-button-100b1e01 gb-button-text button-red-outline\" href=\"https:\/\/genevainstruments.com\/sv\/geneva-artist\/ho-wang-lam\/\">Artistbiografi<\/a>\n<\/div>\n<\/div><\/div>\n\n<div class=\"gb-grid-column gb-grid-column-80a033de gb-query-loop-item post-6725 geneva-artist type-geneva-artist status-publish has-post-thumbnail hentry\"><div class=\"gb-container gb-container-80a033de\">\n<figure class=\"gb-block-image gb-block-image-045f12ee\"><a href=\"https:\/\/genevainstruments.com\/sv\/geneva-artist\/john-storey\/\"><img loading=\"lazy\" decoding=\"async\" width=\"186\" height=\"148\" src=\"https:\/\/genevainstruments.com\/wp-content\/uploads\/2025\/09\/Stidio.jpeg\" class=\"gb-image-045f12ee\" alt=\"John Storey Geneva Instruments Artist playing Cardinal Euphonium\" \/><\/a><\/figure>\n\n<div class=\"gb-container gb-container-7814c71e\">\n<h2 class=\"gb-headline gb-headline-eb857ab6 gb-headline-text\"><a href=\"https:\/\/genevainstruments.com\/sv\/geneva-artist\/john-storey\/\">John Storey<\/a><\/h2>\n\n<p class=\"gb-headline gb-headline-5d4bb00f gb-headline-text\">John plays a Geneva GVL Cardinal Euphonium.<\/p>\n\n<a class=\"gb-button gb-button-100b1e01 gb-button-text button-red-outline\" href=\"https:\/\/genevainstruments.com\/sv\/geneva-artist\/john-storey\/\">Artistbiografi<\/a>\n<\/div>\n<\/div><\/div>\n\n<div class=\"gb-grid-column gb-grid-column-80a033de gb-query-loop-item post-6719 geneva-artist type-geneva-artist status-publish has-post-thumbnail hentry\"><div class=\"gb-container gb-container-80a033de\">\n<figure class=\"gb-block-image gb-block-image-045f12ee\"><a href=\"https:\/\/genevainstruments.com\/sv\/geneva-artist\/gavin-saynor\/\"><img loading=\"lazy\" decoding=\"async\" width=\"2560\" height=\"1707\" src=\"https:\/\/genevainstruments.com\/wp-content\/uploads\/2019\/07\/Main1-scaled.jpg\" class=\"gb-image-045f12ee\" alt=\"Gavin Saynor - Geneva Instruments Artist\" srcset=\"https:\/\/genevainstruments.com\/wp-content\/uploads\/2019\/07\/Main1-scaled.jpg 2560w, https:\/\/genevainstruments.com\/wp-content\/uploads\/2019\/07\/Main1-600x400.jpg 600w, https:\/\/genevainstruments.com\/wp-content\/uploads\/2019\/07\/Main1-1200x800.jpg 1200w, https:\/\/genevainstruments.com\/wp-content\/uploads\/2019\/07\/Main1-768x512.jpg 768w, https:\/\/genevainstruments.com\/wp-content\/uploads\/2019\/07\/Main1-1536x1024.jpg 1536w, https:\/\/genevainstruments.com\/wp-content\/uploads\/2019\/07\/Main1-2048x1365.jpg 2048w, https:\/\/genevainstruments.com\/wp-content\/uploads\/2019\/07\/Main1-1000x667.jpg 1000w\" sizes=\"auto, (max-width: 2560px) 100vw, 2560px\" \/><\/a><\/figure>\n\n<div class=\"gb-container gb-container-7814c71e\">\n<h2 class=\"gb-headline gb-headline-eb857ab6 gb-headline-text\"><a href=\"https:\/\/genevainstruments.com\/sv\/geneva-artist\/gavin-saynor\/\">Gavin Saynor<\/a><\/h2>\n\n<p class=\"gb-headline gb-headline-5d4bb00f gb-headline-text\">Performance &#038; Development Artist Gavin plays on a Geneva Cardinal EEb\u00a0Tuba.<\/p>\n\n<a class=\"gb-button gb-button-100b1e01 gb-button-text button-red-outline\" href=\"https:\/\/genevainstruments.com\/sv\/geneva-artist\/gavin-saynor\/\">Artistbiografi<\/a>\n<\/div>\n<\/div><\/div>\n<\/div>\n\n<\/div>\n<\/div>","protected":false},"excerpt":{"rendered":"<p>Geneva-artister Vi \u00e4r stolta \u00f6ver att v\u00e5ra bl\u00e5s- och tr\u00e4bl\u00e5sinstrument spelas av m\u00e5nga av v\u00e4rldens finaste musiker. P\u00e5 den h\u00e4r sidan presenterar vi n\u00e5gra av Geneva-artisterna f\u00f6r dig och l\u00e4gger upp information om deras framtr\u00e4danden, videor och inspelningar.<\/p>\n","protected":false},"author":1,"featured_media":10687,"parent":0,"menu_order":2,"comment_status":"closed","ping_status":"closed","template":"","meta":{"_acf_changed":false,"footnotes":""},"class_list":["post-10672","page","type-page","status-publish","has-post-thumbnail"],"acf":[],"_links":{"self":[{"href":"https:\/\/genevainstruments.com\/sv\/wp-json\/wp\/v2\/pages\/10672","targetHints":{"allow":["GET"]}}],"collection":[{"href":"https:\/\/genevainstruments.com\/sv\/wp-json\/wp\/v2\/pages"}],"about":[{"href":"https:\/\/genevainstruments.com\/sv\/wp-json\/wp\/v2\/types\/page"}],"author":[{"embeddable":true,"href":"https:\/\/genevainstruments.com\/sv\/wp-json\/wp\/v2\/users\/1"}],"replies":[{"embeddable":true,"href":"https:\/\/genevainstruments.com\/sv\/wp-json\/wp\/v2\/comments?post=10672"}],"version-history":[{"count":2,"href":"https:\/\/genevainstruments.com\/sv\/wp-json\/wp\/v2\/pages\/10672\/revisions"}],"predecessor-version":[{"id":18788,"href":"https:\/\/genevainstruments.com\/sv\/wp-json\/wp\/v2\/pages\/10672\/revisions\/18788"}],"wp:featuredmedia":[{"embeddable":true,"href":"https:\/\/genevainstruments.com\/sv\/wp-json\/wp\/v2\/media\/10687"}],"wp:attachment":[{"href":"https:\/\/genevainstruments.com\/sv\/wp-json\/wp\/v2\/media?parent=10672"}],"curies":[{"name":"wp","href":"https:\/\/api.w.org\/{rel}","templated":true}]}}