{"id":12621,"date":"2025-05-09T08:37:15","date_gmt":"2025-05-09T07:37:15","guid":{"rendered":"https:\/\/geneva.viacreative.co\/vinn-en-kvartett-av-kardinaler\/"},"modified":"2025-12-29T17:31:16","modified_gmt":"2025-12-29T17:31:16","slug":"vinn-en-kvartett-av-kardinaler","status":"publish","type":"page","link":"https:\/\/genevainstruments.com\/sv\/vinn-en-kvartett-av-kardinaler\/","title":{"rendered":"Quartet of Cardinals-t\u00e4vlingen \u2013 Uppdatering"},"content":{"rendered":"<div class=\"gb-container gb-container-281ff18e alignfull\">\n<div class=\"gb-container gb-container-c48a3e65\">\n\n<h3 class=\"gb-headline gb-headline-6af4d3d1 gb-headline-text\">Quartet of Cardinals-t\u00e4vlingen \u00e4r nu officiellt avslutad.<\/h3>\n\n\n\n<p class=\"gb-headline gb-headline-c3449f9f gb-headline-text\">Firar ett kvarts sekel (2000-2025) av #ProgressInPlay<\/p>\n\n<\/div>\n\n<div class=\"gb-container gb-container-1d08b1d3\">\n\n<a class=\"gb-button gb-button-8caab664 smooth-scroll via-scroll\" href=\"#win\"><span class=\"gb-icon\"><svg xmlns:xlink=\"http:\/\/www.w3.org\/1999\/xlink\" xmlns=\"http:\/\/www.w3.org\/2000\/svg\" version=\"1.1\" viewbox=\"0 0 16 16\" height=\"48px\" width=\"48px\">\n  <rect fill=\"none\" id=\"icon-bound\" height=\"16\" width=\"16\"><\/rect>\n  <polygon points=\"8,13 0,5 16,5\"><\/polygon>\n<\/svg><\/span><\/a>\n\n<\/div>\n<\/div><div class=\"gb-container gb-container-8dfae3e5 alignfull\" id=\"win\">\n<div class=\"gb-container gb-container-dcbdf667\">\n\n<h2 class=\"gb-headline gb-headline-755ad35e gb-headline-text\">T\u00e4vlingar som g\u00f6r det m\u00f6jligt f\u00f6r musiker att n\u00e5 sin sanna potential<\/h2>\n\n\n\n<p class=\"gb-headline gb-headline-83910334 gb-headline-text\">Vi \u00e4r glada att kunna bekr\u00e4fta att 2025 \u00e5rs Quartet of Cardinals-t\u00e4vling lockade ett enormt gensvar, med bidrag fr\u00e5n brassmusiker fr\u00e5n alla v\u00e4rldens h\u00f6rn, som alla anm\u00e4lde sitt brassband till detta unika och prestigefyllda pris.<br><\/p>\n\n\n\n<p>Dragningen \u00e4gde rum den 29 december. Det vinnande bandet har kontaktats direkt och inbjudits att acceptera priset i enlighet med t\u00e4vlingens villkor. Efter godk\u00e4nnande kommer en representant f\u00f6r det vinnande bandet att inbjudas att delta i European Brass Band Championships (EBBC) i Linz, d\u00e4r Quartet of Cardinals kommer att presenteras vid Geneva Instruments monter. Om deltagande vid EBBC inte \u00e4r m\u00f6jligt kommer alternativa arrangemang f\u00f6r presentationen att g\u00f6ras.   <\/p>\n\n\n\n<p><br\/>Om det utvalda bandet v\u00e4ljer att inte acceptera priset enligt de f\u00f6reskrivna t\u00e4vlingsvillkoren nedan, kommer priset att dras om fr\u00e5n den ursprungliga poolen av ber\u00e4ttigade deltagare. Vi vill rikta ett varmt tack till alla band och musiker som deltog i t\u00e4vlingen och bidrog till att g\u00f6ra den till en s\u00e5dan framg\u00e5ng. <\/p>\n\n\n\n<p>Denna t\u00e4vling har genomf\u00f6rts som en prist\u00e4vling och drivs i enlighet med lagarna i England och Wales, inklusive de relevanta best\u00e4mmelserna i Gambling Act 2005.<\/p>\n\n\n\n<h2 class=\"gb-headline gb-headline-cf781719 gb-headline-text\">H\u00e5ll utkik h\u00e4r eftersom <a href=\"https:\/\/genevainstruments.com\/sv\/geneva-musikstiftelse\/\" data-type=\"page\" data-id=\"10038\">Quartet of Cardinals<\/a> 2026 kommer tillbaka och lanseras 25 april 2026 @ EBBC<\/h2>\n\n\n\n<p>Fram\u00e5tblickande \u00e4r vi glada att meddela att 2026 kommer Quartet of Cardinals-t\u00e4vlingen tillbaka med ett sp\u00e4nnande nytt format. Ut\u00f6ver det vanliga anm\u00e4lningsformul\u00e4ret kommer banden att inbjudas att skicka in en kort video som en del av sin anm\u00e4lan \u2013 mer information kommer inom kort. <\/p>\n\n<\/div>\n<\/div><div class=\"gb-container gb-container-8d9923a0 alignfull\"><\/div><div class=\"gb-container gb-container-0ba3f97d alignfull\" id=\"enter\"><\/div><div class=\"gb-container gb-container-4f567e77 alignfull\">\n<div class=\"gb-container gb-container-3d4b7b3d\">\n\n<h2 class=\"gb-headline gb-headline-8c6ded3b gb-headline-text\">Quartet of Cardinals 2025 T\u00e4vlingsvillkor<\/h2>\n\n\n\n<ol class=\"wp-block-list\">\n<li>T\u00e4vlingen \u00e4r \u00f6ppen f\u00f6r alla traditionella bl\u00e5sorkestrar i v\u00e4rlden, dvs. de bl\u00e5sensembler som anv\u00e4nder en kombination av kornett, flygelhorn, tenorhorn, baryton, euphonium och tuba<\/li>\n\n\n\n<li>F\u00f6r att delta i utlottningen m\u00e5ste personen som anm\u00e4ler sitt brassband till att &#8217;Vinna en kvartett av Cardinal-instrument&#8217;:\n<ul class=\"wp-block-list\">\n<li>Vara en spelande medlem av bl\u00e5sorkestern<\/li>\n\n\n\n<li>Fylla i hela anm\u00e4lningsformul\u00e4ret och svara r\u00e4tt p\u00e5 fr\u00e5gan<\/li>\n\n\n\n<li>Ange sina kontaktuppgifter och sin bl\u00e5sorkesters<\/li>\n<\/ul>\n<\/li>\n\n\n\n<li>Maximalt 25 anm\u00e4lningar per bl\u00e5sorkester<\/li>\n\n\n\n<li>T\u00e4vlingen kommer att vara \u00f6ppen fr\u00e5n 9 maj 2025 \u2013 15 december 2025<\/li>\n\n\n\n<li>Dragning sker 20 december 2025<\/li>\n\n\n\n<li>Den vinnande bl\u00e5sorkestern kommer att f\u00e5:\n<ul class=\"wp-block-list\">\n<li>1 x Cardinal Bb kornett<\/li>\n\n\n\n<li>1 x Cardinal Bb flygelhorn<\/li>\n\n\n\n<li>1 x Cardinal Eb tenorhorn<\/li>\n\n\n\n<li>1 x Cardinal Bb euphonium<\/li>\n<\/ul>\n<\/li>\n\n\n\n<li>Den vinnande orkestern g\u00e5r med p\u00e5 att vara bunden:\n<ul class=\"wp-block-list\">\n<li>Att spela och underh\u00e5lla kvartetten av Cardinal-instrument inom sina bl\u00e5sorkesterframtr\u00e4danden i minst 2 \u00e5r fr\u00e5n mottagandet<\/li>\n\n\n\n<li>Att till\u00e5ta och hj\u00e4lpa Geneva Instruments att marknadsf\u00f6ra sin bl\u00e5sorkesterverksamhet genom gemensamma pressmeddelanden under de 2 \u00e5ren fr\u00e5n mottagandet<\/li>\n\n\n\n<li>Om orkestern inte kan uppfylla avtalet i n\u00e5gon del f\u00f6re eller efter mottagandet, kommer instrumenten att returneras till Geneva Instruments och en omdragning kommer att tilldela dem till en annan bl\u00e5sorkester som deltog i den ursprungliga t\u00e4vlingen<\/li>\n\n\n\n<li>Vid slutf\u00f6randet av de 2 \u00e5ren kommer instrumenten att bli den h\u00e5llande bl\u00e5sorkesterns obundna egendom.<\/li>\n<\/ul>\n<\/li>\n<\/ol>\n\n<\/div>\n<\/div>","protected":false},"excerpt":{"rendered":"<p>Quartet of Cardinals-t\u00e4vlingen \u00e4r nu officiellt avslutad. Firar ett kvarts sekel (2000-2025) av #ProgressInPlay T\u00e4vlingar som g\u00f6r det m\u00f6jligt f\u00f6r musiker att n\u00e5 sin sanna potential Vi \u00e4r glada att kunna bekr\u00e4fta att 2025 \u00e5rs Quartet of Cardinals-t\u00e4vling lockade ett enormt gensvar, med bidrag fr\u00e5n brassmusiker fr\u00e5n alla v\u00e4rldens h\u00f6rn, som alla anm\u00e4lde sitt brassband &#8230; <a title=\"Quartet of Cardinals-t\u00e4vlingen \u2013 Uppdatering\" class=\"read-more\" href=\"https:\/\/genevainstruments.com\/sv\/vinn-en-kvartett-av-kardinaler\/\" aria-label=\"L\u00e4s mer om Quartet of Cardinals-t\u00e4vlingen \u2013 Uppdatering\">L\u00e4s mer<\/a><\/p>\n","protected":false},"author":1,"featured_media":12622,"parent":0,"menu_order":0,"comment_status":"closed","ping_status":"closed","template":"","meta":{"_acf_changed":false,"footnotes":""},"class_list":["post-12621","page","type-page","status-publish","has-post-thumbnail"],"acf":[],"_links":{"self":[{"href":"https:\/\/genevainstruments.com\/sv\/wp-json\/wp\/v2\/pages\/12621","targetHints":{"allow":["GET"]}}],"collection":[{"href":"https:\/\/genevainstruments.com\/sv\/wp-json\/wp\/v2\/pages"}],"about":[{"href":"https:\/\/genevainstruments.com\/sv\/wp-json\/wp\/v2\/types\/page"}],"author":[{"embeddable":true,"href":"https:\/\/genevainstruments.com\/sv\/wp-json\/wp\/v2\/users\/1"}],"replies":[{"embeddable":true,"href":"https:\/\/genevainstruments.com\/sv\/wp-json\/wp\/v2\/comments?post=12621"}],"version-history":[{"count":5,"href":"https:\/\/genevainstruments.com\/sv\/wp-json\/wp\/v2\/pages\/12621\/revisions"}],"predecessor-version":[{"id":19392,"href":"https:\/\/genevainstruments.com\/sv\/wp-json\/wp\/v2\/pages\/12621\/revisions\/19392"}],"wp:featuredmedia":[{"embeddable":true,"href":"https:\/\/genevainstruments.com\/sv\/wp-json\/wp\/v2\/media\/12622"}],"wp:attachment":[{"href":"https:\/\/genevainstruments.com\/sv\/wp-json\/wp\/v2\/media?parent=12621"}],"curies":[{"name":"wp","href":"https:\/\/api.w.org\/{rel}","templated":true}]}}