{"id":18964,"date":"2025-12-02T12:33:26","date_gmt":"2025-12-02T12:33:26","guid":{"rendered":"https:\/\/genevainstruments.com\/betalningsplanens-villkor\/"},"modified":"2025-12-02T16:31:48","modified_gmt":"2025-12-02T16:31:48","slug":"betalningsplanens-villkor","status":"publish","type":"page","link":"https:\/\/genevainstruments.com\/sv\/betalningsplanens-villkor\/","title":{"rendered":"Betalningsplanens villkor"},"content":{"rendered":"<div class=\"gb-container gb-container-3a14c50b alignfull\">\n<div class=\"gb-container gb-container-edda4908\">\n\n<h2 class=\"gb-headline gb-headline-e96a6bdd gb-headline-text\">Geneva Brasswind Limited<\/h2>\n\n\n\n<h3 class=\"gb-headline gb-headline-1bd4009d gb-headline-text\">Betalningsplanens villkor + \u00e5terbetalningspolicy<\/h3>\n\n\n\n<p class=\"gb-headline gb-headline-a04c6298 gb-headline-text\">Dessa villkor utg\u00f6r ett juridiskt bindande avtal mellan dig (Kunden) och Geneva Brasswind Limited (\u201dvi\u201d, \u201doss\u201d, \u201dv\u00e5r\u201d), som reglerar k\u00f6p av Geneva Instruments produkter, inklusive betalningsplaner, fullg\u00f6rande, frakt, \u00e4gander\u00e4tt och \u00e5terbetalningar.<\/p>\n\n\n\n<h3 class=\"gb-headline gb-headline-226ef339 gb-headline-text\">1. Definitioner<\/h3>\n\n\n\n<ul class=\"wp-block-list\">\n<li>\u201dInstrument\u201d: Alla m\u00e4ssingsinstrument eller tillbeh\u00f6r som tillverkas eller levereras av Geneva Brasswind Limited.<\/li>\n\n\n\n<li>\u201dBetalningsplan\u201d: En avbetalningsbaserad betalnings\u00f6verenskommelse som avtalats mellan Kunden och Geneva Brasswind Limited.<\/li>\n\n\n\n<li>\u201dDeposition\u201d: En icke-\u00e5terbetalningsbar initial betalning som kr\u00e4vs f\u00f6r att reservera ett instrument.<\/li>\n\n\n\n<li>\u201dExceptionella omst\u00e4ndigheter\u201d: Situationer utanf\u00f6r Kundens rimliga kontroll som kan motivera avvikelse fr\u00e5n standard\u00e5terbetalningspolicyn.<\/li>\n\n\n\n<li>\u201dSpecialbyggen\u201d: Instrument som byggs specifikt enligt kundens \u00f6nskem\u00e5l.<\/li>\n<\/ul>\n\n\n\n<h3 class=\"gb-headline gb-headline-b6944c66 gb-headline-text\">2. Best\u00e4llning &amp; avtalsbildning<\/h3>\n\n\n\n<p class=\"gb-headline gb-headline-d34de576 gb-headline-text\">Genom att l\u00e4gga en best\u00e4llning p\u00e5 v\u00e5r webbplats bekr\u00e4ftar du:<\/p>\n\n\n\n<ul class=\"wp-block-list\">\n<li>Du \u00e4r minst 18 \u00e5r gammal eller har juridisk beh\u00f6righet att ing\u00e5 avtal.<\/li>\n\n\n\n<li>Du accepterar dessa villkor.<\/li>\n\n\n\n<li>Du ing\u00e5r ett avtal med Geneva Brasswind Limited.<br\/>Ett avtal bildas n\u00e4r vi skickar en orderbekr\u00e4ftelse via e-post.<\/li>\n<\/ul>\n\n\n\n<h3 class=\"gb-headline gb-headline-771fedb9 gb-headline-text\">3. Betalningsplaner<\/h3>\n\n\n\n<p class=\"gb-headline gb-headline-549aa366 gb-headline-text\">Vi erbjuder flera betalningsplansalternativ som l\u00e5ter Kunder slutf\u00f6ra betalningen i delbetalningar.<\/p>\n\n\n\n<h4 class=\"gb-headline gb-headline-7ed39cad gb-headline-text\">3.1 Handpenningskrav<\/h4>\n\n\n\n<p class=\"gb-headline gb-headline-f8fe80eb gb-headline-text\">En icke \u00e5terbetalningsbar handpenning kr\u00e4vs f\u00f6r att reservera ett instrument. Denna handpenning: <\/p>\n\n\n\n<ul class=\"wp-block-list\">\n<li>S\u00e4krar din plats i v\u00e5r produktions- eller tilldelningsk\u00f6.<\/li>\n\n\n\n<li>\u00c4r icke \u00f6verf\u00f6rbar och icke \u00e5terbetalningsbar under alla omst\u00e4ndigheter.<\/li>\n<\/ul>\n\n\n\n<h4 class=\"gb-headline gb-headline-9acc4270 gb-headline-text\">3.2 Delbetalningar<\/h4>\n\n\n\n<ul class=\"wp-block-list\">\n<li>Kunder kommer att f\u00e5 m\u00e5natliga betalningsl\u00e4nkar via e-post.<\/li>\n\n\n\n<li>Delbetalningsbelopp och l\u00f6ptid varierar baserat p\u00e5 den plan som valts vid kassan.<\/li>\n\n\n\n<li>Kunder kan betala resterande saldo n\u00e4r som helst utan straffavgift.<\/li>\n\n\n\n<li>Specialbyggda best\u00e4llningar kan inte f\u00f6rl\u00e4ngas ut\u00f6ver den ursprungligt \u00f6verenskomna betalningsplanen.<\/li>\n<\/ul>\n\n\n\n<h3 class=\"gb-headline gb-headline-9889858e gb-headline-text\">4. \u00c5terbetalningspolicy<\/h3>\n\n\n\n<p class=\"gb-headline gb-headline-1ec230cf gb-headline-text\">V\u00e5r \u00e5terbetalningspolicy \u00e4r utformad f\u00f6r att ge tydlighet samtidigt som den erk\u00e4nner genuina sv\u00e5righeter.<\/p>\n\n\n\n<h4 class=\"gb-headline gb-headline-3b5bd44e gb-headline-text\">4.1 Icke \u00e5terbetalningsbara betalningar<\/h4>\n\n\n\n<p class=\"gb-headline gb-headline-e2fc61c0 gb-headline-text\">F\u00f6ljande betalningar \u00e4r strikt icke \u00e5terbetalningsbara:<\/p>\n\n\n\n<ul class=\"wp-block-list\">\n<li>Handpenningen.<\/li>\n\n\n\n<li>Den f\u00f6rsta m\u00e5natliga delbetalningen.<br\/><\/li>\n<\/ul>\n\n\n\n<h4 class=\"gb-headline gb-headline-b79f7aae gb-headline-text\">4.2 \u00c5terbetalningar vid exceptionella omst\u00e4ndigheter<\/h4>\n\n\n\n<p class=\"gb-headline gb-headline-8a646f2f gb-headline-text\">\u00c5terbetalningar p\u00e5 efterf\u00f6ljande delbetalningar kan beviljas <strong>endast under exceptionella omst\u00e4ndigheter<\/strong>, bed\u00f6mt fr\u00e5n fall till fall.<\/p>\n\n\n\n<p class=\"gb-headline gb-headline-acd969c8 gb-headline-text\">Exempel inkluderar:<\/p>\n\n\n\n<ul class=\"wp-block-list\">\n<li>Allvarliga medicinska n\u00f6dsituationer.<\/li>\n\n\n\n<li>St\u00f6rre ov\u00e4ntade ekonomiska sv\u00e5righeter.<\/li>\n\n\n\n<li>Betydande personliga livsh\u00e4ndelser som p\u00e5verkar din f\u00f6rm\u00e5ga att forts\u00e4tta med betalningar.<\/li>\n<\/ul>\n\n\n\n<h5 class=\"gb-headline gb-headline-4d943c6f gb-headline-text\">St\u00f6djande dokumentation<\/h5>\n\n\n\n<p class=\"gb-headline gb-headline-c6d520bd gb-headline-text\">Geneva Brasswind Limited kan beg\u00e4ra rimliga bevis innan utv\u00e4rdering av en \u00e5terbetalningsbeg\u00e4ran.<\/p>\n\n\n\n<h5 class=\"gb-headline gb-headline-37198c8c gb-headline-text\">Behandling<\/h5>\n\n\n\n<p class=\"gb-headline gb-headline-44ca25d8 gb-headline-text\">Godk\u00e4nda \u00e5terbetalningar utf\u00e4rdas inom 7-10 arbetsdagar.<\/p>\n\n\n\n<h4 class=\"gb-headline gb-headline-90729213 gb-headline-text\">4.3 \u00c4ndringar i betalningsplan<\/h4>\n\n\n\n<p class=\"gb-headline gb-headline-631a81e5 gb-headline-text\">Kunder (exklusive specialbyggda best\u00e4llningar) kan beg\u00e4ra:<\/p>\n\n\n\n<ul class=\"wp-block-list\">\n<li>En f\u00f6rl\u00e4ngning av den befintliga betalningsplanen.<\/li>\n\n\n\n<li>Mindre justeringar av f\u00f6rfallodatum.<\/li>\n<\/ul>\n\n\n\n<p class=\"gb-headline gb-headline-37994895 gb-headline-text\">Beg\u00e4ran m\u00e5ste g\u00f6ras skriftligen till <a href=\"mailto:info@genevainstruments.com\">info@genevainstruments.com<\/a> efter att handpenning och f\u00f6rsta delbetalning har betalats.<\/p>\n\n\n\n<h3 class=\"gb-headline gb-headline-d2f10806 gb-headline-text\">5. Fullg\u00f6rande &amp; leverans<\/h3>\n\n\n\n<ul class=\"wp-block-list\">\n<li>Instrument f\u00f6rbereds, kvalitetskontrolleras och skickas f\u00f6rst efter att full betalning har mottagits.<\/li>\n\n\n\n<li>Produktionstidsplanen kommer att vara i linje med din betalningsplan.<\/li>\n\n\n\n<li>Fraktkostnader, importtullar och skatter (d\u00e4r till\u00e4mpligt) \u00e4r Kundens ansvar om inget annat anges.<\/li>\n<\/ul>\n\n\n\n<h3 class=\"gb-headline gb-headline-8e8f5383 gb-headline-text\">6. \u00c4gander\u00e4tt &amp; risk<\/h3>\n\n\n\n<ul class=\"wp-block-list\">\n<li>\u00c4gander\u00e4tten \u00f6verg\u00e5r till Kunden <strong>f\u00f6rst vid full betalning<\/strong>.<\/li>\n\n\n\n<li>Tills betalningen \u00e4r slutf\u00f6rd f\u00f6rblir instrumentet juridiskt Geneva Brasswind Limiteds egendom.<\/li>\n\n\n\n<li>Risken f\u00f6r varorna \u00f6verg\u00e5r till Kunden vid avs\u00e4ndandet.<\/li>\n<\/ul>\n\n\n\n<h3 class=\"gb-headline gb-headline-e41e1290 gb-headline-text\">7. Kundens ansvar<\/h3>\n\n\n\n<p class=\"gb-headline gb-headline-fb382651 gb-headline-text\">Kunden samtycker till att:<\/p>\n\n\n\n<ul class=\"wp-block-list\">\n<li>Tillhandah\u00e5lla korrekt kontakt- och leveransinformation.<\/li>\n\n\n\n<li>Uppr\u00e4tth\u00e5lla giltiga betalningsuppgifter under hela betalningsplanen.<\/li>\n\n\n\n<li>Omedelbart meddela Geneva Brasswind Limited om eventuella problem som p\u00e5verkar betalning.<\/li>\n<\/ul>\n\n\n\n<h3 class=\"gb-headline gb-headline-32a69c9d gb-headline-text\">8. Policy f\u00f6r oberoende tvistl\u00f6sning<\/h3>\n\n\n\n<p class=\"gb-headline gb-headline-46c2a8d2 gb-headline-text\">Vi str\u00e4var efter att l\u00f6sa alla problem i godo.<\/p>\n\n\n\n<h4 class=\"gb-headline gb-headline-54862e8d gb-headline-text\">8.1 Intern l\u00f6sning<\/h4>\n\n\n\n<p class=\"gb-headline gb-headline-dedad102 gb-headline-text\">Kunder b\u00f6r f\u00f6rst skicka in tvister skriftligen till: <a href=\"mailto:info@genevainstruments.com\">info@genevainstruments.com<\/a><\/p>\n\n\n\n<p class=\"gb-headline gb-headline-e761417d gb-headline-text\">Vi kommer att:<\/p>\n\n\n\n<ul class=\"wp-block-list\">\n<li>Bekr\u00e4fta mottagandet inom 5 arbetsdagar.<\/li>\n\n\n\n<li>Str\u00e4va efter att f\u00f6resl\u00e5 en l\u00f6sning inom 14 arbetsdagar.<\/li>\n<\/ul>\n\n\n\n<h4 class=\"gb-headline gb-headline-f88752e7 gb-headline-text\">8.2 Oberoende granskning<\/h4>\n\n\n\n<p class=\"gb-headline gb-headline-a2ab7151 gb-headline-text\">Om intern l\u00f6sning misslyckas kan endera parten beg\u00e4ra en neutral tredjepartsmediator.<\/p>\n\n\n\n<ul class=\"wp-block-list\">\n<li>Medlingskostnader delas lika om inte annat kr\u00e4vs enligt lag.<\/li>\n\n\n\n<li>Medling \u00e4r inte bindande.<\/li>\n<\/ul>\n\n\n\n<p class=\"gb-headline gb-headline-ef261651 gb-headline-text\">Kunder beh\u00e5ller alla r\u00e4ttigheter att s\u00f6ka r\u00e4ttsliga \u00e5tg\u00e4rder efter medling.<\/p>\n\n\n\n<h3 class=\"gb-headline gb-headline-fad70c9e gb-headline-text\">9. Force Majeure<\/h3>\n\n\n\n<p class=\"gb-headline gb-headline-2ffffb93 gb-headline-text\">Geneva Brasswind Limited \u00e4r inte ansvarigt f\u00f6r f\u00f6rseningar eller of\u00f6rm\u00e5ga att uppfylla skyldigheter orsakade av h\u00e4ndelser utanf\u00f6r rimlig kontroll, inklusive men inte begr\u00e4nsat till:<\/p>\n\n\n\n<ul class=\"wp-block-list\">\n<li>Naturkatastrofer<\/li>\n\n\n\n<li>St\u00f6rningar i leveranskedjan<\/li>\n\n\n\n<li>Sjukdom eller skada<\/li>\n\n\n\n<li>Strejker eller transportf\u00f6rseningar<\/li>\n\n\n\n<li>Myndighetsbeslut eller n\u00f6dsituationer<\/li>\n<\/ul>\n\n\n\n<h3 class=\"gb-headline gb-headline-27e28b6f gb-headline-text\">10. Ansvarsbegr\u00e4nsning<\/h3>\n\n\n\n<p class=\"gb-headline gb-headline-96ad9d4f gb-headline-text\">I den utstr\u00e4ckning lagen till\u00e5ter:<\/p>\n\n\n\n<ul class=\"wp-block-list\">\n<li>Geneva Brasswind Limiteds ansvar ska inte \u00f6verstiga det betalda ink\u00f6pspriset.<\/li>\n\n\n\n<li>Vi \u00e4r inte ansvariga f\u00f6r indirekta eller f\u00f6ljdf\u00f6rluster, inklusive f\u00f6rlust av inkomst eller prestationsm\u00f6jligheter.<\/li>\n<\/ul>\n\n\n\n<h3 class=\"gb-headline gb-headline-9bde9bd3 gb-headline-text\">11. Till\u00e4mplig lag<\/h3>\n\n\n\n<p class=\"gb-headline gb-headline-5bca1be7 gb-headline-text\">Dessa villkor regleras av lagarna i Storbritannien.<\/p>\n\n\n\n<p class=\"gb-headline gb-headline-30bc8084 gb-headline-text\">Eventuella tvister ska vara f\u00f6rem\u00e5l f\u00f6r exklusiv jurisdiktion i brittiska domstolar, efter valfri medling.<\/p>\n\n\n\n<h3 class=\"gb-headline gb-headline-936a7e54 gb-headline-text\">12. Avtalsacceptans<\/h3>\n\n\n\n<p class=\"gb-headline gb-headline-5a781287 gb-headline-text\">Genom att l\u00e4gga en best\u00e4llning och\/eller v\u00e4lja en betalningsplan bekr\u00e4ftar Kunden acceptans av dessa villkor, vilket utg\u00f6r ett bindande avtal med Geneva Brasswind Limited.<\/p>\n\n<\/div>\n<\/div>","protected":false},"excerpt":{"rendered":"<p>Geneva Brasswind Limited Betalningsplanens villkor + \u00e5terbetalningspolicy Dessa villkor utg\u00f6r ett juridiskt bindande avtal mellan dig (Kunden) och Geneva Brasswind Limited (\u201dvi\u201d, \u201doss\u201d, \u201dv\u00e5r\u201d), som reglerar k\u00f6p av Geneva Instruments produkter, inklusive betalningsplaner, fullg\u00f6rande, frakt, \u00e4gander\u00e4tt och \u00e5terbetalningar. 1. Definitioner 2. Best\u00e4llning &amp; avtalsbildning Genom att l\u00e4gga en best\u00e4llning p\u00e5 v\u00e5r webbplats bekr\u00e4ftar du: 3. &#8230; <a title=\"Betalningsplanens villkor\" class=\"read-more\" href=\"https:\/\/genevainstruments.com\/sv\/betalningsplanens-villkor\/\" aria-label=\"L\u00e4s mer om Betalningsplanens villkor\">L\u00e4s mer<\/a><\/p>\n","protected":false},"author":1,"featured_media":0,"parent":0,"menu_order":21,"comment_status":"closed","ping_status":"closed","template":"","meta":{"_acf_changed":false,"footnotes":""},"class_list":["post-18964","page","type-page","status-publish"],"acf":[],"_links":{"self":[{"href":"https:\/\/genevainstruments.com\/sv\/wp-json\/wp\/v2\/pages\/18964","targetHints":{"allow":["GET"]}}],"collection":[{"href":"https:\/\/genevainstruments.com\/sv\/wp-json\/wp\/v2\/pages"}],"about":[{"href":"https:\/\/genevainstruments.com\/sv\/wp-json\/wp\/v2\/types\/page"}],"author":[{"embeddable":true,"href":"https:\/\/genevainstruments.com\/sv\/wp-json\/wp\/v2\/users\/1"}],"replies":[{"embeddable":true,"href":"https:\/\/genevainstruments.com\/sv\/wp-json\/wp\/v2\/comments?post=18964"}],"version-history":[{"count":1,"href":"https:\/\/genevainstruments.com\/sv\/wp-json\/wp\/v2\/pages\/18964\/revisions"}],"predecessor-version":[{"id":18965,"href":"https:\/\/genevainstruments.com\/sv\/wp-json\/wp\/v2\/pages\/18964\/revisions\/18965"}],"wp:attachment":[{"href":"https:\/\/genevainstruments.com\/sv\/wp-json\/wp\/v2\/media?parent=18964"}],"curies":[{"name":"wp","href":"https:\/\/api.w.org\/{rel}","templated":true}]}}