{"id":19007,"date":"2024-08-09T12:08:15","date_gmt":"2024-08-09T11:08:15","guid":{"rendered":"https:\/\/genevainstruments.com\/webbplatskarta\/"},"modified":"2025-12-02T16:37:22","modified_gmt":"2025-12-02T16:37:22","slug":"webbplatskarta","status":"publish","type":"page","link":"https:\/\/genevainstruments.com\/sv\/webbplatskarta\/","title":{"rendered":"Webbplatskarta"},"content":{"rendered":"<div class=\"gb-container gb-container-a26cf13b alignfull\">\n<div class=\"gb-container gb-container-2a1e3da6\">\n\n<h2 class=\"gb-headline gb-headline-236aee2a gb-headline-text\">Geneva Instruments<\/h2>\n\n\n\n<p class=\"gb-headline gb-headline-d9da69ff gb-headline-text\">Hitta Geneva musikinstrument, produktkategorier, Geneva Artists, Geneva Foundation, videor och mer p\u00e5 Geneva Instruments webbplats.<br>Hitta \u00e4ven instrument som \u00e4r tillg\u00e4ngliga genom National Plan for Music Education som en godk\u00e4nd instrumentleverant\u00f6r till brittisk utbildning.<\/p>\n\n\n<div class=\"gb-grid-wrapper gb-grid-wrapper-551c7637\">\n<div class=\"gb-grid-column gb-grid-column-ff131c44\"><div class=\"gb-container gb-container-ff131c44\">\n<div id=\"wp-realtime-sitemap-pages\"><h3>Pages<\/h3><ul><li class=\"page_item page-item-10583\"><a href=\"https:\/\/genevainstruments.com\/sv\/\">Hem<\/a><\/li>\n<li class=\"page_item page-item-12621\"><a href=\"https:\/\/genevainstruments.com\/sv\/vinn-en-kvartett-av-kardinaler\/\">Quartet of Cardinals-t\u00e4vlingen \u2013 Uppdatering<\/a><\/li>\n<li class=\"page_item page-item-10608\"><a href=\"https:\/\/genevainstruments.com\/sv\/det-hallbara-valet\/\">Det h\u00e5llbara valet<\/a><\/li>\n<li class=\"page_item page-item-10672\"><a href=\"https:\/\/genevainstruments.com\/sv\/geneva-artister\/\">Geneva-artister<\/a><\/li>\n<li class=\"page_item page-item-10685\"><a href=\"https:\/\/genevainstruments.com\/sv\/geneva-musikstiftelse\/\">Geneva musikstiftelse<\/a><\/li>\n<li class=\"page_item page-item-10730\"><a href=\"https:\/\/genevainstruments.com\/sv\/geneva-instrument-i-konsert\/\">Geneva-instrument i konsert<\/a><\/li>\n<li class=\"page_item page-item-10765\"><a href=\"https:\/\/genevainstruments.com\/sv\/prova-innan-du-koper\/\">Prova innan du k\u00f6per<\/a><\/li>\n<li class=\"page_item page-item-10445\"><a href=\"https:\/\/genevainstruments.com\/sv\/butik\/\">Butik<\/a><\/li>\n<li class=\"page_item page-item-10780\"><a href=\"https:\/\/genevainstruments.com\/sv\/reparation-garanti\/\">Reservdelar, service och reparationer<\/a><\/li>\n<li class=\"page_item page-item-19020\"><a href=\"https:\/\/genevainstruments.com\/sv\/kontakta-oss\/\">Kontakta oss<\/a><\/li>\n<li class=\"page_item page-item-10448\"><a href=\"https:\/\/genevainstruments.com\/sv\/varukorg\/\">Varukorg<\/a><\/li>\n<li class=\"page_item page-item-10449\"><a href=\"https:\/\/genevainstruments.com\/sv\/kassa\/\">Kassa<\/a><\/li>\n<li class=\"page_item page-item-10450\"><a href=\"https:\/\/genevainstruments.com\/sv\/mitt-konto\/\">Mitt konto<\/a><\/li>\n<li class=\"page_item page-item-19026\"><a href=\"https:\/\/genevainstruments.com\/sv\/villkor\/\">Villkor<\/a><\/li>\n<li class=\"page_item page-item-19022\"><a href=\"https:\/\/genevainstruments.com\/sv\/returpolicy\/\">Returpolicy<\/a><\/li>\n<li class=\"page_item page-item-19028\"><a href=\"https:\/\/genevainstruments.com\/sv\/integritetspolicy\/\">Integritetspolicy<\/a><\/li>\n<li class=\"page_item page-item-18964\"><a href=\"https:\/\/genevainstruments.com\/sv\/betalningsplanens-villkor\/\">Betalningsplanens villkor<\/a><\/li>\n<li class=\"page_item page-item-19007\"><a href=\"https:\/\/genevainstruments.com\/sv\/webbplatskarta\/\">Webbplatskarta<\/a><\/li>\n<\/ul><\/div><div id=\"wp-realtime-sitemap-geneva-artist\"><h3>Geneva Artists<\/h3><ul><li><a href=\"https:\/\/genevainstruments.com\/sv\/geneva-artist\/gavin-saynor\/\" title=\"Permalink to Gavin Saynor\" rel=\"bookmark\">Gavin Saynor<\/a><\/li><li><a href=\"https:\/\/genevainstruments.com\/sv\/geneva-artist\/glenn-van-looy\/\" title=\"Permalink to Glenn Van Looy Euphonium\" rel=\"bookmark\">Glenn Van Looy Euphonium<\/a><\/li><li><a href=\"https:\/\/genevainstruments.com\/sv\/geneva-artist\/ho-wang-lam\/\" title=\"Permalink to Ho Wang Lam\" rel=\"bookmark\">Ho Wang Lam<\/a><\/li><li><a href=\"https:\/\/genevainstruments.com\/sv\/geneva-artist\/jamie-smith\/\" title=\"Permalink to Jamie Smith\" rel=\"bookmark\">Jamie Smith<\/a><\/li><li><a href=\"https:\/\/genevainstruments.com\/sv\/geneva-artist\/john-storey\/\" title=\"Permalink to John Storey\" rel=\"bookmark\">John Storey<\/a><\/li><li><a href=\"https:\/\/genevainstruments.com\/sv\/geneva-artist\/oesteres-machando-trumpet\/\" title=\"Permalink to Oesteres Machando\" rel=\"bookmark\">Oesteres Machando<\/a><\/li><li><a href=\"https:\/\/genevainstruments.com\/sv\/geneva-artist\/stephanie-binns\/\" title=\"Permalink to Stephanie Binns\" rel=\"bookmark\">Stephanie Binns<\/a><\/li><\/ul><\/div><div id=\"wp-realtime-sitemap-product\"><h3>Produkter<\/h3><ul><li><a href=\"https:\/\/genevainstruments.com\/sv\/produkt\/bb-euphonium-geneva-cardinal-gvl\/\" title=\"Permalink to Bb euphonium &#8211; Geneva cardinal GVL\" rel=\"bookmark\">Bb euphonium &#8211; Geneva cardinal GVL<\/a><\/li><li><a href=\"https:\/\/genevainstruments.com\/sv\/produkt\/bb-flygelhorn-geneva-cardinal\/\" title=\"Permalink to Bb flygelhorn &#8211; Geneva Cardinal\" rel=\"bookmark\">Bb flygelhorn &#8211; Geneva Cardinal<\/a><\/li><li><a href=\"https:\/\/genevainstruments.com\/sv\/produkt\/bb-kornett-geneva-cardinal\/\" title=\"Permalink to Bb kornett &#8211; Geneva cardinal\" rel=\"bookmark\">Bb kornett &#8211; Geneva cardinal<\/a><\/li><li><a href=\"https:\/\/genevainstruments.com\/sv\/produkt\/bb-barytonhorn-geneva-cardinal\/\" title=\"Permalink to Bb-barytonhorn &#8211; Geneva Cardinal\" rel=\"bookmark\">Bb-barytonhorn &#8211; Geneva Cardinal<\/a><\/li><li><a href=\"https:\/\/genevainstruments.com\/sv\/produkt\/bb-eufonium-geneva-cardinal\/\" title=\"Permalink to Bb-eufonium &#8211; Geneva Cardinal\" rel=\"bookmark\">Bb-eufonium &#8211; Geneva Cardinal<\/a><\/li><li><a href=\"https:\/\/genevainstruments.com\/sv\/produkt\/bb-eufonium-geneva-heritage\/\" title=\"Permalink to Bb-eufonium &#8211; Geneva Heritage\" rel=\"bookmark\">Bb-eufonium &#8211; Geneva Heritage<\/a><\/li><li><a href=\"https:\/\/genevainstruments.com\/sv\/produkt\/bb-kornett-geneva-heritage-philip-mccann\/\" title=\"Permalink to Bb-kornett &#8211; Geneva Heritage (Philip McCann)\" rel=\"bookmark\">Bb-kornett &#8211; Geneva Heritage (Philip McCann)<\/a><\/li><li><a href=\"https:\/\/genevainstruments.com\/sv\/produkt\/bb-trumpet-geneva-cardinal\/\" title=\"Permalink to Bb-trumpet &#8211; Geneva Cardinal\" rel=\"bookmark\">Bb-trumpet &#8211; Geneva Cardinal<\/a><\/li><li><a href=\"https:\/\/genevainstruments.com\/sv\/produkt\/bb-a-piccolotrumpet-geneva-cardinal\/\" title=\"Permalink to Bb\/a piccolotrumpet &#8211; Geneva cardinal\" rel=\"bookmark\">Bb\/a piccolotrumpet &#8211; Geneva cardinal<\/a><\/li><li><a href=\"https:\/\/genevainstruments.com\/sv\/produkt\/c-trumpet-geneva-cardinal\/\" title=\"Permalink to C-trumpet &#8211; Geneva Cardinal\" rel=\"bookmark\">C-trumpet &#8211; Geneva Cardinal<\/a><\/li><li><a href=\"https:\/\/genevainstruments.com\/sv\/produkt\/eb-soprankornet-geneva-cardinal-2025-modell\/\" title=\"Permalink to Eb soprankornet &#8211; Geneva Cardinal &#8211; (2025-modell)\" rel=\"bookmark\">Eb soprankornet &#8211; Geneva Cardinal &#8211; (2025-modell)<\/a><\/li><li><a href=\"https:\/\/genevainstruments.com\/sv\/produkt\/eeb-tuba-geneva-cardinal\/\" title=\"Permalink to EEb Tuba &#8211; Geneva cardinal\" rel=\"bookmark\">EEb Tuba &#8211; Geneva cardinal<\/a><\/li><li><a href=\"https:\/\/genevainstruments.com\/sv\/produkt\/eeb-tuba-geneva-cardinal-jc\/\" title=\"Permalink to EEb-tuba &#8211; Geneva Cardinal JC\" rel=\"bookmark\">EEb-tuba &#8211; Geneva Cardinal JC<\/a><\/li><li><a href=\"https:\/\/genevainstruments.com\/sv\/produkt\/eeb-tuba-geneva-heritage\/\" title=\"Permalink to EEb-tuba &#8211; Geneva Heritage\" rel=\"bookmark\">EEb-tuba &#8211; Geneva Heritage<\/a><\/li><li><a href=\"https:\/\/genevainstruments.com\/sv\/produkt\/ess-tenorhorn-geneva-cardinal\/\" title=\"Permalink to Ess-tenorhorn \u2013 Geneva Cardinal\" rel=\"bookmark\">Ess-tenorhorn \u2013 Geneva Cardinal<\/a><\/li><li><a href=\"https:\/\/genevainstruments.com\/sv\/produkt\/sopransaxofon-lineage-pro\/\" title=\"Permalink to Sopransaxofon &#8211; lineage pro\" rel=\"bookmark\">Sopransaxofon &#8211; lineage pro<\/a><\/li><li><a href=\"https:\/\/genevainstruments.com\/sv\/produkt\/tenorsaxofon-lineage-pro\/\" title=\"Permalink to Tenorsaxofon &#8211; Lineage Pro\" rel=\"bookmark\">Tenorsaxofon &#8211; Lineage Pro<\/a><\/li><li><a href=\"https:\/\/genevainstruments.com\/sv\/produkt\/widow-maker-barytonsaxofon-lineage-pro\/\" title=\"Permalink to Widow Maker barytonsaxofon &#8211; lineage pro\" rel=\"bookmark\">Widow Maker barytonsaxofon &#8211; lineage pro<\/a><\/li><\/ul><\/div>\n\n<\/div><\/div>\n\n<div class=\"gb-grid-column gb-grid-column-2aa0d1bf\"><div class=\"gb-container gb-container-2aa0d1bf\">\n<div id=\"wp-realtime-sitemap-geneva-artist\"><h3>Geneva Artists<\/h3><ul><li><a href=\"https:\/\/genevainstruments.com\/sv\/geneva-artist\/gavin-saynor\/\" title=\"Permalink to Gavin Saynor\" rel=\"bookmark\">Gavin Saynor<\/a><\/li><li><a href=\"https:\/\/genevainstruments.com\/sv\/geneva-artist\/glenn-van-looy\/\" title=\"Permalink to Glenn Van Looy Euphonium\" rel=\"bookmark\">Glenn Van Looy Euphonium<\/a><\/li><li><a href=\"https:\/\/genevainstruments.com\/sv\/geneva-artist\/ho-wang-lam\/\" title=\"Permalink to Ho Wang Lam\" rel=\"bookmark\">Ho Wang Lam<\/a><\/li><li><a href=\"https:\/\/genevainstruments.com\/sv\/geneva-artist\/jamie-smith\/\" title=\"Permalink to Jamie Smith\" rel=\"bookmark\">Jamie Smith<\/a><\/li><li><a href=\"https:\/\/genevainstruments.com\/sv\/geneva-artist\/john-storey\/\" title=\"Permalink to John Storey\" rel=\"bookmark\">John Storey<\/a><\/li><li><a href=\"https:\/\/genevainstruments.com\/sv\/geneva-artist\/oesteres-machando-trumpet\/\" title=\"Permalink to Oesteres Machando\" rel=\"bookmark\">Oesteres Machando<\/a><\/li><li><a href=\"https:\/\/genevainstruments.com\/sv\/geneva-artist\/stephanie-binns\/\" title=\"Permalink to Stephanie Binns\" rel=\"bookmark\">Stephanie Binns<\/a><\/li><\/ul><\/div><div id=\"wp-realtime-sitemap-product\"><h3>Produkter<\/h3><ul><li><a href=\"https:\/\/genevainstruments.com\/sv\/produkt\/bb-euphonium-geneva-cardinal-gvl\/\" title=\"Permalink to Bb euphonium &#8211; Geneva cardinal GVL\" rel=\"bookmark\">Bb euphonium &#8211; Geneva cardinal GVL<\/a><\/li><li><a href=\"https:\/\/genevainstruments.com\/sv\/produkt\/bb-flygelhorn-geneva-cardinal\/\" title=\"Permalink to Bb flygelhorn &#8211; Geneva Cardinal\" rel=\"bookmark\">Bb flygelhorn &#8211; Geneva Cardinal<\/a><\/li><li><a href=\"https:\/\/genevainstruments.com\/sv\/produkt\/bb-kornett-geneva-cardinal\/\" title=\"Permalink to Bb kornett &#8211; Geneva cardinal\" rel=\"bookmark\">Bb kornett &#8211; Geneva cardinal<\/a><\/li><li><a href=\"https:\/\/genevainstruments.com\/sv\/produkt\/bb-barytonhorn-geneva-cardinal\/\" title=\"Permalink to Bb-barytonhorn &#8211; Geneva Cardinal\" rel=\"bookmark\">Bb-barytonhorn &#8211; Geneva Cardinal<\/a><\/li><li><a href=\"https:\/\/genevainstruments.com\/sv\/produkt\/bb-eufonium-geneva-cardinal\/\" title=\"Permalink to Bb-eufonium &#8211; Geneva Cardinal\" rel=\"bookmark\">Bb-eufonium &#8211; Geneva Cardinal<\/a><\/li><li><a href=\"https:\/\/genevainstruments.com\/sv\/produkt\/bb-eufonium-geneva-heritage\/\" title=\"Permalink to Bb-eufonium &#8211; Geneva Heritage\" rel=\"bookmark\">Bb-eufonium &#8211; Geneva Heritage<\/a><\/li><li><a href=\"https:\/\/genevainstruments.com\/sv\/produkt\/bb-kornett-geneva-heritage-philip-mccann\/\" title=\"Permalink to Bb-kornett &#8211; Geneva Heritage (Philip McCann)\" rel=\"bookmark\">Bb-kornett &#8211; Geneva Heritage (Philip McCann)<\/a><\/li><li><a href=\"https:\/\/genevainstruments.com\/sv\/produkt\/bb-trumpet-geneva-cardinal\/\" title=\"Permalink to Bb-trumpet &#8211; Geneva Cardinal\" rel=\"bookmark\">Bb-trumpet &#8211; Geneva Cardinal<\/a><\/li><li><a href=\"https:\/\/genevainstruments.com\/sv\/produkt\/bb-a-piccolotrumpet-geneva-cardinal\/\" title=\"Permalink to Bb\/a piccolotrumpet &#8211; Geneva cardinal\" rel=\"bookmark\">Bb\/a piccolotrumpet &#8211; Geneva cardinal<\/a><\/li><li><a href=\"https:\/\/genevainstruments.com\/sv\/produkt\/c-trumpet-geneva-cardinal\/\" title=\"Permalink to C-trumpet &#8211; Geneva Cardinal\" rel=\"bookmark\">C-trumpet &#8211; Geneva Cardinal<\/a><\/li><li><a href=\"https:\/\/genevainstruments.com\/sv\/produkt\/eb-soprankornet-geneva-cardinal-2025-modell\/\" title=\"Permalink to Eb soprankornet &#8211; Geneva Cardinal &#8211; (2025-modell)\" rel=\"bookmark\">Eb soprankornet &#8211; Geneva Cardinal &#8211; (2025-modell)<\/a><\/li><li><a href=\"https:\/\/genevainstruments.com\/sv\/produkt\/eeb-tuba-geneva-cardinal\/\" title=\"Permalink to EEb Tuba &#8211; Geneva cardinal\" rel=\"bookmark\">EEb Tuba &#8211; Geneva cardinal<\/a><\/li><li><a href=\"https:\/\/genevainstruments.com\/sv\/produkt\/eeb-tuba-geneva-cardinal-jc\/\" title=\"Permalink to EEb-tuba &#8211; Geneva Cardinal JC\" rel=\"bookmark\">EEb-tuba &#8211; Geneva Cardinal JC<\/a><\/li><li><a href=\"https:\/\/genevainstruments.com\/sv\/produkt\/eeb-tuba-geneva-heritage\/\" title=\"Permalink to EEb-tuba &#8211; Geneva Heritage\" rel=\"bookmark\">EEb-tuba &#8211; Geneva Heritage<\/a><\/li><li><a href=\"https:\/\/genevainstruments.com\/sv\/produkt\/ess-tenorhorn-geneva-cardinal\/\" title=\"Permalink to Ess-tenorhorn \u2013 Geneva Cardinal\" rel=\"bookmark\">Ess-tenorhorn \u2013 Geneva Cardinal<\/a><\/li><li><a href=\"https:\/\/genevainstruments.com\/sv\/produkt\/sopransaxofon-lineage-pro\/\" title=\"Permalink to Sopransaxofon &#8211; lineage pro\" rel=\"bookmark\">Sopransaxofon &#8211; lineage pro<\/a><\/li><li><a href=\"https:\/\/genevainstruments.com\/sv\/produkt\/tenorsaxofon-lineage-pro\/\" title=\"Permalink to Tenorsaxofon &#8211; Lineage Pro\" rel=\"bookmark\">Tenorsaxofon &#8211; Lineage Pro<\/a><\/li><li><a href=\"https:\/\/genevainstruments.com\/sv\/produkt\/widow-maker-barytonsaxofon-lineage-pro\/\" title=\"Permalink to Widow Maker barytonsaxofon &#8211; lineage pro\" rel=\"bookmark\">Widow Maker barytonsaxofon &#8211; lineage pro<\/a><\/li><\/ul><\/div>\n\n<\/div><\/div>\n\n<div class=\"gb-grid-column gb-grid-column-5eac4a4a\"><div class=\"gb-container gb-container-5eac4a4a\">\n\n<h3 class=\"gb-headline gb-headline-636af1d9 gb-headline-text\">Produktkategorier<\/h3>\n\n\n<div data-block-name=\"woocommerce\/product-categories\" class=\"wp-block-woocommerce-product-categories wc-block-product-categories is-list \" style=\"\"><ul class=\"wc-block-product-categories-list wc-block-product-categories-list--depth-0\">\t\t\t\t<li class=\"wc-block-product-categories-list-item\">\t\t\t\t\t<a style=\"\" href=\"https:\/\/genevainstruments.com\/sv\/product-category\/geneva-cardinal-artistmodeller\/\"><span class=\"wc-block-product-categories-list-item__name\">Geneva cardinal artistmodeller<\/span><\/a><span class=\"wc-block-product-categories-list-item-count\"><span aria-hidden=\"true\">3<\/span><span class=\"screen-reader-text\">3 produkter<\/span><\/span>\t\t\t\t<\/li>\t\t\t\t\t\t\t<li class=\"wc-block-product-categories-list-item\">\t\t\t\t\t<a style=\"\" href=\"https:\/\/genevainstruments.com\/sv\/product-category\/geneva-cardinal-instrument\/\"><span class=\"wc-block-product-categories-list-item__name\">Geneva cardinal instrument<\/span><\/a><span class=\"wc-block-product-categories-list-item-count\"><span aria-hidden=\"true\">13<\/span><span class=\"screen-reader-text\">13 produkter<\/span><\/span>\t\t\t\t<\/li>\t\t\t\t\t\t\t<li class=\"wc-block-product-categories-list-item\">\t\t\t\t\t<a style=\"\" href=\"https:\/\/genevainstruments.com\/sv\/product-category\/geneva-heritage\/\"><span class=\"wc-block-product-categories-list-item__name\">Geneva Heritage<\/span><\/a><span class=\"wc-block-product-categories-list-item-count\"><span aria-hidden=\"true\">2<\/span><span class=\"screen-reader-text\">2 produkter<\/span><\/span>\t\t\t\t<\/li>\t\t\t\t\t\t\t<li class=\"wc-block-product-categories-list-item\">\t\t\t\t\t<a style=\"\" href=\"https:\/\/genevainstruments.com\/sv\/product-category\/geneva-lineage\/\"><span class=\"wc-block-product-categories-list-item__name\">Geneva Lineage<\/span><\/a><span class=\"wc-block-product-categories-list-item-count\"><span aria-hidden=\"true\">3<\/span><span class=\"screen-reader-text\">3 produkter<\/span><\/span>\t\t\t\t<\/li>\t\t\t<\/ul><\/div>\n\n<div><h3>Range<\/h3><ul class=\"product-attributes-list\"><li><a href=\"https:\/\/genevainstruments.com\/sv\/range\/geneva-cardinal-instrument\/\">Geneva cardinal instrument<\/a><\/li> <li><a href=\"https:\/\/genevainstruments.com\/sv\/range\/geneva-heritage-instrument\/\">Geneva Heritage-instrument<\/a><\/li> <li><a href=\"https:\/\/genevainstruments.com\/da\/range\/lineage-pro-saxofonserien\/\">Lineage Pro saxofonserien<\/a><\/ul><\/div><\/div>\n\n<\/div><\/div>\n<\/div>\n<\/div>\n<\/div>","protected":false},"excerpt":{"rendered":"<p>Geneva Instruments Hitta Geneva musikinstrument, produktkategorier, Geneva Artists, Geneva Foundation, videor och mer p\u00e5 Geneva Instruments webbplats.Hitta \u00e4ven instrument som \u00e4r tillg\u00e4ngliga genom National Plan for Music Education som en godk\u00e4nd instrumentleverant\u00f6r till brittisk utbildning.<\/p>\n","protected":false},"author":1,"featured_media":10609,"parent":0,"menu_order":100,"comment_status":"closed","ping_status":"closed","template":"","meta":{"_acf_changed":false,"footnotes":""},"class_list":["post-19007","page","type-page","status-publish","has-post-thumbnail","hentry","sales-flash-overlay","woocommerce-text-align-left","woocommerce-image-align-center","do-quantity-buttons"],"acf":[],"_links":{"self":[{"href":"https:\/\/genevainstruments.com\/sv\/wp-json\/wp\/v2\/pages\/19007","targetHints":{"allow":["GET"]}}],"collection":[{"href":"https:\/\/genevainstruments.com\/sv\/wp-json\/wp\/v2\/pages"}],"about":[{"href":"https:\/\/genevainstruments.com\/sv\/wp-json\/wp\/v2\/types\/page"}],"author":[{"embeddable":true,"href":"https:\/\/genevainstruments.com\/sv\/wp-json\/wp\/v2\/users\/1"}],"replies":[{"embeddable":true,"href":"https:\/\/genevainstruments.com\/sv\/wp-json\/wp\/v2\/comments?post=19007"}],"version-history":[{"count":1,"href":"https:\/\/genevainstruments.com\/sv\/wp-json\/wp\/v2\/pages\/19007\/revisions"}],"predecessor-version":[{"id":19008,"href":"https:\/\/genevainstruments.com\/sv\/wp-json\/wp\/v2\/pages\/19007\/revisions\/19008"}],"wp:featuredmedia":[{"embeddable":true,"href":"https:\/\/genevainstruments.com\/sv\/wp-json\/wp\/v2\/media\/10609"}],"wp:attachment":[{"href":"https:\/\/genevainstruments.com\/sv\/wp-json\/wp\/v2\/media?parent=19007"}],"curies":[{"name":"wp","href":"https:\/\/api.w.org\/{rel}","templated":true}]}}