{"id":19026,"date":"2021-01-15T11:41:21","date_gmt":"2021-01-15T11:41:21","guid":{"rendered":"https:\/\/genevainstruments.com\/villkor\/"},"modified":"2025-12-02T16:38:10","modified_gmt":"2025-12-02T16:38:10","slug":"villkor","status":"publish","type":"page","link":"https:\/\/genevainstruments.com\/sv\/villkor\/","title":{"rendered":"Villkor"},"content":{"rendered":"<div class=\"gb-container gb-container-3a14c50b alignfull\">\n<div class=\"gb-container gb-container-edda4908\">\n\n<p class=\"gb-headline gb-headline-2dc42e1d gb-headline-text\">Geneva Brasswind Ltd,<br>Geneva House,<br>Belasis Business Hub,<br>Coxwold Way,<br>Billingham<br>TS23 4EA<br>Storbritannien<br>Tel.: +44 01642 714464<\/p>\n\n\n\n<p class=\"gb-headline gb-headline-16a2f222 gb-headline-text\">Aktiebolag<br>Organisationsnummer 09961254<\/p>\n\n\n\n<p class=\"gb-headline gb-headline-8149964d gb-headline-text\">Tillg\u00e5ng till webbplatsen, s\u00e5v\u00e4l som anv\u00e4ndning av dess inneh\u00e5ll, \u00e4r f\u00f6rem\u00e5l f\u00f6r f\u00f6ljande villkor. Dessa anv\u00e4ndarvillkor kan \u00e4ndras n\u00e4r som helst. Dessa \u00e4ndringar anses accepterade av internetanv\u00e4ndare s\u00e5 snart de publiceras online.  <\/p>\n\n\n\n<ol class=\"wp-block-list\">\n<li>IMMATERIELL EGENDOM<\/li>\n\n\n\n<li>ANSVAR<\/li>\n\n\n\n<li>WEBBPLATSENS TEKNISKA FUNKTION<\/li>\n\n\n\n<li>JURISDIKTION<\/li>\n\n\n\n<li>NI KAN KONTAKTA OSS P\u00c5 F\u00d6LJANDE ADRESS<\/li>\n\n\n\n<li>WEBBPLATSENS DESIGN OCH PRODUKTION<\/li>\n<\/ol>\n\n\n\n<ol class=\"wp-block-list\">\n<li>IMMATERIELL EGENDOM<br\/>Alla objekt som finns p\u00e5 webbplatsen (programvara, text, animerade eller statiska bilder, ljud, know-how och mer generellt alla typer av data) skyddas av den (franska) lagen om immateriell egendom. All total eller partiell representation och\/eller reproduktion av webbplatsen genom n\u00e5gon form av f\u00f6rfarande, utan uttryckligt tillst\u00e5nd fr\u00e5n Geneva Brasswind, \u00e4r f\u00f6rbjuden och skulle utg\u00f6ra ett olagligt intr\u00e5ng enligt lagen i England och Wales. Varum\u00e4rken och logotyper som visas p\u00e5 webbplatsen tillh\u00f6r Geneva Brasswind. All total eller partiell anv\u00e4ndning eller reproduktion av dessa varum\u00e4rken och\/eller logotyper \u00e4r f\u00f6rbjuden utan f\u00f6reg\u00e5ende uttryckligt tillst\u00e5nd fr\u00e5n Geneva Brasswind.   <br\/><\/li>\n\n\n\n<li>WEBBPLATSENS INNEH\u00c5LL \u2013 ANSVAR<br\/>Information som presenteras p\u00e5 webbplatsen \u00e4r endast f\u00f6r informations\u00e4ndam\u00e5l. Geneva Brasswind str\u00e4var efter att h\u00e5lla webbplatsen uppdaterad men kan inte garantera att informationen som publiceras p\u00e5 webbplatsen \u00e4r korrekt, fullst\u00e4ndig och aktuell, inte heller kan de garantera att n\u00e4mnda information \u00e4r l\u00e4mplig f\u00f6r anv\u00e4ndarens \u00f6nskade anv\u00e4ndning. F\u00f6ljaktligen erk\u00e4nner anv\u00e4ndaren att de ensamma \u00e4r ansvariga f\u00f6r anv\u00e4ndningen av denna information.<br\/>Anv\u00e4ndaren ska f\u00f6lja best\u00e4mmelserna i den (engelska) lagen om dataskydd, vars \u00f6vertr\u00e4delse medf\u00f6r straffr\u00e4ttsliga p\u00e5f\u00f6ljder.<br\/>S\u00e4rskilt n\u00e4r det g\u00e4ller personuppgifter som de har tillg\u00e5ng till, m\u00e5ste de avst\u00e5 fr\u00e5n alla former av insamling, missbruk och i allm\u00e4nhet alla \u00e5tg\u00e4rder som kan kr\u00e4nka m\u00e4nniskors integritet eller \u00e4ventyra deras rykte.  <br\/><\/li>\n\n\n\n<li>WEBBPLATSENS TEKNISKA FUNKTION<br\/>Webbplatsen \u00e4r vanligtvis tillg\u00e4nglig 24 timmar om dygnet, 7 dagar i veckan. Vid force majeure, problem med informationssystem, strukturella problem med telekommunikationsn\u00e4tverk, tekniska sv\u00e5righeter eller av underh\u00e5llssk\u00e4l \u2013 denna lista \u00e4r inte utt\u00f6mmande \u2013 kan tillg\u00e5ngen till hela eller delar av webbplatsen avbrytas eller tas bort genom ett enkelt beslut av Geneva Brasswind. Av underh\u00e5llssk\u00e4l och\/eller av andra beslut som fattas av Geneva Brasswind kan tillg\u00e5ngen till webbplatsen avbrytas. Webbplatsen kan \u00e4ndras och utvecklas utan n\u00e5gon form av f\u00f6rvarning. I vilket fall som helst ska Geneva Brasswind inte p\u00e5 n\u00e5got s\u00e4tt h\u00e5llas ansvariga f\u00f6r direkta, indirekta eller s\u00e4rskilda skador som uppst\u00e5r till f\u00f6ljd av anv\u00e4ndning av webbplatsen eller andra webbplatser relaterade till dem och i synnerhet f\u00f6r eventuella ekonomiska eller kommersiella f\u00f6rluster, eller f\u00f6rlust av program eller data fr\u00e5n anv\u00e4ndarens informationssystem.    <br\/><\/li>\n\n\n\n<li>JURISDIKTION<br\/>Inneh\u00e5llet p\u00e5 webbplatsen regleras av engelsk lag. Detta g\u00e4ller b\u00e5de materiella och processuella regler, och dess inneh\u00e5ll ska endast bed\u00f6mas av beh\u00f6riga engelska jurisdiktioner. Lagvalsregler \u00e4r uteslutna till f\u00f6rm\u00e5n f\u00f6r fullst\u00e4ndig och oreserverad till\u00e4mpning av engelsk lag.  <br\/><\/li>\n\n\n\n<li>NI KAN KONTAKTA OSS P\u00c5 F\u00d6LJANDE ADRESS<br\/>Om ni har n\u00e5gra fr\u00e5gor eller klagom\u00e5l, kontakta oss p\u00e5 f\u00f6ljande adress:<br\/>Geneva Brasswind Ltd,<br\/>Geneva House,<br\/>Belasis Business Hub,<br\/>Coxwold Way,<br\/>Billingham<br\/>TS23 4EA<br\/>Storbritannien<br\/>Tel.: +44 01642 714464<br\/>F\u00f6r en kopia av f\u00f6rs\u00e4ljnings- och garantivillkoren, v\u00e4nligen skicka e-post till <a href=\"mailto:info@genevainstruments.com\">info@genevainstruments.com<\/a>.<br\/><\/li>\n\n\n\n<li>WEBBDESIGN<br\/>Denna webbplats designades och utvecklades av VIA Creative \u2013 www.viacreatve.co.uk<br\/>FOTO- OCH VIDEOKREDITER<br\/>Vid behov kommer dessa att placeras vid s\u00e5dana foton och videor.<\/li>\n<\/ol>\n\n<\/div>\n<\/div>","protected":false},"excerpt":{"rendered":"<p>Geneva Brasswind Ltd,Geneva House,Belasis Business Hub,Coxwold Way,BillinghamTS23 4EAStorbritannienTel.: +44 01642 714464 AktiebolagOrganisationsnummer 09961254 Tillg\u00e5ng till webbplatsen, s\u00e5v\u00e4l som anv\u00e4ndning av dess inneh\u00e5ll, \u00e4r f\u00f6rem\u00e5l f\u00f6r f\u00f6ljande villkor. Dessa anv\u00e4ndarvillkor kan \u00e4ndras n\u00e4r som helst. Dessa \u00e4ndringar anses accepterade av internetanv\u00e4ndare s\u00e5 snart de publiceras online.<\/p>\n","protected":false},"author":1,"featured_media":0,"parent":0,"menu_order":20,"comment_status":"closed","ping_status":"closed","template":"","meta":{"_acf_changed":false,"footnotes":""},"class_list":["post-19026","page","type-page","status-publish"],"acf":[],"_links":{"self":[{"href":"https:\/\/genevainstruments.com\/sv\/wp-json\/wp\/v2\/pages\/19026","targetHints":{"allow":["GET"]}}],"collection":[{"href":"https:\/\/genevainstruments.com\/sv\/wp-json\/wp\/v2\/pages"}],"about":[{"href":"https:\/\/genevainstruments.com\/sv\/wp-json\/wp\/v2\/types\/page"}],"author":[{"embeddable":true,"href":"https:\/\/genevainstruments.com\/sv\/wp-json\/wp\/v2\/users\/1"}],"replies":[{"embeddable":true,"href":"https:\/\/genevainstruments.com\/sv\/wp-json\/wp\/v2\/comments?post=19026"}],"version-history":[{"count":1,"href":"https:\/\/genevainstruments.com\/sv\/wp-json\/wp\/v2\/pages\/19026\/revisions"}],"predecessor-version":[{"id":19027,"href":"https:\/\/genevainstruments.com\/sv\/wp-json\/wp\/v2\/pages\/19026\/revisions\/19027"}],"wp:attachment":[{"href":"https:\/\/genevainstruments.com\/sv\/wp-json\/wp\/v2\/media?parent=19026"}],"curies":[{"name":"wp","href":"https:\/\/api.w.org\/{rel}","templated":true}]}}