{"id":19028,"date":"2021-02-16T16:44:56","date_gmt":"2021-02-16T16:44:56","guid":{"rendered":"https:\/\/genevainstruments.com\/integritetspolicy\/"},"modified":"2025-12-02T16:38:47","modified_gmt":"2025-12-02T16:38:47","slug":"integritetspolicy","status":"publish","type":"page","link":"https:\/\/genevainstruments.com\/sv\/integritetspolicy\/","title":{"rendered":"Integritetspolicy"},"content":{"rendered":"<div class=\"gb-container gb-container-3a14c50b alignfull\">\n<div class=\"gb-container gb-container-edda4908\">\n\n<h2 class=\"gb-headline gb-headline-ed203461 gb-headline-text\">Webbplats- och f\u00f6retagsintegritetspolicy<\/h2>\n\n\n\n<p class=\"gb-headline gb-headline-66f80ce9 gb-headline-text\">Detta \u00e4r Geneva Instruments integritetspolicy.<\/p>\n\n\n\n<p class=\"gb-headline gb-headline-bf623d36 gb-headline-text\">I detta dokument avser &#8221;vi&#8221; Geneva Instruments (som omfattar Geneva Brasswind Ltd och Geneva Instruments Ltd).<\/p>\n\n\n\n<p class=\"gb-headline gb-headline-341aa9aa gb-headline-text\">V\u00e5rt registrerade kontor finns p\u00e5 Biz Hub Tees Valley, Belasis Hall Business Centre, Coxwold Way, TS23 4EA.<\/p>\n\n\n\n<h3 class=\"gb-headline gb-headline-b89c877c gb-headline-text\">Introduktion<\/h3>\n\n\n\n<p>Detta \u00e4r ett meddelande f\u00f6r att informera dig om v\u00e5r policy g\u00e4llande all information som vi registrerar om dig. Det anger villkoren under vilka vi kan behandla all information som vi samlar in fr\u00e5n dig, eller som du tillhandah\u00e5ller oss. Det omfattar information som kan identifiera dig (&#8221;personlig information&#8221;) och information om dig om du k\u00f6per instrument eller tillbeh\u00f6r fr\u00e5n oss.  <\/p>\n\n\n\n<p>Vi beklagar om det finns en eller flera punkter nedan som du inte \u00e4r n\u00f6jd med, kontakta i s\u00e5 fall Geneva Instruments via kontaktsidan p\u00e5 webbplatsen.<\/p>\n\n\n\n<p>Vi tar skyddet av din integritet och konfidentialitet p\u00e5 stort allvar. Vi f\u00f6rst\u00e5r att alla bes\u00f6kare p\u00e5 v\u00e5r webbplats har r\u00e4tt att veta att deras personuppgifter inte kommer att anv\u00e4ndas f\u00f6r andra \u00e4ndam\u00e5l \u00e4n att leverera instrument och inte kommer att delas med tredje part. <\/p>\n\n\n\n<p>Vi \u00e5tar oss att bevara konfidentialiteten f\u00f6r all information du tillhandah\u00e5ller Geneva Group.<\/p>\n\n\n\n<p>V\u00e5r policy f\u00f6ljer brittisk lag i enlighet med implementeringen.<\/p>\n\n\n\n<p>Lagen kr\u00e4ver att vi informerar dig om dina r\u00e4ttigheter och v\u00e5ra skyldigheter gentemot dig n\u00e4r det g\u00e4ller behandling och kontroll av dina personuppgifter. Vi g\u00f6r detta nu genom att be dig l\u00e4sa informationen som tillhandah\u00e5lls p\u00e5 <a href=\"https:\/\/www.knowyourprivacyrights.org\/\" rel=\"noopener\">www.knowyourprivacyrights.org<\/a> <\/p>\n\n\n\n<p>F\u00f6rutom vad som anges nedan delar vi inte, s\u00e4ljer inte eller avsl\u00f6jar f\u00f6r tredje part.<\/p>\n\n\n\n<p>Grunderna p\u00e5 vilka vi behandlar information om dig<\/p>\n\n\n\n<p>Lagen kr\u00e4ver att vi fastst\u00e4ller under vilken av sex definierade grunder vi behandlar olika kategorier av din personliga information f\u00f6r Geneva Instruments.<\/p>\n\n\n\n<p>Om en grund p\u00e5 vilken vi behandlar din personliga information inte l\u00e4ngre \u00e4r relevant.<\/p>\n\n\n\n<p>Om grunden \u00e4ndras ska vi, om lagen kr\u00e4ver det, meddela dig om \u00e4ndringen och om eventuell ny grund.<\/p>\n\n\n\n<p>Information vi behandlar eftersom vi har en avtalsm\u00e4ssig skyldighet gentemot dig<\/p>\n\n\n\n<p>N\u00e4r du k\u00f6per en produkt eller tj\u00e4nst fr\u00e5n oss, eller p\u00e5 annat s\u00e4tt godk\u00e4nner v\u00e5ra villkor f\u00f6r Geneva Group.<\/p>\n\n\n\n<p>F\u00f6r att fullg\u00f6ra v\u00e5ra skyldigheter enligt det avtalet m\u00e5ste vi behandla den information du ger oss.<\/p>\n\n\n\n<p>Vi kan anv\u00e4nda den f\u00f6r att:<\/p>\n\n\n\n<ol class=\"wp-block-list\">\n<li>verifiera din identitet av s\u00e4kerhetssk\u00e4l<\/li>\n\n\n\n<li>s\u00e4lja produkter till dig<\/li>\n\n\n\n<li>tillhandah\u00e5lla v\u00e5ra tj\u00e4nster till dig<\/li>\n\n\n\n<li>ge dig f\u00f6rslag och r\u00e5d om produkter och tj\u00e4nster.<\/li>\n<\/ol>\n\n\n\n<p>Vi behandlar denna information p\u00e5 grundval av att det finns ett avtal mellan oss, eller att du har beg\u00e4rt varor eller information.<\/p>\n\n\n\n<p>Dessutom kan vi sammanst\u00e4lla denna information p\u00e5 ett allm\u00e4nt s\u00e4tt och anv\u00e4nda den f\u00f6r att tillhandah\u00e5lla klassinformation, till exempel f\u00f6r att \u00f6vervaka v\u00e5r prestanda med avseende p\u00e5 den tj\u00e4nst vi tillhandah\u00e5ller.<\/p>\n\n\n\n<p>Vi kommer att forts\u00e4tta behandla denna information tills avtalet mellan oss avslutas eller s\u00e4gs upp.<\/p>\n\n\n\n<h3 class=\"gb-headline gb-headline-a3427af8 gb-headline-text\">Information vi behandlar med ditt samtycke<\/h3>\n\n\n\n<p>Genom vissa \u00e5tg\u00e4rder n\u00e4r det annars inte finns n\u00e5got avtalsf\u00f6rh\u00e5llande mellan oss, till exempel n\u00e4r du bl\u00e4ddrar p\u00e5 v\u00e5r webbplats eller ber oss att ge dig mer information om v\u00e5r verksamhet, inklusive instrument, instrumentservice och tillbeh\u00f6r.<\/p>\n\n\n\n<p>N\u00e4r det \u00e4r m\u00f6jligt str\u00e4var vi efter att f\u00e5 ditt uttryckliga samtycke till att behandla denna information.<\/p>\n\n\n\n<p>Ibland kan du ge ditt samtycke implicit, till exempel n\u00e4r du skickar ett meddelande till oss via e-post genom webbplatsen.<\/p>\n\n\n\n<p>F\u00f6rutom n\u00e4r du har samtyckt till v\u00e5r anv\u00e4ndning av din information f\u00f6r ett specifikt \u00e4ndam\u00e5l, anv\u00e4nder vi inte din information p\u00e5 n\u00e5got s\u00e4tt som skulle identifiera dig personligen. Vi kan sammanst\u00e4lla den p\u00e5 ett allm\u00e4nt s\u00e4tt f\u00f6r att forts\u00e4tta att ge dig b\u00e4sta m\u00f6jliga service. <\/p>\n\n\n\n<p>Vi forts\u00e4tter att behandla din information p\u00e5 denna grund tills du drar tillbaka ditt samtycke, eller den kan anv\u00e4ndas f\u00f6r att g\u00f6ra dig medveten om specialerbjudanden eller rabatter eller nya produkter.<\/p>\n\n\n\n<p>Du kan n\u00e4r som helst dra tillbaka ditt samtycke genom att instruera oss p\u00e5 <a href=\"https:\/\/genevainstruments.com\/sv\/\">GenevaInstruments.com<\/a>.<\/p>\n\n\n\n<h3 class=\"gb-headline gb-headline-7ba1939a gb-headline-text\">Information vi behandlar f\u00f6r \u00e4ndam\u00e5l av ber\u00e4ttigade intressen<\/h3>\n\n\n\n<p>Vi kan behandla information p\u00e5 grundval av att det finns ett ber\u00e4ttigat intresse, antingen f\u00f6r produkter eller information.<\/p>\n\n\n\n<p>N\u00e4r vi behandlar din information p\u00e5 denna grund g\u00f6r vi det i ditt intresse f\u00f6r att informera dig om evenemang eller nya produkter:<\/p>\n\n\n\n<p>Till exempel kan vi behandla dina uppgifter f\u00f6r att informera dig om en bl\u00e5sverkstad i ditt omr\u00e5de, f\u00f6r att f\u00f6ra register f\u00f6r korrekt och n\u00f6dv\u00e4ndig administration av instrument och tillbeh\u00f6r, f\u00f6r att svara p\u00e5 oombedd kommunikation fr\u00e5n dig som vi tar emot ang\u00e5ende produkter eller varor, f\u00f6r att skydda och h\u00e4vda de juridiska r\u00e4ttigheterna f\u00f6r alla parter.<\/p>\n\n\n\n<p>f\u00f6rs\u00e4kra oss eller inh\u00e4mta professionell r\u00e5dgivning som kr\u00e4vs f\u00f6r att hj\u00e4lpa eller bist\u00e5 i din f\u00f6rfr\u00e5gan<\/p>\n\n\n\n<p>skydda dina intressen d\u00e4r vi anser att vi har en skyldighet att g\u00f6ra det<\/p>\n\n\n\n<h3 class=\"gb-headline gb-headline-b8c1c4b9 gb-headline-text\">Information vi behandlar eftersom vi har en r\u00e4ttslig skyldighet<\/h3>\n\n\n\n<p>Vi \u00e4r underkastade lagen precis som alla andra. Ibland m\u00e5ste vi behandla din adress eller e-postinformation. <\/p>\n\n\n\n<p>Till exempel kan vi vara skyldiga att l\u00e4mna information till r\u00e4ttsliga myndigheter om de beg\u00e4r det eller om de har ett intresse av en individ. Detta kan inkludera din personliga information. <\/p>\n\n\n\n<h3 class=\"gb-headline gb-headline-2932f599 gb-headline-text\">Specifika anv\u00e4ndningsomr\u00e5den f\u00f6r information du tillhandah\u00e5ller oss<\/h3>\n\n\n\n<p>Information som tillhandah\u00e5lls med f\u00f6rst\u00e5elsen att den kommer att delas med en tredje part.<\/p>\n\n\n\n<p>V\u00e5r webbplats till\u00e5ter dig inte att publicera information.<\/p>\n\n\n\n<p>Klagom\u00e5l ang\u00e5ende inneh\u00e5ll p\u00e5 v\u00e5r webbplats.<\/p>\n\n\n\n<p>V\u00e5r webbplats \u00e4r ett publiceringsmedium, men inneh\u00e5ll kan inte publiceras av tredje part.<\/p>\n\n\n\n<p>Om du klagar p\u00e5 n\u00e5got inneh\u00e5ll som finns p\u00e5 <a href=\"https:\/\/genevainstruments.com\/sv\/\">GenevaInstruments.com<\/a> kommer vi att unders\u00f6ka och om vi anser att det \u00e4r ber\u00e4ttigat, kommer vi att ta bort s\u00e5dant inneh\u00e5ll.<\/p>\n\n\n\n<p>Yttrandefrihet \u00e4r en grundl\u00e4ggande r\u00e4ttighet, s\u00e5 vi m\u00e5ste \u00f6verv\u00e4ga varje beg\u00e4ran som vi anser l\u00e4mplig.<\/p>\n\n\n\n<p>Om vi anser att ditt klagom\u00e5l \u00e4r ber\u00e4ttigat kommer \u00e5tg\u00e4rder att vidtas f\u00f6r att ta bort inneh\u00e5llet.<\/p>\n\n\n\n<p>Information relaterad till din betalningsmetod<\/p>\n\n\n\n<p>Betalningsinformation lagras aldrig av oss, vid betalning f\u00f6r ett instrument v\u00e4ljer du ditt betalningsalternativ.<\/p>\n\n\n\n<h3 class=\"gb-headline gb-headline-dc70bf8e gb-headline-text\">Skicka ett meddelande<\/h3>\n\n\n\n<p>N\u00e4r du kontaktar oss, vare sig det \u00e4r via telefon eller genom v\u00e5r webbplats, registrerar vi din f\u00f6rfr\u00e5gan och beh\u00e5ller inte n\u00e5gra personuppgifter fr\u00e5n s\u00e5dana f\u00f6rfr\u00e5gningar.<\/p>\n\n\n\n<h3 class=\"gb-headline gb-headline-e533b1a2 gb-headline-text\">Klagom\u00e5l<\/h3>\n\n\n\n<p>N\u00e4r vi tar emot ett klagom\u00e5l via e-post eller telefon anv\u00e4nder vi den informationen f\u00f6r att l\u00f6sa ditt klagom\u00e5l.<\/p>\n\n\n\n<p>Om ditt klagom\u00e5l rimligen kr\u00e4ver att vi kontaktar n\u00e5gon annan person kan vi besluta att ge information till den andra personen.<\/p>\n\n\n\n<p>Vi kan ocks\u00e5 sammanst\u00e4lla statistik som visar information som erh\u00e5llits fr\u00e5n detta klagom\u00e5l.<\/p>\n\n\n\n<p>Anv\u00e4ndning av information vi samlar in genom automatiserade system n\u00e4r du bes\u00f6ker v\u00e5r webbplats<\/p>\n\n\n\n<h3 class=\"gb-headline gb-headline-5da56707 gb-headline-text\">Cookies<\/h3>\n\n\n\n<p>Cookies \u00e4r sm\u00e5 textfiler som placeras p\u00e5 din dators h\u00e5rddisk av din webbl\u00e4sare n\u00e4r du bes\u00f6ker n\u00e5gon webbplats.<\/p>\n\n\n\n<p>Vi anv\u00e4nder cookies p\u00e5 f\u00f6ljande s\u00e4tt:<\/p>\n\n\n\n<ol class=\"wp-block-list\">\n<li>f\u00f6r att sp\u00e5ra hur du anv\u00e4nder v\u00e5r webbplats<\/li>\n\n\n\n<li>f\u00f6r att registrera om du regelbundet bes\u00f6ker v\u00e5r webbplats<\/li>\n\n\n\n<li>f\u00f6r att h\u00e5lla dig inloggad p\u00e5 v\u00e5r webbplats<\/li>\n<\/ol>\n\n\n\n<h3 class=\"gb-headline gb-headline-f2fdafcf gb-headline-text\">Avsl\u00f6jande och delning av din information<\/h3>\n\n\n\n<p>Information vi erh\u00e5ller fr\u00e5n tredje part<\/p>\n\n\n\n<p>Ingen s\u00e5dan information \u00e4r personligt identifierbar f\u00f6r dig.<\/p>\n\n\n\n<p>Data kan behandlas utanf\u00f6r Europeiska unionen.<\/p>\n\n\n\n<p>V\u00e5ra webbplatser \u00e4r v\u00e4rdbaserade i Storbritannien.<\/p>\n\n\n\n<p>Tillg\u00e5ng till din egen information.<\/p>\n\n\n\n<p>Du kan n\u00e4r som helst radera den information som vi har genom att kontakta oss.<\/p>\n\n\n\n<h3 class=\"gb-headline gb-headline-d8bf2857 gb-headline-text\">\u00d6vriga fr\u00e5gor<\/h3>\n\n\n\n<p>Hur du kan klaga<\/p>\n\n\n\n<p>Kontakta <a href=\"https:\/\/genevainstruments.com\/sv\/\">GenevaInstruments.com<\/a> och klicka p\u00e5 fliken kontakta oss.<\/p>\n\n\n\n<p>Om du p\u00e5 n\u00e5got s\u00e4tt \u00e4r missn\u00f6jd med hur vi behandlar din personliga information har du r\u00e4tt att l\u00e4mna in ett klagom\u00e5l till Information Commissioner.<\/p>\n\n<\/div>\n<\/div>","protected":false},"excerpt":{"rendered":"<p>Webbplats- och f\u00f6retagsintegritetspolicy Detta \u00e4r Geneva Instruments integritetspolicy. I detta dokument avser &#8221;vi&#8221; Geneva Instruments (som omfattar Geneva Brasswind Ltd och Geneva Instruments Ltd). V\u00e5rt registrerade kontor finns p\u00e5 Biz Hub Tees Valley, Belasis Hall Business Centre, Coxwold Way, TS23 4EA. Introduktion Detta \u00e4r ett meddelande f\u00f6r att informera dig om v\u00e5r policy g\u00e4llande all &#8230; <a title=\"Integritetspolicy\" class=\"read-more\" href=\"https:\/\/genevainstruments.com\/sv\/integritetspolicy\/\" aria-label=\"L\u00e4s mer om Integritetspolicy\">L\u00e4s mer<\/a><\/p>\n","protected":false},"author":1,"featured_media":0,"parent":0,"menu_order":20,"comment_status":"closed","ping_status":"closed","template":"","meta":{"_acf_changed":false,"footnotes":""},"class_list":["post-19028","page","type-page","status-publish"],"acf":[],"_links":{"self":[{"href":"https:\/\/genevainstruments.com\/sv\/wp-json\/wp\/v2\/pages\/19028","targetHints":{"allow":["GET"]}}],"collection":[{"href":"https:\/\/genevainstruments.com\/sv\/wp-json\/wp\/v2\/pages"}],"about":[{"href":"https:\/\/genevainstruments.com\/sv\/wp-json\/wp\/v2\/types\/page"}],"author":[{"embeddable":true,"href":"https:\/\/genevainstruments.com\/sv\/wp-json\/wp\/v2\/users\/1"}],"replies":[{"embeddable":true,"href":"https:\/\/genevainstruments.com\/sv\/wp-json\/wp\/v2\/comments?post=19028"}],"version-history":[{"count":1,"href":"https:\/\/genevainstruments.com\/sv\/wp-json\/wp\/v2\/pages\/19028\/revisions"}],"predecessor-version":[{"id":19029,"href":"https:\/\/genevainstruments.com\/sv\/wp-json\/wp\/v2\/pages\/19028\/revisions\/19029"}],"wp:attachment":[{"href":"https:\/\/genevainstruments.com\/sv\/wp-json\/wp\/v2\/media?parent=19028"}],"curies":[{"name":"wp","href":"https:\/\/api.w.org\/{rel}","templated":true}]}}