{"id":11692,"date":"2024-09-09T14:36:21","date_gmt":"2024-09-09T13:36:21","guid":{"rendered":"https:\/\/geneva.viacreative.co\/product\/bb-trumpet-geneva-cardinal\/"},"modified":"2026-01-16T08:38:52","modified_gmt":"2026-01-16T08:38:52","slug":"bb-trumpet-geneva-cardinal","status":"publish","type":"product","link":"https:\/\/genevainstruments.com\/sv\/produkt\/bb-trumpet-geneva-cardinal\/","title":{"rendered":"Bb-trumpet &#8211; Geneva Cardinal"},"content":{"rendered":"<h1 data-start=\"336\" data-end=\"394\">Geneva Cardinal Bb-trumpet<\/h1>\n<h2 data-start=\"336\" data-end=\"394\">En Bb-trumpet i v\u00e4rldsklass designad f\u00f6r den seri\u00f6sa musikern<\/h2>\n<p data-start=\"396\" data-end=\"677\"><strong data-start=\"400\" data-end=\"429\">Geneva Cardinal Bb-trumpet<\/strong> \u00e4r resultatet av ett kvarts sekels kontinuerlig forskning och utveckling. Byggd f\u00f6r musiker som kr\u00e4ver \u00f6verl\u00e4gsen klang, perfekt intonation och felfritt hantverk representerar denna premiumtrumpet h\u00f6jdpunkten av Genevas senaste innovationer inom bleckbl\u00e5sinstrument &#8211; ren lyx <\/p>\n<hr data-start=\"679\" data-end=\"682\">\n<p data-start=\"684\" data-end=\"700\"><strong>Huvudfunktioner<\/strong><\/p>\n<ul data-start=\"702\" data-end=\"1349\">\n<li data-start=\"702\" data-end=\"815\">\n<p data-start=\"704\" data-end=\"815\"><strong data-start=\"704\" data-end=\"732\">Unik Venturi-munpipa (2025)<\/strong><br data-start=\"732\" data-end=\"735\">F\u00f6rb\u00e4ttrar ljudprojektionen och s\u00e4kerst\u00e4ller en mjuk, anstr\u00e4ngningsfri spelupplevelse.<\/p>\n<\/li>\n<li data-start=\"817\" data-end=\"910\">\n<p data-start=\"819\" data-end=\"910\"><strong data-start=\"819\" data-end=\"841\">Handhamrad klocka<\/strong><br data-start=\"841\" data-end=\"844\">Tillverkad med hantverksprecision f\u00f6r att producera en rik, resonant ton.<\/p>\n<\/li>\n<\/ul>\n<ul>\n<li><strong data-start=\"819\" data-end=\"841\">Handgraverad<\/strong><br data-start=\"841\" data-end=\"844\">Tillverkad med hantverksprecision med dekorativ gravyr.<\/li>\n<\/ul>\n<ul data-start=\"702\" data-end=\"1349\">\n<li data-start=\"912\" data-end=\"989\">\n<p data-start=\"914\" data-end=\"989\"><strong data-start=\"914\" data-end=\"937\">Skr\u00e4ddarsydd metallblandning<\/strong><br data-start=\"937\" data-end=\"940\">Konstruerad f\u00f6r h\u00e5llbarhet och tonal komplexitet.<\/p>\n<\/li>\n<li data-start=\"991\" data-end=\"1087\">\n<p data-start=\"993\" data-end=\"1087\"><strong data-start=\"993\" data-end=\"1013\">Ergonomisk design<\/strong><br data-start=\"1013\" data-end=\"1016\">Bekv\u00e4m att h\u00e5lla och l\u00e4tt att kontrollera under l\u00e4ngre framtr\u00e4danden.<\/p>\n<\/li>\n<li data-start=\"1089\" data-end=\"1215\">\n<p data-start=\"1091\" data-end=\"1215\"><strong data-start=\"1091\" data-end=\"1112\">Ny paddel-design<\/strong><br data-start=\"1112\" data-end=\"1115\">Utvecklad i samarbete med Richard Marshall f\u00f6r f\u00f6rb\u00e4ttrad respons och k\u00e4nsla.<\/p>\n<\/li>\n<li data-start=\"1217\" data-end=\"1349\">\n<p data-start=\"1219\" data-end=\"1349\"><strong data-start=\"1219\" data-end=\"1252\">F\u00f6rb\u00e4ttrad svart nickelpl\u00e4tering<\/strong><br data-start=\"1252\" data-end=\"1255\">En elegant ny finish m\u00f6jliggjord genom v\u00e5r investering i n\u00e4sta generations produktionsteknik.<\/p>\n<\/li>\n<\/ul>\n<hr data-start=\"1351\" data-end=\"1354\">\n<p data-start=\"1356\" data-end=\"1394\"><strong>Varf\u00f6r v\u00e4lja cardinal?<\/strong><\/p>\n<p data-start=\"1396\" data-end=\"1703\">Oavsett om du \u00e4r solist, ensemblemusiker eller bandledare levererar <strong data-start=\"1459\" data-end=\"1481\">Cardinal Bb-trumpet<\/strong> den kvalitet och prestanda som kr\u00e4vs av professionella v\u00e4rlden \u00f6ver. Den anv\u00e4nds av ledande musiker i Storbritannien, Europa, USA, Japan och Australien, och s\u00e4tter en ny standard inom handtillverkad bleckbl\u00e5sdesign. <\/p>\n<hr data-start=\"1705\" data-end=\"1708\">\n<p data-start=\"1710\" data-end=\"1726\"><strong>V\u00e4gtestning &#8211; <a href=\"https:\/\/genevainstruments.com\/sv\/prova-innan-du-koper\/\">prova innan du k\u00f6per<\/a><\/strong><\/p>\n<p data-start=\"1728\" data-end=\"2030\">Om du \u00e4r p\u00e5 jakt efter ett nytt instrument och inte har testat <strong data-start=\"1736\" data-end=\"1758\">Cardinal Bb-trumpet<\/strong> och vill prova, v\u00e4nligen fyll i formul\u00e4ret f\u00f6r att prova innan du k\u00f6per. Det finns alternativ oavsett vilket land du bor i.<\/p>\n<hr data-start=\"2303\" data-end=\"2306\">\n<p data-start=\"153\" data-end=\"194\"><strong>Best\u00e4ll din cardinal idag<\/strong><\/p>\n<p data-start=\"196\" data-end=\"354\">Redo att h\u00f6ja din prestation? <strong data-start=\"235\" data-end=\"257\">Cardinal Bb-trumpet<\/strong> levererar o\u00f6vertr\u00e4ffad musikalisk precision, kraft och hantverk som toppmusiker v\u00e4rlden \u00f6ver litar p\u00e5. <\/p>\n<p data-start=\"356\" data-end=\"594\">Du kan <strong data-start=\"364\" data-end=\"404\">k\u00f6pa direkt genom denna onlinebutik<\/strong> eller, om du f\u00f6redrar ett mer personligt tillv\u00e4gag\u00e5ngss\u00e4tt eller beh\u00f6ver hj\u00e4lp med att v\u00e4lja r\u00e4tt modell, <strong data-start=\"494\" data-end=\"573\">mejla oss p\u00e5 <a class=\"decorated-link cursor-pointer\" rel=\"noopener\" data-start=\"508\" data-end=\"571\">info@genevainstruments.com<\/a><\/strong> f\u00f6r att l\u00e4gga din best\u00e4llning.<\/p>\n<p data-start=\"596\" data-end=\"702\">Oavsett vilket s\u00e4tt du v\u00e4ljer \u00e4r v\u00e5rt team h\u00e4r f\u00f6r att hj\u00e4lpa dig hitta den perfekta Cardinal f\u00f6r din musikaliska resa.<\/p>\n<hr data-start=\"2032\" data-end=\"2035\">\n<p data-start=\"2037\" data-end=\"2057\"><strong>Vad artister s\u00e4ger<\/strong><\/p>\n<p><em>&#8221;Min standard Cardinal-trumpet \u00e4r mitt f\u00f6rstahandsval&#8221;<\/em><br \/>\n<strong>Oesteres Machando &#8211; USA<\/strong><\/p>\n<p><em>&#8221;Min skr\u00e4ddarsydda Geneva-trumpet designades i Storbritannien och spelas nu v\u00e4rlden \u00f6ver&#8221;<\/em><br \/>\n<strong>Mark Crown &#8211; Rudimental<\/strong><br \/>\nGeneva prestations- och utvecklingsartist<\/p>\n","protected":false},"excerpt":{"rendered":"<p>Se videon av detta instrument&#8230;<\/p>\n","protected":false},"featured_media":11695,"comment_status":"closed","ping_status":"closed","template":"","meta":{"_acf_changed":false},"product_brand":[192],"product_cat":[341],"product_tag":[618],"class_list":{"0":"post-11692","1":"product","2":"type-product","3":"status-publish","4":"has-post-thumbnail","6":"product_brand-geneva-instruments","7":"product_cat-geneva-cardinal-instrument","8":"product_tag-bb-trumpet","9":"product_shipping_class-liten","10":"pa_range-geneva-cardinal-instrument","11":"sales-flash-overlay","12":"woocommerce-text-align-left","13":"woocommerce-image-align-center","14":"do-quantity-buttons","15":"wc-has-gallery","17":"first","18":"instock","19":"taxable","20":"shipping-taxable","21":"purchasable","22":"product-type-variable"},"acf":[],"_links":{"self":[{"href":"https:\/\/genevainstruments.com\/sv\/wp-json\/wp\/v2\/product\/11692","targetHints":{"allow":["GET"]}}],"collection":[{"href":"https:\/\/genevainstruments.com\/sv\/wp-json\/wp\/v2\/product"}],"about":[{"href":"https:\/\/genevainstruments.com\/sv\/wp-json\/wp\/v2\/types\/product"}],"replies":[{"embeddable":true,"href":"https:\/\/genevainstruments.com\/sv\/wp-json\/wp\/v2\/comments?post=11692"}],"wp:featuredmedia":[{"embeddable":true,"href":"https:\/\/genevainstruments.com\/sv\/wp-json\/wp\/v2\/media\/11695"}],"wp:attachment":[{"href":"https:\/\/genevainstruments.com\/sv\/wp-json\/wp\/v2\/media?parent=11692"}],"wp:term":[{"taxonomy":"product_brand","embeddable":true,"href":"https:\/\/genevainstruments.com\/sv\/wp-json\/wp\/v2\/product_brand?post=11692"},{"taxonomy":"product_cat","embeddable":true,"href":"https:\/\/genevainstruments.com\/sv\/wp-json\/wp\/v2\/product_cat?post=11692"},{"taxonomy":"product_tag","embeddable":true,"href":"https:\/\/genevainstruments.com\/sv\/wp-json\/wp\/v2\/product_tag?post=11692"}],"curies":[{"name":"wp","href":"https:\/\/api.w.org\/{rel}","templated":true}]}}