{"id":11730,"date":"2024-09-09T14:36:32","date_gmt":"2024-09-09T13:36:32","guid":{"rendered":"https:\/\/geneva.viacreative.co\/product\/bb-euphonium-geneva-cardinal-gvl\/"},"modified":"2026-01-16T08:38:52","modified_gmt":"2026-01-16T08:38:52","slug":"bb-euphonium-geneva-cardinal-gvl","status":"publish","type":"product","link":"https:\/\/genevainstruments.com\/sv\/produkt\/bb-euphonium-geneva-cardinal-gvl\/","title":{"rendered":"Bb euphonium &#8211; Geneva cardinal GVL"},"content":{"rendered":"<h1 data-start=\"336\" data-end=\"394\">Geneva cardinal GVL bb euphonium<\/h1>\n<h2 data-start=\"336\" data-end=\"394\">Ett euphonium i v\u00e4rldsklass designat f\u00f6r den seri\u00f6sa musikern<\/h2>\n<p data-start=\"396\" data-end=\"677\"><strong data-start=\"400\" data-end=\"429\">Geneva Cardinal GVL Bb Euphonium<\/strong> \u00e4r resultatet av ett kvarts sekel av kontinuerlig forskning och utveckling. Byggd f\u00f6r musiker som kr\u00e4ver \u00f6verl\u00e4gsen ton, oklanderlig intonation och felfritt hantverk representerar denna premiumkornett h\u00f6jdpunkten av Genevas bl\u00e5sinstruments senaste innovationer av ren lyx <\/p>\n<hr data-start=\"679\" data-end=\"682\">\n<p data-start=\"684\" data-end=\"700\"><strong>Huvudfunktioner<\/strong><\/p>\n<ul data-start=\"702\" data-end=\"1349\">\n<li data-start=\"702\" data-end=\"815\">\n<p data-start=\"704\" data-end=\"815\"><strong data-start=\"704\" data-end=\"732\">Unikt Venturi-munstycke<\/strong><br data-start=\"732\" data-end=\"735\">F\u00f6rb\u00e4ttrar ljudprojektionen och s\u00e4kerst\u00e4ller en smidig och enkel spelupplevelse.<\/p>\n<\/li>\n<li data-start=\"817\" data-end=\"910\">\n<p data-start=\"819\" data-end=\"910\"><strong data-start=\"819\" data-end=\"841\">Handhamrad klocka<\/strong><br data-start=\"841\" data-end=\"844\">Tillverkad med hantverksprecision f\u00f6r att producera en rik, resonant ton.<\/p>\n<\/li>\n<\/ul>\n<ul>\n<li><strong data-start=\"819\" data-end=\"841\">Handgraverad<\/strong><br data-start=\"841\" data-end=\"844\">Tillverkad med hantverksprecision med dekorativ gravyr av Geneva Griffin.<\/li>\n<\/ul>\n<ul data-start=\"702\" data-end=\"1349\">\n<li data-start=\"912\" data-end=\"989\">\n<p data-start=\"914\" data-end=\"989\"><strong data-start=\"914\" data-end=\"937\">Skr\u00e4ddarsydd metallblandning<\/strong><br data-start=\"937\" data-end=\"940\">Konstruerad f\u00f6r h\u00e5llbarhet och tonkomplexitet.<\/p>\n<\/li>\n<li data-start=\"991\" data-end=\"1087\">\n<p data-start=\"993\" data-end=\"1087\"><strong data-start=\"993\" data-end=\"1013\">Ergonomisk design<\/strong><br data-start=\"1013\" data-end=\"1016\">Bekv\u00e4m att h\u00e5lla och l\u00e4tt att kontrollera under l\u00e4ngre f\u00f6rest\u00e4llningar.<\/p>\n<\/li>\n<li data-start=\"1089\" data-end=\"1215\">\n<p data-start=\"1091\" data-end=\"1215\"><strong data-start=\"1091\" data-end=\"1112\">Paddle Tuning Level Design<\/strong><br data-start=\"1112\" data-end=\"1115\">Utvecklad i samarbete med Glenn Van Looy f\u00f6r f\u00f6rb\u00e4ttrad respons och k\u00e4nsla.<\/p>\n<\/li>\n<li data-start=\"1217\" data-end=\"1349\">\n<p data-start=\"1219\" data-end=\"1349\"><strong data-start=\"1219\" data-end=\"1252\">F\u00f6rb\u00e4ttrad svart nickelpl\u00e4tering<\/strong><br data-start=\"1252\" data-end=\"1255\">En elegant ny finish som m\u00f6jliggjorts genom v\u00e5r investering i n\u00e4sta generations produktionsteknik.<\/p>\n<\/li>\n<\/ul>\n<hr data-start=\"1351\" data-end=\"1354\">\n<h3 data-start=\"1356\" data-end=\"1394\"><strong>Varf\u00f6r v\u00e4lja cardinal GVL?<\/strong><\/h3>\n<p data-start=\"1396\" data-end=\"1703\">Oavsett om du \u00e4r solist, ensemblespelare eller bandledare levererar <strong data-start=\"1459\" data-end=\"1481\">Cardinal GVL Bb Euphonium<\/strong> den kvalitet och prestanda som kr\u00e4vs av professionella musiker \u00f6ver hela v\u00e4rlden. Anv\u00e4nds av ledande musiker i Storbritannien, Europa, USA, Japan och Australien och s\u00e4tter detta instrument en ny standard inom handgjord bl\u00e5sinstrumentdesign. <\/p>\n<hr data-start=\"1705\" data-end=\"1708\">\n<p data-start=\"1710\" data-end=\"1726\"><strong>V\u00e4gtestning &#8211; <a href=\"https:\/\/genevainstruments.com\/sv\/prova-innan-du-koper\/\">prova innan du k\u00f6per<\/a><\/strong><\/p>\n<p data-start=\"1728\" data-end=\"2030\">Om du \u00e4r p\u00e5 marknaden f\u00f6r ett nytt instrument och inte har testat <strong data-start=\"1736\" data-end=\"1758\">Cardinal GVL Bb Euphonium<\/strong> och vill prova, fyll i formul\u00e4ret f\u00f6r att testa innan du k\u00f6per &#8211; det finns alternativ oavsett vilket land du bor i.<\/p>\n<hr data-start=\"2303\" data-end=\"2306\">\n<p data-start=\"153\" data-end=\"194\"><strong>Best\u00e4ll ditt cardinal GVL euphonium idag<\/strong><\/p>\n<p data-start=\"196\" data-end=\"354\">Redo att h\u00f6ja din prestation? <strong data-start=\"235\" data-end=\"257\">Cardinal GVL Bb Euphonium<\/strong> levererar o\u00f6vertr\u00e4ffad musikalisk precision, kraft och hantverk som toppspelare \u00f6ver hela v\u00e4rlden litar p\u00e5. <\/p>\n<p data-start=\"356\" data-end=\"594\">Du kan <strong data-start=\"364\" data-end=\"404\">k\u00f6pa direkt genom denna onlinebutik<\/strong> eller, om du f\u00f6redrar en mer personlig approach, s\u00e4rskilt f\u00f6r de utanf\u00f6r Storbritannien, eller beh\u00f6ver hj\u00e4lp med att v\u00e4lja r\u00e4tt modell, kan du helt enkelt <strong data-start=\"494\" data-end=\"573\">maila oss p\u00e5 <a class=\"decorated-link cursor-pointer\" href=\"mailto:info@genevainstruments.com\" rel=\"noopener\" data-start=\"508\" data-end=\"571\">info@genevainstruments.com<\/a><\/strong> f\u00f6r att l\u00e4gga din best\u00e4llning.<\/p>\n<p data-start=\"596\" data-end=\"702\">Oavsett vilket s\u00e4tt du v\u00e4ljer \u00e4r v\u00e5rt team h\u00e4r f\u00f6r att hj\u00e4lpa dig hitta den perfekta Cardinal f\u00f6r din musikaliska resa.<\/p>\n<hr data-start=\"2032\" data-end=\"2035\">\n<p data-start=\"2037\" data-end=\"2057\"><strong>Vad artister s\u00e4ger<\/strong><\/p>\n<p><em>&#8221;F\u00f6rutom dess anm\u00e4rkningsv\u00e4rda spelkvaliteter tycker jag att instrumentets estetik, med sin handgjorda gravyr p\u00e5 klockan, rosa och svarta finish genomg\u00e5ende, g\u00f6r att detta instrument sticker ut som ett unikt konstverk i sig sj\u00e4lvt&#8221;<\/em><\/p>\n<p><strong>Dr Glenn Van Looy<\/strong><br \/>\nProfessor i eufonium, Conservatoire Cantonal du Valais<br \/>\nGeneva Performance &amp; Development Artist<\/p>\n","protected":false},"excerpt":{"rendered":"<p>&#8221;Ta det inte f\u00f6r givet, lyssna p\u00e5 videorna f\u00f6r detta instruments ton och tekniska f\u00f6rm\u00e5ga i en egen liga.&#8221; GVL <\/p>\n<p>Kolla in videorna.<\/p>\n<p>Den tredje \u00e4r ett fantastiskt exempel p\u00e5 hur coolt och m\u00e5ngsidigt euphoniumet kan vara &#8211; Takumi Yoshihisa.<\/p>\n","protected":false},"featured_media":11732,"comment_status":"closed","ping_status":"closed","template":"","meta":{"_acf_changed":false},"product_brand":[192],"product_cat":[341,624],"product_tag":[626,627,628],"class_list":{"0":"post-11730","1":"product","2":"type-product","3":"status-publish","4":"has-post-thumbnail","6":"product_brand-geneva-instruments","7":"product_cat-geneva-cardinal-instrument","8":"product_cat-geneva-cardinal-artistmodeller","9":"product_tag-bb-baryton","10":"product_tag-bb-eufonium","11":"product_tag-bb-eufonium-signatur","12":"product_shipping_class-stor","13":"pa_range-geneva-cardinal-instrument","14":"sales-flash-overlay","15":"woocommerce-text-align-left","16":"woocommerce-image-align-center","17":"do-quantity-buttons","18":"wc-has-gallery","20":"first","21":"instock","22":"taxable","23":"shipping-taxable","24":"purchasable","25":"product-type-variable"},"acf":[],"_links":{"self":[{"href":"https:\/\/genevainstruments.com\/sv\/wp-json\/wp\/v2\/product\/11730","targetHints":{"allow":["GET"]}}],"collection":[{"href":"https:\/\/genevainstruments.com\/sv\/wp-json\/wp\/v2\/product"}],"about":[{"href":"https:\/\/genevainstruments.com\/sv\/wp-json\/wp\/v2\/types\/product"}],"replies":[{"embeddable":true,"href":"https:\/\/genevainstruments.com\/sv\/wp-json\/wp\/v2\/comments?post=11730"}],"wp:featuredmedia":[{"embeddable":true,"href":"https:\/\/genevainstruments.com\/sv\/wp-json\/wp\/v2\/media\/11732"}],"wp:attachment":[{"href":"https:\/\/genevainstruments.com\/sv\/wp-json\/wp\/v2\/media?parent=11730"}],"wp:term":[{"taxonomy":"product_brand","embeddable":true,"href":"https:\/\/genevainstruments.com\/sv\/wp-json\/wp\/v2\/product_brand?post=11730"},{"taxonomy":"product_cat","embeddable":true,"href":"https:\/\/genevainstruments.com\/sv\/wp-json\/wp\/v2\/product_cat?post=11730"},{"taxonomy":"product_tag","embeddable":true,"href":"https:\/\/genevainstruments.com\/sv\/wp-json\/wp\/v2\/product_tag?post=11730"}],"curies":[{"name":"wp","href":"https:\/\/api.w.org\/{rel}","templated":true}]}}