{"id":12001,"date":"2024-09-09T14:36:32","date_gmt":"2024-09-09T13:36:32","guid":{"rendered":"https:\/\/geneva.viacreative.co\/product\/eeb-tuba-geneva-cardinal\/"},"modified":"2026-01-16T08:38:54","modified_gmt":"2026-01-16T08:38:54","slug":"eeb-tuba-geneva-cardinal","status":"publish","type":"product","link":"https:\/\/genevainstruments.com\/sv\/produkt\/eeb-tuba-geneva-cardinal\/","title":{"rendered":"EEb Tuba &#8211; Geneva cardinal"},"content":{"rendered":"<h1 data-start=\"336\" data-end=\"394\">Cardinal EEb Tuba<\/h1>\n<h2 data-start=\"336\" data-end=\"394\">En EEb Tuba i v\u00e4rldsklass designad f\u00f6r den seri\u00f6sa musikern<\/h2>\n<p data-start=\"396\" data-end=\"677\"><strong data-start=\"400\" data-end=\"429\">Geneva Cardinal EEb Tuba<\/strong> \u00e4r resultatet av ett kvarts sekel av kontinuerlig forskning och utveckling. Byggd f\u00f6r musiker som kr\u00e4ver \u00f6verl\u00e4gsen ton, oklanderlig intonation och felfritt hantverk, representerar denna premiumkornett h\u00f6jdpunkten av Genevas bl\u00e5sinstruments senaste innovationer av ren lyx <\/p>\n<hr data-start=\"679\" data-end=\"682\">\n<p data-start=\"684\" data-end=\"700\"><strong>Huvudfunktioner<\/strong><\/p>\n<ul data-start=\"702\" data-end=\"1349\">\n<li data-start=\"702\" data-end=\"815\">\n<p data-start=\"704\" data-end=\"815\"><strong data-start=\"704\" data-end=\"732\">Unikt Venturi-munstycksr\u00f6r<\/strong><br data-start=\"732\" data-end=\"735\">F\u00f6rb\u00e4ttrar ljudprojektionen och s\u00e4kerst\u00e4ller en mjuk, anstr\u00e4ngningsfri spelupplevelse.<\/p>\n<\/li>\n<li data-start=\"817\" data-end=\"910\">\n<p data-start=\"819\" data-end=\"910\"><strong data-start=\"819\" data-end=\"841\">Handhamrad klocka<\/strong><br data-start=\"841\" data-end=\"844\">Tillverkad med hantverksprecision f\u00f6r att producera en rik, resonant ton.<\/p>\n<\/li>\n<\/ul>\n<ul>\n<li><strong data-start=\"819\" data-end=\"841\">Handgraverad<\/strong><br data-start=\"841\" data-end=\"844\">Tillverkad med hantverksprecision med dekorativ gravyr av Geneva-gripen.<\/li>\n<\/ul>\n<ul data-start=\"702\" data-end=\"1349\">\n<li data-start=\"912\" data-end=\"989\">\n<p data-start=\"914\" data-end=\"989\"><strong data-start=\"914\" data-end=\"937\">Skr\u00e4ddarsydd metallblandning<\/strong><br data-start=\"937\" data-end=\"940\">Konstruerad f\u00f6r h\u00e5llbarhet och tonal komplexitet.<\/p>\n<\/li>\n<li data-start=\"991\" data-end=\"1087\">\n<p data-start=\"993\" data-end=\"1087\"><strong data-start=\"993\" data-end=\"1013\">Ergonomisk design<\/strong><br data-start=\"1013\" data-end=\"1016\">Bekv\u00e4m att h\u00e5lla och l\u00e4tt att kontrollera under l\u00e4ngre framtr\u00e4danden.<\/p>\n<\/li>\n<li data-start=\"1089\" data-end=\"1215\">\n<p data-start=\"1091\" data-end=\"1215\"><strong data-start=\"1091\" data-end=\"1112\">Paddelst\u00e4mskruvdesign<\/strong><br data-start=\"1112\" data-end=\"1115\">Utvecklad i samarbete med Gavin Saynor f\u00f6r f\u00f6rb\u00e4ttrad respons och k\u00e4nsla.<\/p>\n<\/li>\n<li data-start=\"1217\" data-end=\"1349\">\n<p data-start=\"1219\" data-end=\"1349\"><strong data-start=\"1219\" data-end=\"1252\">F\u00f6rb\u00e4ttrad svart nickelpl\u00e4tering<\/strong><br data-start=\"1252\" data-end=\"1255\">En elegant ny finish m\u00f6jliggjord genom v\u00e5r investering i n\u00e4sta generations produktionsteknik.<\/p>\n<\/li>\n<\/ul>\n<hr data-start=\"1351\" data-end=\"1354\">\n<h2 data-start=\"1356\" data-end=\"1394\">Varf\u00f6r v\u00e4lja cardinal?<\/h2>\n<p data-start=\"1396\" data-end=\"1703\">Oavsett om du \u00e4r solist, ensemblespelare eller orkesterledare, levererar <strong>Geneva Cardinal Range<\/strong> den kvalitet och prestanda som kr\u00e4vs av professionella musiker \u00f6ver hela v\u00e4rlden. Anv\u00e4nds av ledande musiker i Storbritannien, Europa, USA, Japan och Australien, och s\u00e4tter detta instrument en ny standard inom handgjord bl\u00e5sinstrumentdesign. <\/p>\n<hr data-start=\"1705\" data-end=\"1708\">\n<p data-start=\"1710\" data-end=\"1726\"><strong>V\u00e4gtestning &#8211; <a href=\"https:\/\/genevainstruments.com\/sv\/prova-innan-du-koper\/\">prova innan du k\u00f6per<\/a><\/strong><\/p>\n<p data-start=\"1728\" data-end=\"2030\">Om du \u00e4r p\u00e5 marknaden f\u00f6r ett nytt instrument och inte har testat <strong data-start=\"1736\" data-end=\"1758\">Cardinal EEb Tuba<\/strong> och du vill prova, v\u00e4nligen fyll i formul\u00e4ret f\u00f6r att prova innan du k\u00f6per &#8211; det finns alternativ oavsett vilket land du bor i.<\/p>\n<hr data-start=\"2303\" data-end=\"2306\">\n<p data-start=\"153\" data-end=\"194\"><strong>Best\u00e4ll din cardinal EEb Tuba idag<\/strong><\/p>\n<p data-start=\"196\" data-end=\"354\">Redo att h\u00f6ja din prestation? <strong>Geneva Cardinal Range<\/strong> levererar o\u00f6vertr\u00e4ffad musikalisk precision, kraft och hantverk som \u00e4r betrodd av toppspelare v\u00e4rlden \u00f6ver. <\/p>\n<p data-start=\"356\" data-end=\"594\">Du kan <strong data-start=\"364\" data-end=\"404\">k\u00f6pa direkt genom denna onlinebutik<\/strong> eller, om du f\u00f6redrar en mer personlig approach, s\u00e4rskilt f\u00f6r de utanf\u00f6r Storbritannien, eller beh\u00f6ver hj\u00e4lp med att v\u00e4lja r\u00e4tt modell, kan du helt enkelt <strong data-start=\"494\" data-end=\"573\">maila oss p\u00e5 <a class=\"decorated-link cursor-pointer\" href=\"mailto:info@genevainstruments.com\" rel=\"noopener\" data-start=\"508\" data-end=\"571\">info@genevainstruments.com<\/a><\/strong> f\u00f6r att l\u00e4gga din best\u00e4llning.<\/p>\n<p data-start=\"596\" data-end=\"702\">Oavsett vilket s\u00e4tt du v\u00e4ljer \u00e4r v\u00e5rt team h\u00e4r f\u00f6r att hj\u00e4lpa dig hitta den perfekta Cardinal f\u00f6r din musikaliska resa.<\/p>\n<hr data-start=\"2032\" data-end=\"2035\">\n<p data-start=\"2037\" data-end=\"2057\"><strong>Vad artister s\u00e4ger<\/strong><\/p>\n<p>&#8221;Det jag vill ha \u00e4r ett instrument som ger mig total kontroll i alla register, med de f\u00f6r\u00e4ndringar vi har gjort p\u00e5 detta instrument \u00e4r det perfekt f\u00f6r mig och jag \u00e4r s\u00e4ker p\u00e5 att det kommer att vara det f\u00f6r dig ocks\u00e5.&#8221;<\/p>\n<p style=\"text-align: left;\"><strong>Gavin saynor<\/strong><br \/>\nvirtuos professionell tubaspelare<br \/>\nGeneva prestations- &amp; utvecklingsartist<\/p>\n<p style=\"text-align: center;\"><strong>&#8221;H\u00e5rt fodral medf\u00f6ljer instrumentet.&#8221;<\/strong><\/p>\n","protected":false},"excerpt":{"rendered":"<p>Geneva instruments EEb Tuba &#8211; Geneva cardinal &#8211; professionell<\/p>\n","protected":false},"featured_media":12003,"comment_status":"closed","ping_status":"closed","template":"","meta":{"_acf_changed":false},"product_brand":[192],"product_cat":[341],"product_tag":[678],"class_list":{"0":"post-12001","1":"product","2":"type-product","3":"status-publish","4":"has-post-thumbnail","6":"product_brand-geneva-instruments","7":"product_cat-geneva-cardinal-instrument","8":"product_tag-eeb-tuba","9":"product_shipping_class-extra-stor","10":"pa_range-geneva-cardinal-instrument","11":"sales-flash-overlay","12":"woocommerce-text-align-left","13":"woocommerce-image-align-center","14":"do-quantity-buttons","15":"wc-has-gallery","17":"first","18":"instock","19":"taxable","20":"shipping-taxable","21":"purchasable","22":"product-type-variable"},"acf":[],"_links":{"self":[{"href":"https:\/\/genevainstruments.com\/sv\/wp-json\/wp\/v2\/product\/12001","targetHints":{"allow":["GET"]}}],"collection":[{"href":"https:\/\/genevainstruments.com\/sv\/wp-json\/wp\/v2\/product"}],"about":[{"href":"https:\/\/genevainstruments.com\/sv\/wp-json\/wp\/v2\/types\/product"}],"replies":[{"embeddable":true,"href":"https:\/\/genevainstruments.com\/sv\/wp-json\/wp\/v2\/comments?post=12001"}],"wp:featuredmedia":[{"embeddable":true,"href":"https:\/\/genevainstruments.com\/sv\/wp-json\/wp\/v2\/media\/12003"}],"wp:attachment":[{"href":"https:\/\/genevainstruments.com\/sv\/wp-json\/wp\/v2\/media?parent=12001"}],"wp:term":[{"taxonomy":"product_brand","embeddable":true,"href":"https:\/\/genevainstruments.com\/sv\/wp-json\/wp\/v2\/product_brand?post=12001"},{"taxonomy":"product_cat","embeddable":true,"href":"https:\/\/genevainstruments.com\/sv\/wp-json\/wp\/v2\/product_cat?post=12001"},{"taxonomy":"product_tag","embeddable":true,"href":"https:\/\/genevainstruments.com\/sv\/wp-json\/wp\/v2\/product_tag?post=12001"}],"curies":[{"name":"wp","href":"https:\/\/api.w.org\/{rel}","templated":true}]}}