{"id":12109,"date":"2024-09-09T14:36:45","date_gmt":"2024-09-09T13:36:45","guid":{"rendered":"https:\/\/geneva.viacreative.co\/product\/bb-kornett-geneva-heritage-philip-mccann\/"},"modified":"2026-01-16T08:38:55","modified_gmt":"2026-01-16T08:38:55","slug":"bb-kornett-geneva-heritage-philip-mccann","status":"publish","type":"product","link":"https:\/\/genevainstruments.com\/sv\/produkt\/bb-kornett-geneva-heritage-philip-mccann\/","title":{"rendered":"Bb-kornett &#8211; Geneva Heritage (Philip McCann)"},"content":{"rendered":"<h3 data-start=\"278\" data-end=\"309\"><strong data-start=\"282\" data-end=\"307\">Geneva Heritage-serien<\/strong><\/h3>\n<p data-start=\"310\" data-end=\"361\"><strong data-start=\"310\" data-end=\"361\">Skapad f\u00f6r tradition. Designad f\u00f6r excellens. <\/strong><\/p>\n<p data-start=\"363\" data-end=\"639\"><em data-start=\"367\" data-end=\"384\">Geneva Heritage<\/em>-serien representerar h\u00f6jdpunkten av rent, uttrycksfullt ljud. Utvecklad specifikt f\u00f6r den traditionella brassbandsmarknaden i Storbritannien har denna exceptionella serie tagit \u00f6ver 16 \u00e5r att skapa \u2013 och t\u00e4njer gr\u00e4nserna f\u00f6r hantverket inom brassinstrument.<\/p>\n<p data-start=\"641\" data-end=\"968\">Varje instrument i Heritage-serien har unika designinnovationer, inklusive ett noggrant konstruerat munstycksr\u00f6r med en gradvis avsmalning fr\u00e5n venturi till ventil. Detta resulterar i en mer kontrollerad k\u00e4nsla och n\u00e5got \u00f6kat motst\u00e5nd j\u00e4mf\u00f6rt med <em data-start=\"895\" data-end=\"912\">Geneva Cardinal<\/em>-serien \u2013 perfekt f\u00f6r musiker som s\u00f6ker precision och respons. <\/p>\n<p data-start=\"970\" data-end=\"1278\">Tillverkad av h\u00f6gkvalitativ m\u00e4ssing erbjuder Heritage-serien prestanda och tonal integritet av ett premiuminstrument till ett tillg\u00e4ngligt pris \u2013 utan kompromisser i ljud eller intonation. F\u00f6r m\u00e5nga musiker inneb\u00e4r detta f\u00f6rb\u00e4ttrad kontroll och konsekvens \u00f6ver alla register och dynamik. <\/p>\n<p data-start=\"1280\" data-end=\"1475\"><em data-start=\"1358\" data-end=\"1368\">Heritage<\/em>-serien \u00e4r nu erk\u00e4nd som ett av de ledande valen i brassbandsv\u00e4rlden och f\u00f6redras av k\u00e4nda internationella solister och n\u00e5gra av de mest prestigefyllda ensemblerna v\u00e4rlden \u00f6ver.<\/p>\n<hr data-start=\"1477\" data-end=\"1480\">\n<h3 data-start=\"1482\" data-end=\"1532\"><strong data-start=\"1486\" data-end=\"1530\">Vi presenterar Philip McCann &#8211; Geneva Heritage-kornetten <\/strong><\/h3>\n<p data-start=\"1533\" data-end=\"1582\"><strong data-start=\"1533\" data-end=\"1582\">Ett signatursamarbete med Phillip McCann<\/strong><\/p>\n<blockquote data-start=\"1584\" data-end=\"1796\">\n<p data-start=\"1586\" data-end=\"1796\"><em data-start=\"1586\" data-end=\"1771\">&#8221;Vi har alla en unik r\u00f6st. Denna Cardinal Heritage-kornett \u00e4r en f\u00f6rl\u00e4ngning av DIG och l\u00e5ter dig hitta &#8217;din musikaliska r\u00f6st&#8217;&#8230; resultatet av mitt samarbete med Geneva Instruments.&#8221;<\/em><br data-start=\"1771\" data-end=\"1774\">\u2014 <strong data-start=\"1778\" data-end=\"1796\">Phillip McCann<\/strong><\/p>\n<\/blockquote>\n<p data-start=\"1798\" data-end=\"1998\">Vi \u00e4r hedrade att presentera <em data-start=\"1829\" data-end=\"1855\">Cardinal Heritage-kornetten<\/em>, en signaturmodell utvecklad i samarbete med den legendariske <strong data-start=\"1921\" data-end=\"1939\">Phillip McCann<\/strong> \u2013 en av de mest respekterade personligheterna i brassbandsv\u00e4rlden.<\/p>\n<p data-start=\"2000\" data-end=\"2354\">Phillip f\u00f6ddes i Bo&#8217;ness, Skottland, och hans karri\u00e4r b\u00f6rjade med Kinneil Colliery Band och blomstrade genom ledarroller, inklusive fem \u00e5r som ledare f\u00f6r National Youth Brass Band of Great Britain. Som huvudkornettist i den v\u00e4rldsber\u00f6mda <strong data-start=\"2246\" data-end=\"2265\">Black Dyke Band<\/strong> under dess guld\u00e5lder hj\u00e4lpte Phillip till att forma ett ikoniskt ljud som fortfarande v\u00f6rdas idag. <\/p>\n<p data-start=\"2356\" data-end=\"2624\">Hans hyllade <em data-start=\"2370\" data-end=\"2379\">Chandos<\/em> CD-serie, <em data-start=\"2391\" data-end=\"2428\">The World&#8217;s Most Beautiful Melodies<\/em>, \u00e4r ber\u00f6md f\u00f6r sin sublima ton och musikalitet och spelas regelbundet p\u00e5 <strong data-start=\"2503\" data-end=\"2516\">BBC Radio<\/strong> och <strong data-start=\"2521\" data-end=\"2535\">Classic FM<\/strong>. Hans passion f\u00f6r uttrycksfulla framtr\u00e4danden lever nu vidare i detta specialutg\u00e5vainstrument.<\/p>\n<p data-start=\"2626\" data-end=\"2854\"><em data-start=\"2763\" data-end=\"2789\">Cardinal Heritage-kornetten<\/em> \u00e4r skapad f\u00f6r att efterlikna det traditionella varma brassbandljudet med exceptionell intonation och fri respons \u00f6ver alla register, och ger musiker friheten att uttrycka sin sanna musikaliska r\u00f6st.<\/p>\n<h3 data-start=\"1385\" data-end=\"1416\"><strong data-start=\"1389\" data-end=\"1416\">Best\u00e4llning &amp; tillg\u00e4nglighet<\/strong><\/h3>\n<p data-start=\"1418\" data-end=\"1667\">Om ditt valda instrument \u00e4r i restorder kan du fortfarande slutf\u00f6ra ditt k\u00f6p online med en uppskattad leveranstid p\u00e5 cirka 4 veckor.<br data-start=\"1559\" data-end=\"1562\">Alternativt kan du s\u00e4kra din plats i v\u00e5r produktionsplanering med en 30 % handpenning genom att kontakta oss direkt:<\/p>\n<p data-start=\"1669\" data-end=\"1731\">\ud83d\udce7 <strong data-start=\"1672\" data-end=\"1702\"><a class=\"decorated-link cursor-pointer\" rel=\"noopener\" data-start=\"1674\" data-end=\"1700\">info@genevainstruments.com<\/a><\/strong><br data-start=\"1702\" data-end=\"1705\">\ud83d\udcde <strong data-start=\"1708\" data-end=\"1731\">+44 (0) 1642 714464<\/strong><\/p>\n","protected":false},"excerpt":{"rendered":"<p>Bb-kornett &#8211; Geneva Heritage &#8211; Professional. Se videon av detta instrument. <\/p>\n","protected":false},"featured_media":12111,"comment_status":"closed","ping_status":"closed","template":"","meta":{"_acf_changed":false},"product_brand":[192],"product_cat":[624,341],"product_tag":[352],"class_list":{"0":"post-12109","1":"product","2":"type-product","3":"status-publish","4":"has-post-thumbnail","6":"product_brand-geneva-instruments","7":"product_cat-geneva-cardinal-artistmodeller","8":"product_cat-geneva-cardinal-instrument","9":"product_tag-heritage-bb-kornett-professionell","10":"product_shipping_class-liten","11":"pa_range-geneva-heritage-instrument","12":"sales-flash-overlay","13":"woocommerce-text-align-left","14":"woocommerce-image-align-center","15":"do-quantity-buttons","16":"wc-has-gallery","18":"first","19":"instock","20":"taxable","21":"shipping-taxable","22":"purchasable","23":"product-type-variable"},"acf":[],"_links":{"self":[{"href":"https:\/\/genevainstruments.com\/sv\/wp-json\/wp\/v2\/product\/12109","targetHints":{"allow":["GET"]}}],"collection":[{"href":"https:\/\/genevainstruments.com\/sv\/wp-json\/wp\/v2\/product"}],"about":[{"href":"https:\/\/genevainstruments.com\/sv\/wp-json\/wp\/v2\/types\/product"}],"replies":[{"embeddable":true,"href":"https:\/\/genevainstruments.com\/sv\/wp-json\/wp\/v2\/comments?post=12109"}],"wp:featuredmedia":[{"embeddable":true,"href":"https:\/\/genevainstruments.com\/sv\/wp-json\/wp\/v2\/media\/12111"}],"wp:attachment":[{"href":"https:\/\/genevainstruments.com\/sv\/wp-json\/wp\/v2\/media?parent=12109"}],"wp:term":[{"taxonomy":"product_brand","embeddable":true,"href":"https:\/\/genevainstruments.com\/sv\/wp-json\/wp\/v2\/product_brand?post=12109"},{"taxonomy":"product_cat","embeddable":true,"href":"https:\/\/genevainstruments.com\/sv\/wp-json\/wp\/v2\/product_cat?post=12109"},{"taxonomy":"product_tag","embeddable":true,"href":"https:\/\/genevainstruments.com\/sv\/wp-json\/wp\/v2\/product_tag?post=12109"}],"curies":[{"name":"wp","href":"https:\/\/api.w.org\/{rel}","templated":true}]}}