{"id":12371,"date":"2024-09-09T14:36:56","date_gmt":"2024-09-09T13:36:56","guid":{"rendered":"https:\/\/geneva.viacreative.co\/product\/widow-maker-barytonsaxofon-lineage-pro\/"},"modified":"2025-12-21T08:26:02","modified_gmt":"2025-12-21T08:26:02","slug":"widow-maker-barytonsaxofon-lineage-pro","status":"publish","type":"product","link":"https:\/\/genevainstruments.com\/sv\/produkt\/widow-maker-barytonsaxofon-lineage-pro\/","title":{"rendered":"Widow Maker barytonsaxofon &#8211; lineage pro"},"content":{"rendered":"<h2 data-start=\"410\" data-end=\"465\">Geneva lineage professionell barytonsaxofon<\/h2>\n<p data-start=\"467\" data-end=\"790\">Upplev den kraftfulla r\u00f6sten hos <strong data-start=\"504\" data-end=\"538\">Geneva Lineage Barytonsaxofon<\/strong> \u2013 ett noggrant utformat instrument skapat f\u00f6r kraven vid liveframtr\u00e4danden och studioperfektionism. Favoriserad av toppmusiker f\u00f6rkroppsligar denna tenorsaxofon \u00f6ver <strong data-start=\"730\" data-end=\"789\">70 \u00e5rs designinnovation och prestationsexpertis<\/strong>. <\/p>\n<hr data-start=\"792\" data-end=\"795\">\n<h3 data-start=\"797\" data-end=\"834\"><strong data-start=\"804\" data-end=\"833\">Viktiga egenskaper och h\u00f6jdpunkter<\/strong>:<\/h3>\n<ul>\n<li data-start=\"965\" data-end=\"1149\">\n<p data-start=\"967\" data-end=\"1149\"><strong data-start=\"969\" data-end=\"993\">Arv av excellens<\/strong>: Utvecklad av Genevas elitdesignteam, som kombinerar \u00e5rtionden av <strong data-start=\"1057\" data-end=\"1085\">instrumenttillverkning<\/strong>, <strong data-start=\"1087\" data-end=\"1111\">teknisk innovation<\/strong> och <strong data-start=\"1117\" data-end=\"1148\">liveframtr\u00e4dande-erfarenhet<\/strong>.<\/p>\n<\/li>\n<li data-start=\"1150\" data-end=\"1320\">\n<p data-start=\"1152\" data-end=\"1320\"><strong data-start=\"1154\" data-end=\"1189\">\u00d6verl\u00e4gset europeiskt hantverk<\/strong>: Tillverkad i <strong data-start=\"1211\" data-end=\"1229\">Tjeckien<\/strong> enligt Genevas exakta standarder \u2013 en blandning av traditionella tekniker och modern precision.<\/p>\n<\/li>\n<li data-start=\"1321\" data-end=\"1481\">\n<p data-start=\"1323\" data-end=\"1481\"><strong data-start=\"1325\" data-end=\"1352\">Branschledande design<\/strong>: Del av <strong data-start=\"1366\" data-end=\"1387\">Lineage Pro-serien<\/strong>, som s\u00e4tter standarden f\u00f6r tonkvalitet, respons och h\u00e5llbarhet i professionella saxofoner.<\/p>\n<\/li>\n<li data-start=\"1482\" data-end=\"1639\">\n<p data-start=\"1484\" data-end=\"1639\"><strong data-start=\"1486\" data-end=\"1517\">Byggd f\u00f6r seri\u00f6sa musiker<\/strong>: Perfekt f\u00f6r turnerande artister, studiomusiker och avancerade elever som siktar p\u00e5 att ta n\u00e4sta steg i sin musikaliska resa.<\/p>\n<\/li>\n<\/ul>\n<hr data-start=\"1641\" data-end=\"1644\">\n<h3 data-start=\"1646\" data-end=\"1686\"><strong data-start=\"1653\" data-end=\"1685\">Medf\u00f6ljer din saxofon<\/strong>:<\/h3>\n<ul data-start=\"1688\" data-end=\"1882\">\n<li data-start=\"1688\" data-end=\"1771\">\n<p data-start=\"1690\" data-end=\"1771\"><strong data-start=\"1693\" data-end=\"1711\">Nytt instrument<\/strong>: Levereras med ett f\u00f6rstklassigt <strong data-start=\"1734\" data-end=\"1747\">h\u00e5rt fodral<\/strong> f\u00f6r maximalt skydd.<\/p>\n<\/li>\n<li data-start=\"1772\" data-end=\"1882\">\n<p data-start=\"1774\" data-end=\"1882\"><strong data-start=\"1777\" data-end=\"1795\">Ex-demo-modeller<\/strong>: Levereras med ett h\u00e5llbart <strong data-start=\"1821\" data-end=\"1834\">mjukt fodral<\/strong> \u2013 perfekt f\u00f6r l\u00e4ttare resor och repetitionsbruk.<\/p>\n<\/li>\n<\/ul>\n<hr data-start=\"1884\" data-end=\"1887\">\n<h3 data-start=\"1889\" data-end=\"1917\"><strong data-start=\"1896\" data-end=\"1916\">Produkt\u00f6versikt<\/strong>:<\/h3>\n<p data-start=\"1919\" data-end=\"2238\">Som en kreativ produkt fr\u00e5n det internationellt k\u00e4nda <strong data-start=\"1974\" data-end=\"1993\">Geneva Instruments<\/strong>, representerar <strong data-start=\"1999\" data-end=\"2013\">OW Lineage<\/strong>-serien h\u00f6jdpunkten av saxofondesign. Dessa instrument \u00e5terspeglar Genevas filosofi: att kombinera <strong data-start=\"2122\" data-end=\"2149\">toppmodern teknik<\/strong> med <strong data-start=\"2155\" data-end=\"2184\">traditionellt hantverk<\/strong> f\u00f6r att skapa verktyg f\u00f6r uttryck, inte bara prestation. <\/p>\n<p data-start=\"2240\" data-end=\"2397\">Oavsett om du \u00e4r p\u00e5 scenen, i studion eller utmanar gr\u00e4nserna f\u00f6r ditt ljud, levererar Geneva Lineage Tenorsaxofon med kraft, precision och sj\u00e4l.<\/p>\n<hr data-start=\"2399\" data-end=\"2402\">\n<h3 data-start=\"2404\" data-end=\"2465\"><strong data-start=\"2411\" data-end=\"2465\">Best\u00e4ll nu \u2013 byggd f\u00f6r scenen, designad f\u00f6r livet<\/strong><\/h3>\n<p data-start=\"2467\" data-end=\"2637\">Utforska ljudet som omdefinierar modern saxofonprestation. V\u00e4lj din modell, v\u00e4lj ditt fodralalternativ och kliv in i en ny klass av tenorsaxofonexcellens <\/p>\n","protected":false},"excerpt":{"rendered":"<p>Geneva instruments &#8211; Widow Maker barytonsaxofon &#8211; lineage pro<\/p>\n","protected":false},"featured_media":12377,"comment_status":"closed","ping_status":"closed","template":"","meta":{"_acf_changed":false},"product_brand":[192],"product_cat":[764],"product_tag":[765],"class_list":{"0":"post-12371","1":"product","2":"type-product","3":"status-publish","4":"has-post-thumbnail","6":"product_brand-geneva-instruments","7":"product_cat-geneva-lineage","8":"product_tag-lineage-barytonsaxofon","9":"product_shipping_class-extra-stor","10":"pa_range-lineage-pro-saxofonserien","11":"sales-flash-overlay","12":"woocommerce-text-align-left","13":"woocommerce-image-align-center","14":"do-quantity-buttons","16":"first","17":"instock","18":"sale","19":"taxable","20":"shipping-taxable","21":"purchasable","22":"product-type-variable"},"acf":[],"_links":{"self":[{"href":"https:\/\/genevainstruments.com\/sv\/wp-json\/wp\/v2\/product\/12371","targetHints":{"allow":["GET"]}}],"collection":[{"href":"https:\/\/genevainstruments.com\/sv\/wp-json\/wp\/v2\/product"}],"about":[{"href":"https:\/\/genevainstruments.com\/sv\/wp-json\/wp\/v2\/types\/product"}],"replies":[{"embeddable":true,"href":"https:\/\/genevainstruments.com\/sv\/wp-json\/wp\/v2\/comments?post=12371"}],"wp:featuredmedia":[{"embeddable":true,"href":"https:\/\/genevainstruments.com\/sv\/wp-json\/wp\/v2\/media\/12377"}],"wp:attachment":[{"href":"https:\/\/genevainstruments.com\/sv\/wp-json\/wp\/v2\/media?parent=12371"}],"wp:term":[{"taxonomy":"product_brand","embeddable":true,"href":"https:\/\/genevainstruments.com\/sv\/wp-json\/wp\/v2\/product_brand?post=12371"},{"taxonomy":"product_cat","embeddable":true,"href":"https:\/\/genevainstruments.com\/sv\/wp-json\/wp\/v2\/product_cat?post=12371"},{"taxonomy":"product_tag","embeddable":true,"href":"https:\/\/genevainstruments.com\/sv\/wp-json\/wp\/v2\/product_tag?post=12371"}],"curies":[{"name":"wp","href":"https:\/\/api.w.org\/{rel}","templated":true}]}}