{"id":12538,"date":"2024-09-09T14:36:56","date_gmt":"2024-09-09T13:36:56","guid":{"rendered":"https:\/\/geneva.viacreative.co\/product\/sopransaxofon-lineage-pro\/"},"modified":"2025-12-21T08:26:04","modified_gmt":"2025-12-21T08:26:04","slug":"sopransaxofon-lineage-pro","status":"publish","type":"product","link":"https:\/\/genevainstruments.com\/sv\/produkt\/sopransaxofon-lineage-pro\/","title":{"rendered":"Sopransaxofon &#8211; lineage pro"},"content":{"rendered":"<p>Denna sopransaxofon var ett av 2024 \u00e5rs till\u00e4gg till Genevas bl\u00e5sinstrumentsortiment som har utvecklats fr\u00e5n v\u00e5ra Lineage Professional-modeller och vi tar nu emot bokningar f\u00f6r provspelning och best\u00e4llningar inf\u00f6r lanseringen h\u00f6sten 2024.<\/p>\n<p>Konceptet grundar sig i en \u00f6nskan att tillhandah\u00e5lla bl\u00e5sinstrument till den progressiva musikern som erbjuder ett kostnadseffektivt instrument med l\u00e5ng livsl\u00e4ngd som presterar utan kompromisser med de designprinciper som varit s\u00e5 framg\u00e5ngsrika i v\u00e5rt Lineage-sortiment.<\/p>\n<p>S\u00e4ttet vi har uppn\u00e5tt detta nya sortiment var att inf\u00f6rliva Genevas kunskap och designf\u00e4rdigheter samtidigt som vi forts\u00e4tter att s\u00e4tta branschstandarden f\u00f6r liveframtr\u00e4danden med en filosofi baserad p\u00e5 ett partnerskap mellan banbrytande teknik och traditionellt hantverk.<\/p>\n<p>Resultatet har producerat en o\u00f6vertr\u00e4ffad kvalitet av Bb-sopransaxofon i en klass som erbjuder en l\u00f6sning f\u00f6r avancerade bl\u00e5sinstrumentalister p\u00e5 deras progressiva resa mot professionellt musikerskap.<\/p>\n<p>Men \u00e5terigen rekommenderar vi alla spelare som s\u00f6ker ett avancerat bl\u00e5sinstrument att prova denna Lineage JTP innan de g\u00f6r sitt val, eftersom den n\u00e4r den v\u00e4l spelats aldrig gl\u00f6ms bort, s\u00e4rskilt n\u00e4r den j\u00e4mf\u00f6rs med dess j\u00e4mf\u00f6rbara modell fr\u00e5n de massproducerade globala m\u00e4rkena.<\/p>\n<p>Nytt instrument levereras med h\u00e5rt fodral. Ex demo-instrument levereras med mjukt fodral <\/p>\n","protected":false},"excerpt":{"rendered":"<p>Geneva instruments &#8211; bb sopransaxofon &#8211; lineage JTP &#8211; avancerad.<\/p>\n<p>&nbsp;<\/p>\n","protected":false},"featured_media":12542,"comment_status":"closed","ping_status":"closed","template":"","meta":{"_acf_changed":false},"product_brand":[192],"product_cat":[764],"product_tag":[819],"class_list":{"0":"post-12538","1":"product","2":"type-product","3":"status-publish","4":"has-post-thumbnail","6":"product_brand-geneva-instruments","7":"product_cat-geneva-lineage","8":"product_tag-sopransaxofon","9":"product_shipping_class-liten","10":"pa_range-lineage-pro-saxofonserien","11":"sales-flash-overlay","12":"woocommerce-text-align-left","13":"woocommerce-image-align-center","14":"do-quantity-buttons","16":"first","17":"instock","18":"taxable","19":"shipping-taxable","20":"purchasable","21":"product-type-variable"},"acf":[],"_links":{"self":[{"href":"https:\/\/genevainstruments.com\/sv\/wp-json\/wp\/v2\/product\/12538","targetHints":{"allow":["GET"]}}],"collection":[{"href":"https:\/\/genevainstruments.com\/sv\/wp-json\/wp\/v2\/product"}],"about":[{"href":"https:\/\/genevainstruments.com\/sv\/wp-json\/wp\/v2\/types\/product"}],"replies":[{"embeddable":true,"href":"https:\/\/genevainstruments.com\/sv\/wp-json\/wp\/v2\/comments?post=12538"}],"wp:featuredmedia":[{"embeddable":true,"href":"https:\/\/genevainstruments.com\/sv\/wp-json\/wp\/v2\/media\/12542"}],"wp:attachment":[{"href":"https:\/\/genevainstruments.com\/sv\/wp-json\/wp\/v2\/media?parent=12538"}],"wp:term":[{"taxonomy":"product_brand","embeddable":true,"href":"https:\/\/genevainstruments.com\/sv\/wp-json\/wp\/v2\/product_brand?post=12538"},{"taxonomy":"product_cat","embeddable":true,"href":"https:\/\/genevainstruments.com\/sv\/wp-json\/wp\/v2\/product_cat?post=12538"},{"taxonomy":"product_tag","embeddable":true,"href":"https:\/\/genevainstruments.com\/sv\/wp-json\/wp\/v2\/product_tag?post=12538"}],"curies":[{"name":"wp","href":"https:\/\/api.w.org\/{rel}","templated":true}]}}